{"id":48780,"date":"2023-04-06T14:19:16","date_gmt":"2023-04-06T12:19:16","guid":{"rendered":"https:\/\/www.italyfamilyhotels.it\/destinationen\/gardasee\/family-hotels-in-torbole-sul-garda"},"modified":"2023-04-06T14:19:18","modified_gmt":"2023-04-06T12:19:18","slug":"family-hotels-in-torbole-sul-garda","status":"publish","type":"page","link":"https:\/\/www.italyfamilyhotels.it\/de\/destinationen\/gardasee\/family-hotels-in-torbole-sul-garda","title":{"rendered":"Family Hotels in Torbole sul Garda"},"content":{"rendered":"\n<p><b>Torbole sul Garda<\/b> ist ein farbenfrohes, charakteristisches Dorf mit Blick auf den <b>Gardasee<\/b> und sehr beliebt bei Familien, die in ihm eine kleine, heimelige, aber auch lebendige und unterhaltsame Altstadt finden. Ein <b>Urlaub mit Kindern in Torbole sul Garda<\/b> verbindet das Beste der Tradition des alten Fischerdorfes mit der Innovation moderner Serviceleistungen f\u00fcr all jene, die Aktivurlaub lieben, ohne auf Entspannung und Geschichte verzichten zu wollen.<\/p>\n\n\n\n<p>Hier kann man eine Vielzahl von <b>Wassersportarten<\/b>, wie <b>Segeln <\/b>und <b>Windsurfen<\/b> dank der Schulen aus\u00fcben, die Kurse f\u00fcr Kinder und Erwachsene organisieren, oder vom reizenden kleinen Hafen aus absolut aufregende <b>Bootsausfl\u00fcge <\/b>inmitten der herrlichen Landschaft des Trentino-Ufers des Gardasees unternehmen. Nat\u00fcrlich gibt es auch genug M\u00f6glichkeiten, auf den zahlreichen Wanderwegen der Region <b>Wanderungen <\/b>oder <b>Radtouren<\/b> zu machen. Auf keinen Fall sollte man sich eine Radtour auf dem gem\u00fctlichen <b>Radweg von Torbole nach Riva del Garda<\/b> entgehen lassen, der auch f\u00fcr Familien mit Buggies geeignet ist.<\/p>\n\n\n\n<p>Zu den <b>Ausflugszielen mit Kindern in der Umgebung von Torbole sul Gard<\/b> geh\u00f6ren die Ruinen von Castel Penede, ein Ausflug, bei dem man die wundersch\u00f6ne Aussicht \u00fcber das Tal und die Weinberge genie\u00dfen kann, der spektakul\u00e4re Wasserfall von Varone und der nahe gelegene Tenno-See, den man mit einem Besuch des gleichnamigen sch\u00f6nen mittelalterlichen Dorfs abschlie\u00dfen kann, wo zu Weihnachten malerische M\u00e4rkte stattfinden. Wenn Ihre Familie Burgen liebt, sollten Sie sich die Rocca di Riva del Garda mit dem MAG-Museo dell&#8217;Alto Garda und die Burgruine Arco nicht entgehen lassen.<\/p>\n","protected":false},"excerpt":{"rendered":"<p>Torbole sul Garda ist ein farbenfrohes, charakteristisches Dorf mit Blick auf den Gardasee und sehr beliebt bei Familien, die in ihm eine kleine, heimelige, aber auch lebendige und unterhaltsame Altstadt finden. Ein Urlaub mit Kindern in Torbole sul Garda verbindet das Beste der Tradition des alten Fischerdorfes mit der Innovation moderner Serviceleistungen f\u00fcr all jene, &hellip;<\/p>\n","protected":false},"author":167,"featured_media":0,"parent":1343,"menu_order":0,"comment_status":"closed","ping_status":"closed","template":"page-templates\/scheda_localita.php","meta":{"_acf_changed":false,"inline_featured_image":false,"footnotes":""},"class_list":["post-48780","page","type-page","status-publish","hentry"],"acf":[],"yoast_head":"<!-- This site is optimized with the Yoast SEO plugin v27.1 - https:\/\/yoast.com\/product\/yoast-seo-wordpress\/ -->\n<title>Familienhotels in Torbole sul Garda: die besten Family Hotels<\/title>\n<meta name=\"description\" content=\"Lust auf einen Urlaub mit Kindern im Trentino? Wir haben die besten Family Hotels in Torbole sul Garda ausgew\u00e4hlt!\" \/>\n<meta name=\"robots\" content=\"index, follow, max-snippet:-1, max-image-preview:large, max-video-preview:-1\" \/>\n<link rel=\"canonical\" href=\"https:\/\/www.italyfamilyhotels.it\/de\/destinationen\/gardasee\/family-hotels-in-torbole-sul-garda\" \/>\n<meta property=\"og:locale\" content=\"de_DE\" \/>\n<meta property=\"og:type\" content=\"article\" \/>\n<meta property=\"og:title\" content=\"Familienhotels in Torbole sul Garda: die besten Family Hotels\" \/>\n<meta property=\"og:description\" content=\"Lust auf einen Urlaub mit Kindern im Trentino? Wir haben die besten Family Hotels in Torbole sul Garda ausgew\u00e4hlt!\" \/>\n<meta property=\"og:url\" content=\"https:\/\/www.italyfamilyhotels.it\/de\/destinationen\/gardasee\/family-hotels-in-torbole-sul-garda\" \/>\n<meta property=\"og:site_name\" content=\"Italy Family Hotels\" \/>\n<meta property=\"article:publisher\" content=\"https:\/\/www.facebook.com\/ItalyFamilyHotels\/\" \/>\n<meta property=\"article:modified_time\" content=\"2023-04-06T12:19:18+00:00\" \/>\n<meta name=\"twitter:card\" content=\"summary_large_image\" \/>\n<meta name=\"twitter:label1\" content=\"Gesch\u00e4tzte Lesezeit\" \/>\n\t<meta name=\"twitter:data1\" content=\"1\u00a0Minute\" \/>\n<script type=\"application\/ld+json\" class=\"yoast-schema-graph\">{\"@context\":\"https:\/\/schema.org\",\"@graph\":[{\"@type\":\"WebPage\",\"@id\":\"https:\/\/www.italyfamilyhotels.it\/de\/destinationen\/gardasee\/family-hotels-in-torbole-sul-garda\",\"url\":\"https:\/\/www.italyfamilyhotels.it\/de\/destinationen\/gardasee\/family-hotels-in-torbole-sul-garda\",\"name\":\"Familienhotels in Torbole sul Garda: die besten Family Hotels\",\"isPartOf\":{\"@id\":\"https:\/\/www.italyfamilyhotels.it\/#website\"},\"datePublished\":\"2023-04-06T12:19:16+00:00\",\"dateModified\":\"2023-04-06T12:19:18+00:00\",\"description\":\"Lust auf einen Urlaub mit Kindern im Trentino? Wir haben die besten Family Hotels in Torbole sul Garda ausgew\u00e4hlt!\",\"breadcrumb\":{\"@id\":\"https:\/\/www.italyfamilyhotels.it\/de\/destinationen\/gardasee\/family-hotels-in-torbole-sul-garda#breadcrumb\"},\"inLanguage\":\"de\",\"potentialAction\":[{\"@type\":\"ReadAction\",\"target\":[\"https:\/\/www.italyfamilyhotels.it\/de\/destinationen\/gardasee\/family-hotels-in-torbole-sul-garda\"]}]},{\"@type\":\"BreadcrumbList\",\"@id\":\"https:\/\/www.italyfamilyhotels.it\/de\/destinationen\/gardasee\/family-hotels-in-torbole-sul-garda#breadcrumb\",\"itemListElement\":[{\"@type\":\"ListItem\",\"position\":1,\"name\":\"Home\",\"item\":\"https:\/\/www.italyfamilyhotels.it\/de\"},{\"@type\":\"ListItem\",\"position\":2,\"name\":\"Destinationen\",\"item\":\"https:\/\/www.italyfamilyhotels.it\/de\/destinationen\"},{\"@type\":\"ListItem\",\"position\":3,\"name\":\"Gardasee\",\"item\":\"https:\/\/www.italyfamilyhotels.it\/de\/destinationen\/gardasee\"},{\"@type\":\"ListItem\",\"position\":4,\"name\":\"Family Hotels in Torbole sul Garda\"}]},{\"@type\":\"WebSite\",\"@id\":\"https:\/\/www.italyfamilyhotels.it\/#website\",\"url\":\"https:\/\/www.italyfamilyhotels.it\/\",\"name\":\"Italy Family Hotels\",\"description\":\"\",\"potentialAction\":[{\"@type\":\"SearchAction\",\"target\":{\"@type\":\"EntryPoint\",\"urlTemplate\":\"https:\/\/www.italyfamilyhotels.it\/?s={search_term_string}\"},\"query-input\":{\"@type\":\"PropertyValueSpecification\",\"valueRequired\":true,\"valueName\":\"search_term_string\"}}],\"inLanguage\":\"de\"}]}<\/script>\n<!-- \/ Yoast SEO plugin. -->","yoast_head_json":{"title":"Familienhotels in Torbole sul Garda: die besten Family Hotels","description":"Lust auf einen Urlaub mit Kindern im Trentino? Wir haben die besten Family Hotels in Torbole sul Garda ausgew\u00e4hlt!","robots":{"index":"index","follow":"follow","max-snippet":"max-snippet:-1","max-image-preview":"max-image-preview:large","max-video-preview":"max-video-preview:-1"},"canonical":"https:\/\/www.italyfamilyhotels.it\/de\/destinationen\/gardasee\/family-hotels-in-torbole-sul-garda","og_locale":"de_DE","og_type":"article","og_title":"Familienhotels in Torbole sul Garda: die besten Family Hotels","og_description":"Lust auf einen Urlaub mit Kindern im Trentino? Wir haben die besten Family Hotels in Torbole sul Garda ausgew\u00e4hlt!","og_url":"https:\/\/www.italyfamilyhotels.it\/de\/destinationen\/gardasee\/family-hotels-in-torbole-sul-garda","og_site_name":"Italy Family Hotels","article_publisher":"https:\/\/www.facebook.com\/ItalyFamilyHotels\/","article_modified_time":"2023-04-06T12:19:18+00:00","twitter_card":"summary_large_image","twitter_misc":{"Gesch\u00e4tzte Lesezeit":"1\u00a0Minute"},"schema":{"@context":"https:\/\/schema.org","@graph":[{"@type":"WebPage","@id":"https:\/\/www.italyfamilyhotels.it\/de\/destinationen\/gardasee\/family-hotels-in-torbole-sul-garda","url":"https:\/\/www.italyfamilyhotels.it\/de\/destinationen\/gardasee\/family-hotels-in-torbole-sul-garda","name":"Familienhotels in Torbole sul Garda: die besten Family Hotels","isPartOf":{"@id":"https:\/\/www.italyfamilyhotels.it\/#website"},"datePublished":"2023-04-06T12:19:16+00:00","dateModified":"2023-04-06T12:19:18+00:00","description":"Lust auf einen Urlaub mit Kindern im Trentino? Wir haben die besten Family Hotels in Torbole sul Garda ausgew\u00e4hlt!","breadcrumb":{"@id":"https:\/\/www.italyfamilyhotels.it\/de\/destinationen\/gardasee\/family-hotels-in-torbole-sul-garda#breadcrumb"},"inLanguage":"de","potentialAction":[{"@type":"ReadAction","target":["https:\/\/www.italyfamilyhotels.it\/de\/destinationen\/gardasee\/family-hotels-in-torbole-sul-garda"]}]},{"@type":"BreadcrumbList","@id":"https:\/\/www.italyfamilyhotels.it\/de\/destinationen\/gardasee\/family-hotels-in-torbole-sul-garda#breadcrumb","itemListElement":[{"@type":"ListItem","position":1,"name":"Home","item":"https:\/\/www.italyfamilyhotels.it\/de"},{"@type":"ListItem","position":2,"name":"Destinationen","item":"https:\/\/www.italyfamilyhotels.it\/de\/destinationen"},{"@type":"ListItem","position":3,"name":"Gardasee","item":"https:\/\/www.italyfamilyhotels.it\/de\/destinationen\/gardasee"},{"@type":"ListItem","position":4,"name":"Family Hotels in Torbole sul Garda"}]},{"@type":"WebSite","@id":"https:\/\/www.italyfamilyhotels.it\/#website","url":"https:\/\/www.italyfamilyhotels.it\/","name":"Italy Family Hotels","description":"","potentialAction":[{"@type":"SearchAction","target":{"@type":"EntryPoint","urlTemplate":"https:\/\/www.italyfamilyhotels.it\/?s={search_term_string}"},"query-input":{"@type":"PropertyValueSpecification","valueRequired":true,"valueName":"search_term_string"}}],"inLanguage":"de"}]}},"_links":{"self":[{"href":"https:\/\/www.italyfamilyhotels.it\/de\/wp-json\/wp\/v2\/pages\/48780","targetHints":{"allow":["GET"]}}],"collection":[{"href":"https:\/\/www.italyfamilyhotels.it\/de\/wp-json\/wp\/v2\/pages"}],"about":[{"href":"https:\/\/www.italyfamilyhotels.it\/de\/wp-json\/wp\/v2\/types\/page"}],"author":[{"embeddable":true,"href":"https:\/\/www.italyfamilyhotels.it\/de\/wp-json\/wp\/v2\/users\/167"}],"replies":[{"embeddable":true,"href":"https:\/\/www.italyfamilyhotels.it\/de\/wp-json\/wp\/v2\/comments?post=48780"}],"version-history":[{"count":1,"href":"https:\/\/www.italyfamilyhotels.it\/de\/wp-json\/wp\/v2\/pages\/48780\/revisions"}],"predecessor-version":[{"id":48781,"href":"https:\/\/www.italyfamilyhotels.it\/de\/wp-json\/wp\/v2\/pages\/48780\/revisions\/48781"}],"up":[{"embeddable":true,"href":"https:\/\/www.italyfamilyhotels.it\/de\/wp-json\/wp\/v2\/pages\/1343"}],"wp:attachment":[{"href":"https:\/\/www.italyfamilyhotels.it\/de\/wp-json\/wp\/v2\/media?parent=48780"}],"curies":[{"name":"wp","href":"https:\/\/api.w.org\/{rel}","templated":true}]}}