{"id":48778,"date":"2023-04-06T14:19:14","date_gmt":"2023-04-06T12:19:14","guid":{"rendered":"https:\/\/www.italyfamilyhotels.it\/destinationen\/romagnolische-riviera\/family-hotels-in-lido-di-classe"},"modified":"2023-04-06T14:19:18","modified_gmt":"2023-04-06T12:19:18","slug":"family-hotels-in-lido-di-classe","status":"publish","type":"page","link":"https:\/\/www.italyfamilyhotels.it\/de\/destinationen\/romagnolische-riviera\/family-hotels-in-lido-di-classe","title":{"rendered":"Family Hotels in Lido di Classe"},"content":{"rendered":"\n<p>Lido di Classe liegt in einer gesch\u00fctzten Naturoase, zwischen dem klaren Meer und dem duftenden Pinienhain. Bei einem <b>Urlaub mit Kindern in Lido di Classe<\/b>, ist es m\u00f6glich, sich einem Tourismus anzun\u00e4hern, der <b>langsame Rhythmen<\/b>, <b>Entspannung<\/b>, <b>Ruhe<\/b>, <b>Outdoor-Aktivit\u00e4ten <\/b>in unber\u00fchrter Natur vorzieht.<\/p>\n\n\n\n<p>Die entsprechend ausgestatteten und gut organisierten <b>Str\u00e4nde<\/b> erstrecken sich vom Pinienhain von Classe bis zur M\u00fcndung des Flusses Savio. Kurzum, wenn Sie auf der Suche nach einem Ort sind, wo Sie <b>v\u00f6llig vom Alltag abschalten k\u00f6nnen<\/b>, ist Lido di Classe das ideale Reiseziel.<\/p>\n\n\n\n<p>F\u00fcr <b>Aktivurlauber<\/b> gibt es Beachvolleyball, Beachfu\u00dfball und Beachtennis, Basketball, Radfahren, Segeln, Kitesurfen und Reiten. Au\u00dferdem ist Lido di Classe der ideale Ausgangspunkt, um einen Tag im nur 10 Autominuten entfernt gelegenen <b>Mirabilandia<\/b> zu verbringen oder Ravenna, die Stadt der Mosaike und UNESCO-Weltkulturerbe, zu besuchen.<\/p>\n","protected":false},"excerpt":{"rendered":"<p>Lido di Classe liegt in einer gesch\u00fctzten Naturoase, zwischen dem klaren Meer und dem duftenden Pinienhain. Bei einem Urlaub mit Kindern in Lido di Classe, ist es m\u00f6glich, sich einem Tourismus anzun\u00e4hern, der langsame Rhythmen, Entspannung, Ruhe, Outdoor-Aktivit\u00e4ten in unber\u00fchrter Natur vorzieht. Die entsprechend ausgestatteten und gut organisierten Str\u00e4nde erstrecken sich vom Pinienhain von Classe &hellip;<\/p>\n","protected":false},"author":167,"featured_media":0,"parent":1409,"menu_order":0,"comment_status":"closed","ping_status":"closed","template":"page-templates\/scheda_localita.php","meta":{"_acf_changed":false,"inline_featured_image":false,"footnotes":""},"class_list":["post-48778","page","type-page","status-publish","hentry"],"acf":[],"yoast_head":"<!-- This site is optimized with the Yoast SEO plugin v27.1 - https:\/\/yoast.com\/product\/yoast-seo-wordpress\/ -->\n<title>Die besten Familienhotels in Lido di Classe | Italy Family Hotels<\/title>\n<meta name=\"description\" content=\"Lust auf einen Urlaub mit Ihrer Familie? Wir haben die besten Family Hotels f\u00fcr einen Familienurlaub in Lido di Classe ausgew\u00e4hlt\" \/>\n<meta name=\"robots\" content=\"index, follow, max-snippet:-1, max-image-preview:large, max-video-preview:-1\" \/>\n<link rel=\"canonical\" href=\"https:\/\/www.italyfamilyhotels.it\/de\/destinationen\/romagnolische-riviera\/family-hotels-in-lido-di-classe\" \/>\n<meta property=\"og:locale\" content=\"de_DE\" \/>\n<meta property=\"og:type\" content=\"article\" \/>\n<meta property=\"og:title\" content=\"Die besten Familienhotels in Lido di Classe | Italy Family Hotels\" \/>\n<meta property=\"og:description\" content=\"Lust auf einen Urlaub mit Ihrer Familie? Wir haben die besten Family Hotels f\u00fcr einen Familienurlaub in Lido di Classe ausgew\u00e4hlt\" \/>\n<meta property=\"og:url\" content=\"https:\/\/www.italyfamilyhotels.it\/de\/destinationen\/romagnolische-riviera\/family-hotels-in-lido-di-classe\" \/>\n<meta property=\"og:site_name\" content=\"Italy Family Hotels\" \/>\n<meta property=\"article:publisher\" content=\"https:\/\/www.facebook.com\/ItalyFamilyHotels\/\" \/>\n<meta property=\"article:modified_time\" content=\"2023-04-06T12:19:18+00:00\" \/>\n<meta name=\"twitter:card\" content=\"summary_large_image\" \/>\n<meta name=\"twitter:label1\" content=\"Gesch\u00e4tzte Lesezeit\" \/>\n\t<meta name=\"twitter:data1\" content=\"1\u00a0Minute\" \/>\n<script type=\"application\/ld+json\" class=\"yoast-schema-graph\">{\"@context\":\"https:\/\/schema.org\",\"@graph\":[{\"@type\":\"WebPage\",\"@id\":\"https:\/\/www.italyfamilyhotels.it\/de\/destinationen\/romagnolische-riviera\/family-hotels-in-lido-di-classe\",\"url\":\"https:\/\/www.italyfamilyhotels.it\/de\/destinationen\/romagnolische-riviera\/family-hotels-in-lido-di-classe\",\"name\":\"Die besten Familienhotels in Lido di Classe | Italy Family Hotels\",\"isPartOf\":{\"@id\":\"https:\/\/www.italyfamilyhotels.it\/#website\"},\"datePublished\":\"2023-04-06T12:19:14+00:00\",\"dateModified\":\"2023-04-06T12:19:18+00:00\",\"description\":\"Lust auf einen Urlaub mit Ihrer Familie? Wir haben die besten Family Hotels f\u00fcr einen Familienurlaub in Lido di Classe ausgew\u00e4hlt\",\"breadcrumb\":{\"@id\":\"https:\/\/www.italyfamilyhotels.it\/de\/destinationen\/romagnolische-riviera\/family-hotels-in-lido-di-classe#breadcrumb\"},\"inLanguage\":\"de\",\"potentialAction\":[{\"@type\":\"ReadAction\",\"target\":[\"https:\/\/www.italyfamilyhotels.it\/de\/destinationen\/romagnolische-riviera\/family-hotels-in-lido-di-classe\"]}]},{\"@type\":\"BreadcrumbList\",\"@id\":\"https:\/\/www.italyfamilyhotels.it\/de\/destinationen\/romagnolische-riviera\/family-hotels-in-lido-di-classe#breadcrumb\",\"itemListElement\":[{\"@type\":\"ListItem\",\"position\":1,\"name\":\"Home\",\"item\":\"https:\/\/www.italyfamilyhotels.it\/de\"},{\"@type\":\"ListItem\",\"position\":2,\"name\":\"Destinationen\",\"item\":\"https:\/\/www.italyfamilyhotels.it\/de\/destinationen\"},{\"@type\":\"ListItem\",\"position\":3,\"name\":\"Adriak\u00fcste der Romagna\",\"item\":\"https:\/\/www.italyfamilyhotels.it\/de\/destinationen\/romagnolische-riviera\"},{\"@type\":\"ListItem\",\"position\":4,\"name\":\"Family Hotels in Lido di Classe\"}]},{\"@type\":\"WebSite\",\"@id\":\"https:\/\/www.italyfamilyhotels.it\/#website\",\"url\":\"https:\/\/www.italyfamilyhotels.it\/\",\"name\":\"Italy Family Hotels\",\"description\":\"\",\"potentialAction\":[{\"@type\":\"SearchAction\",\"target\":{\"@type\":\"EntryPoint\",\"urlTemplate\":\"https:\/\/www.italyfamilyhotels.it\/?s={search_term_string}\"},\"query-input\":{\"@type\":\"PropertyValueSpecification\",\"valueRequired\":true,\"valueName\":\"search_term_string\"}}],\"inLanguage\":\"de\"}]}<\/script>\n<!-- \/ Yoast SEO plugin. -->","yoast_head_json":{"title":"Die besten Familienhotels in Lido di Classe | Italy Family Hotels","description":"Lust auf einen Urlaub mit Ihrer Familie? Wir haben die besten Family Hotels f\u00fcr einen Familienurlaub in Lido di Classe ausgew\u00e4hlt","robots":{"index":"index","follow":"follow","max-snippet":"max-snippet:-1","max-image-preview":"max-image-preview:large","max-video-preview":"max-video-preview:-1"},"canonical":"https:\/\/www.italyfamilyhotels.it\/de\/destinationen\/romagnolische-riviera\/family-hotels-in-lido-di-classe","og_locale":"de_DE","og_type":"article","og_title":"Die besten Familienhotels in Lido di Classe | Italy Family Hotels","og_description":"Lust auf einen Urlaub mit Ihrer Familie? Wir haben die besten Family Hotels f\u00fcr einen Familienurlaub in Lido di Classe ausgew\u00e4hlt","og_url":"https:\/\/www.italyfamilyhotels.it\/de\/destinationen\/romagnolische-riviera\/family-hotels-in-lido-di-classe","og_site_name":"Italy Family Hotels","article_publisher":"https:\/\/www.facebook.com\/ItalyFamilyHotels\/","article_modified_time":"2023-04-06T12:19:18+00:00","twitter_card":"summary_large_image","twitter_misc":{"Gesch\u00e4tzte Lesezeit":"1\u00a0Minute"},"schema":{"@context":"https:\/\/schema.org","@graph":[{"@type":"WebPage","@id":"https:\/\/www.italyfamilyhotels.it\/de\/destinationen\/romagnolische-riviera\/family-hotels-in-lido-di-classe","url":"https:\/\/www.italyfamilyhotels.it\/de\/destinationen\/romagnolische-riviera\/family-hotels-in-lido-di-classe","name":"Die besten Familienhotels in Lido di Classe | Italy Family Hotels","isPartOf":{"@id":"https:\/\/www.italyfamilyhotels.it\/#website"},"datePublished":"2023-04-06T12:19:14+00:00","dateModified":"2023-04-06T12:19:18+00:00","description":"Lust auf einen Urlaub mit Ihrer Familie? Wir haben die besten Family Hotels f\u00fcr einen Familienurlaub in Lido di Classe ausgew\u00e4hlt","breadcrumb":{"@id":"https:\/\/www.italyfamilyhotels.it\/de\/destinationen\/romagnolische-riviera\/family-hotels-in-lido-di-classe#breadcrumb"},"inLanguage":"de","potentialAction":[{"@type":"ReadAction","target":["https:\/\/www.italyfamilyhotels.it\/de\/destinationen\/romagnolische-riviera\/family-hotels-in-lido-di-classe"]}]},{"@type":"BreadcrumbList","@id":"https:\/\/www.italyfamilyhotels.it\/de\/destinationen\/romagnolische-riviera\/family-hotels-in-lido-di-classe#breadcrumb","itemListElement":[{"@type":"ListItem","position":1,"name":"Home","item":"https:\/\/www.italyfamilyhotels.it\/de"},{"@type":"ListItem","position":2,"name":"Destinationen","item":"https:\/\/www.italyfamilyhotels.it\/de\/destinationen"},{"@type":"ListItem","position":3,"name":"Adriak\u00fcste der Romagna","item":"https:\/\/www.italyfamilyhotels.it\/de\/destinationen\/romagnolische-riviera"},{"@type":"ListItem","position":4,"name":"Family Hotels in Lido di Classe"}]},{"@type":"WebSite","@id":"https:\/\/www.italyfamilyhotels.it\/#website","url":"https:\/\/www.italyfamilyhotels.it\/","name":"Italy Family Hotels","description":"","potentialAction":[{"@type":"SearchAction","target":{"@type":"EntryPoint","urlTemplate":"https:\/\/www.italyfamilyhotels.it\/?s={search_term_string}"},"query-input":{"@type":"PropertyValueSpecification","valueRequired":true,"valueName":"search_term_string"}}],"inLanguage":"de"}]}},"_links":{"self":[{"href":"https:\/\/www.italyfamilyhotels.it\/de\/wp-json\/wp\/v2\/pages\/48778","targetHints":{"allow":["GET"]}}],"collection":[{"href":"https:\/\/www.italyfamilyhotels.it\/de\/wp-json\/wp\/v2\/pages"}],"about":[{"href":"https:\/\/www.italyfamilyhotels.it\/de\/wp-json\/wp\/v2\/types\/page"}],"author":[{"embeddable":true,"href":"https:\/\/www.italyfamilyhotels.it\/de\/wp-json\/wp\/v2\/users\/167"}],"replies":[{"embeddable":true,"href":"https:\/\/www.italyfamilyhotels.it\/de\/wp-json\/wp\/v2\/comments?post=48778"}],"version-history":[{"count":1,"href":"https:\/\/www.italyfamilyhotels.it\/de\/wp-json\/wp\/v2\/pages\/48778\/revisions"}],"predecessor-version":[{"id":48779,"href":"https:\/\/www.italyfamilyhotels.it\/de\/wp-json\/wp\/v2\/pages\/48778\/revisions\/48779"}],"up":[{"embeddable":true,"href":"https:\/\/www.italyfamilyhotels.it\/de\/wp-json\/wp\/v2\/pages\/1409"}],"wp:attachment":[{"href":"https:\/\/www.italyfamilyhotels.it\/de\/wp-json\/wp\/v2\/media?parent=48778"}],"curies":[{"name":"wp","href":"https:\/\/api.w.org\/{rel}","templated":true}]}}