{"id":47323,"date":"2023-02-27T10:45:07","date_gmt":"2023-02-27T09:45:07","guid":{"rendered":"https:\/\/www.italyfamilyhotels.it\/family-hotels\/color-miami-beach-family-hotel"},"modified":"2026-04-01T16:18:13","modified_gmt":"2026-04-01T14:18:13","slug":"color-miami-beach-family-hotel","status":"publish","type":"page","link":"https:\/\/www.italyfamilyhotels.it\/de\/family-hotels\/color-miami-beach-family-hotel","title":{"rendered":"Color Miami Beach Family Hotel"},"content":{"rendered":"\n<p>Wir begr\u00fc\u00dfen Sie im <b>Color Miami Beach Family Hotel<\/b>, wo jeder Urlaub ein Traum f\u00fcr die ganze Familie ist! Das Hotel liegt im Herzen des wundersch\u00f6nen K\u00fcstenstreifens von <b>Milano Marittima<\/b>, der <b>Privatstrand<\/b> liegt ganz nahe dem Hotel und bietet zahlreiche Serviceleistungen f\u00fcr Gro\u00df und Klein, sowie reservierte Sonnenschirme und Sonnenliegen und eine Bar, in der man bei einem k\u00fchlen Drink neue Freundschaften schlie\u00dfen kann.<\/p>\n\n\n\n<p>Wussten Sie, dass es einen <strong>beheizten Pool<\/strong> direkt am Strand gibt? Ein Vergn\u00fcgungsparadis, in dem die Kinder gemeinsam mit dem Animationsteam spielen, w\u00e4hrend sich die Eltern auf der <b>Sonnenterrasse<\/b> mit Sonnenschirmen und Sonnenliegen entspannen k\u00f6nnen.<\/p>\n\n\n\n<p>Wir widmen den Kindern und Jugendlichen besondere Aufmerksamkeit und organisieren den <b>ganzen Tag \u00fcber<\/b> besondere Aktivit\u00e4ten sowohl im Hotel als auch am Strand. Der Spa\u00df beginnt mit <b>Wassergymnastik <\/b>am Strand, <b>Gruppentanz<\/b>, <b>Sportturnieren<\/b>, <b>Aperitifspielen<\/b> und vielem mehr!<\/p>\n\n\n\n<p>Und was das <b>kulinarische Erlebnis<\/b> angeht&#8230; hier gibt es eine Menge gutes Essen! Bereiten Sie sich auf eine <b>Color Food Immersion<\/b> vor, bei der Sie in die Freuden der italienischen K\u00fcche und vieles mehr eintauchen und eine k\u00f6stliche \u00dcberraschung nach der anderen erkunden k\u00f6nnen. Au\u00dferdem verw\u00f6hnen wir die Kinder auch bei Tisch mit k\u00f6stlichen <b>Babymen\u00fcs<\/b> und f\u00fcr frischgebackene Eltern gibt es eine <b>Kochecke<\/b>, die mit allem ausgestattet ist, was f\u00fcr die Zubereitung von Babymahlzeiten notwendig ist. Au\u00dferdem verw\u00f6hnen wir die Kinder auch bei Tisch mit k\u00f6stlichen <strong>Babymen\u00fcs<\/strong>, w\u00e4hrend f\u00fcr frischgebackene Eltern eine <strong>Babyk\u00fcche<\/strong> mit allem Notwendigen zur Zubereitung der Mahlzeiten bereitsteht.<\/p>\n\n\n\n<p><\/p>\n","protected":false},"excerpt":{"rendered":"<p>Wir begr\u00fc\u00dfen Sie im Color Miami Beach Family Hotel, wo jeder Urlaub ein Traum f\u00fcr die ganze Familie ist! Das Hotel liegt im Herzen des wundersch\u00f6nen K\u00fcstenstreifens von Milano Marittima, der Privatstrand liegt ganz nahe dem Hotel und bietet zahlreiche Serviceleistungen f\u00fcr Gro\u00df und Klein, sowie reservierte Sonnenschirme und Sonnenliegen und eine Bar, in der &hellip;<\/p>\n","protected":false},"author":1,"featured_media":0,"parent":94,"menu_order":0,"comment_status":"closed","ping_status":"closed","template":"page-templates\/scheda_hotel.php","meta":{"_acf_changed":false,"inline_featured_image":false,"footnotes":""},"class_list":["post-47323","page","type-page","status-publish","hentry"],"acf":[],"yoast_head":"<!-- This site is optimized with the Yoast SEO plugin v27.1 - https:\/\/yoast.com\/product\/yoast-seo-wordpress\/ -->\n<title>4-Sterne - Color Miami Beach Family Hotel, Milano Marittima<\/title>\n<meta name=\"description\" content=\"Lust auf einen Urlaub mit Ihrer Familie? Mehr \u00fcber die Familienangebote des Color Miami Beach Family Hotels in Milano Marittima\" \/>\n<meta name=\"robots\" content=\"index, follow, max-snippet:-1, max-image-preview:large, max-video-preview:-1\" \/>\n<link rel=\"canonical\" href=\"https:\/\/www.italyfamilyhotels.it\/de\/family-hotels\/color-miami-beach-family-hotel\" \/>\n<meta property=\"og:locale\" content=\"de_DE\" \/>\n<meta property=\"og:type\" content=\"article\" \/>\n<meta property=\"og:title\" content=\"4-Sterne - Color Miami Beach Family Hotel, Milano Marittima\" \/>\n<meta property=\"og:description\" content=\"Lust auf einen Urlaub mit Ihrer Familie? Mehr \u00fcber die Familienangebote des Color Miami Beach Family Hotels in Milano Marittima\" \/>\n<meta property=\"og:url\" content=\"https:\/\/www.italyfamilyhotels.it\/de\/family-hotels\/color-miami-beach-family-hotel\" \/>\n<meta property=\"og:site_name\" content=\"Italy Family Hotels\" \/>\n<meta property=\"article:publisher\" content=\"https:\/\/www.facebook.com\/ItalyFamilyHotels\/\" \/>\n<meta property=\"article:modified_time\" content=\"2026-04-01T14:18:13+00:00\" \/>\n<meta name=\"twitter:card\" content=\"summary_large_image\" \/>\n<meta name=\"twitter:label1\" content=\"Gesch\u00e4tzte Lesezeit\" \/>\n\t<meta name=\"twitter:data1\" content=\"1\u00a0Minute\" \/>\n<script type=\"application\/ld+json\" class=\"yoast-schema-graph\">{\"@context\":\"https:\/\/schema.org\",\"@graph\":[{\"@type\":\"WebPage\",\"@id\":\"https:\/\/www.italyfamilyhotels.it\/de\/family-hotels\/color-miami-beach-family-hotel\",\"url\":\"https:\/\/www.italyfamilyhotels.it\/de\/family-hotels\/color-miami-beach-family-hotel\",\"name\":\"4-Sterne - Color Miami Beach Family Hotel, Milano Marittima\",\"isPartOf\":{\"@id\":\"https:\/\/www.italyfamilyhotels.it\/#website\"},\"datePublished\":\"2023-02-27T09:45:07+00:00\",\"dateModified\":\"2026-04-01T14:18:13+00:00\",\"description\":\"Lust auf einen Urlaub mit Ihrer Familie? Mehr \u00fcber die Familienangebote des Color Miami Beach Family Hotels in Milano Marittima\",\"breadcrumb\":{\"@id\":\"https:\/\/www.italyfamilyhotels.it\/de\/family-hotels\/color-miami-beach-family-hotel#breadcrumb\"},\"inLanguage\":\"de\",\"potentialAction\":[{\"@type\":\"ReadAction\",\"target\":[\"https:\/\/www.italyfamilyhotels.it\/de\/family-hotels\/color-miami-beach-family-hotel\"]}]},{\"@type\":\"BreadcrumbList\",\"@id\":\"https:\/\/www.italyfamilyhotels.it\/de\/family-hotels\/color-miami-beach-family-hotel#breadcrumb\",\"itemListElement\":[{\"@type\":\"ListItem\",\"position\":1,\"name\":\"Home\",\"item\":\"https:\/\/www.italyfamilyhotels.it\/de\"},{\"@type\":\"ListItem\",\"position\":2,\"name\":\"Family Hotels\",\"item\":\"https:\/\/www.italyfamilyhotels.it\/de\/family-hotels\"},{\"@type\":\"ListItem\",\"position\":3,\"name\":\"Color Miami Beach Family Hotel\"}]},{\"@type\":\"WebSite\",\"@id\":\"https:\/\/www.italyfamilyhotels.it\/#website\",\"url\":\"https:\/\/www.italyfamilyhotels.it\/\",\"name\":\"Italy Family Hotels\",\"description\":\"\",\"potentialAction\":[{\"@type\":\"SearchAction\",\"target\":{\"@type\":\"EntryPoint\",\"urlTemplate\":\"https:\/\/www.italyfamilyhotels.it\/?s={search_term_string}\"},\"query-input\":{\"@type\":\"PropertyValueSpecification\",\"valueRequired\":true,\"valueName\":\"search_term_string\"}}],\"inLanguage\":\"de\"}]}<\/script>\n<!-- \/ Yoast SEO plugin. -->","yoast_head_json":{"title":"4-Sterne - Color Miami Beach Family Hotel, Milano Marittima","description":"Lust auf einen Urlaub mit Ihrer Familie? Mehr \u00fcber die Familienangebote des Color Miami Beach Family Hotels in Milano Marittima","robots":{"index":"index","follow":"follow","max-snippet":"max-snippet:-1","max-image-preview":"max-image-preview:large","max-video-preview":"max-video-preview:-1"},"canonical":"https:\/\/www.italyfamilyhotels.it\/de\/family-hotels\/color-miami-beach-family-hotel","og_locale":"de_DE","og_type":"article","og_title":"4-Sterne - Color Miami Beach Family Hotel, Milano Marittima","og_description":"Lust auf einen Urlaub mit Ihrer Familie? Mehr \u00fcber die Familienangebote des Color Miami Beach Family Hotels in Milano Marittima","og_url":"https:\/\/www.italyfamilyhotels.it\/de\/family-hotels\/color-miami-beach-family-hotel","og_site_name":"Italy Family Hotels","article_publisher":"https:\/\/www.facebook.com\/ItalyFamilyHotels\/","article_modified_time":"2026-04-01T14:18:13+00:00","twitter_card":"summary_large_image","twitter_misc":{"Gesch\u00e4tzte Lesezeit":"1\u00a0Minute"},"schema":{"@context":"https:\/\/schema.org","@graph":[{"@type":"WebPage","@id":"https:\/\/www.italyfamilyhotels.it\/de\/family-hotels\/color-miami-beach-family-hotel","url":"https:\/\/www.italyfamilyhotels.it\/de\/family-hotels\/color-miami-beach-family-hotel","name":"4-Sterne - Color Miami Beach Family Hotel, Milano Marittima","isPartOf":{"@id":"https:\/\/www.italyfamilyhotels.it\/#website"},"datePublished":"2023-02-27T09:45:07+00:00","dateModified":"2026-04-01T14:18:13+00:00","description":"Lust auf einen Urlaub mit Ihrer Familie? Mehr \u00fcber die Familienangebote des Color Miami Beach Family Hotels in Milano Marittima","breadcrumb":{"@id":"https:\/\/www.italyfamilyhotels.it\/de\/family-hotels\/color-miami-beach-family-hotel#breadcrumb"},"inLanguage":"de","potentialAction":[{"@type":"ReadAction","target":["https:\/\/www.italyfamilyhotels.it\/de\/family-hotels\/color-miami-beach-family-hotel"]}]},{"@type":"BreadcrumbList","@id":"https:\/\/www.italyfamilyhotels.it\/de\/family-hotels\/color-miami-beach-family-hotel#breadcrumb","itemListElement":[{"@type":"ListItem","position":1,"name":"Home","item":"https:\/\/www.italyfamilyhotels.it\/de"},{"@type":"ListItem","position":2,"name":"Family Hotels","item":"https:\/\/www.italyfamilyhotels.it\/de\/family-hotels"},{"@type":"ListItem","position":3,"name":"Color Miami Beach Family Hotel"}]},{"@type":"WebSite","@id":"https:\/\/www.italyfamilyhotels.it\/#website","url":"https:\/\/www.italyfamilyhotels.it\/","name":"Italy Family Hotels","description":"","potentialAction":[{"@type":"SearchAction","target":{"@type":"EntryPoint","urlTemplate":"https:\/\/www.italyfamilyhotels.it\/?s={search_term_string}"},"query-input":{"@type":"PropertyValueSpecification","valueRequired":true,"valueName":"search_term_string"}}],"inLanguage":"de"}]}},"_links":{"self":[{"href":"https:\/\/www.italyfamilyhotels.it\/de\/wp-json\/wp\/v2\/pages\/47323","targetHints":{"allow":["GET"]}}],"collection":[{"href":"https:\/\/www.italyfamilyhotels.it\/de\/wp-json\/wp\/v2\/pages"}],"about":[{"href":"https:\/\/www.italyfamilyhotels.it\/de\/wp-json\/wp\/v2\/types\/page"}],"author":[{"embeddable":true,"href":"https:\/\/www.italyfamilyhotels.it\/de\/wp-json\/wp\/v2\/users\/1"}],"replies":[{"embeddable":true,"href":"https:\/\/www.italyfamilyhotels.it\/de\/wp-json\/wp\/v2\/comments?post=47323"}],"version-history":[{"count":5,"href":"https:\/\/www.italyfamilyhotels.it\/de\/wp-json\/wp\/v2\/pages\/47323\/revisions"}],"predecessor-version":[{"id":76705,"href":"https:\/\/www.italyfamilyhotels.it\/de\/wp-json\/wp\/v2\/pages\/47323\/revisions\/76705"}],"up":[{"embeddable":true,"href":"https:\/\/www.italyfamilyhotels.it\/de\/wp-json\/wp\/v2\/pages\/94"}],"wp:attachment":[{"href":"https:\/\/www.italyfamilyhotels.it\/de\/wp-json\/wp\/v2\/media?parent=47323"}],"curies":[{"name":"wp","href":"https:\/\/api.w.org\/{rel}","templated":true}]}}