{"id":46660,"date":"2023-02-23T08:57:41","date_gmt":"2023-02-23T07:57:41","guid":{"rendered":"https:\/\/www.italyfamilyhotels.it\/family-hotels\/color-king-marte-village"},"modified":"2026-02-16T17:58:22","modified_gmt":"2026-02-16T16:58:22","slug":"color-king-marte-village","status":"publish","type":"page","link":"https:\/\/www.italyfamilyhotels.it\/de\/family-hotels\/color-king-marte-village","title":{"rendered":"Color King Marte Village"},"content":{"rendered":"\n<p>Hier im <b>Color King Marte Village in Lido di Classe<\/b> erwartet Sie ein unvergessliches Urlaubserlebnis. Unser Hotel liegt mitten in einem Pinienhain, den man in einer Minute durchqueren kann, um zum <b>Privatstrand<\/b> zu gelangen.<\/p>\n\n\n\n<p>Bagno Katia ist ein gut ausgestattetes Strandbad, wo man unbeschwerte Tage verbringen kann: Es gibt ein <b>kleines Restaurant<\/b> wo man mit den F\u00fc\u00dfen im Sand essen kann, einen Spielplatz mit <b>H\u00fcpfburgen <\/b>und die legend\u00e4re <b>Color &#8211; Animation<\/b>! Zur Entspannung sind f\u00fcr Sie <b>1 Sonnenschirm und 2 Sonnenliegen reserviert<\/b>, und wenn Sie mit Ihrem Hund reisen, steht auch ein <b>Bereich f\u00fcr Ihren vierbeinigen Freunde zur Verf\u00fcgung<\/b>. Ebenfalls am Strand k\u00f6nnen Sie die Free Bar mit gezapften alkoholfreien Getr\u00e4nken, Wein, Bier und frischen Granite genie\u00dfen.<\/p>\n\n\n\n<p>Das Hotel verf\u00fcgt \u00fcber einen sch\u00f6nen <b>Pool<\/b> mit Blick auf den Pinienhain und einer <b>entsprechend ausgestatteten Sonnenterrasse<\/b>, wo Sie sich an hei\u00dfen Tagen entspannen k\u00f6nnen, w\u00e4hrend sich Ihre Kinder mit dem <b>Animationsteam<\/b> vergn\u00fcgen und neue Freundschaften schlie\u00dfen k\u00f6nnen. An der <b>Poolbar<\/b> kann man immer Getr\u00e4nke und Kaffee genie\u00dfen.<\/p>\n\n\n\n<p>Wir wissen, dass der Urlaub mit Kindern eine sehr wichtige Zeit ist. Deshalb organisieren wir alles so, dass das <b>Color &#8211; Erlebnis<\/b> f\u00fcr die Eltern entspannend und f\u00fcr die Kleinen immer lustig ist: Unterhaltung von morgens bis abends am Strand und im Hotel, das themenspezifische <b>MiniCocoland<\/b> &#8211; Zimmer, alles, was die Kleinen im Zimmer und im Speisesaal ben\u00f6tigen, eine immer nutzbare <b>entsprechend ausgestattete Babynahrungsk\u00fcche<\/b>, <b>Free Drink rund um die Uhr<\/b>, <b>Free Cocktail<\/b> von 20.00 bis 24.00 Uhr, <b>Color Food Immersion<\/b>, von Montag bis Freitag Eintritt in den Wasserpark Atlantica.<\/p>\n\n\n\n<p>Jetzt, wo wir Sie von einem wahren, einzigartigen <b>Color &#8211; Urlaub<\/b> haben tr\u00e4umen lassen, bleibt Ihnen nur noch, diesen auch wahrhaftig zu erleben!<\/p>\n","protected":false},"excerpt":{"rendered":"<p>Hier im Color King Marte Village in Lido di Classe erwartet Sie ein unvergessliches Urlaubserlebnis. Unser Hotel liegt mitten in einem Pinienhain, den man in einer Minute durchqueren kann, um zum Privatstrand zu gelangen. Bagno Katia ist ein gut ausgestattetes Strandbad, wo man unbeschwerte Tage verbringen kann: Es gibt ein kleines Restaurant wo man mit &hellip;<\/p>\n","protected":false},"author":1,"featured_media":0,"parent":94,"menu_order":0,"comment_status":"closed","ping_status":"closed","template":"page-templates\/scheda_hotel.php","meta":{"_acf_changed":false,"inline_featured_image":false,"footnotes":""},"class_list":["post-46660","page","type-page","status-publish","hentry"],"acf":[],"yoast_head":"<!-- This site is optimized with the Yoast SEO plugin v27.1 - https:\/\/yoast.com\/product\/yoast-seo-wordpress\/ -->\n<title>Sup 3-Sterne - Color King Marte Village, Lido di Classe<\/title>\n<meta name=\"description\" content=\"Lust auf einen Urlaub mit Ihrer Familie? Mehr \u00fcber die Familienangebote des Color King Marte Village in Lido di Classe\" \/>\n<meta name=\"robots\" content=\"index, follow, max-snippet:-1, max-image-preview:large, max-video-preview:-1\" \/>\n<link rel=\"canonical\" href=\"https:\/\/www.italyfamilyhotels.it\/de\/family-hotels\/color-king-marte-village\" \/>\n<meta property=\"og:locale\" content=\"de_DE\" \/>\n<meta property=\"og:type\" content=\"article\" \/>\n<meta property=\"og:title\" content=\"Sup 3-Sterne - Color King Marte Village, Lido di Classe\" \/>\n<meta property=\"og:description\" content=\"Lust auf einen Urlaub mit Ihrer Familie? Mehr \u00fcber die Familienangebote des Color King Marte Village in Lido di Classe\" \/>\n<meta property=\"og:url\" content=\"https:\/\/www.italyfamilyhotels.it\/de\/family-hotels\/color-king-marte-village\" \/>\n<meta property=\"og:site_name\" content=\"Italy Family Hotels\" \/>\n<meta property=\"article:publisher\" content=\"https:\/\/www.facebook.com\/ItalyFamilyHotels\/\" \/>\n<meta property=\"article:modified_time\" content=\"2026-02-16T16:58:22+00:00\" \/>\n<meta name=\"twitter:card\" content=\"summary_large_image\" \/>\n<meta name=\"twitter:label1\" content=\"Gesch\u00e4tzte Lesezeit\" \/>\n\t<meta name=\"twitter:data1\" content=\"1\u00a0Minute\" \/>\n<script type=\"application\/ld+json\" class=\"yoast-schema-graph\">{\"@context\":\"https:\/\/schema.org\",\"@graph\":[{\"@type\":\"WebPage\",\"@id\":\"https:\/\/www.italyfamilyhotels.it\/de\/family-hotels\/color-king-marte-village\",\"url\":\"https:\/\/www.italyfamilyhotels.it\/de\/family-hotels\/color-king-marte-village\",\"name\":\"Sup 3-Sterne - Color King Marte Village, Lido di Classe\",\"isPartOf\":{\"@id\":\"https:\/\/www.italyfamilyhotels.it\/#website\"},\"datePublished\":\"2023-02-23T07:57:41+00:00\",\"dateModified\":\"2026-02-16T16:58:22+00:00\",\"description\":\"Lust auf einen Urlaub mit Ihrer Familie? Mehr \u00fcber die Familienangebote des Color King Marte Village in Lido di Classe\",\"breadcrumb\":{\"@id\":\"https:\/\/www.italyfamilyhotels.it\/de\/family-hotels\/color-king-marte-village#breadcrumb\"},\"inLanguage\":\"de\",\"potentialAction\":[{\"@type\":\"ReadAction\",\"target\":[\"https:\/\/www.italyfamilyhotels.it\/de\/family-hotels\/color-king-marte-village\"]}]},{\"@type\":\"BreadcrumbList\",\"@id\":\"https:\/\/www.italyfamilyhotels.it\/de\/family-hotels\/color-king-marte-village#breadcrumb\",\"itemListElement\":[{\"@type\":\"ListItem\",\"position\":1,\"name\":\"Home\",\"item\":\"https:\/\/www.italyfamilyhotels.it\/de\"},{\"@type\":\"ListItem\",\"position\":2,\"name\":\"Family Hotels\",\"item\":\"https:\/\/www.italyfamilyhotels.it\/de\/family-hotels\"},{\"@type\":\"ListItem\",\"position\":3,\"name\":\"Color King Marte Village\"}]},{\"@type\":\"WebSite\",\"@id\":\"https:\/\/www.italyfamilyhotels.it\/#website\",\"url\":\"https:\/\/www.italyfamilyhotels.it\/\",\"name\":\"Italy Family Hotels\",\"description\":\"\",\"potentialAction\":[{\"@type\":\"SearchAction\",\"target\":{\"@type\":\"EntryPoint\",\"urlTemplate\":\"https:\/\/www.italyfamilyhotels.it\/?s={search_term_string}\"},\"query-input\":{\"@type\":\"PropertyValueSpecification\",\"valueRequired\":true,\"valueName\":\"search_term_string\"}}],\"inLanguage\":\"de\"}]}<\/script>\n<!-- \/ Yoast SEO plugin. -->","yoast_head_json":{"title":"Sup 3-Sterne - Color King Marte Village, Lido di Classe","description":"Lust auf einen Urlaub mit Ihrer Familie? Mehr \u00fcber die Familienangebote des Color King Marte Village in Lido di Classe","robots":{"index":"index","follow":"follow","max-snippet":"max-snippet:-1","max-image-preview":"max-image-preview:large","max-video-preview":"max-video-preview:-1"},"canonical":"https:\/\/www.italyfamilyhotels.it\/de\/family-hotels\/color-king-marte-village","og_locale":"de_DE","og_type":"article","og_title":"Sup 3-Sterne - Color King Marte Village, Lido di Classe","og_description":"Lust auf einen Urlaub mit Ihrer Familie? Mehr \u00fcber die Familienangebote des Color King Marte Village in Lido di Classe","og_url":"https:\/\/www.italyfamilyhotels.it\/de\/family-hotels\/color-king-marte-village","og_site_name":"Italy Family Hotels","article_publisher":"https:\/\/www.facebook.com\/ItalyFamilyHotels\/","article_modified_time":"2026-02-16T16:58:22+00:00","twitter_card":"summary_large_image","twitter_misc":{"Gesch\u00e4tzte Lesezeit":"1\u00a0Minute"},"schema":{"@context":"https:\/\/schema.org","@graph":[{"@type":"WebPage","@id":"https:\/\/www.italyfamilyhotels.it\/de\/family-hotels\/color-king-marte-village","url":"https:\/\/www.italyfamilyhotels.it\/de\/family-hotels\/color-king-marte-village","name":"Sup 3-Sterne - Color King Marte Village, Lido di Classe","isPartOf":{"@id":"https:\/\/www.italyfamilyhotels.it\/#website"},"datePublished":"2023-02-23T07:57:41+00:00","dateModified":"2026-02-16T16:58:22+00:00","description":"Lust auf einen Urlaub mit Ihrer Familie? Mehr \u00fcber die Familienangebote des Color King Marte Village in Lido di Classe","breadcrumb":{"@id":"https:\/\/www.italyfamilyhotels.it\/de\/family-hotels\/color-king-marte-village#breadcrumb"},"inLanguage":"de","potentialAction":[{"@type":"ReadAction","target":["https:\/\/www.italyfamilyhotels.it\/de\/family-hotels\/color-king-marte-village"]}]},{"@type":"BreadcrumbList","@id":"https:\/\/www.italyfamilyhotels.it\/de\/family-hotels\/color-king-marte-village#breadcrumb","itemListElement":[{"@type":"ListItem","position":1,"name":"Home","item":"https:\/\/www.italyfamilyhotels.it\/de"},{"@type":"ListItem","position":2,"name":"Family Hotels","item":"https:\/\/www.italyfamilyhotels.it\/de\/family-hotels"},{"@type":"ListItem","position":3,"name":"Color King Marte Village"}]},{"@type":"WebSite","@id":"https:\/\/www.italyfamilyhotels.it\/#website","url":"https:\/\/www.italyfamilyhotels.it\/","name":"Italy Family Hotels","description":"","potentialAction":[{"@type":"SearchAction","target":{"@type":"EntryPoint","urlTemplate":"https:\/\/www.italyfamilyhotels.it\/?s={search_term_string}"},"query-input":{"@type":"PropertyValueSpecification","valueRequired":true,"valueName":"search_term_string"}}],"inLanguage":"de"}]}},"_links":{"self":[{"href":"https:\/\/www.italyfamilyhotels.it\/de\/wp-json\/wp\/v2\/pages\/46660","targetHints":{"allow":["GET"]}}],"collection":[{"href":"https:\/\/www.italyfamilyhotels.it\/de\/wp-json\/wp\/v2\/pages"}],"about":[{"href":"https:\/\/www.italyfamilyhotels.it\/de\/wp-json\/wp\/v2\/types\/page"}],"author":[{"embeddable":true,"href":"https:\/\/www.italyfamilyhotels.it\/de\/wp-json\/wp\/v2\/users\/1"}],"replies":[{"embeddable":true,"href":"https:\/\/www.italyfamilyhotels.it\/de\/wp-json\/wp\/v2\/comments?post=46660"}],"version-history":[{"count":3,"href":"https:\/\/www.italyfamilyhotels.it\/de\/wp-json\/wp\/v2\/pages\/46660\/revisions"}],"predecessor-version":[{"id":74822,"href":"https:\/\/www.italyfamilyhotels.it\/de\/wp-json\/wp\/v2\/pages\/46660\/revisions\/74822"}],"up":[{"embeddable":true,"href":"https:\/\/www.italyfamilyhotels.it\/de\/wp-json\/wp\/v2\/pages\/94"}],"wp:attachment":[{"href":"https:\/\/www.italyfamilyhotels.it\/de\/wp-json\/wp\/v2\/media?parent=46660"}],"curies":[{"name":"wp","href":"https:\/\/api.w.org\/{rel}","templated":true}]}}