{"id":46630,"date":"2023-02-22T13:13:16","date_gmt":"2023-02-22T12:13:16","guid":{"rendered":"https:\/\/www.italyfamilyhotels.it\/family-hotels\/color-green-village"},"modified":"2026-04-02T10:35:25","modified_gmt":"2026-04-02T08:35:25","slug":"color-green-village","status":"publish","type":"page","link":"https:\/\/www.italyfamilyhotels.it\/de\/family-hotels\/color-green-village","title":{"rendered":"Color Green Village"},"content":{"rendered":"\n<p><i>Zweiter Stern rechts und dann geradeaus bis zum&#8230; <\/i><b><i>Color Green Village in Cesenatico<\/i><\/b><i>!<\/i><\/p>\n\n\n\n<p>Wir begr\u00fc\u00dfen Sie in einem wahrlich <b>gr\u00fcnen Dorf <\/b>nahe dem Meer, wo jeden Tag f\u00fcr Gro\u00df und Klein <b>Spa\u00df <\/b>und <b>gutes Essen <\/b>angesagt sind. Scheint das wie im M\u00e4rchen? Und doch ist dem so: Eingebettet in eine <b>150.000 m<\/b><b><sup>2<\/sup><\/b><b> gro\u00dfe Gr\u00fcnfl\u00e4che mitten im Parco del Ponente<\/b> ist es der ideale Ort, um dank <b>speziell f\u00fcr Familien konzipierten Serviceleistungen<\/b> und gro\u00dfem <b>Pool mit Sonnenterrasse<\/b>, <b>Pool Bar<\/b> und <b>Kinderspielpl\u00e4tzen <\/b>mit <b>H\u00fcpfburgen<\/b> abzuschalten und sich zu entspannen.<\/p>\n\n\n\n<p>Der <b>Strand <\/b>liegt unweit vom Hotel, nur 100 m entfernt. Hier stehen Sonnenschirme, Sonnenliegen, Beachtennis-, Beachvolleyball- und Footvolleyballpl\u00e4tze, Ping-Pong-Tische, Privatkabinen, Barservice und ein <b>Kinderspielplatz mit Rutschen<\/b> <b>und Spielen<\/b> zur Verf\u00fcgung.<\/p>\n\n\n\n<p>Und wie sieht es mit der <b>Animation 7 Tage die Woche<\/b> <b>unterteilt nach Altersgruppen<\/b> aus? Die Tage aller Kinder <b>ab 4 Jahren<\/b> und, wenn sie wollen, auch der Eltern, sind voll mit <b>fantastischen Aktivit\u00e4ten<\/b>: Wassergymnastik<b> <\/b>am Strand, Gruppentanz, Morgengymnastik, Aperitifspiele, Kartenturniere, Sport, besondere Events. Am Abend hingegen wird munter zum Rhythmus des <b>Baby Dance<\/b> und des <b>Dancing under the Stars<\/b> getanzt und gibt es viel Spa\u00df bei den <b>Color Shows<\/b>.<\/p>\n\n\n\n<p>Sind Sie ein Schlemmer? Na dann probieren Sie das aus: Unser <b>Buffetrestaurant mit Show-Cooking-Service<\/b> bietet ein umfassendes kulinarisches Erlebnis mit traditionellen italienischen Gerichten (und nicht nur!). Haben Sie untertags ein gewisses Hungergef\u00fchl? Das stillen wir mit den K\u00f6stlichkeiten der <b>Aperitifs<\/b>, des<b> Food Corner<\/b> und der <b>Gutenacht Coco<\/b> &#8211; Kr\u00e4utertees, Milch und Kekse f\u00fcr alle, die besser einschlafen m\u00f6chten.<\/p>\n\n\n\n<p>Entdecken Sie im Urlaub die Freude am<b> <\/b>Kontakt mit der Natur wieder: Viel Platz dank der Gr\u00fcnfl\u00e4che, in die unser Feriendorf eingebettet ist, mit einem <b>didaktischen Gem\u00fcsegarten<\/b>, in dem die Kinder Spa\u00df an der Gartenarbeit haben, w\u00e4hrend sich ihre Eltern auf <b>Lebenspfaden<\/b> und <b>Ausfl\u00fcgen im Park<\/b> erfreuen k\u00f6nnen. F\u00fcr alle, die mit ihrem vierbeinigen Freund reisen, gibt es einen umz\u00e4unten und entsprechend ausgestatteten <b>Hundeauslaufplatz<\/b>.<\/p>\n\n\n\n<p>Aber das ist noch nicht alles! Dar\u00fcber hinaus haben Sie im Rahmen der All Inclusive &#8211; Option von Montag bis Freitag auch unbeschr\u00e4nkt Gratiseintritt in den <b>Wasserpark Atlantica<\/b>.<\/p>\n","protected":false},"excerpt":{"rendered":"<p>Zweiter Stern rechts und dann geradeaus bis zum&#8230; Color Green Village in Cesenatico! Wir begr\u00fc\u00dfen Sie in einem wahrlich gr\u00fcnen Dorf nahe dem Meer, wo jeden Tag f\u00fcr Gro\u00df und Klein Spa\u00df und gutes Essen angesagt sind. Scheint das wie im M\u00e4rchen? Und doch ist dem so: Eingebettet in eine 150.000 m2 gro\u00dfe Gr\u00fcnfl\u00e4che mitten &hellip;<\/p>\n","protected":false},"author":1,"featured_media":0,"parent":94,"menu_order":0,"comment_status":"closed","ping_status":"closed","template":"page-templates\/scheda_hotel.php","meta":{"_acf_changed":false,"inline_featured_image":false,"footnotes":""},"class_list":["post-46630","page","type-page","status-publish","hentry"],"acf":[],"yoast_head":"<!-- This site is optimized with the Yoast SEO plugin v27.1 - https:\/\/yoast.com\/product\/yoast-seo-wordpress\/ -->\n<title>Superior 3-Sterne - Color Green Village, Cesenatico<\/title>\n<meta name=\"description\" content=\"Lust auf einen Urlaub mit Ihrer Familie? Mehr \u00fcber die Familienangebote des Color Green Village in Cesenatico\" \/>\n<meta name=\"robots\" content=\"index, follow, max-snippet:-1, max-image-preview:large, max-video-preview:-1\" \/>\n<link rel=\"canonical\" href=\"https:\/\/www.italyfamilyhotels.it\/de\/family-hotels\/color-green-village\" \/>\n<meta property=\"og:locale\" content=\"de_DE\" \/>\n<meta property=\"og:type\" content=\"article\" \/>\n<meta property=\"og:title\" content=\"Superior 3-Sterne - Color Green Village, Cesenatico\" \/>\n<meta property=\"og:description\" content=\"Lust auf einen Urlaub mit Ihrer Familie? Mehr \u00fcber die Familienangebote des Color Green Village in Cesenatico\" \/>\n<meta property=\"og:url\" content=\"https:\/\/www.italyfamilyhotels.it\/de\/family-hotels\/color-green-village\" \/>\n<meta property=\"og:site_name\" content=\"Italy Family Hotels\" \/>\n<meta property=\"article:publisher\" content=\"https:\/\/www.facebook.com\/ItalyFamilyHotels\/\" \/>\n<meta property=\"article:modified_time\" content=\"2026-04-02T08:35:25+00:00\" \/>\n<meta name=\"twitter:card\" content=\"summary_large_image\" \/>\n<meta name=\"twitter:label1\" content=\"Gesch\u00e4tzte Lesezeit\" \/>\n\t<meta name=\"twitter:data1\" content=\"2\u00a0Minuten\" \/>\n<script type=\"application\/ld+json\" class=\"yoast-schema-graph\">{\"@context\":\"https:\/\/schema.org\",\"@graph\":[{\"@type\":\"WebPage\",\"@id\":\"https:\/\/www.italyfamilyhotels.it\/de\/family-hotels\/color-green-village\",\"url\":\"https:\/\/www.italyfamilyhotels.it\/de\/family-hotels\/color-green-village\",\"name\":\"Superior 3-Sterne - Color Green Village, Cesenatico\",\"isPartOf\":{\"@id\":\"https:\/\/www.italyfamilyhotels.it\/#website\"},\"datePublished\":\"2023-02-22T12:13:16+00:00\",\"dateModified\":\"2026-04-02T08:35:25+00:00\",\"description\":\"Lust auf einen Urlaub mit Ihrer Familie? Mehr \u00fcber die Familienangebote des Color Green Village in Cesenatico\",\"breadcrumb\":{\"@id\":\"https:\/\/www.italyfamilyhotels.it\/de\/family-hotels\/color-green-village#breadcrumb\"},\"inLanguage\":\"de\",\"potentialAction\":[{\"@type\":\"ReadAction\",\"target\":[\"https:\/\/www.italyfamilyhotels.it\/de\/family-hotels\/color-green-village\"]}]},{\"@type\":\"BreadcrumbList\",\"@id\":\"https:\/\/www.italyfamilyhotels.it\/de\/family-hotels\/color-green-village#breadcrumb\",\"itemListElement\":[{\"@type\":\"ListItem\",\"position\":1,\"name\":\"Home\",\"item\":\"https:\/\/www.italyfamilyhotels.it\/de\"},{\"@type\":\"ListItem\",\"position\":2,\"name\":\"Family Hotels\",\"item\":\"https:\/\/www.italyfamilyhotels.it\/de\/family-hotels\"},{\"@type\":\"ListItem\",\"position\":3,\"name\":\"Color Green Village\"}]},{\"@type\":\"WebSite\",\"@id\":\"https:\/\/www.italyfamilyhotels.it\/#website\",\"url\":\"https:\/\/www.italyfamilyhotels.it\/\",\"name\":\"Italy Family Hotels\",\"description\":\"\",\"potentialAction\":[{\"@type\":\"SearchAction\",\"target\":{\"@type\":\"EntryPoint\",\"urlTemplate\":\"https:\/\/www.italyfamilyhotels.it\/?s={search_term_string}\"},\"query-input\":{\"@type\":\"PropertyValueSpecification\",\"valueRequired\":true,\"valueName\":\"search_term_string\"}}],\"inLanguage\":\"de\"}]}<\/script>\n<!-- \/ Yoast SEO plugin. -->","yoast_head_json":{"title":"Superior 3-Sterne - Color Green Village, Cesenatico","description":"Lust auf einen Urlaub mit Ihrer Familie? Mehr \u00fcber die Familienangebote des Color Green Village in Cesenatico","robots":{"index":"index","follow":"follow","max-snippet":"max-snippet:-1","max-image-preview":"max-image-preview:large","max-video-preview":"max-video-preview:-1"},"canonical":"https:\/\/www.italyfamilyhotels.it\/de\/family-hotels\/color-green-village","og_locale":"de_DE","og_type":"article","og_title":"Superior 3-Sterne - Color Green Village, Cesenatico","og_description":"Lust auf einen Urlaub mit Ihrer Familie? Mehr \u00fcber die Familienangebote des Color Green Village in Cesenatico","og_url":"https:\/\/www.italyfamilyhotels.it\/de\/family-hotels\/color-green-village","og_site_name":"Italy Family Hotels","article_publisher":"https:\/\/www.facebook.com\/ItalyFamilyHotels\/","article_modified_time":"2026-04-02T08:35:25+00:00","twitter_card":"summary_large_image","twitter_misc":{"Gesch\u00e4tzte Lesezeit":"2\u00a0Minuten"},"schema":{"@context":"https:\/\/schema.org","@graph":[{"@type":"WebPage","@id":"https:\/\/www.italyfamilyhotels.it\/de\/family-hotels\/color-green-village","url":"https:\/\/www.italyfamilyhotels.it\/de\/family-hotels\/color-green-village","name":"Superior 3-Sterne - Color Green Village, Cesenatico","isPartOf":{"@id":"https:\/\/www.italyfamilyhotels.it\/#website"},"datePublished":"2023-02-22T12:13:16+00:00","dateModified":"2026-04-02T08:35:25+00:00","description":"Lust auf einen Urlaub mit Ihrer Familie? Mehr \u00fcber die Familienangebote des Color Green Village in Cesenatico","breadcrumb":{"@id":"https:\/\/www.italyfamilyhotels.it\/de\/family-hotels\/color-green-village#breadcrumb"},"inLanguage":"de","potentialAction":[{"@type":"ReadAction","target":["https:\/\/www.italyfamilyhotels.it\/de\/family-hotels\/color-green-village"]}]},{"@type":"BreadcrumbList","@id":"https:\/\/www.italyfamilyhotels.it\/de\/family-hotels\/color-green-village#breadcrumb","itemListElement":[{"@type":"ListItem","position":1,"name":"Home","item":"https:\/\/www.italyfamilyhotels.it\/de"},{"@type":"ListItem","position":2,"name":"Family Hotels","item":"https:\/\/www.italyfamilyhotels.it\/de\/family-hotels"},{"@type":"ListItem","position":3,"name":"Color Green Village"}]},{"@type":"WebSite","@id":"https:\/\/www.italyfamilyhotels.it\/#website","url":"https:\/\/www.italyfamilyhotels.it\/","name":"Italy Family Hotels","description":"","potentialAction":[{"@type":"SearchAction","target":{"@type":"EntryPoint","urlTemplate":"https:\/\/www.italyfamilyhotels.it\/?s={search_term_string}"},"query-input":{"@type":"PropertyValueSpecification","valueRequired":true,"valueName":"search_term_string"}}],"inLanguage":"de"}]}},"_links":{"self":[{"href":"https:\/\/www.italyfamilyhotels.it\/de\/wp-json\/wp\/v2\/pages\/46630","targetHints":{"allow":["GET"]}}],"collection":[{"href":"https:\/\/www.italyfamilyhotels.it\/de\/wp-json\/wp\/v2\/pages"}],"about":[{"href":"https:\/\/www.italyfamilyhotels.it\/de\/wp-json\/wp\/v2\/types\/page"}],"author":[{"embeddable":true,"href":"https:\/\/www.italyfamilyhotels.it\/de\/wp-json\/wp\/v2\/users\/1"}],"replies":[{"embeddable":true,"href":"https:\/\/www.italyfamilyhotels.it\/de\/wp-json\/wp\/v2\/comments?post=46630"}],"version-history":[{"count":4,"href":"https:\/\/www.italyfamilyhotels.it\/de\/wp-json\/wp\/v2\/pages\/46630\/revisions"}],"predecessor-version":[{"id":77173,"href":"https:\/\/www.italyfamilyhotels.it\/de\/wp-json\/wp\/v2\/pages\/46630\/revisions\/77173"}],"up":[{"embeddable":true,"href":"https:\/\/www.italyfamilyhotels.it\/de\/wp-json\/wp\/v2\/pages\/94"}],"wp:attachment":[{"href":"https:\/\/www.italyfamilyhotels.it\/de\/wp-json\/wp\/v2\/media?parent=46630"}],"curies":[{"name":"wp","href":"https:\/\/api.w.org\/{rel}","templated":true}]}}