{"id":46612,"date":"2023-02-22T09:49:22","date_gmt":"2023-02-22T08:49:22","guid":{"rendered":"https:\/\/www.italyfamilyhotels.it\/family-hotels\/color-metropolitan-family-hotel"},"modified":"2026-04-02T11:25:50","modified_gmt":"2026-04-02T09:25:50","slug":"color-metropolitan-family-hotel","status":"publish","type":"page","link":"https:\/\/www.italyfamilyhotels.it\/de\/family-hotels\/color-metropolitan-family-hotel","title":{"rendered":"Color Metropolitan Family Hotel"},"content":{"rendered":"\n<p>Duftende Meeresluft, Urlaubsatmosph\u00e4re und erstklassige Unterhaltung warten auf Sie im <b>Color Metropolitan Family Hotel<\/b>, in <b>Valverde di Cesenatico<\/b>. Mit der <b>All Inclusive Color <\/b>&#8211; Option ist Ihr Urlaub wirklich unbeschwert, weil die besten Serviceleistungen inbegriffen sind: <b>Strand<\/b>, tolle t\u00e4gliche <b>Animation<\/b>, <b>Food Color Immersion<\/b>, <b>Free Bar rund um die Uhr<\/b> und <b>Free Cocktails<\/b> von 20.00 bis 24.00 Uhr, Eintritt in den Wasserpark <b>Atlantica <\/b>von Montag bis Freitag, Exklusives <strong>Baby Care<\/strong> mit altersgerechten <strong>Sets<\/strong> f\u00fcr Kinder <strong>von 0-4 Jahren<\/strong> sowie ein <strong>Kinderraum<\/strong> mit <strong>liebevoller Betreuung<\/strong>. Es steht auch ein <strong>\u00e4rztlicher Betreuungsdienst<\/strong> bis 18 Jahre zur Verf\u00fcgung, in den die erste Untersuchung inbegriffen ist.<\/p>\n\n\n\n<p>Zudem befinden wir uns ganz in der N\u00e4he des Meeres und des <strong>Partnerstrandes Bagno Snoopy<\/strong>, wo f\u00fcr Ihre Familie <b>1 Sonnenschirm und 2 Sonnenliegen<\/b> reserviert sind. Nat\u00fcrlich gibt es auch einen Spielplatz und die tolle <b>Super Color &#8211; Animation den ganzen Tag \u00fcber<\/b> f\u00fcr Kinder und Jugendliche <b>von 4 bis 18 Jahren<\/b>, die nach Altersgruppen unterteilt ist!<\/p>\n\n\n\n<p>Im Urlaub m\u00f6chten Sie nicht auf den <b>Pool<\/b> verzichten? Gut, weil im Hotel gibt es einen <b>halb \u00fcberdachten, auf 24\u00b0 beheizten Pool f\u00fcr Erwachsene <\/b>mit Hydromassagebereich und ein immer beaufsichtigtes <b>Kinderbecken<\/b>, das <b>auf 24\u00b0 beheizt, 20 cm tief<\/b> und mit Wasserspielen ausgestattet ist. So k\u00f6nnen die Kleinen sicher schwimmen und spielen, w\u00e4hrend Sie sich auf der Sonnenterrasse entspannen oder an der Poolbar ein k\u00fchles Getr\u00e4nk genie\u00dfen k\u00f6nnen.<\/p>\n\n\n\n<p>Sollten Sie ein <b>Hotel in Cesenatico suchen, in dem Tiere akzeptiert werden<\/b>, sind im Color Metropolitan Family Hote<b>l<\/b> Vierbeiner bis zu 10 kg auch am Strand willkommen (gegen Aufpreis).<\/p>\n\n\n\n<p>Kurzum, wir erwarten Sie, um Freude und Spa\u00df in Ihren Urlaub zu bringen!<\/p>\n","protected":false},"excerpt":{"rendered":"<p>Duftende Meeresluft, Urlaubsatmosph\u00e4re und erstklassige Unterhaltung warten auf Sie im Color Metropolitan Family Hotel, in Valverde di Cesenatico. Mit der All Inclusive Color &#8211; Option ist Ihr Urlaub wirklich unbeschwert, weil die besten Serviceleistungen inbegriffen sind: Strand, tolle t\u00e4gliche Animation, Food Color Immersion, Free Bar rund um die Uhr und Free Cocktails von 20.00 bis &hellip;<\/p>\n","protected":false},"author":1,"featured_media":0,"parent":94,"menu_order":0,"comment_status":"closed","ping_status":"closed","template":"page-templates\/scheda_hotel.php","meta":{"_acf_changed":false,"inline_featured_image":false,"footnotes":""},"class_list":["post-46612","page","type-page","status-publish","hentry"],"acf":[],"yoast_head":"<!-- This site is optimized with the Yoast SEO plugin v27.1 - https:\/\/yoast.com\/product\/yoast-seo-wordpress\/ -->\n<title>Sup 3-Sterne - Color Metropolitan Family Hotel, Cesenatico<\/title>\n<meta name=\"description\" content=\"Lust auf einen Urlaub mit Ihrer Familie? Mehr \u00fcber die Familienangebote des Color Metropolitan Family Hotels in Cesenatico\" \/>\n<meta name=\"robots\" content=\"index, follow, max-snippet:-1, max-image-preview:large, max-video-preview:-1\" \/>\n<link rel=\"canonical\" href=\"https:\/\/www.italyfamilyhotels.it\/de\/family-hotels\/color-metropolitan-family-hotel\" \/>\n<meta property=\"og:locale\" content=\"de_DE\" \/>\n<meta property=\"og:type\" content=\"article\" \/>\n<meta property=\"og:title\" content=\"Sup 3-Sterne - Color Metropolitan Family Hotel, Cesenatico\" \/>\n<meta property=\"og:description\" content=\"Lust auf einen Urlaub mit Ihrer Familie? Mehr \u00fcber die Familienangebote des Color Metropolitan Family Hotels in Cesenatico\" \/>\n<meta property=\"og:url\" content=\"https:\/\/www.italyfamilyhotels.it\/de\/family-hotels\/color-metropolitan-family-hotel\" \/>\n<meta property=\"og:site_name\" content=\"Italy Family Hotels\" \/>\n<meta property=\"article:publisher\" content=\"https:\/\/www.facebook.com\/ItalyFamilyHotels\/\" \/>\n<meta property=\"article:modified_time\" content=\"2026-04-02T09:25:50+00:00\" \/>\n<meta name=\"twitter:card\" content=\"summary_large_image\" \/>\n<meta name=\"twitter:label1\" content=\"Gesch\u00e4tzte Lesezeit\" \/>\n\t<meta name=\"twitter:data1\" content=\"1\u00a0Minute\" \/>\n<script type=\"application\/ld+json\" class=\"yoast-schema-graph\">{\"@context\":\"https:\/\/schema.org\",\"@graph\":[{\"@type\":\"WebPage\",\"@id\":\"https:\/\/www.italyfamilyhotels.it\/de\/family-hotels\/color-metropolitan-family-hotel\",\"url\":\"https:\/\/www.italyfamilyhotels.it\/de\/family-hotels\/color-metropolitan-family-hotel\",\"name\":\"Sup 3-Sterne - Color Metropolitan Family Hotel, Cesenatico\",\"isPartOf\":{\"@id\":\"https:\/\/www.italyfamilyhotels.it\/#website\"},\"datePublished\":\"2023-02-22T08:49:22+00:00\",\"dateModified\":\"2026-04-02T09:25:50+00:00\",\"description\":\"Lust auf einen Urlaub mit Ihrer Familie? Mehr \u00fcber die Familienangebote des Color Metropolitan Family Hotels in Cesenatico\",\"breadcrumb\":{\"@id\":\"https:\/\/www.italyfamilyhotels.it\/de\/family-hotels\/color-metropolitan-family-hotel#breadcrumb\"},\"inLanguage\":\"de\",\"potentialAction\":[{\"@type\":\"ReadAction\",\"target\":[\"https:\/\/www.italyfamilyhotels.it\/de\/family-hotels\/color-metropolitan-family-hotel\"]}]},{\"@type\":\"BreadcrumbList\",\"@id\":\"https:\/\/www.italyfamilyhotels.it\/de\/family-hotels\/color-metropolitan-family-hotel#breadcrumb\",\"itemListElement\":[{\"@type\":\"ListItem\",\"position\":1,\"name\":\"Home\",\"item\":\"https:\/\/www.italyfamilyhotels.it\/de\"},{\"@type\":\"ListItem\",\"position\":2,\"name\":\"Family Hotels\",\"item\":\"https:\/\/www.italyfamilyhotels.it\/de\/family-hotels\"},{\"@type\":\"ListItem\",\"position\":3,\"name\":\"Color Metropolitan Family Hotel\"}]},{\"@type\":\"WebSite\",\"@id\":\"https:\/\/www.italyfamilyhotels.it\/#website\",\"url\":\"https:\/\/www.italyfamilyhotels.it\/\",\"name\":\"Italy Family Hotels\",\"description\":\"\",\"potentialAction\":[{\"@type\":\"SearchAction\",\"target\":{\"@type\":\"EntryPoint\",\"urlTemplate\":\"https:\/\/www.italyfamilyhotels.it\/?s={search_term_string}\"},\"query-input\":{\"@type\":\"PropertyValueSpecification\",\"valueRequired\":true,\"valueName\":\"search_term_string\"}}],\"inLanguage\":\"de\"}]}<\/script>\n<!-- \/ Yoast SEO plugin. -->","yoast_head_json":{"title":"Sup 3-Sterne - Color Metropolitan Family Hotel, Cesenatico","description":"Lust auf einen Urlaub mit Ihrer Familie? Mehr \u00fcber die Familienangebote des Color Metropolitan Family Hotels in Cesenatico","robots":{"index":"index","follow":"follow","max-snippet":"max-snippet:-1","max-image-preview":"max-image-preview:large","max-video-preview":"max-video-preview:-1"},"canonical":"https:\/\/www.italyfamilyhotels.it\/de\/family-hotels\/color-metropolitan-family-hotel","og_locale":"de_DE","og_type":"article","og_title":"Sup 3-Sterne - Color Metropolitan Family Hotel, Cesenatico","og_description":"Lust auf einen Urlaub mit Ihrer Familie? Mehr \u00fcber die Familienangebote des Color Metropolitan Family Hotels in Cesenatico","og_url":"https:\/\/www.italyfamilyhotels.it\/de\/family-hotels\/color-metropolitan-family-hotel","og_site_name":"Italy Family Hotels","article_publisher":"https:\/\/www.facebook.com\/ItalyFamilyHotels\/","article_modified_time":"2026-04-02T09:25:50+00:00","twitter_card":"summary_large_image","twitter_misc":{"Gesch\u00e4tzte Lesezeit":"1\u00a0Minute"},"schema":{"@context":"https:\/\/schema.org","@graph":[{"@type":"WebPage","@id":"https:\/\/www.italyfamilyhotels.it\/de\/family-hotels\/color-metropolitan-family-hotel","url":"https:\/\/www.italyfamilyhotels.it\/de\/family-hotels\/color-metropolitan-family-hotel","name":"Sup 3-Sterne - Color Metropolitan Family Hotel, Cesenatico","isPartOf":{"@id":"https:\/\/www.italyfamilyhotels.it\/#website"},"datePublished":"2023-02-22T08:49:22+00:00","dateModified":"2026-04-02T09:25:50+00:00","description":"Lust auf einen Urlaub mit Ihrer Familie? Mehr \u00fcber die Familienangebote des Color Metropolitan Family Hotels in Cesenatico","breadcrumb":{"@id":"https:\/\/www.italyfamilyhotels.it\/de\/family-hotels\/color-metropolitan-family-hotel#breadcrumb"},"inLanguage":"de","potentialAction":[{"@type":"ReadAction","target":["https:\/\/www.italyfamilyhotels.it\/de\/family-hotels\/color-metropolitan-family-hotel"]}]},{"@type":"BreadcrumbList","@id":"https:\/\/www.italyfamilyhotels.it\/de\/family-hotels\/color-metropolitan-family-hotel#breadcrumb","itemListElement":[{"@type":"ListItem","position":1,"name":"Home","item":"https:\/\/www.italyfamilyhotels.it\/de"},{"@type":"ListItem","position":2,"name":"Family Hotels","item":"https:\/\/www.italyfamilyhotels.it\/de\/family-hotels"},{"@type":"ListItem","position":3,"name":"Color Metropolitan Family Hotel"}]},{"@type":"WebSite","@id":"https:\/\/www.italyfamilyhotels.it\/#website","url":"https:\/\/www.italyfamilyhotels.it\/","name":"Italy Family Hotels","description":"","potentialAction":[{"@type":"SearchAction","target":{"@type":"EntryPoint","urlTemplate":"https:\/\/www.italyfamilyhotels.it\/?s={search_term_string}"},"query-input":{"@type":"PropertyValueSpecification","valueRequired":true,"valueName":"search_term_string"}}],"inLanguage":"de"}]}},"_links":{"self":[{"href":"https:\/\/www.italyfamilyhotels.it\/de\/wp-json\/wp\/v2\/pages\/46612","targetHints":{"allow":["GET"]}}],"collection":[{"href":"https:\/\/www.italyfamilyhotels.it\/de\/wp-json\/wp\/v2\/pages"}],"about":[{"href":"https:\/\/www.italyfamilyhotels.it\/de\/wp-json\/wp\/v2\/types\/page"}],"author":[{"embeddable":true,"href":"https:\/\/www.italyfamilyhotels.it\/de\/wp-json\/wp\/v2\/users\/1"}],"replies":[{"embeddable":true,"href":"https:\/\/www.italyfamilyhotels.it\/de\/wp-json\/wp\/v2\/comments?post=46612"}],"version-history":[{"count":6,"href":"https:\/\/www.italyfamilyhotels.it\/de\/wp-json\/wp\/v2\/pages\/46612\/revisions"}],"predecessor-version":[{"id":77188,"href":"https:\/\/www.italyfamilyhotels.it\/de\/wp-json\/wp\/v2\/pages\/46612\/revisions\/77188"}],"up":[{"embeddable":true,"href":"https:\/\/www.italyfamilyhotels.it\/de\/wp-json\/wp\/v2\/pages\/94"}],"wp:attachment":[{"href":"https:\/\/www.italyfamilyhotels.it\/de\/wp-json\/wp\/v2\/media?parent=46612"}],"curies":[{"name":"wp","href":"https:\/\/api.w.org\/{rel}","templated":true}]}}