{"id":46580,"date":"2023-02-21T10:42:53","date_gmt":"2023-02-21T09:42:53","guid":{"rendered":"https:\/\/www.italyfamilyhotels.it\/family-hotels\/color-mokambo-shore-hotel"},"modified":"2024-08-05T11:19:48","modified_gmt":"2024-08-05T09:19:48","slug":"color-mokambo-shore-hotel","status":"publish","type":"page","link":"https:\/\/www.italyfamilyhotels.it\/de\/family-hotels\/color-mokambo-shore-hotel","title":{"rendered":"Color Mokambo Shore Hotel"},"content":{"rendered":"\n<p>Im <b>Color Mokambo Shore Hotel<\/b> ist immer Spiel-&#8230; und Essenszeit! Wir begr\u00fc\u00dfen Ihre Familie zu einem Urlaub im typischen Color Hotel &#8211; Stil, mit Spa\u00df f\u00fcr Gro\u00df und Klein sowie gutem Essen.<\/p>\n\n\n\n<p>Unser Animationsteam organisiert <b>t\u00e4glich Aktivit\u00e4ten und Spiele<\/b> <b>f\u00fcr Kinder und Jugendliche von 4 bis 18 Jahren<\/b>, am Strand ebenso wie im Hotel. So k\u00f6nnen sich die Eltern sowohl im <b>Strandbad mit Sondervereinbarung<\/b> entspannen, wo ein Sonnenschirm und zwei Sonnenliegen auf sie warten, als auch im <b>beheizten Pool<\/b>, wo eine <b>entsprechend ausgestattete Sonnenterrasse<\/b> mit Sonnenliegen und <b>Whirlpool<\/b> f\u00fcr 6 Personen bereitstehen.<\/p>\n\n\n\n<p>Von morgens bis abends besteht die M\u00f6glichkeit, in unsere <b>Color Food Immersion<\/b> einzutauchen, die gleich nach dem Fr\u00fchst\u00fcck beginnt: ein <b>Coco Snack<\/b> f\u00fcr alle Kinder, den sie jeden Tag mit an den Strand nehmen k\u00f6nnen, ein <b>Aperitif <\/b>mit Drinks und Snacks vor dem Mittagessen, ein <b>Food Corner<\/b>, der jeden Nachmittag mit viel S\u00fc\u00dfem und Salzigem verlockt, ein <b>Aperitif vor dem Abendessen<\/b> und danach ein <b>Gutenacht Coco<\/b> f\u00fcr Kinder, w\u00e4hrend f\u00fcr Erwachsene <b>Cocktail Time<\/b> ist!<\/p>\n\n\n\n<p>F\u00fcr <b>Babys von 0 bis 3 Jahren<\/b> sind auf Wunsch Nachtlicht, Flaschenw\u00e4rmer, Babybadewanne, Milch f\u00fcr die Nacht und ein Campingbett im Zimmer verf\u00fcgbar. Im Restaurant bereiten wir jederzeit gerne Gem\u00fcsecremesuppen, Gem\u00fcsebr\u00fchen und Nudelsuppen zu.<\/p>\n\n\n\n<p>Mit der speziellen <b>Premium All Inclusive &#8211; Option, auch mit Free Drink rund um die Uhr<\/b> am Pool und im Hotel sowie allen inbegriffenen Dienstleistungen ist es wie ein Urlaub im Feriendorf aber im Herzen von Cesenatico! Sie und Ihre Kinder k\u00f6nnen jederzeit <b>alkoholfreie Getr\u00e4nke<\/b> genie\u00dfen, w\u00e4hrend Kaffee und alkoholische Getr\u00e4nke von 10.00 bis 24.00 Uhr verf\u00fcgbar sind.<\/p>\n\n\n\n<p><\/p>\n","protected":false},"excerpt":{"rendered":"<p>Im Color Mokambo Shore Hotel ist immer Spiel-&#8230; und Essenszeit! Wir begr\u00fc\u00dfen Ihre Familie zu einem Urlaub im typischen Color Hotel &#8211; Stil, mit Spa\u00df f\u00fcr Gro\u00df und Klein sowie gutem Essen. Unser Animationsteam organisiert t\u00e4glich Aktivit\u00e4ten und Spiele f\u00fcr Kinder und Jugendliche von 4 bis 18 Jahren, am Strand ebenso wie im Hotel. So &hellip;<\/p>\n","protected":false},"author":1,"featured_media":0,"parent":94,"menu_order":0,"comment_status":"closed","ping_status":"closed","template":"page-templates\/scheda_hotel.php","meta":{"_acf_changed":false,"inline_featured_image":false,"footnotes":""},"class_list":["post-46580","page","type-page","status-publish","hentry"],"acf":[],"yoast_head":"<!-- This site is optimized with the Yoast SEO plugin v27.1 - https:\/\/yoast.com\/product\/yoast-seo-wordpress\/ -->\n<title>Superior 3-Sterne - Color Mokambo Shore Hotel, Cesenatico<\/title>\n<meta name=\"description\" content=\"Lust auf einen Urlaub mit Ihrer Familie? Mehr \u00fcber die Familienangebote des Color Mokambo Shore Hotels in Cesenatico\" \/>\n<meta name=\"robots\" content=\"index, follow, max-snippet:-1, max-image-preview:large, max-video-preview:-1\" \/>\n<link rel=\"canonical\" href=\"https:\/\/www.italyfamilyhotels.it\/de\/family-hotels\/color-mokambo-shore-hotel\" \/>\n<meta property=\"og:locale\" content=\"de_DE\" \/>\n<meta property=\"og:type\" content=\"article\" \/>\n<meta property=\"og:title\" content=\"Superior 3-Sterne - Color Mokambo Shore Hotel, Cesenatico\" \/>\n<meta property=\"og:description\" content=\"Lust auf einen Urlaub mit Ihrer Familie? Mehr \u00fcber die Familienangebote des Color Mokambo Shore Hotels in Cesenatico\" \/>\n<meta property=\"og:url\" content=\"https:\/\/www.italyfamilyhotels.it\/de\/family-hotels\/color-mokambo-shore-hotel\" \/>\n<meta property=\"og:site_name\" content=\"Italy Family Hotels\" \/>\n<meta property=\"article:publisher\" content=\"https:\/\/www.facebook.com\/ItalyFamilyHotels\/\" \/>\n<meta property=\"article:modified_time\" content=\"2024-08-05T09:19:48+00:00\" \/>\n<meta name=\"twitter:card\" content=\"summary_large_image\" \/>\n<meta name=\"twitter:label1\" content=\"Gesch\u00e4tzte Lesezeit\" \/>\n\t<meta name=\"twitter:data1\" content=\"1\u00a0Minute\" \/>\n<script type=\"application\/ld+json\" class=\"yoast-schema-graph\">{\"@context\":\"https:\/\/schema.org\",\"@graph\":[{\"@type\":\"WebPage\",\"@id\":\"https:\/\/www.italyfamilyhotels.it\/de\/family-hotels\/color-mokambo-shore-hotel\",\"url\":\"https:\/\/www.italyfamilyhotels.it\/de\/family-hotels\/color-mokambo-shore-hotel\",\"name\":\"Superior 3-Sterne - Color Mokambo Shore Hotel, Cesenatico\",\"isPartOf\":{\"@id\":\"https:\/\/www.italyfamilyhotels.it\/#website\"},\"datePublished\":\"2023-02-21T09:42:53+00:00\",\"dateModified\":\"2024-08-05T09:19:48+00:00\",\"description\":\"Lust auf einen Urlaub mit Ihrer Familie? Mehr \u00fcber die Familienangebote des Color Mokambo Shore Hotels in Cesenatico\",\"breadcrumb\":{\"@id\":\"https:\/\/www.italyfamilyhotels.it\/de\/family-hotels\/color-mokambo-shore-hotel#breadcrumb\"},\"inLanguage\":\"de\",\"potentialAction\":[{\"@type\":\"ReadAction\",\"target\":[\"https:\/\/www.italyfamilyhotels.it\/de\/family-hotels\/color-mokambo-shore-hotel\"]}]},{\"@type\":\"BreadcrumbList\",\"@id\":\"https:\/\/www.italyfamilyhotels.it\/de\/family-hotels\/color-mokambo-shore-hotel#breadcrumb\",\"itemListElement\":[{\"@type\":\"ListItem\",\"position\":1,\"name\":\"Home\",\"item\":\"https:\/\/www.italyfamilyhotels.it\/de\"},{\"@type\":\"ListItem\",\"position\":2,\"name\":\"Family Hotels\",\"item\":\"https:\/\/www.italyfamilyhotels.it\/de\/family-hotels\"},{\"@type\":\"ListItem\",\"position\":3,\"name\":\"Color Mokambo Shore Hotel\"}]},{\"@type\":\"WebSite\",\"@id\":\"https:\/\/www.italyfamilyhotels.it\/#website\",\"url\":\"https:\/\/www.italyfamilyhotels.it\/\",\"name\":\"Italy Family Hotels\",\"description\":\"\",\"potentialAction\":[{\"@type\":\"SearchAction\",\"target\":{\"@type\":\"EntryPoint\",\"urlTemplate\":\"https:\/\/www.italyfamilyhotels.it\/?s={search_term_string}\"},\"query-input\":{\"@type\":\"PropertyValueSpecification\",\"valueRequired\":true,\"valueName\":\"search_term_string\"}}],\"inLanguage\":\"de\"}]}<\/script>\n<!-- \/ Yoast SEO plugin. -->","yoast_head_json":{"title":"Superior 3-Sterne - Color Mokambo Shore Hotel, Cesenatico","description":"Lust auf einen Urlaub mit Ihrer Familie? Mehr \u00fcber die Familienangebote des Color Mokambo Shore Hotels in Cesenatico","robots":{"index":"index","follow":"follow","max-snippet":"max-snippet:-1","max-image-preview":"max-image-preview:large","max-video-preview":"max-video-preview:-1"},"canonical":"https:\/\/www.italyfamilyhotels.it\/de\/family-hotels\/color-mokambo-shore-hotel","og_locale":"de_DE","og_type":"article","og_title":"Superior 3-Sterne - Color Mokambo Shore Hotel, Cesenatico","og_description":"Lust auf einen Urlaub mit Ihrer Familie? Mehr \u00fcber die Familienangebote des Color Mokambo Shore Hotels in Cesenatico","og_url":"https:\/\/www.italyfamilyhotels.it\/de\/family-hotels\/color-mokambo-shore-hotel","og_site_name":"Italy Family Hotels","article_publisher":"https:\/\/www.facebook.com\/ItalyFamilyHotels\/","article_modified_time":"2024-08-05T09:19:48+00:00","twitter_card":"summary_large_image","twitter_misc":{"Gesch\u00e4tzte Lesezeit":"1\u00a0Minute"},"schema":{"@context":"https:\/\/schema.org","@graph":[{"@type":"WebPage","@id":"https:\/\/www.italyfamilyhotels.it\/de\/family-hotels\/color-mokambo-shore-hotel","url":"https:\/\/www.italyfamilyhotels.it\/de\/family-hotels\/color-mokambo-shore-hotel","name":"Superior 3-Sterne - Color Mokambo Shore Hotel, Cesenatico","isPartOf":{"@id":"https:\/\/www.italyfamilyhotels.it\/#website"},"datePublished":"2023-02-21T09:42:53+00:00","dateModified":"2024-08-05T09:19:48+00:00","description":"Lust auf einen Urlaub mit Ihrer Familie? Mehr \u00fcber die Familienangebote des Color Mokambo Shore Hotels in Cesenatico","breadcrumb":{"@id":"https:\/\/www.italyfamilyhotels.it\/de\/family-hotels\/color-mokambo-shore-hotel#breadcrumb"},"inLanguage":"de","potentialAction":[{"@type":"ReadAction","target":["https:\/\/www.italyfamilyhotels.it\/de\/family-hotels\/color-mokambo-shore-hotel"]}]},{"@type":"BreadcrumbList","@id":"https:\/\/www.italyfamilyhotels.it\/de\/family-hotels\/color-mokambo-shore-hotel#breadcrumb","itemListElement":[{"@type":"ListItem","position":1,"name":"Home","item":"https:\/\/www.italyfamilyhotels.it\/de"},{"@type":"ListItem","position":2,"name":"Family Hotels","item":"https:\/\/www.italyfamilyhotels.it\/de\/family-hotels"},{"@type":"ListItem","position":3,"name":"Color Mokambo Shore Hotel"}]},{"@type":"WebSite","@id":"https:\/\/www.italyfamilyhotels.it\/#website","url":"https:\/\/www.italyfamilyhotels.it\/","name":"Italy Family Hotels","description":"","potentialAction":[{"@type":"SearchAction","target":{"@type":"EntryPoint","urlTemplate":"https:\/\/www.italyfamilyhotels.it\/?s={search_term_string}"},"query-input":{"@type":"PropertyValueSpecification","valueRequired":true,"valueName":"search_term_string"}}],"inLanguage":"de"}]}},"_links":{"self":[{"href":"https:\/\/www.italyfamilyhotels.it\/de\/wp-json\/wp\/v2\/pages\/46580","targetHints":{"allow":["GET"]}}],"collection":[{"href":"https:\/\/www.italyfamilyhotels.it\/de\/wp-json\/wp\/v2\/pages"}],"about":[{"href":"https:\/\/www.italyfamilyhotels.it\/de\/wp-json\/wp\/v2\/types\/page"}],"author":[{"embeddable":true,"href":"https:\/\/www.italyfamilyhotels.it\/de\/wp-json\/wp\/v2\/users\/1"}],"replies":[{"embeddable":true,"href":"https:\/\/www.italyfamilyhotels.it\/de\/wp-json\/wp\/v2\/comments?post=46580"}],"version-history":[{"count":3,"href":"https:\/\/www.italyfamilyhotels.it\/de\/wp-json\/wp\/v2\/pages\/46580\/revisions"}],"predecessor-version":[{"id":60732,"href":"https:\/\/www.italyfamilyhotels.it\/de\/wp-json\/wp\/v2\/pages\/46580\/revisions\/60732"}],"up":[{"embeddable":true,"href":"https:\/\/www.italyfamilyhotels.it\/de\/wp-json\/wp\/v2\/pages\/94"}],"wp:attachment":[{"href":"https:\/\/www.italyfamilyhotels.it\/de\/wp-json\/wp\/v2\/media?parent=46580"}],"curies":[{"name":"wp","href":"https:\/\/api.w.org\/{rel}","templated":true}]}}