{"id":46567,"date":"2023-02-21T08:56:02","date_gmt":"2023-02-21T07:56:02","guid":{"rendered":"https:\/\/www.italyfamilyhotels.it\/family-hotels\/color-ermitage-beach-family-hotel"},"modified":"2023-04-06T13:22:24","modified_gmt":"2023-04-06T11:22:24","slug":"color-ermitage-beach-family-hotel","status":"publish","type":"page","link":"https:\/\/www.italyfamilyhotels.it\/de\/family-hotels\/color-ermitage-beach-family-hotel","title":{"rendered":"Color Ermitage Beach Family Hotel"},"content":{"rendered":"\n<p>Bereiten Sie sich auf einen farbenfrohen, besonders lustigen Familienurlaub vor, von dem Sie schon immer getr\u00e4umt haben! Im <b>Color Ermitage Beach Family Hotel in Bellaria Igea Marina<\/b> erwarten Sie gl\u00fcckliche Tage, die Sie mit Ihren Kindern teilen k\u00f6nnen, ganz nahe dem Meer: Denn unser Hotel liegt<b> direkt am Strand, ohne die Stra\u00dfe \u00fcberqueren zu m\u00fcssen<\/b>&#8230; kurzum, man gelangt zum <b>Sonnenschirm und zu den f\u00fcr Ihre Familie reservierten Sonnenliegen<\/b> mit der Tasse Kaffee in der Hand!<\/p>\n\n\n\n<p>Die Kinder stehen hier im Mittelpunkt einer ihnen gewidmeten <b>Vergn\u00fcgungswelt<\/b>, einer Reihe <b>spielerischer Aktivit\u00e4ten<\/b>, die \u00fcber den ganzen Tag sowohl am Strand als auch im Hotel verteilt sind und sogar <b>ein Mittagessen mit dem Animationsteam<\/b> vorsehen. Ganz zu schweigen von den sehr gut organisierten, sicheren Bereichen: <b>Mini Cocoland<\/b> und<b> Junior Cocoland<\/b>, den farbenfrohen Spielzimmern; dem auf <b>24\u00b0 beheizten Coco Kids Pool<\/b> mit Wasserspielen, in dem die ganz Kleinen ruhig schwimmen k\u00f6nnen sowie den komfortablen, ger\u00e4umigen<b> Familienzimmern<\/b>.<\/p>\n\n\n\n<p>Wir haben nat\u00fcrlich auch an alle M\u00fctter und V\u00e4ter gedacht. W\u00e4hrend wir uns um die Kinder k\u00fcmmern, k\u00f6nnen sich die Erwachsenen am Strand entspannen, Wassergymnastik machen oder am Gruppentanz teilnehmen, unseren <b>18 m gro\u00dfen Pool<\/b> mit entsprechend ausgestatteter <b>Sonnenterrasse <\/b>genie\u00dfen oder sich im Sprudel des <b>Whirlpools<\/b> erholen, wobei immer der <b>Free Bar<\/b> &#8211; Service f\u00fcr einen k\u00fchlen Drink zur Verf\u00fcgung steht: Gezapfte Getr\u00e4nke gibt es rund um die Uhr f\u00fcr Erwachsene und Kinder und von 20.00 bis 24.00 Uhr ist speziell f\u00fcr Erwachsene Cocktail Time.<\/p>\n\n\n\n<p>Hier im Color Ermitage Beach Family ist der<b> Urlaub immer all inclusive<\/b>. Ein ganz besonderes All Inclusive &#8211; Angebot, das <b>Color Food Immersion<\/b>, Animation f\u00fcr alle, <b>inbegriffene Getr\u00e4nke<\/b> von morgens bis abends, den <b>Eintritt in den Wasserpark Atlantica<\/b> von Montag bis Freitag umfasst, sowie die Gewissheit, im Zimmer und im Speisesaal alle <b>Serviceleistungen f\u00fcr Kinder <\/b>vorzufinden, die das Reisen erleichtern. Bei uns sind auch <b>kleine Haustiere willkommen<\/b>. Ihr Color &#8211; Urlaub kann beginnen!<\/p>\n","protected":false},"excerpt":{"rendered":"<p>Bereiten Sie sich auf einen farbenfrohen, besonders lustigen Familienurlaub vor, von dem Sie schon immer getr\u00e4umt haben! Im Color Ermitage Beach Family Hotel in Bellaria Igea Marina erwarten Sie gl\u00fcckliche Tage, die Sie mit Ihren Kindern teilen k\u00f6nnen, ganz nahe dem Meer: Denn unser Hotel liegt direkt am Strand, ohne die Stra\u00dfe \u00fcberqueren zu m\u00fcssen&#8230; &hellip;<\/p>\n","protected":false},"author":1,"featured_media":0,"parent":94,"menu_order":0,"comment_status":"closed","ping_status":"closed","template":"page-templates\/scheda_hotel.php","meta":{"_acf_changed":false,"inline_featured_image":false,"footnotes":""},"class_list":["post-46567","page","type-page","status-publish","hentry"],"acf":[],"yoast_head":"<!-- This site is optimized with the Yoast SEO plugin v27.1 - https:\/\/yoast.com\/product\/yoast-seo-wordpress\/ -->\n<title>4-Sterne - Color Ermitage Beach Family Hotel, Bellaria Igea Marina<\/title>\n<meta name=\"description\" content=\"Lust auf einen Urlaub mit Ihrer Familie? Mehr \u00fcber die Familienangebote des Color Ermitage Beach Family Hotels in Bellaria Igea Marina\" \/>\n<meta name=\"robots\" content=\"index, follow, max-snippet:-1, max-image-preview:large, max-video-preview:-1\" \/>\n<link rel=\"canonical\" href=\"https:\/\/www.italyfamilyhotels.it\/de\/family-hotels\/color-ermitage-beach-family-hotel\" \/>\n<meta property=\"og:locale\" content=\"de_DE\" \/>\n<meta property=\"og:type\" content=\"article\" \/>\n<meta property=\"og:title\" content=\"4-Sterne - Color Ermitage Beach Family Hotel, Bellaria Igea Marina\" \/>\n<meta property=\"og:description\" content=\"Lust auf einen Urlaub mit Ihrer Familie? Mehr \u00fcber die Familienangebote des Color Ermitage Beach Family Hotels in Bellaria Igea Marina\" \/>\n<meta property=\"og:url\" content=\"https:\/\/www.italyfamilyhotels.it\/de\/family-hotels\/color-ermitage-beach-family-hotel\" \/>\n<meta property=\"og:site_name\" content=\"Italy Family Hotels\" \/>\n<meta property=\"article:publisher\" content=\"https:\/\/www.facebook.com\/ItalyFamilyHotels\/\" \/>\n<meta property=\"article:modified_time\" content=\"2023-04-06T11:22:24+00:00\" \/>\n<meta name=\"twitter:card\" content=\"summary_large_image\" \/>\n<meta name=\"twitter:label1\" content=\"Gesch\u00e4tzte Lesezeit\" \/>\n\t<meta name=\"twitter:data1\" content=\"2\u00a0Minuten\" \/>\n<script type=\"application\/ld+json\" class=\"yoast-schema-graph\">{\"@context\":\"https:\/\/schema.org\",\"@graph\":[{\"@type\":\"WebPage\",\"@id\":\"https:\/\/www.italyfamilyhotels.it\/de\/family-hotels\/color-ermitage-beach-family-hotel\",\"url\":\"https:\/\/www.italyfamilyhotels.it\/de\/family-hotels\/color-ermitage-beach-family-hotel\",\"name\":\"4-Sterne - Color Ermitage Beach Family Hotel, Bellaria Igea Marina\",\"isPartOf\":{\"@id\":\"https:\/\/www.italyfamilyhotels.it\/#website\"},\"datePublished\":\"2023-02-21T07:56:02+00:00\",\"dateModified\":\"2023-04-06T11:22:24+00:00\",\"description\":\"Lust auf einen Urlaub mit Ihrer Familie? Mehr \u00fcber die Familienangebote des Color Ermitage Beach Family Hotels in Bellaria Igea Marina\",\"breadcrumb\":{\"@id\":\"https:\/\/www.italyfamilyhotels.it\/de\/family-hotels\/color-ermitage-beach-family-hotel#breadcrumb\"},\"inLanguage\":\"de\",\"potentialAction\":[{\"@type\":\"ReadAction\",\"target\":[\"https:\/\/www.italyfamilyhotels.it\/de\/family-hotels\/color-ermitage-beach-family-hotel\"]}]},{\"@type\":\"BreadcrumbList\",\"@id\":\"https:\/\/www.italyfamilyhotels.it\/de\/family-hotels\/color-ermitage-beach-family-hotel#breadcrumb\",\"itemListElement\":[{\"@type\":\"ListItem\",\"position\":1,\"name\":\"Home\",\"item\":\"https:\/\/www.italyfamilyhotels.it\/de\"},{\"@type\":\"ListItem\",\"position\":2,\"name\":\"Family Hotels\",\"item\":\"https:\/\/www.italyfamilyhotels.it\/de\/family-hotels\"},{\"@type\":\"ListItem\",\"position\":3,\"name\":\"Color Ermitage Beach Family Hotel\"}]},{\"@type\":\"WebSite\",\"@id\":\"https:\/\/www.italyfamilyhotels.it\/#website\",\"url\":\"https:\/\/www.italyfamilyhotels.it\/\",\"name\":\"Italy Family Hotels\",\"description\":\"\",\"potentialAction\":[{\"@type\":\"SearchAction\",\"target\":{\"@type\":\"EntryPoint\",\"urlTemplate\":\"https:\/\/www.italyfamilyhotels.it\/?s={search_term_string}\"},\"query-input\":{\"@type\":\"PropertyValueSpecification\",\"valueRequired\":true,\"valueName\":\"search_term_string\"}}],\"inLanguage\":\"de\"}]}<\/script>\n<!-- \/ Yoast SEO plugin. -->","yoast_head_json":{"title":"4-Sterne - Color Ermitage Beach Family Hotel, Bellaria Igea Marina","description":"Lust auf einen Urlaub mit Ihrer Familie? Mehr \u00fcber die Familienangebote des Color Ermitage Beach Family Hotels in Bellaria Igea Marina","robots":{"index":"index","follow":"follow","max-snippet":"max-snippet:-1","max-image-preview":"max-image-preview:large","max-video-preview":"max-video-preview:-1"},"canonical":"https:\/\/www.italyfamilyhotels.it\/de\/family-hotels\/color-ermitage-beach-family-hotel","og_locale":"de_DE","og_type":"article","og_title":"4-Sterne - Color Ermitage Beach Family Hotel, Bellaria Igea Marina","og_description":"Lust auf einen Urlaub mit Ihrer Familie? Mehr \u00fcber die Familienangebote des Color Ermitage Beach Family Hotels in Bellaria Igea Marina","og_url":"https:\/\/www.italyfamilyhotels.it\/de\/family-hotels\/color-ermitage-beach-family-hotel","og_site_name":"Italy Family Hotels","article_publisher":"https:\/\/www.facebook.com\/ItalyFamilyHotels\/","article_modified_time":"2023-04-06T11:22:24+00:00","twitter_card":"summary_large_image","twitter_misc":{"Gesch\u00e4tzte Lesezeit":"2\u00a0Minuten"},"schema":{"@context":"https:\/\/schema.org","@graph":[{"@type":"WebPage","@id":"https:\/\/www.italyfamilyhotels.it\/de\/family-hotels\/color-ermitage-beach-family-hotel","url":"https:\/\/www.italyfamilyhotels.it\/de\/family-hotels\/color-ermitage-beach-family-hotel","name":"4-Sterne - Color Ermitage Beach Family Hotel, Bellaria Igea Marina","isPartOf":{"@id":"https:\/\/www.italyfamilyhotels.it\/#website"},"datePublished":"2023-02-21T07:56:02+00:00","dateModified":"2023-04-06T11:22:24+00:00","description":"Lust auf einen Urlaub mit Ihrer Familie? Mehr \u00fcber die Familienangebote des Color Ermitage Beach Family Hotels in Bellaria Igea Marina","breadcrumb":{"@id":"https:\/\/www.italyfamilyhotels.it\/de\/family-hotels\/color-ermitage-beach-family-hotel#breadcrumb"},"inLanguage":"de","potentialAction":[{"@type":"ReadAction","target":["https:\/\/www.italyfamilyhotels.it\/de\/family-hotels\/color-ermitage-beach-family-hotel"]}]},{"@type":"BreadcrumbList","@id":"https:\/\/www.italyfamilyhotels.it\/de\/family-hotels\/color-ermitage-beach-family-hotel#breadcrumb","itemListElement":[{"@type":"ListItem","position":1,"name":"Home","item":"https:\/\/www.italyfamilyhotels.it\/de"},{"@type":"ListItem","position":2,"name":"Family Hotels","item":"https:\/\/www.italyfamilyhotels.it\/de\/family-hotels"},{"@type":"ListItem","position":3,"name":"Color Ermitage Beach Family Hotel"}]},{"@type":"WebSite","@id":"https:\/\/www.italyfamilyhotels.it\/#website","url":"https:\/\/www.italyfamilyhotels.it\/","name":"Italy Family Hotels","description":"","potentialAction":[{"@type":"SearchAction","target":{"@type":"EntryPoint","urlTemplate":"https:\/\/www.italyfamilyhotels.it\/?s={search_term_string}"},"query-input":{"@type":"PropertyValueSpecification","valueRequired":true,"valueName":"search_term_string"}}],"inLanguage":"de"}]}},"_links":{"self":[{"href":"https:\/\/www.italyfamilyhotels.it\/de\/wp-json\/wp\/v2\/pages\/46567","targetHints":{"allow":["GET"]}}],"collection":[{"href":"https:\/\/www.italyfamilyhotels.it\/de\/wp-json\/wp\/v2\/pages"}],"about":[{"href":"https:\/\/www.italyfamilyhotels.it\/de\/wp-json\/wp\/v2\/types\/page"}],"author":[{"embeddable":true,"href":"https:\/\/www.italyfamilyhotels.it\/de\/wp-json\/wp\/v2\/users\/1"}],"replies":[{"embeddable":true,"href":"https:\/\/www.italyfamilyhotels.it\/de\/wp-json\/wp\/v2\/comments?post=46567"}],"version-history":[{"count":2,"href":"https:\/\/www.italyfamilyhotels.it\/de\/wp-json\/wp\/v2\/pages\/46567\/revisions"}],"predecessor-version":[{"id":48759,"href":"https:\/\/www.italyfamilyhotels.it\/de\/wp-json\/wp\/v2\/pages\/46567\/revisions\/48759"}],"up":[{"embeddable":true,"href":"https:\/\/www.italyfamilyhotels.it\/de\/wp-json\/wp\/v2\/pages\/94"}],"wp:attachment":[{"href":"https:\/\/www.italyfamilyhotels.it\/de\/wp-json\/wp\/v2\/media?parent=46567"}],"curies":[{"name":"wp","href":"https:\/\/api.w.org\/{rel}","templated":true}]}}