{"id":4632,"date":"2022-03-14T12:38:23","date_gmt":"2022-03-14T11:38:23","guid":{"rendered":"https:\/\/www.italyfamilyhotels.it\/family-hotels\/hotel-huber"},"modified":"2025-04-14T13:14:26","modified_gmt":"2025-04-14T11:14:26","slug":"hotel-huber-valles","status":"publish","type":"page","link":"https:\/\/www.italyfamilyhotels.it\/de\/family-hotels\/hotel-huber-valles","title":{"rendered":"Hotel Huber"},"content":{"rendered":"\n<p><i>&quot;Zeit f\u00fcr mich, Zeit f\u00fcr Dich&#8230; Zeit f\u00fcr uns!&quot; <\/i>ist das Motto im <b>Familien-Hotel Huber in Vals <\/b>in S\u00fcdtirol.<\/p>\n\n\n\n<p>Kinder wollen <b>was erleben<\/b> \u2013 wir haben ein <b>Animationsprogramm von \u00fcber 70 Stunden in der Woche.<\/b> Den Eltern bleibt Zeit, sich in unserem <b>Wellness-Center <\/b>zu entspannen, durch die herrliche Landschaft zu wandern oder Ski zu fahren. Die <b>Piste <\/b>liegt <b>direkt am Hotel, <\/b>qualifizierte Skilehrer betreuen die Kinder. Im Sommer warten f\u00fcr alle geeignete Wanderwege auf Euch.<\/p>\n\n\n\n<p><\/p>\n\n\n\n<p>Liebevolle <b>Babysitter <\/b>k\u00fcmmern sich um <b>Kleinkinder bis 30 Monate.<\/b><\/p>\n\n\n\n<p>Die Animateur*innen des <b>Happy Clubs <\/b>organisieren f\u00fcr <b>Kinder ab 3 Jahren<\/b> Spiele und Erlebnisse im Hotel, im Garten \u2013 mit Streichelzoo \u2013 und in unserem <b>Kinder-Bauernhof.<\/b> Unsere mit<b> 7 bis 12 Jahren <\/b>schon etwas gr\u00f6\u00dferen G\u00e4ste unternehmen gef\u00fchrte Ausfl\u00fcge, Multimedia-Spielturniere oder h\u00f6ren Musik und plaudern in der<b> Chill Out Lounge<\/b>. In unserer <b>500 m\u00b2 gro\u00dfen internen Spielzone<\/b> ist f\u00fcr alle und alles Platz!<\/p>\n\n\n\n<p>Und auch in unserer <b>Badezone<\/b>:<\/p>\n\n\n\n<p>das lichtdurchflutete<b> Hallenbad<\/b> steht mit dem <b>Infinity-Au\u00dfenpool <\/b>in Verbindung, beide sind 32\u00b0 C warm, das separate <b>Kinderplanschbecken<\/b> mit lustigen Spritztieren sogar 34 \u00b0 C.<\/p>\n\n\n\n<p>Die gro\u00dfe Attraktion ist die <b>45 m lange R\u00f6hrenrutschbahn! <\/b>Zeit f\u00fcr Dich auch mit <b>Wellness-Erlebnissen<\/b>: <b>Familien-Sauna <\/b>f\u00fcr alle, <b>Finnische Sauna, T\u00fcrkisches Bad und Bio-Kr\u00e4utersauna <\/b>f\u00fcr Erwachsene<\/p>\n\n\n\n<p>Wir m\u00f6chten unser gro\u00dfen und kleinen G\u00e4ste auch in geschmacklicher Hinsicht \u00fcberzeugen, mit <b>hochfeiner, kreativ interpretierter S\u00fcdtiroler K\u00fcche<\/b> und <b>mediterranen Gerichten<\/b>, f\u00fcr die wir bevorzugt<b> lokale Produkte<\/b> verwenden. Die Bewirtungsformel<b> All Inclusive alkoholfrei <\/b>beinhaltet Fr\u00fchst\u00fcck; kleines Mittagsbuffet; Kaffee und Kuchen am Nachmittag; 5-G\u00e4nge-Abendessen; jederzeit alkoholfreie Getr\u00e4nke; Kaffee, Tee, Schokolade bis 17:00 Uhr; Buffet-Ecke mit Breikost und Bio-Babynahrung von Hipp.<\/p>\n\n\n\n<p>Und zum Schlafen haben wir <b>Zimmer und Suiten,<\/b> deren Gr\u00f6\u00dfe und Einrichtung, einschlie\u00dflich Baby-Ausr\u00fcstung, <b>Familien gl\u00fccklich machen.<\/b><\/p>\n","protected":false},"excerpt":{"rendered":"<p>&quot;Zeit f\u00fcr mich, Zeit f\u00fcr Dich&#8230; Zeit f\u00fcr uns!&quot; ist das Motto im Familien-Hotel Huber in Vals in S\u00fcdtirol. Kinder wollen was erleben \u2013 wir haben ein Animationsprogramm von \u00fcber 70 Stunden in der Woche. Den Eltern bleibt Zeit, sich in unserem Wellness-Center zu entspannen, durch die herrliche Landschaft zu wandern oder Ski zu fahren. &hellip;<\/p>\n","protected":false},"author":1,"featured_media":0,"parent":94,"menu_order":0,"comment_status":"closed","ping_status":"closed","template":"page-templates\/scheda_hotel.php","meta":{"_acf_changed":false,"inline_featured_image":false,"footnotes":""},"class_list":["post-4632","page","type-page","status-publish","hentry"],"acf":[],"yoast_head":"<!-- This site is optimized with the Yoast SEO plugin v27.1 - https:\/\/yoast.com\/product\/yoast-seo-wordpress\/ -->\n<title>4-Sterne-Hotel Huber, Vals<\/title>\n<meta name=\"description\" content=\"Lust auf Urlaub mit Deiner Familie? Sieh Dir die Familien-Angebote des Hotel Huber in Vals an!\" \/>\n<meta name=\"robots\" content=\"index, follow, max-snippet:-1, max-image-preview:large, max-video-preview:-1\" \/>\n<link rel=\"canonical\" href=\"https:\/\/www.italyfamilyhotels.it\/de\/family-hotels\/hotel-huber-valles\" \/>\n<meta property=\"og:locale\" content=\"de_DE\" \/>\n<meta property=\"og:type\" content=\"article\" \/>\n<meta property=\"og:title\" content=\"4-Sterne-Hotel Huber, Vals\" \/>\n<meta property=\"og:description\" content=\"Lust auf Urlaub mit Deiner Familie? Sieh Dir die Familien-Angebote des Hotel Huber in Vals an!\" \/>\n<meta property=\"og:url\" content=\"https:\/\/www.italyfamilyhotels.it\/de\/family-hotels\/hotel-huber-valles\" \/>\n<meta property=\"og:site_name\" content=\"Italy Family Hotels\" \/>\n<meta property=\"article:publisher\" content=\"https:\/\/www.facebook.com\/ItalyFamilyHotels\/\" \/>\n<meta property=\"article:modified_time\" content=\"2025-04-14T11:14:26+00:00\" \/>\n<meta name=\"twitter:card\" content=\"summary_large_image\" \/>\n<script type=\"application\/ld+json\" class=\"yoast-schema-graph\">{\"@context\":\"https:\/\/schema.org\",\"@graph\":[{\"@type\":\"WebPage\",\"@id\":\"https:\/\/www.italyfamilyhotels.it\/de\/family-hotels\/hotel-huber-valles\",\"url\":\"https:\/\/www.italyfamilyhotels.it\/de\/family-hotels\/hotel-huber-valles\",\"name\":\"4-Sterne-Hotel Huber, Vals\",\"isPartOf\":{\"@id\":\"https:\/\/www.italyfamilyhotels.it\/#website\"},\"datePublished\":\"2022-03-14T11:38:23+00:00\",\"dateModified\":\"2025-04-14T11:14:26+00:00\",\"description\":\"Lust auf Urlaub mit Deiner Familie? Sieh Dir die Familien-Angebote des Hotel Huber in Vals an!\",\"breadcrumb\":{\"@id\":\"https:\/\/www.italyfamilyhotels.it\/de\/family-hotels\/hotel-huber-valles#breadcrumb\"},\"inLanguage\":\"de\",\"potentialAction\":[{\"@type\":\"ReadAction\",\"target\":[\"https:\/\/www.italyfamilyhotels.it\/de\/family-hotels\/hotel-huber-valles\"]}]},{\"@type\":\"BreadcrumbList\",\"@id\":\"https:\/\/www.italyfamilyhotels.it\/de\/family-hotels\/hotel-huber-valles#breadcrumb\",\"itemListElement\":[{\"@type\":\"ListItem\",\"position\":1,\"name\":\"Home\",\"item\":\"https:\/\/www.italyfamilyhotels.it\/de\"},{\"@type\":\"ListItem\",\"position\":2,\"name\":\"Family Hotels\",\"item\":\"https:\/\/www.italyfamilyhotels.it\/de\/family-hotels\"},{\"@type\":\"ListItem\",\"position\":3,\"name\":\"Hotel Huber\"}]},{\"@type\":\"WebSite\",\"@id\":\"https:\/\/www.italyfamilyhotels.it\/#website\",\"url\":\"https:\/\/www.italyfamilyhotels.it\/\",\"name\":\"Italy Family Hotels\",\"description\":\"\",\"potentialAction\":[{\"@type\":\"SearchAction\",\"target\":{\"@type\":\"EntryPoint\",\"urlTemplate\":\"https:\/\/www.italyfamilyhotels.it\/?s={search_term_string}\"},\"query-input\":{\"@type\":\"PropertyValueSpecification\",\"valueRequired\":true,\"valueName\":\"search_term_string\"}}],\"inLanguage\":\"de\"}]}<\/script>\n<!-- \/ Yoast SEO plugin. -->","yoast_head_json":{"title":"4-Sterne-Hotel Huber, Vals","description":"Lust auf Urlaub mit Deiner Familie? Sieh Dir die Familien-Angebote des Hotel Huber in Vals an!","robots":{"index":"index","follow":"follow","max-snippet":"max-snippet:-1","max-image-preview":"max-image-preview:large","max-video-preview":"max-video-preview:-1"},"canonical":"https:\/\/www.italyfamilyhotels.it\/de\/family-hotels\/hotel-huber-valles","og_locale":"de_DE","og_type":"article","og_title":"4-Sterne-Hotel Huber, Vals","og_description":"Lust auf Urlaub mit Deiner Familie? Sieh Dir die Familien-Angebote des Hotel Huber in Vals an!","og_url":"https:\/\/www.italyfamilyhotels.it\/de\/family-hotels\/hotel-huber-valles","og_site_name":"Italy Family Hotels","article_publisher":"https:\/\/www.facebook.com\/ItalyFamilyHotels\/","article_modified_time":"2025-04-14T11:14:26+00:00","twitter_card":"summary_large_image","schema":{"@context":"https:\/\/schema.org","@graph":[{"@type":"WebPage","@id":"https:\/\/www.italyfamilyhotels.it\/de\/family-hotels\/hotel-huber-valles","url":"https:\/\/www.italyfamilyhotels.it\/de\/family-hotels\/hotel-huber-valles","name":"4-Sterne-Hotel Huber, Vals","isPartOf":{"@id":"https:\/\/www.italyfamilyhotels.it\/#website"},"datePublished":"2022-03-14T11:38:23+00:00","dateModified":"2025-04-14T11:14:26+00:00","description":"Lust auf Urlaub mit Deiner Familie? Sieh Dir die Familien-Angebote des Hotel Huber in Vals an!","breadcrumb":{"@id":"https:\/\/www.italyfamilyhotels.it\/de\/family-hotels\/hotel-huber-valles#breadcrumb"},"inLanguage":"de","potentialAction":[{"@type":"ReadAction","target":["https:\/\/www.italyfamilyhotels.it\/de\/family-hotels\/hotel-huber-valles"]}]},{"@type":"BreadcrumbList","@id":"https:\/\/www.italyfamilyhotels.it\/de\/family-hotels\/hotel-huber-valles#breadcrumb","itemListElement":[{"@type":"ListItem","position":1,"name":"Home","item":"https:\/\/www.italyfamilyhotels.it\/de"},{"@type":"ListItem","position":2,"name":"Family Hotels","item":"https:\/\/www.italyfamilyhotels.it\/de\/family-hotels"},{"@type":"ListItem","position":3,"name":"Hotel Huber"}]},{"@type":"WebSite","@id":"https:\/\/www.italyfamilyhotels.it\/#website","url":"https:\/\/www.italyfamilyhotels.it\/","name":"Italy Family Hotels","description":"","potentialAction":[{"@type":"SearchAction","target":{"@type":"EntryPoint","urlTemplate":"https:\/\/www.italyfamilyhotels.it\/?s={search_term_string}"},"query-input":{"@type":"PropertyValueSpecification","valueRequired":true,"valueName":"search_term_string"}}],"inLanguage":"de"}]}},"_links":{"self":[{"href":"https:\/\/www.italyfamilyhotels.it\/de\/wp-json\/wp\/v2\/pages\/4632","targetHints":{"allow":["GET"]}}],"collection":[{"href":"https:\/\/www.italyfamilyhotels.it\/de\/wp-json\/wp\/v2\/pages"}],"about":[{"href":"https:\/\/www.italyfamilyhotels.it\/de\/wp-json\/wp\/v2\/types\/page"}],"author":[{"embeddable":true,"href":"https:\/\/www.italyfamilyhotels.it\/de\/wp-json\/wp\/v2\/users\/1"}],"replies":[{"embeddable":true,"href":"https:\/\/www.italyfamilyhotels.it\/de\/wp-json\/wp\/v2\/comments?post=4632"}],"version-history":[{"count":5,"href":"https:\/\/www.italyfamilyhotels.it\/de\/wp-json\/wp\/v2\/pages\/4632\/revisions"}],"predecessor-version":[{"id":68753,"href":"https:\/\/www.italyfamilyhotels.it\/de\/wp-json\/wp\/v2\/pages\/4632\/revisions\/68753"}],"up":[{"embeddable":true,"href":"https:\/\/www.italyfamilyhotels.it\/de\/wp-json\/wp\/v2\/pages\/94"}],"wp:attachment":[{"href":"https:\/\/www.italyfamilyhotels.it\/de\/wp-json\/wp\/v2\/media?parent=4632"}],"curies":[{"name":"wp","href":"https:\/\/api.w.org\/{rel}","templated":true}]}}