{"id":4627,"date":"2022-03-14T12:38:22","date_gmt":"2022-03-14T11:38:22","guid":{"rendered":"https:\/\/www.italyfamilyhotels.it\/family-hotels\/club-family-hotel-best-family"},"modified":"2023-02-07T16:47:24","modified_gmt":"2023-02-07T15:47:24","slug":"club-family-hotel-best-family-riccione","status":"publish","type":"page","link":"https:\/\/www.italyfamilyhotels.it\/de\/family-hotels\/club-family-hotel-best-family-riccione","title":{"rendered":"Club Family Hotel Best Family"},"content":{"rendered":"\n<p>Im <b>Club Family Hotel Best Family <\/b>in<b> Riccione <\/b>ist immer Zeit zum Spielen!<\/p>\n\n\n\n<p>Gro\u00dfe und kleine Urlauber k\u00f6nnen sich auf viel Spa\u00df und ansteckende gute Laune freuen.<\/p>\n\n\n\n<p>Daf\u00fcr, dass alle Kinder spielen, Neues kennenlernen und Freundschaften schlie\u00dfen k\u00f6nnen, sorgt t\u00e4glich unser professionelles <b>Animationsteam <\/b>mit einem <b>13-st\u00fcndigem Programm am Strand und im Hotel.<\/b><\/p>\n\n\n\n<p><\/p>\n\n\n\n<p>Mama und Papa k\u00f6nnen ausspannen und  ihren verdienten Urlaub unbeschwert  genie\u00dfen: am <b>wenige Schritte entfernten<\/b> <b>Strand<\/b> mit reserviertem Sonnenschirm und Liegen;  im exklusiven <b>Panorama-Schwimmbad <\/b>auf dem Hoteldach mit Unterwassermassage, Kaskade und komfortabler Sonnenterrasse; auf dem nahen ber\u00fchmten Boulevard Viale Ceccarini mit Shopping-Gelegenheiten und st\u00e4dtischem Flair.<\/p>\n\n\n\n<p><\/p>\n\n\n\n<p><b>Unser Schwimmbad ist beheizt<\/b> und hat eine <b>flache Zone f\u00fcr Kinder;<\/b> ein immer anwesender Rettungsdienst gew\u00e4hrleistet Sicherheit. Die Kinder haben viel Platz zum Spielen im Freien und eine &#8220;<b>Play Sport Arena&#8221; <\/b>f\u00fcr Fu\u00dfball und Basketball zur Verf\u00fcgung.<\/p>\n\n\n\n<p>Unsere spezielle Bewirtungsformel <b>Top Quality All Inclusive\u00ae <\/b>beinhaltet alle Leistungen  und <b>Open Bar H24<\/b> \u2013 jederzeit alkoholfreie Getr\u00e4nke f\u00fcr alle Familienmitglieder am Strand, im Schwimmbad und im Hotel &#8211;  auch nat\u00fcrliche Fruchts\u00e4fte, Aloe-Vera-Saft, Kaffeegetr\u00e4nke, Softeis und Granita.<\/p>\n\n\n\n<p>Die  Mahlzeiten bei uns, vom Fr\u00fchst\u00fcck bis zum Gute-Nacht-Buffet, sind echte Urlaubserlebnisse. Beim Mittag- und Abendessen k\u00f6nnt Ihr dank <b>Front-Cooking<\/b> den K\u00f6chen zugucken. Es gibt ein <b>Extra-Buffet mit leckeren Kindergerichten <\/b>und eine immer ge\u00f6ffnete Babyk\u00fcche, in der Ihr Br\u00fchen, P\u00fcrees und kleine Nudeln findet.<\/p>\n\n\n\n<p>Unsere Familienzimmer sind ger\u00e4umig, bis ins Detail gepflegt, behaglich und kindgerecht eingerichtet. Mit unserem <b>Baby Kit <\/b>stellen wir Kinderbettchen, Nachtlichter, Badew\u00e4nnchen und WC-Aufsatz zur Verf\u00fcgung.<\/p>\n\n\n\n<p>Wei\u00dft du was? Den ganzen Sommer \u00fcber, <strong>bei einem Mindestaufenthalt von 6 N\u00e4chten, erh\u00e4lt Ihre ganze Familie Freier Eintritt f\u00fcr Mirabilandia<\/strong>, den besten Freizeitpark der Romagna!<\/p>\n","protected":false},"excerpt":{"rendered":"<p>Im Club Family Hotel Best Family in Riccione ist immer Zeit zum Spielen! Gro\u00dfe und kleine Urlauber k\u00f6nnen sich auf viel Spa\u00df und ansteckende gute Laune freuen. Daf\u00fcr, dass alle Kinder spielen, Neues kennenlernen und Freundschaften schlie\u00dfen k\u00f6nnen, sorgt t\u00e4glich unser professionelles Animationsteam mit einem 13-st\u00fcndigem Programm am Strand und im Hotel. Mama und Papa &hellip;<\/p>\n","protected":false},"author":547,"featured_media":0,"parent":94,"menu_order":0,"comment_status":"closed","ping_status":"closed","template":"page-templates\/scheda_hotel.php","meta":{"_acf_changed":false,"inline_featured_image":false,"footnotes":""},"class_list":["post-4627","page","type-page","status-publish","hentry"],"acf":[],"yoast_head":"<!-- This site is optimized with the Yoast SEO plugin v27.1 - https:\/\/yoast.com\/product\/yoast-seo-wordpress\/ -->\n<title>Club Family Hotel Best Family - Italy Family Hotels<\/title>\n<meta name=\"robots\" content=\"index, follow, max-snippet:-1, max-image-preview:large, max-video-preview:-1\" \/>\n<link rel=\"canonical\" href=\"https:\/\/www.italyfamilyhotels.it\/de\/family-hotels\/club-family-hotel-best-family-riccione\" \/>\n<meta property=\"og:locale\" content=\"de_DE\" \/>\n<meta property=\"og:type\" content=\"article\" \/>\n<meta property=\"og:title\" content=\"Club Family Hotel Best Family - Italy Family Hotels\" \/>\n<meta property=\"og:description\" content=\"Im Club Family Hotel Best Family in Riccione ist immer Zeit zum Spielen! Gro\u00dfe und kleine Urlauber k\u00f6nnen sich auf viel Spa\u00df und ansteckende gute Laune freuen. Daf\u00fcr, dass alle Kinder spielen, Neues kennenlernen und Freundschaften schlie\u00dfen k\u00f6nnen, sorgt t\u00e4glich unser professionelles Animationsteam mit einem 13-st\u00fcndigem Programm am Strand und im Hotel. Mama und Papa &hellip;\" \/>\n<meta property=\"og:url\" content=\"https:\/\/www.italyfamilyhotels.it\/de\/family-hotels\/club-family-hotel-best-family-riccione\" \/>\n<meta property=\"og:site_name\" content=\"Italy Family Hotels\" \/>\n<meta property=\"article:publisher\" content=\"https:\/\/www.facebook.com\/ItalyFamilyHotels\/\" \/>\n<meta property=\"article:modified_time\" content=\"2023-02-07T15:47:24+00:00\" \/>\n<meta name=\"twitter:card\" content=\"summary_large_image\" \/>\n<meta name=\"twitter:label1\" content=\"Gesch\u00e4tzte Lesezeit\" \/>\n\t<meta name=\"twitter:data1\" content=\"2\u00a0Minuten\" \/>\n<script type=\"application\/ld+json\" class=\"yoast-schema-graph\">{\"@context\":\"https:\/\/schema.org\",\"@graph\":[{\"@type\":\"WebPage\",\"@id\":\"https:\/\/www.italyfamilyhotels.it\/de\/family-hotels\/club-family-hotel-best-family-riccione\",\"url\":\"https:\/\/www.italyfamilyhotels.it\/de\/family-hotels\/club-family-hotel-best-family-riccione\",\"name\":\"Club Family Hotel Best Family - Italy Family Hotels\",\"isPartOf\":{\"@id\":\"https:\/\/www.italyfamilyhotels.it\/#website\"},\"datePublished\":\"2022-03-14T11:38:22+00:00\",\"dateModified\":\"2023-02-07T15:47:24+00:00\",\"breadcrumb\":{\"@id\":\"https:\/\/www.italyfamilyhotels.it\/de\/family-hotels\/club-family-hotel-best-family-riccione#breadcrumb\"},\"inLanguage\":\"de\",\"potentialAction\":[{\"@type\":\"ReadAction\",\"target\":[\"https:\/\/www.italyfamilyhotels.it\/de\/family-hotels\/club-family-hotel-best-family-riccione\"]}]},{\"@type\":\"BreadcrumbList\",\"@id\":\"https:\/\/www.italyfamilyhotels.it\/de\/family-hotels\/club-family-hotel-best-family-riccione#breadcrumb\",\"itemListElement\":[{\"@type\":\"ListItem\",\"position\":1,\"name\":\"Home\",\"item\":\"https:\/\/www.italyfamilyhotels.it\/de\"},{\"@type\":\"ListItem\",\"position\":2,\"name\":\"Family Hotels\",\"item\":\"https:\/\/www.italyfamilyhotels.it\/de\/family-hotels\"},{\"@type\":\"ListItem\",\"position\":3,\"name\":\"Club Family Hotel Best Family\"}]},{\"@type\":\"WebSite\",\"@id\":\"https:\/\/www.italyfamilyhotels.it\/#website\",\"url\":\"https:\/\/www.italyfamilyhotels.it\/\",\"name\":\"Italy Family Hotels\",\"description\":\"\",\"potentialAction\":[{\"@type\":\"SearchAction\",\"target\":{\"@type\":\"EntryPoint\",\"urlTemplate\":\"https:\/\/www.italyfamilyhotels.it\/?s={search_term_string}\"},\"query-input\":{\"@type\":\"PropertyValueSpecification\",\"valueRequired\":true,\"valueName\":\"search_term_string\"}}],\"inLanguage\":\"de\"}]}<\/script>\n<!-- \/ Yoast SEO plugin. -->","yoast_head_json":{"title":"Club Family Hotel Best Family - Italy Family Hotels","robots":{"index":"index","follow":"follow","max-snippet":"max-snippet:-1","max-image-preview":"max-image-preview:large","max-video-preview":"max-video-preview:-1"},"canonical":"https:\/\/www.italyfamilyhotels.it\/de\/family-hotels\/club-family-hotel-best-family-riccione","og_locale":"de_DE","og_type":"article","og_title":"Club Family Hotel Best Family - Italy Family Hotels","og_description":"Im Club Family Hotel Best Family in Riccione ist immer Zeit zum Spielen! Gro\u00dfe und kleine Urlauber k\u00f6nnen sich auf viel Spa\u00df und ansteckende gute Laune freuen. Daf\u00fcr, dass alle Kinder spielen, Neues kennenlernen und Freundschaften schlie\u00dfen k\u00f6nnen, sorgt t\u00e4glich unser professionelles Animationsteam mit einem 13-st\u00fcndigem Programm am Strand und im Hotel. Mama und Papa &hellip;","og_url":"https:\/\/www.italyfamilyhotels.it\/de\/family-hotels\/club-family-hotel-best-family-riccione","og_site_name":"Italy Family Hotels","article_publisher":"https:\/\/www.facebook.com\/ItalyFamilyHotels\/","article_modified_time":"2023-02-07T15:47:24+00:00","twitter_card":"summary_large_image","twitter_misc":{"Gesch\u00e4tzte Lesezeit":"2\u00a0Minuten"},"schema":{"@context":"https:\/\/schema.org","@graph":[{"@type":"WebPage","@id":"https:\/\/www.italyfamilyhotels.it\/de\/family-hotels\/club-family-hotel-best-family-riccione","url":"https:\/\/www.italyfamilyhotels.it\/de\/family-hotels\/club-family-hotel-best-family-riccione","name":"Club Family Hotel Best Family - Italy Family Hotels","isPartOf":{"@id":"https:\/\/www.italyfamilyhotels.it\/#website"},"datePublished":"2022-03-14T11:38:22+00:00","dateModified":"2023-02-07T15:47:24+00:00","breadcrumb":{"@id":"https:\/\/www.italyfamilyhotels.it\/de\/family-hotels\/club-family-hotel-best-family-riccione#breadcrumb"},"inLanguage":"de","potentialAction":[{"@type":"ReadAction","target":["https:\/\/www.italyfamilyhotels.it\/de\/family-hotels\/club-family-hotel-best-family-riccione"]}]},{"@type":"BreadcrumbList","@id":"https:\/\/www.italyfamilyhotels.it\/de\/family-hotels\/club-family-hotel-best-family-riccione#breadcrumb","itemListElement":[{"@type":"ListItem","position":1,"name":"Home","item":"https:\/\/www.italyfamilyhotels.it\/de"},{"@type":"ListItem","position":2,"name":"Family Hotels","item":"https:\/\/www.italyfamilyhotels.it\/de\/family-hotels"},{"@type":"ListItem","position":3,"name":"Club Family Hotel Best Family"}]},{"@type":"WebSite","@id":"https:\/\/www.italyfamilyhotels.it\/#website","url":"https:\/\/www.italyfamilyhotels.it\/","name":"Italy Family Hotels","description":"","potentialAction":[{"@type":"SearchAction","target":{"@type":"EntryPoint","urlTemplate":"https:\/\/www.italyfamilyhotels.it\/?s={search_term_string}"},"query-input":{"@type":"PropertyValueSpecification","valueRequired":true,"valueName":"search_term_string"}}],"inLanguage":"de"}]}},"_links":{"self":[{"href":"https:\/\/www.italyfamilyhotels.it\/de\/wp-json\/wp\/v2\/pages\/4627","targetHints":{"allow":["GET"]}}],"collection":[{"href":"https:\/\/www.italyfamilyhotels.it\/de\/wp-json\/wp\/v2\/pages"}],"about":[{"href":"https:\/\/www.italyfamilyhotels.it\/de\/wp-json\/wp\/v2\/types\/page"}],"author":[{"embeddable":true,"href":"https:\/\/www.italyfamilyhotels.it\/de\/wp-json\/wp\/v2\/users\/547"}],"replies":[{"embeddable":true,"href":"https:\/\/www.italyfamilyhotels.it\/de\/wp-json\/wp\/v2\/comments?post=4627"}],"version-history":[{"count":3,"href":"https:\/\/www.italyfamilyhotels.it\/de\/wp-json\/wp\/v2\/pages\/4627\/revisions"}],"predecessor-version":[{"id":45730,"href":"https:\/\/www.italyfamilyhotels.it\/de\/wp-json\/wp\/v2\/pages\/4627\/revisions\/45730"}],"up":[{"embeddable":true,"href":"https:\/\/www.italyfamilyhotels.it\/de\/wp-json\/wp\/v2\/pages\/94"}],"wp:attachment":[{"href":"https:\/\/www.italyfamilyhotels.it\/de\/wp-json\/wp\/v2\/media?parent=4627"}],"curies":[{"name":"wp","href":"https:\/\/api.w.org\/{rel}","templated":true}]}}