{"id":4612,"date":"2022-03-14T12:38:20","date_gmt":"2022-03-14T11:38:20","guid":{"rendered":"https:\/\/www.italyfamilyhotels.it\/family-hotels\/club-family-hotel-michelangelo"},"modified":"2023-02-07T16:48:52","modified_gmt":"2023-02-07T15:48:52","slug":"club-family-hotel-michelangelo-milano-marittima","status":"publish","type":"page","link":"https:\/\/www.italyfamilyhotels.it\/de\/family-hotels\/club-family-hotel-michelangelo-milano-marittima","title":{"rendered":"Club Family Hotel Michelangelo"},"content":{"rendered":"\n<p>F\u00fcr uns vom <b>Club Family Hotel Michelangelo<\/b> in <b>Milano Marittima <\/b>sind <i>&#8220;die Kinder und ihre W\u00fcnsche&#8221;<\/i> die Inspirationsquelle aller unserer Angebote.<\/p>\n\n\n\n<p>Unsere Trumpfkarte ist die Bewirtungsformel <b>Top Quality All Inclusive\u00ae, <\/b>die auch die <b>Open Bar H24<\/b> beinhaltet, freie Getr\u00e4nke ohne Beschr\u00e4nkung, f\u00fcr Gro\u00dfe und Kleine, am Strand, im Schwimmbad und im Hotel.<\/p>\n\n\n\n<p><b>13 Stunden Animationssprogramm<\/b> gibt es jeden Tag f\u00fcr unsere kleinen G\u00e4ste! Nachdem sie das Brotzeitpaket &#8220;<b>Dina la Merendina&#8221; <\/b>abgeholt haben, geht es zum Strand, wo das Animationsteam Bewegungsspiele und Turniere organisiert, nicht weit von dem f\u00fcr Eure Familie reservierten Platz mit Schirm und Liegen. Aktivit\u00e4ten gibt es durchgehend von 9:00 bis 22:00 Uhr: kreative Arbeiten, Kunst mit &#8220;Art Attack&#8221;, Schnitzeljagd zwischen <b>Strand, Hotel und Schwimmbad. <\/b>Im <b>Garten <\/b>liegt ein <b>Baby-Splash<\/b> mit <b>beiztem Pool <\/b>und bunter Rutschbahn  Eine <b>riesige, 250 m\u00b2 gro\u00dfe Indoor-Spielzone <\/b>ist auch da, mit gepolsterten Bereichen f\u00fcr Kleinkinder. Letztere kann man auch<b> Babysittern<\/b> anvertrauen.<\/p>\n\n\n\n<p>Der Familienurlaub geht bei Tisch weiter, mit immer neuen Gen\u00fcssen: <b>fr\u00fchst\u00fccken wie ein Weltmeiste<\/b>r,  Mittag- und Abendessen mit <b>Front-Cooking<\/b>, Aperitife, Nachmittagsimbiss am &#8220;Angolo del Ghiottone&#8221; (Leckermaul-Ecke). Den ganzen Tag \u00fcber k\u00f6nnt Ihr Hotdogs, Softeis, Fruchteis und Granita haben. Am Abend gibt es nochmal was zu naschen: Krapfen, Schokolade-Brunnen, Zuckerwatte und Popcorn. <b>Das Abendessen k\u00f6nnen die Kinder auch mit den Animateur*innen einnehmen.<\/b><\/p>\n\n\n\n<p>Wie alles andere ist auch Eure Schlafstatt im Familienformat: gro\u00dfe &#8220;<b>Family Rooms&#8221;<\/b>, auch miteinander verbundene Zimmer, <b>Suiten<\/b> und <b>Junior Suiten<\/b>, mit <b>&#8220;Baby Kit&#8221;: <\/b> Campingbettchen, aufblasbarer Wickeltisch, Antisturz-Bettgitter, Badew\u00e4nnchen, WC-Aufsatz und Nachtlicht.<\/p>\n\n\n\n<p>Wei\u00dft du was? Den ganzen Sommer \u00fcber, <strong>bei einem Mindestaufenthalt von 6 N\u00e4chten, erh\u00e4lt Ihre ganze Familie Freier Eintritt f\u00fcr Mirabilandia<\/strong>, den besten Freizeitpark der Romagna!<\/p>\n","protected":false},"excerpt":{"rendered":"<p>F\u00fcr uns vom Club Family Hotel Michelangelo in Milano Marittima sind &#8220;die Kinder und ihre W\u00fcnsche&#8221; die Inspirationsquelle aller unserer Angebote. Unsere Trumpfkarte ist die Bewirtungsformel Top Quality All Inclusive\u00ae, die auch die Open Bar H24 beinhaltet, freie Getr\u00e4nke ohne Beschr\u00e4nkung, f\u00fcr Gro\u00dfe und Kleine, am Strand, im Schwimmbad und im Hotel. 13 Stunden Animationssprogramm &hellip;<\/p>\n","protected":false},"author":544,"featured_media":0,"parent":94,"menu_order":0,"comment_status":"closed","ping_status":"closed","template":"page-templates\/scheda_hotel.php","meta":{"_acf_changed":false,"inline_featured_image":false,"footnotes":""},"class_list":["post-4612","page","type-page","status-publish","hentry"],"acf":[],"yoast_head":"<!-- This site is optimized with the Yoast SEO plugin v27.1 - https:\/\/yoast.com\/product\/yoast-seo-wordpress\/ -->\n<title>Club Family Hotel Michelangelo - Italy Family Hotels<\/title>\n<meta name=\"robots\" content=\"index, follow, max-snippet:-1, max-image-preview:large, max-video-preview:-1\" \/>\n<link rel=\"canonical\" href=\"https:\/\/www.italyfamilyhotels.it\/de\/family-hotels\/club-family-hotel-michelangelo-milano-marittima\" \/>\n<meta property=\"og:locale\" content=\"de_DE\" \/>\n<meta property=\"og:type\" content=\"article\" \/>\n<meta property=\"og:title\" content=\"Club Family Hotel Michelangelo - Italy Family Hotels\" \/>\n<meta property=\"og:description\" content=\"F\u00fcr uns vom Club Family Hotel Michelangelo in Milano Marittima sind &#8220;die Kinder und ihre W\u00fcnsche&#8221; die Inspirationsquelle aller unserer Angebote. Unsere Trumpfkarte ist die Bewirtungsformel Top Quality All Inclusive\u00ae, die auch die Open Bar H24 beinhaltet, freie Getr\u00e4nke ohne Beschr\u00e4nkung, f\u00fcr Gro\u00dfe und Kleine, am Strand, im Schwimmbad und im Hotel. 13 Stunden Animationssprogramm &hellip;\" \/>\n<meta property=\"og:url\" content=\"https:\/\/www.italyfamilyhotels.it\/de\/family-hotels\/club-family-hotel-michelangelo-milano-marittima\" \/>\n<meta property=\"og:site_name\" content=\"Italy Family Hotels\" \/>\n<meta property=\"article:publisher\" content=\"https:\/\/www.facebook.com\/ItalyFamilyHotels\/\" \/>\n<meta property=\"article:modified_time\" content=\"2023-02-07T15:48:52+00:00\" \/>\n<meta name=\"twitter:card\" content=\"summary_large_image\" \/>\n<meta name=\"twitter:label1\" content=\"Gesch\u00e4tzte Lesezeit\" \/>\n\t<meta name=\"twitter:data1\" content=\"1\u00a0Minute\" \/>\n<script type=\"application\/ld+json\" class=\"yoast-schema-graph\">{\"@context\":\"https:\/\/schema.org\",\"@graph\":[{\"@type\":\"WebPage\",\"@id\":\"https:\/\/www.italyfamilyhotels.it\/de\/family-hotels\/club-family-hotel-michelangelo-milano-marittima\",\"url\":\"https:\/\/www.italyfamilyhotels.it\/de\/family-hotels\/club-family-hotel-michelangelo-milano-marittima\",\"name\":\"Club Family Hotel Michelangelo - Italy Family Hotels\",\"isPartOf\":{\"@id\":\"https:\/\/www.italyfamilyhotels.it\/#website\"},\"datePublished\":\"2022-03-14T11:38:20+00:00\",\"dateModified\":\"2023-02-07T15:48:52+00:00\",\"breadcrumb\":{\"@id\":\"https:\/\/www.italyfamilyhotels.it\/de\/family-hotels\/club-family-hotel-michelangelo-milano-marittima#breadcrumb\"},\"inLanguage\":\"de\",\"potentialAction\":[{\"@type\":\"ReadAction\",\"target\":[\"https:\/\/www.italyfamilyhotels.it\/de\/family-hotels\/club-family-hotel-michelangelo-milano-marittima\"]}]},{\"@type\":\"BreadcrumbList\",\"@id\":\"https:\/\/www.italyfamilyhotels.it\/de\/family-hotels\/club-family-hotel-michelangelo-milano-marittima#breadcrumb\",\"itemListElement\":[{\"@type\":\"ListItem\",\"position\":1,\"name\":\"Home\",\"item\":\"https:\/\/www.italyfamilyhotels.it\/de\"},{\"@type\":\"ListItem\",\"position\":2,\"name\":\"Family Hotels\",\"item\":\"https:\/\/www.italyfamilyhotels.it\/de\/family-hotels\"},{\"@type\":\"ListItem\",\"position\":3,\"name\":\"Club Family Hotel Michelangelo\"}]},{\"@type\":\"WebSite\",\"@id\":\"https:\/\/www.italyfamilyhotels.it\/#website\",\"url\":\"https:\/\/www.italyfamilyhotels.it\/\",\"name\":\"Italy Family Hotels\",\"description\":\"\",\"potentialAction\":[{\"@type\":\"SearchAction\",\"target\":{\"@type\":\"EntryPoint\",\"urlTemplate\":\"https:\/\/www.italyfamilyhotels.it\/?s={search_term_string}\"},\"query-input\":{\"@type\":\"PropertyValueSpecification\",\"valueRequired\":true,\"valueName\":\"search_term_string\"}}],\"inLanguage\":\"de\"}]}<\/script>\n<!-- \/ Yoast SEO plugin. -->","yoast_head_json":{"title":"Club Family Hotel Michelangelo - Italy Family Hotels","robots":{"index":"index","follow":"follow","max-snippet":"max-snippet:-1","max-image-preview":"max-image-preview:large","max-video-preview":"max-video-preview:-1"},"canonical":"https:\/\/www.italyfamilyhotels.it\/de\/family-hotels\/club-family-hotel-michelangelo-milano-marittima","og_locale":"de_DE","og_type":"article","og_title":"Club Family Hotel Michelangelo - Italy Family Hotels","og_description":"F\u00fcr uns vom Club Family Hotel Michelangelo in Milano Marittima sind &#8220;die Kinder und ihre W\u00fcnsche&#8221; die Inspirationsquelle aller unserer Angebote. Unsere Trumpfkarte ist die Bewirtungsformel Top Quality All Inclusive\u00ae, die auch die Open Bar H24 beinhaltet, freie Getr\u00e4nke ohne Beschr\u00e4nkung, f\u00fcr Gro\u00dfe und Kleine, am Strand, im Schwimmbad und im Hotel. 13 Stunden Animationssprogramm &hellip;","og_url":"https:\/\/www.italyfamilyhotels.it\/de\/family-hotels\/club-family-hotel-michelangelo-milano-marittima","og_site_name":"Italy Family Hotels","article_publisher":"https:\/\/www.facebook.com\/ItalyFamilyHotels\/","article_modified_time":"2023-02-07T15:48:52+00:00","twitter_card":"summary_large_image","twitter_misc":{"Gesch\u00e4tzte Lesezeit":"1\u00a0Minute"},"schema":{"@context":"https:\/\/schema.org","@graph":[{"@type":"WebPage","@id":"https:\/\/www.italyfamilyhotels.it\/de\/family-hotels\/club-family-hotel-michelangelo-milano-marittima","url":"https:\/\/www.italyfamilyhotels.it\/de\/family-hotels\/club-family-hotel-michelangelo-milano-marittima","name":"Club Family Hotel Michelangelo - Italy Family Hotels","isPartOf":{"@id":"https:\/\/www.italyfamilyhotels.it\/#website"},"datePublished":"2022-03-14T11:38:20+00:00","dateModified":"2023-02-07T15:48:52+00:00","breadcrumb":{"@id":"https:\/\/www.italyfamilyhotels.it\/de\/family-hotels\/club-family-hotel-michelangelo-milano-marittima#breadcrumb"},"inLanguage":"de","potentialAction":[{"@type":"ReadAction","target":["https:\/\/www.italyfamilyhotels.it\/de\/family-hotels\/club-family-hotel-michelangelo-milano-marittima"]}]},{"@type":"BreadcrumbList","@id":"https:\/\/www.italyfamilyhotels.it\/de\/family-hotels\/club-family-hotel-michelangelo-milano-marittima#breadcrumb","itemListElement":[{"@type":"ListItem","position":1,"name":"Home","item":"https:\/\/www.italyfamilyhotels.it\/de"},{"@type":"ListItem","position":2,"name":"Family Hotels","item":"https:\/\/www.italyfamilyhotels.it\/de\/family-hotels"},{"@type":"ListItem","position":3,"name":"Club Family Hotel Michelangelo"}]},{"@type":"WebSite","@id":"https:\/\/www.italyfamilyhotels.it\/#website","url":"https:\/\/www.italyfamilyhotels.it\/","name":"Italy Family Hotels","description":"","potentialAction":[{"@type":"SearchAction","target":{"@type":"EntryPoint","urlTemplate":"https:\/\/www.italyfamilyhotels.it\/?s={search_term_string}"},"query-input":{"@type":"PropertyValueSpecification","valueRequired":true,"valueName":"search_term_string"}}],"inLanguage":"de"}]}},"_links":{"self":[{"href":"https:\/\/www.italyfamilyhotels.it\/de\/wp-json\/wp\/v2\/pages\/4612","targetHints":{"allow":["GET"]}}],"collection":[{"href":"https:\/\/www.italyfamilyhotels.it\/de\/wp-json\/wp\/v2\/pages"}],"about":[{"href":"https:\/\/www.italyfamilyhotels.it\/de\/wp-json\/wp\/v2\/types\/page"}],"author":[{"embeddable":true,"href":"https:\/\/www.italyfamilyhotels.it\/de\/wp-json\/wp\/v2\/users\/544"}],"replies":[{"embeddable":true,"href":"https:\/\/www.italyfamilyhotels.it\/de\/wp-json\/wp\/v2\/comments?post=4612"}],"version-history":[{"count":3,"href":"https:\/\/www.italyfamilyhotels.it\/de\/wp-json\/wp\/v2\/pages\/4612\/revisions"}],"predecessor-version":[{"id":45733,"href":"https:\/\/www.italyfamilyhotels.it\/de\/wp-json\/wp\/v2\/pages\/4612\/revisions\/45733"}],"up":[{"embeddable":true,"href":"https:\/\/www.italyfamilyhotels.it\/de\/wp-json\/wp\/v2\/pages\/94"}],"wp:attachment":[{"href":"https:\/\/www.italyfamilyhotels.it\/de\/wp-json\/wp\/v2\/media?parent=4612"}],"curies":[{"name":"wp","href":"https:\/\/api.w.org\/{rel}","templated":true}]}}