{"id":4607,"date":"2022-03-14T12:38:19","date_gmt":"2022-03-14T11:38:19","guid":{"rendered":"https:\/\/www.italyfamilyhotels.it\/family-hotels\/hotel-domina-parco-dello-stelvio"},"modified":"2022-06-15T12:37:28","modified_gmt":"2022-06-15T10:37:28","slug":"hotel-domina-parco-dello-stelvio-cogolo-di-pejo","status":"publish","type":"page","link":"https:\/\/www.italyfamilyhotels.it\/de\/family-hotels\/hotel-domina-parco-dello-stelvio-cogolo-di-pejo","title":{"rendered":"Hotel Domina Parco dello Stelvio"},"content":{"rendered":"\n<p>Unser<b> familienfreundliches Hotel<\/b> ist von den W\u00e4ldern des Tals <b>Val di Pejo <\/b>umgeben, im wunderbaren <b>Nationalpark Stilfserjoch.<\/b> Familien mit Kindern finden bei uns nicht nur herzliche Aufnahme, sondern auch auch viele spezifische Serviceleistungen und <b>sichere Bereiche, in denen sich die Kinder vergn\u00fcgen k\u00f6nnen<\/b>. Die Eltern haben Gelegenheit, sich zu entspannen.<\/p>\n\n\n\n<p><\/p>\n\n\n\n<p>Das <b>Animationsteam<\/b> betreut die kleinen G\u00e4ste <b>ab 3 Jahren nonstop mit spannenden Aktivit\u00e4ten<\/b>, sowohl im Raum des <b>Mini-Clubs<\/b> als auch auf dem <b>Spielplatz im Freien<\/b>, wo sich auch die Eselin Caterina und die kleine Ziege Minnie herumtreiben! Zwischen kreativen Arbeiten und Spazierg\u00e4ngen macht auch das <b>warme Wasser des Hallenbads<\/b> Freude.<\/p>\n\n\n\n<p><\/p>\n\n\n\n<p>Das Hotel <b>liegt direkt an den Skipisten und neben dem Snowpark Biancaneve<\/b>, einem der sch\u00f6nsten Schnee-Spielparks der ganzen Gegend.<\/p>\n\n\n\n<p><\/p>\n\n\n\n<p>Nach einem Tag auf den Pisten oder einer Wanderung im Sommer k\u00f6nnt Ihr<\/p>\n\n\n\n<p>Euch in unserem <b>Wellness-Center <\/b>gen\u00fcsslich entspannen.<\/p>\n\n\n\n<p>Das Essen bei uns ist eine <b>kulinarische Reise <\/b>f\u00fcr die ganze Familie durch die Geschmackswelt des Trentino, mit <b>speziellen Men\u00fcs f\u00fcr Kinder<\/b>. Wir verwenden beste <b>Bio-Produkte<\/b> von <b>lokalen Erzeugern<\/b> und haben das \u00d6ko-G\u00fctesiegel &quot;Ecoristorazione Trentino&quot;<\/p>\n\n\n\n<p>Am Ende eines erlebnisreichen Urlaubstags  erwartet Euch erholsamer Schlaf ein einem unserer komfortablen und sch\u00f6nen<\/p>\n\n\n\n<p>Zimmer, Suiten oder Apartments<\/p>\n","protected":false},"excerpt":{"rendered":"<p>Unser familienfreundliches Hotel ist von den W\u00e4ldern des Tals Val di Pejo umgeben, im wunderbaren Nationalpark Stilfserjoch. Familien mit Kindern finden bei uns nicht nur herzliche Aufnahme, sondern auch auch viele spezifische Serviceleistungen und sichere Bereiche, in denen sich die Kinder vergn\u00fcgen k\u00f6nnen. Die Eltern haben Gelegenheit, sich zu entspannen. Das Animationsteam betreut die kleinen &hellip;<\/p>\n","protected":false},"author":1,"featured_media":0,"parent":94,"menu_order":0,"comment_status":"closed","ping_status":"closed","template":"page-templates\/scheda_hotel.php","meta":{"_acf_changed":false,"inline_featured_image":false,"footnotes":""},"class_list":["post-4607","page","type-page","status-publish","hentry"],"acf":[],"yoast_head":"<!-- This site is optimized with the Yoast SEO plugin v27.1 - https:\/\/yoast.com\/product\/yoast-seo-wordpress\/ -->\n<title>Hotel Domina Parco dello Stelvio - Italy Family Hotels<\/title>\n<meta name=\"robots\" content=\"index, follow, max-snippet:-1, max-image-preview:large, max-video-preview:-1\" \/>\n<link rel=\"canonical\" href=\"https:\/\/www.italyfamilyhotels.it\/de\/family-hotels\/hotel-domina-parco-dello-stelvio-cogolo-di-pejo\" \/>\n<meta property=\"og:locale\" content=\"de_DE\" \/>\n<meta property=\"og:type\" content=\"article\" \/>\n<meta property=\"og:title\" content=\"Hotel Domina Parco dello Stelvio - Italy Family Hotels\" \/>\n<meta property=\"og:description\" content=\"Unser familienfreundliches Hotel ist von den W\u00e4ldern des Tals Val di Pejo umgeben, im wunderbaren Nationalpark Stilfserjoch. Familien mit Kindern finden bei uns nicht nur herzliche Aufnahme, sondern auch auch viele spezifische Serviceleistungen und sichere Bereiche, in denen sich die Kinder vergn\u00fcgen k\u00f6nnen. Die Eltern haben Gelegenheit, sich zu entspannen. Das Animationsteam betreut die kleinen &hellip;\" \/>\n<meta property=\"og:url\" content=\"https:\/\/www.italyfamilyhotels.it\/de\/family-hotels\/hotel-domina-parco-dello-stelvio-cogolo-di-pejo\" \/>\n<meta property=\"og:site_name\" content=\"Italy Family Hotels\" \/>\n<meta property=\"article:publisher\" content=\"https:\/\/www.facebook.com\/ItalyFamilyHotels\/\" \/>\n<meta property=\"article:modified_time\" content=\"2022-06-15T10:37:28+00:00\" \/>\n<meta name=\"twitter:card\" content=\"summary_large_image\" \/>\n<script type=\"application\/ld+json\" class=\"yoast-schema-graph\">{\"@context\":\"https:\/\/schema.org\",\"@graph\":[{\"@type\":\"WebPage\",\"@id\":\"https:\/\/www.italyfamilyhotels.it\/de\/family-hotels\/hotel-domina-parco-dello-stelvio-cogolo-di-pejo\",\"url\":\"https:\/\/www.italyfamilyhotels.it\/de\/family-hotels\/hotel-domina-parco-dello-stelvio-cogolo-di-pejo\",\"name\":\"Hotel Domina Parco dello Stelvio - Italy Family Hotels\",\"isPartOf\":{\"@id\":\"https:\/\/www.italyfamilyhotels.it\/#website\"},\"datePublished\":\"2022-03-14T11:38:19+00:00\",\"dateModified\":\"2022-06-15T10:37:28+00:00\",\"breadcrumb\":{\"@id\":\"https:\/\/www.italyfamilyhotels.it\/de\/family-hotels\/hotel-domina-parco-dello-stelvio-cogolo-di-pejo#breadcrumb\"},\"inLanguage\":\"de\",\"potentialAction\":[{\"@type\":\"ReadAction\",\"target\":[\"https:\/\/www.italyfamilyhotels.it\/de\/family-hotels\/hotel-domina-parco-dello-stelvio-cogolo-di-pejo\"]}]},{\"@type\":\"BreadcrumbList\",\"@id\":\"https:\/\/www.italyfamilyhotels.it\/de\/family-hotels\/hotel-domina-parco-dello-stelvio-cogolo-di-pejo#breadcrumb\",\"itemListElement\":[{\"@type\":\"ListItem\",\"position\":1,\"name\":\"Home\",\"item\":\"https:\/\/www.italyfamilyhotels.it\/de\"},{\"@type\":\"ListItem\",\"position\":2,\"name\":\"Family Hotels\",\"item\":\"https:\/\/www.italyfamilyhotels.it\/de\/family-hotels\"},{\"@type\":\"ListItem\",\"position\":3,\"name\":\"Hotel Domina Parco dello Stelvio\"}]},{\"@type\":\"WebSite\",\"@id\":\"https:\/\/www.italyfamilyhotels.it\/#website\",\"url\":\"https:\/\/www.italyfamilyhotels.it\/\",\"name\":\"Italy Family Hotels\",\"description\":\"\",\"potentialAction\":[{\"@type\":\"SearchAction\",\"target\":{\"@type\":\"EntryPoint\",\"urlTemplate\":\"https:\/\/www.italyfamilyhotels.it\/?s={search_term_string}\"},\"query-input\":{\"@type\":\"PropertyValueSpecification\",\"valueRequired\":true,\"valueName\":\"search_term_string\"}}],\"inLanguage\":\"de\"}]}<\/script>\n<!-- \/ Yoast SEO plugin. -->","yoast_head_json":{"title":"Hotel Domina Parco dello Stelvio - Italy Family Hotels","robots":{"index":"index","follow":"follow","max-snippet":"max-snippet:-1","max-image-preview":"max-image-preview:large","max-video-preview":"max-video-preview:-1"},"canonical":"https:\/\/www.italyfamilyhotels.it\/de\/family-hotels\/hotel-domina-parco-dello-stelvio-cogolo-di-pejo","og_locale":"de_DE","og_type":"article","og_title":"Hotel Domina Parco dello Stelvio - Italy Family Hotels","og_description":"Unser familienfreundliches Hotel ist von den W\u00e4ldern des Tals Val di Pejo umgeben, im wunderbaren Nationalpark Stilfserjoch. Familien mit Kindern finden bei uns nicht nur herzliche Aufnahme, sondern auch auch viele spezifische Serviceleistungen und sichere Bereiche, in denen sich die Kinder vergn\u00fcgen k\u00f6nnen. Die Eltern haben Gelegenheit, sich zu entspannen. Das Animationsteam betreut die kleinen &hellip;","og_url":"https:\/\/www.italyfamilyhotels.it\/de\/family-hotels\/hotel-domina-parco-dello-stelvio-cogolo-di-pejo","og_site_name":"Italy Family Hotels","article_publisher":"https:\/\/www.facebook.com\/ItalyFamilyHotels\/","article_modified_time":"2022-06-15T10:37:28+00:00","twitter_card":"summary_large_image","schema":{"@context":"https:\/\/schema.org","@graph":[{"@type":"WebPage","@id":"https:\/\/www.italyfamilyhotels.it\/de\/family-hotels\/hotel-domina-parco-dello-stelvio-cogolo-di-pejo","url":"https:\/\/www.italyfamilyhotels.it\/de\/family-hotels\/hotel-domina-parco-dello-stelvio-cogolo-di-pejo","name":"Hotel Domina Parco dello Stelvio - Italy Family Hotels","isPartOf":{"@id":"https:\/\/www.italyfamilyhotels.it\/#website"},"datePublished":"2022-03-14T11:38:19+00:00","dateModified":"2022-06-15T10:37:28+00:00","breadcrumb":{"@id":"https:\/\/www.italyfamilyhotels.it\/de\/family-hotels\/hotel-domina-parco-dello-stelvio-cogolo-di-pejo#breadcrumb"},"inLanguage":"de","potentialAction":[{"@type":"ReadAction","target":["https:\/\/www.italyfamilyhotels.it\/de\/family-hotels\/hotel-domina-parco-dello-stelvio-cogolo-di-pejo"]}]},{"@type":"BreadcrumbList","@id":"https:\/\/www.italyfamilyhotels.it\/de\/family-hotels\/hotel-domina-parco-dello-stelvio-cogolo-di-pejo#breadcrumb","itemListElement":[{"@type":"ListItem","position":1,"name":"Home","item":"https:\/\/www.italyfamilyhotels.it\/de"},{"@type":"ListItem","position":2,"name":"Family Hotels","item":"https:\/\/www.italyfamilyhotels.it\/de\/family-hotels"},{"@type":"ListItem","position":3,"name":"Hotel Domina Parco dello Stelvio"}]},{"@type":"WebSite","@id":"https:\/\/www.italyfamilyhotels.it\/#website","url":"https:\/\/www.italyfamilyhotels.it\/","name":"Italy Family Hotels","description":"","potentialAction":[{"@type":"SearchAction","target":{"@type":"EntryPoint","urlTemplate":"https:\/\/www.italyfamilyhotels.it\/?s={search_term_string}"},"query-input":{"@type":"PropertyValueSpecification","valueRequired":true,"valueName":"search_term_string"}}],"inLanguage":"de"}]}},"_links":{"self":[{"href":"https:\/\/www.italyfamilyhotels.it\/de\/wp-json\/wp\/v2\/pages\/4607","targetHints":{"allow":["GET"]}}],"collection":[{"href":"https:\/\/www.italyfamilyhotels.it\/de\/wp-json\/wp\/v2\/pages"}],"about":[{"href":"https:\/\/www.italyfamilyhotels.it\/de\/wp-json\/wp\/v2\/types\/page"}],"author":[{"embeddable":true,"href":"https:\/\/www.italyfamilyhotels.it\/de\/wp-json\/wp\/v2\/users\/1"}],"replies":[{"embeddable":true,"href":"https:\/\/www.italyfamilyhotels.it\/de\/wp-json\/wp\/v2\/comments?post=4607"}],"version-history":[{"count":5,"href":"https:\/\/www.italyfamilyhotels.it\/de\/wp-json\/wp\/v2\/pages\/4607\/revisions"}],"predecessor-version":[{"id":28542,"href":"https:\/\/www.italyfamilyhotels.it\/de\/wp-json\/wp\/v2\/pages\/4607\/revisions\/28542"}],"up":[{"embeddable":true,"href":"https:\/\/www.italyfamilyhotels.it\/de\/wp-json\/wp\/v2\/pages\/94"}],"wp:attachment":[{"href":"https:\/\/www.italyfamilyhotels.it\/de\/wp-json\/wp\/v2\/media?parent=4607"}],"curies":[{"name":"wp","href":"https:\/\/api.w.org\/{rel}","templated":true}]}}