{"id":45979,"date":"2023-02-13T12:50:40","date_gmt":"2023-02-13T11:50:40","guid":{"rendered":"https:\/\/www.italyfamilyhotels.it\/destinationen\/piemont\/italy-family-hotels-in-bardonecchia"},"modified":"2023-02-14T09:36:58","modified_gmt":"2023-02-14T08:36:58","slug":"italy-family-hotels-in-bardonecchia","status":"publish","type":"page","link":"https:\/\/www.italyfamilyhotels.it\/de\/destinationen\/piemont\/italy-family-hotels-in-bardonecchia","title":{"rendered":"Italy Family Hotels in Bardonecchia"},"content":{"rendered":"\n<p><strong>Bardonecchia <\/strong>ist ein Ferienort, in dem Familien <strong>das ganze Jahr \u00fcber<\/strong> ein breites Angebot an Aktivit\u00e4ten vorfinden! Skibegeisterte k\u00f6nnen in einem Gel\u00e4nde <strong>mit mehr als 100 Pistenkilometern<\/strong> Ski fahren und finden im gesamten Gebiet zahlreiche Schulen, in denen sie Einzel- und Gruppenunterricht nehmen k\u00f6nnen. Das <strong>Campo Smith<\/strong>liegt auf 1300 m H\u00f6he und ist ideal f\u00fcr Urlauber mit Kindern, die ihnen das Skifahren n\u00e4her bringen wollen.<\/p>\n\n\n\n<p>Unvergessliche Erlebnisse sind die <strong>Snowcat-Safari<\/strong>, der Tages- oder Nachtausflug mit der Pistenraupe, und der lustige <strong>Alpine Coaster, die aufregende zweisitzige Schlittenfahrt <\/strong>f\u00fcr Kinder ab 4 Jahren, die sowohl im Winter als auch im Sommer durchgef\u00fchrt werden kann.<\/p>\n\n\n\n<p>Bei sch\u00f6nem Wetter bieten sich <strong>Wanderungen und Spazierg\u00e4nge an<\/strong>. F\u00fcr jedes Trainingsniveau ist etwas dabei: Pfade, Maultierrouten, alte Milit\u00e4rstra\u00dfen f\u00fchren Sie zu Schutzh\u00fctten und Almen und lassen Sie den Zauber des Oberen Susatals erleben. Sie fahren gerne Rad? Im <strong>Bardonecchia Bike Park erwarten Sie mehr als 400 km Strecken <\/strong>aller Art: Die <strong>Cross-Country-Strecken<\/strong>sind f\u00fcr die ganze Familie geeignet, und es gibt auch einen <strong>Junior-Park mit Unterhaltungsprogramm<\/strong> f\u00fcr die Kleinen.<\/p>\n\n\n\n<p>In Bardonecchia gibt es unz\u00e4hlige <strong>Outdoor-Aktivit\u00e4ten f\u00fcr Kinder<\/strong>: Reiten, Kletterwand, Sportfischen, der legend\u00e4re<strong> Adventure Park mit einem Babybereich<\/strong> f\u00fcr die Kleinsten. Kurzum, in Bardonecchia ist es unm\u00f6glich, sich zu langweilen!<\/p>\n","protected":false},"excerpt":{"rendered":"<p>Bardonecchia ist ein Ferienort, in dem Familien das ganze Jahr \u00fcber ein breites Angebot an Aktivit\u00e4ten vorfinden! Skibegeisterte k\u00f6nnen in einem Gel\u00e4nde mit mehr als 100 Pistenkilometern Ski fahren und finden im gesamten Gebiet zahlreiche Schulen, in denen sie Einzel- und Gruppenunterricht nehmen k\u00f6nnen. Das Campo Smithliegt auf 1300 m H\u00f6he und ist ideal f\u00fcr &hellip;<\/p>\n","protected":false},"author":167,"featured_media":0,"parent":1395,"menu_order":0,"comment_status":"closed","ping_status":"closed","template":"page-templates\/scheda_localita.php","meta":{"_acf_changed":false,"inline_featured_image":false,"footnotes":""},"class_list":["post-45979","page","type-page","status-publish","hentry"],"acf":[],"yoast_head":"<!-- This site is optimized with the Yoast SEO plugin v27.1 - https:\/\/yoast.com\/product\/yoast-seo-wordpress\/ -->\n<title>Hotels f\u00fcr Familien in Bardonecchia: die besten Family Hotels in Bardonecchia<\/title>\n<meta name=\"description\" content=\"Lust auf einen Urlaub mit Kindern in Piemont? Wir haben die besten Familienhotels in Bardonecchia ausgew\u00e4hlt!\" \/>\n<meta name=\"robots\" content=\"index, follow, max-snippet:-1, max-image-preview:large, max-video-preview:-1\" \/>\n<link rel=\"canonical\" href=\"https:\/\/www.italyfamilyhotels.it\/de\/destinationen\/piemont\/italy-family-hotels-in-bardonecchia\" \/>\n<meta property=\"og:locale\" content=\"de_DE\" \/>\n<meta property=\"og:type\" content=\"article\" \/>\n<meta property=\"og:title\" content=\"Hotels f\u00fcr Familien in Bardonecchia: die besten Family Hotels in Bardonecchia\" \/>\n<meta property=\"og:description\" content=\"Lust auf einen Urlaub mit Kindern in Piemont? Wir haben die besten Familienhotels in Bardonecchia ausgew\u00e4hlt!\" \/>\n<meta property=\"og:url\" content=\"https:\/\/www.italyfamilyhotels.it\/de\/destinationen\/piemont\/italy-family-hotels-in-bardonecchia\" \/>\n<meta property=\"og:site_name\" content=\"Italy Family Hotels\" \/>\n<meta property=\"article:publisher\" content=\"https:\/\/www.facebook.com\/ItalyFamilyHotels\/\" \/>\n<meta property=\"article:modified_time\" content=\"2023-02-14T08:36:58+00:00\" \/>\n<meta name=\"twitter:card\" content=\"summary_large_image\" \/>\n<meta name=\"twitter:label1\" content=\"Gesch\u00e4tzte Lesezeit\" \/>\n\t<meta name=\"twitter:data1\" content=\"1\u00a0Minute\" \/>\n<script type=\"application\/ld+json\" class=\"yoast-schema-graph\">{\"@context\":\"https:\/\/schema.org\",\"@graph\":[{\"@type\":\"WebPage\",\"@id\":\"https:\/\/www.italyfamilyhotels.it\/de\/destinationen\/piemont\/italy-family-hotels-in-bardonecchia\",\"url\":\"https:\/\/www.italyfamilyhotels.it\/de\/destinationen\/piemont\/italy-family-hotels-in-bardonecchia\",\"name\":\"Hotels f\u00fcr Familien in Bardonecchia: die besten Family Hotels in Bardonecchia\",\"isPartOf\":{\"@id\":\"https:\/\/www.italyfamilyhotels.it\/#website\"},\"datePublished\":\"2023-02-13T11:50:40+00:00\",\"dateModified\":\"2023-02-14T08:36:58+00:00\",\"description\":\"Lust auf einen Urlaub mit Kindern in Piemont? Wir haben die besten Familienhotels in Bardonecchia ausgew\u00e4hlt!\",\"breadcrumb\":{\"@id\":\"https:\/\/www.italyfamilyhotels.it\/de\/destinationen\/piemont\/italy-family-hotels-in-bardonecchia#breadcrumb\"},\"inLanguage\":\"de\",\"potentialAction\":[{\"@type\":\"ReadAction\",\"target\":[\"https:\/\/www.italyfamilyhotels.it\/de\/destinationen\/piemont\/italy-family-hotels-in-bardonecchia\"]}]},{\"@type\":\"BreadcrumbList\",\"@id\":\"https:\/\/www.italyfamilyhotels.it\/de\/destinationen\/piemont\/italy-family-hotels-in-bardonecchia#breadcrumb\",\"itemListElement\":[{\"@type\":\"ListItem\",\"position\":1,\"name\":\"Home\",\"item\":\"https:\/\/www.italyfamilyhotels.it\/de\"},{\"@type\":\"ListItem\",\"position\":2,\"name\":\"Destinationen\",\"item\":\"https:\/\/www.italyfamilyhotels.it\/de\/destinationen\"},{\"@type\":\"ListItem\",\"position\":3,\"name\":\"Piemont\",\"item\":\"https:\/\/www.italyfamilyhotels.it\/de\/destinationen\/piemont\"},{\"@type\":\"ListItem\",\"position\":4,\"name\":\"Italy Family Hotels in Bardonecchia\"}]},{\"@type\":\"WebSite\",\"@id\":\"https:\/\/www.italyfamilyhotels.it\/#website\",\"url\":\"https:\/\/www.italyfamilyhotels.it\/\",\"name\":\"Italy Family Hotels\",\"description\":\"\",\"potentialAction\":[{\"@type\":\"SearchAction\",\"target\":{\"@type\":\"EntryPoint\",\"urlTemplate\":\"https:\/\/www.italyfamilyhotels.it\/?s={search_term_string}\"},\"query-input\":{\"@type\":\"PropertyValueSpecification\",\"valueRequired\":true,\"valueName\":\"search_term_string\"}}],\"inLanguage\":\"de\"}]}<\/script>\n<!-- \/ Yoast SEO plugin. -->","yoast_head_json":{"title":"Hotels f\u00fcr Familien in Bardonecchia: die besten Family Hotels in Bardonecchia","description":"Lust auf einen Urlaub mit Kindern in Piemont? Wir haben die besten Familienhotels in Bardonecchia ausgew\u00e4hlt!","robots":{"index":"index","follow":"follow","max-snippet":"max-snippet:-1","max-image-preview":"max-image-preview:large","max-video-preview":"max-video-preview:-1"},"canonical":"https:\/\/www.italyfamilyhotels.it\/de\/destinationen\/piemont\/italy-family-hotels-in-bardonecchia","og_locale":"de_DE","og_type":"article","og_title":"Hotels f\u00fcr Familien in Bardonecchia: die besten Family Hotels in Bardonecchia","og_description":"Lust auf einen Urlaub mit Kindern in Piemont? Wir haben die besten Familienhotels in Bardonecchia ausgew\u00e4hlt!","og_url":"https:\/\/www.italyfamilyhotels.it\/de\/destinationen\/piemont\/italy-family-hotels-in-bardonecchia","og_site_name":"Italy Family Hotels","article_publisher":"https:\/\/www.facebook.com\/ItalyFamilyHotels\/","article_modified_time":"2023-02-14T08:36:58+00:00","twitter_card":"summary_large_image","twitter_misc":{"Gesch\u00e4tzte Lesezeit":"1\u00a0Minute"},"schema":{"@context":"https:\/\/schema.org","@graph":[{"@type":"WebPage","@id":"https:\/\/www.italyfamilyhotels.it\/de\/destinationen\/piemont\/italy-family-hotels-in-bardonecchia","url":"https:\/\/www.italyfamilyhotels.it\/de\/destinationen\/piemont\/italy-family-hotels-in-bardonecchia","name":"Hotels f\u00fcr Familien in Bardonecchia: die besten Family Hotels in Bardonecchia","isPartOf":{"@id":"https:\/\/www.italyfamilyhotels.it\/#website"},"datePublished":"2023-02-13T11:50:40+00:00","dateModified":"2023-02-14T08:36:58+00:00","description":"Lust auf einen Urlaub mit Kindern in Piemont? Wir haben die besten Familienhotels in Bardonecchia ausgew\u00e4hlt!","breadcrumb":{"@id":"https:\/\/www.italyfamilyhotels.it\/de\/destinationen\/piemont\/italy-family-hotels-in-bardonecchia#breadcrumb"},"inLanguage":"de","potentialAction":[{"@type":"ReadAction","target":["https:\/\/www.italyfamilyhotels.it\/de\/destinationen\/piemont\/italy-family-hotels-in-bardonecchia"]}]},{"@type":"BreadcrumbList","@id":"https:\/\/www.italyfamilyhotels.it\/de\/destinationen\/piemont\/italy-family-hotels-in-bardonecchia#breadcrumb","itemListElement":[{"@type":"ListItem","position":1,"name":"Home","item":"https:\/\/www.italyfamilyhotels.it\/de"},{"@type":"ListItem","position":2,"name":"Destinationen","item":"https:\/\/www.italyfamilyhotels.it\/de\/destinationen"},{"@type":"ListItem","position":3,"name":"Piemont","item":"https:\/\/www.italyfamilyhotels.it\/de\/destinationen\/piemont"},{"@type":"ListItem","position":4,"name":"Italy Family Hotels in Bardonecchia"}]},{"@type":"WebSite","@id":"https:\/\/www.italyfamilyhotels.it\/#website","url":"https:\/\/www.italyfamilyhotels.it\/","name":"Italy Family Hotels","description":"","potentialAction":[{"@type":"SearchAction","target":{"@type":"EntryPoint","urlTemplate":"https:\/\/www.italyfamilyhotels.it\/?s={search_term_string}"},"query-input":{"@type":"PropertyValueSpecification","valueRequired":true,"valueName":"search_term_string"}}],"inLanguage":"de"}]}},"_links":{"self":[{"href":"https:\/\/www.italyfamilyhotels.it\/de\/wp-json\/wp\/v2\/pages\/45979","targetHints":{"allow":["GET"]}}],"collection":[{"href":"https:\/\/www.italyfamilyhotels.it\/de\/wp-json\/wp\/v2\/pages"}],"about":[{"href":"https:\/\/www.italyfamilyhotels.it\/de\/wp-json\/wp\/v2\/types\/page"}],"author":[{"embeddable":true,"href":"https:\/\/www.italyfamilyhotels.it\/de\/wp-json\/wp\/v2\/users\/167"}],"replies":[{"embeddable":true,"href":"https:\/\/www.italyfamilyhotels.it\/de\/wp-json\/wp\/v2\/comments?post=45979"}],"version-history":[{"count":3,"href":"https:\/\/www.italyfamilyhotels.it\/de\/wp-json\/wp\/v2\/pages\/45979\/revisions"}],"predecessor-version":[{"id":46069,"href":"https:\/\/www.italyfamilyhotels.it\/de\/wp-json\/wp\/v2\/pages\/45979\/revisions\/46069"}],"up":[{"embeddable":true,"href":"https:\/\/www.italyfamilyhotels.it\/de\/wp-json\/wp\/v2\/pages\/1395"}],"wp:attachment":[{"href":"https:\/\/www.italyfamilyhotels.it\/de\/wp-json\/wp\/v2\/media?parent=45979"}],"curies":[{"name":"wp","href":"https:\/\/api.w.org\/{rel}","templated":true}]}}