{"id":4597,"date":"2022-03-14T12:38:18","date_gmt":"2022-03-14T11:38:18","guid":{"rendered":"https:\/\/www.italyfamilyhotels.it\/family-hotels\/hotel-il-cervo"},"modified":"2022-06-15T11:41:30","modified_gmt":"2022-06-15T09:41:30","slug":"hotel-il-cervo-tarvisio","status":"publish","type":"page","link":"https:\/\/www.italyfamilyhotels.it\/de\/family-hotels\/hotel-il-cervo-tarvisio","title":{"rendered":"Hotel Il Cervo"},"content":{"rendered":"\n<p>Willkommen im <b>Hotel Il Cervo<\/b> in <b>Tarvisio<\/b>. In Eurem Familienurlaub bei uns erwarten Euch Natur-Erlebnisse in den Bergen und faszinierende Eindr\u00fccke von der Kultur und Lebensart dreier L\u00e4nder &#8211; Italien, \u00d6sterreich und Slowenien.<\/p>\n\n\n\n<p><\/p>\n\n\n\n<p>Unser Animationsteam <b>&quot;La Gang del Bosco&quot;<\/b>&#8211; &quot;Die Wald-Bande&quot; &#8211; unterh\u00e4lt die Kinder <b>von 16:00 bis 22:00 Uhr<\/b> in der <b>Spielzone<\/b> mit Bastelarbeiten, Kino-Abenden und lustigen Auff\u00fchrungen. Die Eltern k\u00f6nnen die Zeit zur Entspannung von K\u00f6rper und Geist nutzen, im <b>Spa <\/b>mit <b>Wellness-Center <\/b>(kostenpflichtig), in der<b> &quot;Wald-Sauna&quot;<\/b> mit K\u00e4uter- und Harzd\u00fcften, oder mit Outdoor-Aktivit\u00e4ten.<\/p>\n\n\n\n<p>Im <b>Hallenbad <\/b>mit Panoramablick entspannt und vergn\u00fcgt sich die ganze Familie, es hat <b>ein 6 m\u00b2 gro\u00dfes und nur 60 cm tiefes Kinderbecken.<\/b><\/p>\n\n\n\n<p><\/p>\n\n\n\n<p>In unserem <b>A-la-carte-Men\u00fc <\/b>treffen sich die Geschmackswelten der 3 L\u00e4nder, die hier zusamensto\u00dfen.<\/p>\n\n\n\n<p>Unsere kleinen G\u00e4ste haben ihre eigene Gourmet-Zone, das <b>Ristorantino al Boschetto <\/b>(innerhalb des Panorama-Restaurants), mit <b>Kindermen\u00fcs<\/b>, die hinsichtlich ausgeglichener Ern\u00e4hrung und Schmackhaftigkeit optimiert sind.<\/p>\n\n\n\n<p>Ihr k\u00f6nnt auch eine Babysitterin bestellen, die Euer(e) Kind(er) beim Essen betreut. Auf Wunsch bereiten wir leckere <b>Proviantpakete<\/b> zu, f\u00fcr Eure <b>Familien-Wanderungen<\/b> oder <b>Radtouren<\/b> durch Berge und sch\u00f6ne D\u00f6rfer.<\/p>\n\n\n\n<p>Im Sommer veranstalten wir Happy Hours und Barbecues auf unserer <b>Terrasse mit Blick auf Tarvisio<\/b>; im Winter schmeckt ein Drink in unserer<b> Bar in nordischem Stil<\/b> oder im gem\u00fctlichen <b>Wohnzimmer<\/b> mit B\u00fccherecke.<\/p>\n\n\n\n<p>Am Ende des erlebnisreichen Tages freut Ihr Euch auf die bequemen Betten in den  <b>behaglichen Familienzimmern oder Suiten; <\/b>Ausr\u00fcstung f\u00fcr Kleinkinder liefern wir mit dem <b>Baby-Kit.<\/b><\/p>\n","protected":false},"excerpt":{"rendered":"<p>Willkommen im Hotel Il Cervo in Tarvisio. In Eurem Familienurlaub bei uns erwarten Euch Natur-Erlebnisse in den Bergen und faszinierende Eindr\u00fccke von der Kultur und Lebensart dreier L\u00e4nder &#8211; Italien, \u00d6sterreich und Slowenien. Unser Animationsteam &quot;La Gang del Bosco&quot;&#8211; &quot;Die Wald-Bande&quot; &#8211; unterh\u00e4lt die Kinder von 16:00 bis 22:00 Uhr in der Spielzone mit Bastelarbeiten, &hellip;<\/p>\n","protected":false},"author":541,"featured_media":0,"parent":94,"menu_order":0,"comment_status":"closed","ping_status":"closed","template":"page-templates\/scheda_hotel.php","meta":{"_acf_changed":false,"inline_featured_image":false,"footnotes":""},"class_list":["post-4597","page","type-page","status-publish","hentry"],"acf":[],"yoast_head":"<!-- This site is optimized with the Yoast SEO plugin v27.1 - https:\/\/yoast.com\/product\/yoast-seo-wordpress\/ -->\n<title>Hotel Il Cervo - Italy Family Hotels<\/title>\n<meta name=\"robots\" content=\"index, follow, max-snippet:-1, max-image-preview:large, max-video-preview:-1\" \/>\n<link rel=\"canonical\" href=\"https:\/\/www.italyfamilyhotels.it\/de\/family-hotels\/hotel-il-cervo-tarvisio\" \/>\n<meta property=\"og:locale\" content=\"de_DE\" \/>\n<meta property=\"og:type\" content=\"article\" \/>\n<meta property=\"og:title\" content=\"Hotel Il Cervo - Italy Family Hotels\" \/>\n<meta property=\"og:description\" content=\"Willkommen im Hotel Il Cervo in Tarvisio. In Eurem Familienurlaub bei uns erwarten Euch Natur-Erlebnisse in den Bergen und faszinierende Eindr\u00fccke von der Kultur und Lebensart dreier L\u00e4nder &#8211; Italien, \u00d6sterreich und Slowenien. Unser Animationsteam &quot;La Gang del Bosco&quot;&#8211; &quot;Die Wald-Bande&quot; &#8211; unterh\u00e4lt die Kinder von 16:00 bis 22:00 Uhr in der Spielzone mit Bastelarbeiten, &hellip;\" \/>\n<meta property=\"og:url\" content=\"https:\/\/www.italyfamilyhotels.it\/de\/family-hotels\/hotel-il-cervo-tarvisio\" \/>\n<meta property=\"og:site_name\" content=\"Italy Family Hotels\" \/>\n<meta property=\"article:publisher\" content=\"https:\/\/www.facebook.com\/ItalyFamilyHotels\/\" \/>\n<meta property=\"article:modified_time\" content=\"2022-06-15T09:41:30+00:00\" \/>\n<meta name=\"twitter:card\" content=\"summary_large_image\" \/>\n<meta name=\"twitter:label1\" content=\"Gesch\u00e4tzte Lesezeit\" \/>\n\t<meta name=\"twitter:data1\" content=\"1\u00a0Minute\" \/>\n<script type=\"application\/ld+json\" class=\"yoast-schema-graph\">{\"@context\":\"https:\/\/schema.org\",\"@graph\":[{\"@type\":\"WebPage\",\"@id\":\"https:\/\/www.italyfamilyhotels.it\/de\/family-hotels\/hotel-il-cervo-tarvisio\",\"url\":\"https:\/\/www.italyfamilyhotels.it\/de\/family-hotels\/hotel-il-cervo-tarvisio\",\"name\":\"Hotel Il Cervo - Italy Family Hotels\",\"isPartOf\":{\"@id\":\"https:\/\/www.italyfamilyhotels.it\/#website\"},\"datePublished\":\"2022-03-14T11:38:18+00:00\",\"dateModified\":\"2022-06-15T09:41:30+00:00\",\"breadcrumb\":{\"@id\":\"https:\/\/www.italyfamilyhotels.it\/de\/family-hotels\/hotel-il-cervo-tarvisio#breadcrumb\"},\"inLanguage\":\"de\",\"potentialAction\":[{\"@type\":\"ReadAction\",\"target\":[\"https:\/\/www.italyfamilyhotels.it\/de\/family-hotels\/hotel-il-cervo-tarvisio\"]}]},{\"@type\":\"BreadcrumbList\",\"@id\":\"https:\/\/www.italyfamilyhotels.it\/de\/family-hotels\/hotel-il-cervo-tarvisio#breadcrumb\",\"itemListElement\":[{\"@type\":\"ListItem\",\"position\":1,\"name\":\"Home\",\"item\":\"https:\/\/www.italyfamilyhotels.it\/de\"},{\"@type\":\"ListItem\",\"position\":2,\"name\":\"Family Hotels\",\"item\":\"https:\/\/www.italyfamilyhotels.it\/de\/family-hotels\"},{\"@type\":\"ListItem\",\"position\":3,\"name\":\"Hotel Il Cervo\"}]},{\"@type\":\"WebSite\",\"@id\":\"https:\/\/www.italyfamilyhotels.it\/#website\",\"url\":\"https:\/\/www.italyfamilyhotels.it\/\",\"name\":\"Italy Family Hotels\",\"description\":\"\",\"potentialAction\":[{\"@type\":\"SearchAction\",\"target\":{\"@type\":\"EntryPoint\",\"urlTemplate\":\"https:\/\/www.italyfamilyhotels.it\/?s={search_term_string}\"},\"query-input\":{\"@type\":\"PropertyValueSpecification\",\"valueRequired\":true,\"valueName\":\"search_term_string\"}}],\"inLanguage\":\"de\"}]}<\/script>\n<!-- \/ Yoast SEO plugin. -->","yoast_head_json":{"title":"Hotel Il Cervo - Italy Family Hotels","robots":{"index":"index","follow":"follow","max-snippet":"max-snippet:-1","max-image-preview":"max-image-preview:large","max-video-preview":"max-video-preview:-1"},"canonical":"https:\/\/www.italyfamilyhotels.it\/de\/family-hotels\/hotel-il-cervo-tarvisio","og_locale":"de_DE","og_type":"article","og_title":"Hotel Il Cervo - Italy Family Hotels","og_description":"Willkommen im Hotel Il Cervo in Tarvisio. In Eurem Familienurlaub bei uns erwarten Euch Natur-Erlebnisse in den Bergen und faszinierende Eindr\u00fccke von der Kultur und Lebensart dreier L\u00e4nder &#8211; Italien, \u00d6sterreich und Slowenien. Unser Animationsteam &quot;La Gang del Bosco&quot;&#8211; &quot;Die Wald-Bande&quot; &#8211; unterh\u00e4lt die Kinder von 16:00 bis 22:00 Uhr in der Spielzone mit Bastelarbeiten, &hellip;","og_url":"https:\/\/www.italyfamilyhotels.it\/de\/family-hotels\/hotel-il-cervo-tarvisio","og_site_name":"Italy Family Hotels","article_publisher":"https:\/\/www.facebook.com\/ItalyFamilyHotels\/","article_modified_time":"2022-06-15T09:41:30+00:00","twitter_card":"summary_large_image","twitter_misc":{"Gesch\u00e4tzte Lesezeit":"1\u00a0Minute"},"schema":{"@context":"https:\/\/schema.org","@graph":[{"@type":"WebPage","@id":"https:\/\/www.italyfamilyhotels.it\/de\/family-hotels\/hotel-il-cervo-tarvisio","url":"https:\/\/www.italyfamilyhotels.it\/de\/family-hotels\/hotel-il-cervo-tarvisio","name":"Hotel Il Cervo - Italy Family Hotels","isPartOf":{"@id":"https:\/\/www.italyfamilyhotels.it\/#website"},"datePublished":"2022-03-14T11:38:18+00:00","dateModified":"2022-06-15T09:41:30+00:00","breadcrumb":{"@id":"https:\/\/www.italyfamilyhotels.it\/de\/family-hotels\/hotel-il-cervo-tarvisio#breadcrumb"},"inLanguage":"de","potentialAction":[{"@type":"ReadAction","target":["https:\/\/www.italyfamilyhotels.it\/de\/family-hotels\/hotel-il-cervo-tarvisio"]}]},{"@type":"BreadcrumbList","@id":"https:\/\/www.italyfamilyhotels.it\/de\/family-hotels\/hotel-il-cervo-tarvisio#breadcrumb","itemListElement":[{"@type":"ListItem","position":1,"name":"Home","item":"https:\/\/www.italyfamilyhotels.it\/de"},{"@type":"ListItem","position":2,"name":"Family Hotels","item":"https:\/\/www.italyfamilyhotels.it\/de\/family-hotels"},{"@type":"ListItem","position":3,"name":"Hotel Il Cervo"}]},{"@type":"WebSite","@id":"https:\/\/www.italyfamilyhotels.it\/#website","url":"https:\/\/www.italyfamilyhotels.it\/","name":"Italy Family Hotels","description":"","potentialAction":[{"@type":"SearchAction","target":{"@type":"EntryPoint","urlTemplate":"https:\/\/www.italyfamilyhotels.it\/?s={search_term_string}"},"query-input":{"@type":"PropertyValueSpecification","valueRequired":true,"valueName":"search_term_string"}}],"inLanguage":"de"}]}},"_links":{"self":[{"href":"https:\/\/www.italyfamilyhotels.it\/de\/wp-json\/wp\/v2\/pages\/4597","targetHints":{"allow":["GET"]}}],"collection":[{"href":"https:\/\/www.italyfamilyhotels.it\/de\/wp-json\/wp\/v2\/pages"}],"about":[{"href":"https:\/\/www.italyfamilyhotels.it\/de\/wp-json\/wp\/v2\/types\/page"}],"author":[{"embeddable":true,"href":"https:\/\/www.italyfamilyhotels.it\/de\/wp-json\/wp\/v2\/users\/541"}],"replies":[{"embeddable":true,"href":"https:\/\/www.italyfamilyhotels.it\/de\/wp-json\/wp\/v2\/comments?post=4597"}],"version-history":[{"count":2,"href":"https:\/\/www.italyfamilyhotels.it\/de\/wp-json\/wp\/v2\/pages\/4597\/revisions"}],"predecessor-version":[{"id":28510,"href":"https:\/\/www.italyfamilyhotels.it\/de\/wp-json\/wp\/v2\/pages\/4597\/revisions\/28510"}],"up":[{"embeddable":true,"href":"https:\/\/www.italyfamilyhotels.it\/de\/wp-json\/wp\/v2\/pages\/94"}],"wp:attachment":[{"href":"https:\/\/www.italyfamilyhotels.it\/de\/wp-json\/wp\/v2\/media?parent=4597"}],"curies":[{"name":"wp","href":"https:\/\/api.w.org\/{rel}","templated":true}]}}