{"id":4587,"date":"2022-03-14T12:38:16","date_gmt":"2022-03-14T11:38:16","guid":{"rendered":"https:\/\/www.italyfamilyhotels.it\/family-hotels\/hotel-arcangelo"},"modified":"2024-04-19T10:46:58","modified_gmt":"2024-04-19T08:46:58","slug":"hotel-arcangelo-pellizzano","status":"publish","type":"page","link":"https:\/\/www.italyfamilyhotels.it\/de\/family-hotels\/hotel-arcangelo-pellizzano","title":{"rendered":"Hotel Arcangelo"},"content":{"rendered":"\n<p>Willkommen im<b> Hotel Arcangelo<\/b> im anmutigen Dorf <b>Pellizzano<\/b> im <b>Val di Sole<\/b>, nordwestlich von Trient. Ein toller Urlaubsort f\u00fcr Familien: mitten in der Natur, Gesch\u00e4fte, Dienstleistungen und Freizeiteinrichtungen, ein Radweg in der Ebene, Skibus-Haltestelle vor dem Hotel, Pisten und Wanderwege wenige Meter entfernt.<\/p>\n\n\n\n<p><\/p>\n\n\n\n<p>Wir wissen, dass Reisen mit Kindern keine leichte Aufgabe ist, deswegen tun wir alles, <b>um Familien den Urlaub so einfach, ruhig, sicher und vergn\u00fcglich wie irgend m\u00f6glich<\/b> zu machen. Das beginnt mit A<b>ktivit\u00e4ten wie Mini-Wanderungen oder Schlittenfahren<\/b>, wie zum Beispiel Ausfl\u00fcge mit dem Team von Experience Val di Sole oder Spazierg\u00e4nge in Begleitung unseres Maskottchens Snowy.<\/p>\n\n\n\n<p><\/p>\n\n\n\n<p>Unsere kompetenten Betreuerinnen spielen im kindergerecht ausgestatteten <b>Mini-Club-Raum<\/b> mit den kleinen G\u00e4sten, so dass die Eltern sich einen Nachmittag in unserem <b>Wellness-Center La Cueva<\/b> g\u00f6nnen k\u00f6nnen, ge\u00f6ffnet von 16:00 bis 19:00 Uhr, mit Sauna, Aroma-Duschen, Schwimmbecken mit 30\u00b0 C Wassertemperatur und Eish\u00f6hle. Im Winter spezielle \u00d6ffnungen hei\u00dfer Whirlpool und holzbefeuerte Sauna im Freien.<\/p>\n\n\n\n<p><\/p>\n\n\n\n<p>Geht auch mal <b>mit den Kindern ins Schwimmbad,<\/b> es ist von 10:00 bis 18:00 Uhr ge\u00f6ffnet.<\/p>\n\n\n\n<p>Aktivit\u00e4t an der frischen Luft macht Appetit; Gro\u00dfe und Kleine stillen ihn gen\u00fcsslich mit <b>feinen traditionellen Gerichten<\/b> und hausgemachten S\u00fc\u00dfspeisen <b>auf der Basis lokaler Produkte.<\/b><\/p>\n\n\n\n<p>Schlafen gehen ist ein besonderes Erlebnis in einem usererer <b>vielen  verschiedenen Themenzimmer<\/b>, die sehr charakteristsich und detailreich gestaltet sind. Auch Family-Suiten stehen zur Verf\u00fcgung, in denen gro\u00dfe Familien bequem unterkommen, und die Kinder Platz zum Spielen haben!<\/p>\n","protected":false},"excerpt":{"rendered":"<p>Willkommen im Hotel Arcangelo im anmutigen Dorf Pellizzano im Val di Sole, nordwestlich von Trient. Ein toller Urlaubsort f\u00fcr Familien: mitten in der Natur, Gesch\u00e4fte, Dienstleistungen und Freizeiteinrichtungen, ein Radweg in der Ebene, Skibus-Haltestelle vor dem Hotel, Pisten und Wanderwege wenige Meter entfernt. Wir wissen, dass Reisen mit Kindern keine leichte Aufgabe ist, deswegen tun &hellip;<\/p>\n","protected":false},"author":539,"featured_media":0,"parent":94,"menu_order":0,"comment_status":"closed","ping_status":"closed","template":"page-templates\/scheda_hotel.php","meta":{"_acf_changed":false,"inline_featured_image":false,"footnotes":""},"class_list":["post-4587","page","type-page","status-publish","hentry"],"acf":[],"yoast_head":"<!-- This site is optimized with the Yoast SEO plugin v27.1 - https:\/\/yoast.com\/product\/yoast-seo-wordpress\/ -->\n<title>Hotel Arcangelo - Italy Family Hotels<\/title>\n<meta name=\"robots\" content=\"index, follow, max-snippet:-1, max-image-preview:large, max-video-preview:-1\" \/>\n<link rel=\"canonical\" href=\"https:\/\/www.italyfamilyhotels.it\/de\/family-hotels\/hotel-arcangelo-pellizzano\" \/>\n<meta property=\"og:locale\" content=\"de_DE\" \/>\n<meta property=\"og:type\" content=\"article\" \/>\n<meta property=\"og:title\" content=\"Hotel Arcangelo - Italy Family Hotels\" \/>\n<meta property=\"og:description\" content=\"Willkommen im Hotel Arcangelo im anmutigen Dorf Pellizzano im Val di Sole, nordwestlich von Trient. Ein toller Urlaubsort f\u00fcr Familien: mitten in der Natur, Gesch\u00e4fte, Dienstleistungen und Freizeiteinrichtungen, ein Radweg in der Ebene, Skibus-Haltestelle vor dem Hotel, Pisten und Wanderwege wenige Meter entfernt. Wir wissen, dass Reisen mit Kindern keine leichte Aufgabe ist, deswegen tun &hellip;\" \/>\n<meta property=\"og:url\" content=\"https:\/\/www.italyfamilyhotels.it\/de\/family-hotels\/hotel-arcangelo-pellizzano\" \/>\n<meta property=\"og:site_name\" content=\"Italy Family Hotels\" \/>\n<meta property=\"article:publisher\" content=\"https:\/\/www.facebook.com\/ItalyFamilyHotels\/\" \/>\n<meta property=\"article:modified_time\" content=\"2024-04-19T08:46:58+00:00\" \/>\n<meta name=\"twitter:card\" content=\"summary_large_image\" \/>\n<meta name=\"twitter:label1\" content=\"Gesch\u00e4tzte Lesezeit\" \/>\n\t<meta name=\"twitter:data1\" content=\"1\u00a0Minute\" \/>\n<script type=\"application\/ld+json\" class=\"yoast-schema-graph\">{\"@context\":\"https:\/\/schema.org\",\"@graph\":[{\"@type\":\"WebPage\",\"@id\":\"https:\/\/www.italyfamilyhotels.it\/de\/family-hotels\/hotel-arcangelo-pellizzano\",\"url\":\"https:\/\/www.italyfamilyhotels.it\/de\/family-hotels\/hotel-arcangelo-pellizzano\",\"name\":\"Hotel Arcangelo - Italy Family Hotels\",\"isPartOf\":{\"@id\":\"https:\/\/www.italyfamilyhotels.it\/#website\"},\"datePublished\":\"2022-03-14T11:38:16+00:00\",\"dateModified\":\"2024-04-19T08:46:58+00:00\",\"breadcrumb\":{\"@id\":\"https:\/\/www.italyfamilyhotels.it\/de\/family-hotels\/hotel-arcangelo-pellizzano#breadcrumb\"},\"inLanguage\":\"de\",\"potentialAction\":[{\"@type\":\"ReadAction\",\"target\":[\"https:\/\/www.italyfamilyhotels.it\/de\/family-hotels\/hotel-arcangelo-pellizzano\"]}]},{\"@type\":\"BreadcrumbList\",\"@id\":\"https:\/\/www.italyfamilyhotels.it\/de\/family-hotels\/hotel-arcangelo-pellizzano#breadcrumb\",\"itemListElement\":[{\"@type\":\"ListItem\",\"position\":1,\"name\":\"Home\",\"item\":\"https:\/\/www.italyfamilyhotels.it\/de\"},{\"@type\":\"ListItem\",\"position\":2,\"name\":\"Family Hotels\",\"item\":\"https:\/\/www.italyfamilyhotels.it\/de\/family-hotels\"},{\"@type\":\"ListItem\",\"position\":3,\"name\":\"Hotel Arcangelo\"}]},{\"@type\":\"WebSite\",\"@id\":\"https:\/\/www.italyfamilyhotels.it\/#website\",\"url\":\"https:\/\/www.italyfamilyhotels.it\/\",\"name\":\"Italy Family Hotels\",\"description\":\"\",\"potentialAction\":[{\"@type\":\"SearchAction\",\"target\":{\"@type\":\"EntryPoint\",\"urlTemplate\":\"https:\/\/www.italyfamilyhotels.it\/?s={search_term_string}\"},\"query-input\":{\"@type\":\"PropertyValueSpecification\",\"valueRequired\":true,\"valueName\":\"search_term_string\"}}],\"inLanguage\":\"de\"}]}<\/script>\n<!-- \/ Yoast SEO plugin. -->","yoast_head_json":{"title":"Hotel Arcangelo - Italy Family Hotels","robots":{"index":"index","follow":"follow","max-snippet":"max-snippet:-1","max-image-preview":"max-image-preview:large","max-video-preview":"max-video-preview:-1"},"canonical":"https:\/\/www.italyfamilyhotels.it\/de\/family-hotels\/hotel-arcangelo-pellizzano","og_locale":"de_DE","og_type":"article","og_title":"Hotel Arcangelo - Italy Family Hotels","og_description":"Willkommen im Hotel Arcangelo im anmutigen Dorf Pellizzano im Val di Sole, nordwestlich von Trient. Ein toller Urlaubsort f\u00fcr Familien: mitten in der Natur, Gesch\u00e4fte, Dienstleistungen und Freizeiteinrichtungen, ein Radweg in der Ebene, Skibus-Haltestelle vor dem Hotel, Pisten und Wanderwege wenige Meter entfernt. Wir wissen, dass Reisen mit Kindern keine leichte Aufgabe ist, deswegen tun &hellip;","og_url":"https:\/\/www.italyfamilyhotels.it\/de\/family-hotels\/hotel-arcangelo-pellizzano","og_site_name":"Italy Family Hotels","article_publisher":"https:\/\/www.facebook.com\/ItalyFamilyHotels\/","article_modified_time":"2024-04-19T08:46:58+00:00","twitter_card":"summary_large_image","twitter_misc":{"Gesch\u00e4tzte Lesezeit":"1\u00a0Minute"},"schema":{"@context":"https:\/\/schema.org","@graph":[{"@type":"WebPage","@id":"https:\/\/www.italyfamilyhotels.it\/de\/family-hotels\/hotel-arcangelo-pellizzano","url":"https:\/\/www.italyfamilyhotels.it\/de\/family-hotels\/hotel-arcangelo-pellizzano","name":"Hotel Arcangelo - Italy Family Hotels","isPartOf":{"@id":"https:\/\/www.italyfamilyhotels.it\/#website"},"datePublished":"2022-03-14T11:38:16+00:00","dateModified":"2024-04-19T08:46:58+00:00","breadcrumb":{"@id":"https:\/\/www.italyfamilyhotels.it\/de\/family-hotels\/hotel-arcangelo-pellizzano#breadcrumb"},"inLanguage":"de","potentialAction":[{"@type":"ReadAction","target":["https:\/\/www.italyfamilyhotels.it\/de\/family-hotels\/hotel-arcangelo-pellizzano"]}]},{"@type":"BreadcrumbList","@id":"https:\/\/www.italyfamilyhotels.it\/de\/family-hotels\/hotel-arcangelo-pellizzano#breadcrumb","itemListElement":[{"@type":"ListItem","position":1,"name":"Home","item":"https:\/\/www.italyfamilyhotels.it\/de"},{"@type":"ListItem","position":2,"name":"Family Hotels","item":"https:\/\/www.italyfamilyhotels.it\/de\/family-hotels"},{"@type":"ListItem","position":3,"name":"Hotel Arcangelo"}]},{"@type":"WebSite","@id":"https:\/\/www.italyfamilyhotels.it\/#website","url":"https:\/\/www.italyfamilyhotels.it\/","name":"Italy Family Hotels","description":"","potentialAction":[{"@type":"SearchAction","target":{"@type":"EntryPoint","urlTemplate":"https:\/\/www.italyfamilyhotels.it\/?s={search_term_string}"},"query-input":{"@type":"PropertyValueSpecification","valueRequired":true,"valueName":"search_term_string"}}],"inLanguage":"de"}]}},"_links":{"self":[{"href":"https:\/\/www.italyfamilyhotels.it\/de\/wp-json\/wp\/v2\/pages\/4587","targetHints":{"allow":["GET"]}}],"collection":[{"href":"https:\/\/www.italyfamilyhotels.it\/de\/wp-json\/wp\/v2\/pages"}],"about":[{"href":"https:\/\/www.italyfamilyhotels.it\/de\/wp-json\/wp\/v2\/types\/page"}],"author":[{"embeddable":true,"href":"https:\/\/www.italyfamilyhotels.it\/de\/wp-json\/wp\/v2\/users\/539"}],"replies":[{"embeddable":true,"href":"https:\/\/www.italyfamilyhotels.it\/de\/wp-json\/wp\/v2\/comments?post=4587"}],"version-history":[{"count":4,"href":"https:\/\/www.italyfamilyhotels.it\/de\/wp-json\/wp\/v2\/pages\/4587\/revisions"}],"predecessor-version":[{"id":59333,"href":"https:\/\/www.italyfamilyhotels.it\/de\/wp-json\/wp\/v2\/pages\/4587\/revisions\/59333"}],"up":[{"embeddable":true,"href":"https:\/\/www.italyfamilyhotels.it\/de\/wp-json\/wp\/v2\/pages\/94"}],"wp:attachment":[{"href":"https:\/\/www.italyfamilyhotels.it\/de\/wp-json\/wp\/v2\/media?parent=4587"}],"curies":[{"name":"wp","href":"https:\/\/api.w.org\/{rel}","templated":true}]}}