{"id":4577,"date":"2022-03-14T12:38:15","date_gmt":"2022-03-14T11:38:15","guid":{"rendered":"https:\/\/www.italyfamilyhotels.it\/family-hotels\/hotel-venus"},"modified":"2023-06-15T16:24:38","modified_gmt":"2023-06-15T14:24:38","slug":"hotel-venus-gabicce-mare","status":"publish","type":"page","link":"https:\/\/www.italyfamilyhotels.it\/de\/family-hotels\/hotel-venus-gabicce-mare","title":{"rendered":"Hotel Venus"},"content":{"rendered":"\n<p>Willkommen zum <b>Familienurlaub<\/b> mit au\u00dfergew\u00f6hnlich sch\u00f6ner Aussicht auf die Adriak\u00fcste: das Hotel Venus liegt in <b>Gabicce Mare<\/b>, wo sich der Berg Monte San Bartolo \u00fcber das Meer erhebt.<\/p>\n\n\n\n<p>Wir erwarten Sie im Hotel Venus mit viel Platz und Aktivit\u00e4ten f\u00fcr Ihre Kinder: viele Stunden <strong>Animation<\/strong> pro Tag, ein Spielplatz im Garten und ein Indoor-Raum f\u00fcr die Kleinsten. W\u00e4hrend die Kleinen in der Obhut unserer kompetenten und lieben Mitarbeiter*innen sind, k\u00f6nnen die <b>Eltern<\/b> die Segnungen des <b>Wellness-Center<\/b>s genie\u00dfen, mit Sauna, Unterwassermassage und Behandlungen.<\/p>\n\n\n\n<p>Im <b>gro\u00dfen halb-olympischen Schwimmbad, mit Kinderbecken<\/b>, k\u00f6nnt Ihr schwimmen wie Weltmeister oder entspannen wie VIPs.<\/p>\n\n\n\n<p>Zum nahen <b>Privatstrand<\/b> kommt Ihr ganz bequem mit unserem<b> Shuttle-Service<\/b> oder mit einen kleinen Spaziergang. Ihr findet dort einen <b>Mini-Club, Spielplatz, Wickeltisch <\/b>und <b>Lese-Ecke<\/b> mit Sofas und Zeitungen. Wenn Ihr wollt, k\u00f6nnt Ihr unser <b>Mittagessen zum Sonnenschirm mitnehmen.<\/b><\/p>\n\n\n\n<p>K\u00f6stliche Mahlzeiten mit Meerblick verw\u00f6hnen Eure Gaumen, und auch die Augen: <b>vielseitiges Fr\u00fchst\u00fccksbuffet, reiche Auswahl von Vor- und Hauptgerichten<\/b>, Vorspeisen-Buffet und leckere Desserts. F\u00fcr die kleinen G\u00e4ste <b>eigene Men\u00fcs<\/b>, <b>flexible Essenszeiten<\/b>, kindgerechtes Besteck und Hochst\u00fchle.<\/p>\n\n\n\n<p>Auch in den komfortablen und gem\u00fctlichen <b>Zimmern<\/b> stellen wir <b>Baby-Ausr\u00fcstung<\/b> zur Verf\u00fcgung, so dass Ihr <b>nicht schwer beladen reisen<\/b> m\u00fcsst.<\/p>\n","protected":false},"excerpt":{"rendered":"<p>Willkommen zum Familienurlaub mit au\u00dfergew\u00f6hnlich sch\u00f6ner Aussicht auf die Adriak\u00fcste: das Hotel Venus liegt in Gabicce Mare, wo sich der Berg Monte San Bartolo \u00fcber das Meer erhebt. Wir erwarten Sie im Hotel Venus mit viel Platz und Aktivit\u00e4ten f\u00fcr Ihre Kinder: viele Stunden Animation pro Tag, ein Spielplatz im Garten und ein Indoor-Raum f\u00fcr &hellip;<\/p>\n","protected":false},"author":535,"featured_media":0,"parent":94,"menu_order":0,"comment_status":"closed","ping_status":"closed","template":"page-templates\/scheda_hotel.php","meta":{"_acf_changed":false,"inline_featured_image":false,"footnotes":""},"class_list":["post-4577","page","type-page","status-publish","hentry"],"acf":[],"yoast_head":"<!-- This site is optimized with the Yoast SEO plugin v27.1 - https:\/\/yoast.com\/product\/yoast-seo-wordpress\/ -->\n<title>Hotel Venus 4-Sterne, Gabicce Mare<\/title>\n<meta name=\"description\" content=\"Lust auf Familienurlaub? Entdecken Sie die Familienangebote f\u00fcr Hotel Venus in Gabicce Mare\" \/>\n<meta name=\"robots\" content=\"index, follow, max-snippet:-1, max-image-preview:large, max-video-preview:-1\" \/>\n<link rel=\"canonical\" href=\"https:\/\/www.italyfamilyhotels.it\/de\/family-hotels\/hotel-venus-gabicce-mare\" \/>\n<meta property=\"og:locale\" content=\"de_DE\" \/>\n<meta property=\"og:type\" content=\"article\" \/>\n<meta property=\"og:title\" content=\"Hotel Venus 4-Sterne, Gabicce Mare\" \/>\n<meta property=\"og:description\" content=\"Lust auf Familienurlaub? Entdecken Sie die Familienangebote f\u00fcr Hotel Venus in Gabicce Mare\" \/>\n<meta property=\"og:url\" content=\"https:\/\/www.italyfamilyhotels.it\/de\/family-hotels\/hotel-venus-gabicce-mare\" \/>\n<meta property=\"og:site_name\" content=\"Italy Family Hotels\" \/>\n<meta property=\"article:publisher\" content=\"https:\/\/www.facebook.com\/ItalyFamilyHotels\/\" \/>\n<meta property=\"article:modified_time\" content=\"2023-06-15T14:24:38+00:00\" \/>\n<meta name=\"twitter:card\" content=\"summary_large_image\" \/>\n<meta name=\"twitter:label1\" content=\"Gesch\u00e4tzte Lesezeit\" \/>\n\t<meta name=\"twitter:data1\" content=\"2\u00a0Minuten\" \/>\n<script type=\"application\/ld+json\" class=\"yoast-schema-graph\">{\"@context\":\"https:\/\/schema.org\",\"@graph\":[{\"@type\":\"WebPage\",\"@id\":\"https:\/\/www.italyfamilyhotels.it\/de\/family-hotels\/hotel-venus-gabicce-mare\",\"url\":\"https:\/\/www.italyfamilyhotels.it\/de\/family-hotels\/hotel-venus-gabicce-mare\",\"name\":\"Hotel Venus 4-Sterne, Gabicce Mare\",\"isPartOf\":{\"@id\":\"https:\/\/www.italyfamilyhotels.it\/#website\"},\"datePublished\":\"2022-03-14T11:38:15+00:00\",\"dateModified\":\"2023-06-15T14:24:38+00:00\",\"description\":\"Lust auf Familienurlaub? Entdecken Sie die Familienangebote f\u00fcr Hotel Venus in Gabicce Mare\",\"breadcrumb\":{\"@id\":\"https:\/\/www.italyfamilyhotels.it\/de\/family-hotels\/hotel-venus-gabicce-mare#breadcrumb\"},\"inLanguage\":\"de\",\"potentialAction\":[{\"@type\":\"ReadAction\",\"target\":[\"https:\/\/www.italyfamilyhotels.it\/de\/family-hotels\/hotel-venus-gabicce-mare\"]}]},{\"@type\":\"BreadcrumbList\",\"@id\":\"https:\/\/www.italyfamilyhotels.it\/de\/family-hotels\/hotel-venus-gabicce-mare#breadcrumb\",\"itemListElement\":[{\"@type\":\"ListItem\",\"position\":1,\"name\":\"Home\",\"item\":\"https:\/\/www.italyfamilyhotels.it\/de\"},{\"@type\":\"ListItem\",\"position\":2,\"name\":\"Family Hotels\",\"item\":\"https:\/\/www.italyfamilyhotels.it\/de\/family-hotels\"},{\"@type\":\"ListItem\",\"position\":3,\"name\":\"Hotel Venus\"}]},{\"@type\":\"WebSite\",\"@id\":\"https:\/\/www.italyfamilyhotels.it\/#website\",\"url\":\"https:\/\/www.italyfamilyhotels.it\/\",\"name\":\"Italy Family Hotels\",\"description\":\"\",\"potentialAction\":[{\"@type\":\"SearchAction\",\"target\":{\"@type\":\"EntryPoint\",\"urlTemplate\":\"https:\/\/www.italyfamilyhotels.it\/?s={search_term_string}\"},\"query-input\":{\"@type\":\"PropertyValueSpecification\",\"valueRequired\":true,\"valueName\":\"search_term_string\"}}],\"inLanguage\":\"de\"}]}<\/script>\n<!-- \/ Yoast SEO plugin. -->","yoast_head_json":{"title":"Hotel Venus 4-Sterne, Gabicce Mare","description":"Lust auf Familienurlaub? Entdecken Sie die Familienangebote f\u00fcr Hotel Venus in Gabicce Mare","robots":{"index":"index","follow":"follow","max-snippet":"max-snippet:-1","max-image-preview":"max-image-preview:large","max-video-preview":"max-video-preview:-1"},"canonical":"https:\/\/www.italyfamilyhotels.it\/de\/family-hotels\/hotel-venus-gabicce-mare","og_locale":"de_DE","og_type":"article","og_title":"Hotel Venus 4-Sterne, Gabicce Mare","og_description":"Lust auf Familienurlaub? Entdecken Sie die Familienangebote f\u00fcr Hotel Venus in Gabicce Mare","og_url":"https:\/\/www.italyfamilyhotels.it\/de\/family-hotels\/hotel-venus-gabicce-mare","og_site_name":"Italy Family Hotels","article_publisher":"https:\/\/www.facebook.com\/ItalyFamilyHotels\/","article_modified_time":"2023-06-15T14:24:38+00:00","twitter_card":"summary_large_image","twitter_misc":{"Gesch\u00e4tzte Lesezeit":"2\u00a0Minuten"},"schema":{"@context":"https:\/\/schema.org","@graph":[{"@type":"WebPage","@id":"https:\/\/www.italyfamilyhotels.it\/de\/family-hotels\/hotel-venus-gabicce-mare","url":"https:\/\/www.italyfamilyhotels.it\/de\/family-hotels\/hotel-venus-gabicce-mare","name":"Hotel Venus 4-Sterne, Gabicce Mare","isPartOf":{"@id":"https:\/\/www.italyfamilyhotels.it\/#website"},"datePublished":"2022-03-14T11:38:15+00:00","dateModified":"2023-06-15T14:24:38+00:00","description":"Lust auf Familienurlaub? Entdecken Sie die Familienangebote f\u00fcr Hotel Venus in Gabicce Mare","breadcrumb":{"@id":"https:\/\/www.italyfamilyhotels.it\/de\/family-hotels\/hotel-venus-gabicce-mare#breadcrumb"},"inLanguage":"de","potentialAction":[{"@type":"ReadAction","target":["https:\/\/www.italyfamilyhotels.it\/de\/family-hotels\/hotel-venus-gabicce-mare"]}]},{"@type":"BreadcrumbList","@id":"https:\/\/www.italyfamilyhotels.it\/de\/family-hotels\/hotel-venus-gabicce-mare#breadcrumb","itemListElement":[{"@type":"ListItem","position":1,"name":"Home","item":"https:\/\/www.italyfamilyhotels.it\/de"},{"@type":"ListItem","position":2,"name":"Family Hotels","item":"https:\/\/www.italyfamilyhotels.it\/de\/family-hotels"},{"@type":"ListItem","position":3,"name":"Hotel Venus"}]},{"@type":"WebSite","@id":"https:\/\/www.italyfamilyhotels.it\/#website","url":"https:\/\/www.italyfamilyhotels.it\/","name":"Italy Family Hotels","description":"","potentialAction":[{"@type":"SearchAction","target":{"@type":"EntryPoint","urlTemplate":"https:\/\/www.italyfamilyhotels.it\/?s={search_term_string}"},"query-input":{"@type":"PropertyValueSpecification","valueRequired":true,"valueName":"search_term_string"}}],"inLanguage":"de"}]}},"_links":{"self":[{"href":"https:\/\/www.italyfamilyhotels.it\/de\/wp-json\/wp\/v2\/pages\/4577","targetHints":{"allow":["GET"]}}],"collection":[{"href":"https:\/\/www.italyfamilyhotels.it\/de\/wp-json\/wp\/v2\/pages"}],"about":[{"href":"https:\/\/www.italyfamilyhotels.it\/de\/wp-json\/wp\/v2\/types\/page"}],"author":[{"embeddable":true,"href":"https:\/\/www.italyfamilyhotels.it\/de\/wp-json\/wp\/v2\/users\/535"}],"replies":[{"embeddable":true,"href":"https:\/\/www.italyfamilyhotels.it\/de\/wp-json\/wp\/v2\/comments?post=4577"}],"version-history":[{"count":12,"href":"https:\/\/www.italyfamilyhotels.it\/de\/wp-json\/wp\/v2\/pages\/4577\/revisions"}],"predecessor-version":[{"id":50037,"href":"https:\/\/www.italyfamilyhotels.it\/de\/wp-json\/wp\/v2\/pages\/4577\/revisions\/50037"}],"up":[{"embeddable":true,"href":"https:\/\/www.italyfamilyhotels.it\/de\/wp-json\/wp\/v2\/pages\/94"}],"wp:attachment":[{"href":"https:\/\/www.italyfamilyhotels.it\/de\/wp-json\/wp\/v2\/media?parent=4577"}],"curies":[{"name":"wp","href":"https:\/\/api.w.org\/{rel}","templated":true}]}}