{"id":4572,"date":"2022-03-14T12:38:14","date_gmt":"2022-03-14T11:38:14","guid":{"rendered":"https:\/\/www.italyfamilyhotels.it\/family-hotels\/post-alpina-family-mountain-chalet"},"modified":"2026-03-31T15:57:10","modified_gmt":"2026-03-31T13:57:10","slug":"post-alpina-family-mountain-chalet-san-candido-versciaco","status":"publish","type":"page","link":"https:\/\/www.italyfamilyhotels.it\/de\/family-hotels\/post-alpina-family-mountain-chalet-san-candido-versciaco","title":{"rendered":"Post Alpina &#8211; Family Chalets Dolomites"},"content":{"rendered":"\n<p>Willkommen in unserem Almdorf, dem ersten in S\u00fcdtirol! Hier im <b>Post Alpina &#8211; Family Chalets Dolomites <\/b>in <strong>Versciaco\/<\/strong><b>Innichen<\/b> ist alles auf das Wohlbefinden und die Freude von Gro\u00df und Klein ausgerichtet. Wir befinden uns direkt an der Skipiste der <b>Dolomitenregion 3 Zinnen<\/b> und in einem idealen Gebiet f\u00fcr <b>Wanderungen<\/b>.<\/p>\n\n\n\n<p>F\u00fcr Kinder gibt es eine ganze Welt voller Spa\u00df zu entdecken, zusammen mit dem Animationsteam und der s\u00fc\u00dfen <b>Pina<\/b>, dem <b>Maskottchen des Hotels<\/b>. Ganzt\u00e4gige Betreuung f\u00fcr Kinder <b>ab 3 Jahren<\/b>, mit Aktivit\u00e4ten in verschiedenen Altersgruppen im <b>Mini- und<\/b> <b>Teenie-Club<\/b> und in <b>Pinas Kreativwerkstatt<\/b>, wo sie Sch\u00e4tze und Kunstwerke herstellen oder gemeinsam kochen k\u00f6nnen. F\u00fcr die Kleinsten gibt es einen <b>eigenen Raum<\/b> mit einer weichen Schaukel, Riesen-Lego und vielem mehr. \u00c4ltere Kinder brauchen auch einen Raum, in dem sie Spa\u00df haben und Freundschaften mit Gleichaltrigen schlie\u00dfen k\u00f6nnen. Deshalb haben wir eine <b>Teenie-Lounge<\/b> mit Playstation, Airhockey, Wii und Multitouch-Computern eingerichtet.<\/p>\n\n\n\n<p>An Platz im Freien mangelt es nicht: Auf dem <b>Pina-Spielplatz<\/b> k\u00f6nnen sich die Kinder mit Schaukeln, einer Rutsche, einem versenkten Trampolin und einem Bewegungsparcours vergn\u00fcgen und dabei in Kontakt mit der Natur bleiben.<\/p>\n\n\n\n<p>Im Post Alpina<b> ist Wellness f\u00fcr die Familie<\/b>. Verpassen Sie nicht die Momente purer Entspannung nach einem Tag voller Wanderungen und Spa\u00df in unserem <b>Wellness-Center Vita Alpina<\/b>. Eine Familiensauna, ein <b>mit dem 31\u00b0C warmen Au\u00dfenbecken verbundenes Hallenbad <\/b>und ein <b>32\u00b0Cwarmes<\/b> <b>Superbecken f\u00fcr Babys und Kinder<\/b> mit Wasserspielen in Tierform, Spielzeug und einer kleinen Traktorrutsche. <b>Nur f\u00fcr Mama und Papa<\/b>, Dampfsauna Cristallo, Tepidarium Primavera, finnische Alpensauna, finnische Sauna im Freien, Liegest\u00fchle zum Entspannen im Au\u00dfensaunabereich, Ruheraum mit beheizten Wasserbetten und Fitnessbereich.<\/p>\n\n\n\n<p>Bei uns wird <b>Flexibilit\u00e4t<\/b> gro\u00dfgeschrieben! Vor allem entscheiden Sie \u00fcber den Stil Ihres Urlaubs: Bevorzugen Sie einen entspannenden Aufenthalt in unseren exklusiven <b>Suiten<\/b> mit allen Inklusivleistungen eines Hotels oder die Freiheit der eleganten <b>Bergchalets<\/b> in einer <b>Aparthotel-Formel<\/b>? W\u00e4hrend Ihres Aufenthaltes in den Apartments k\u00f6nnen Sie dann <b>Ihre Serviceleistungen individuell in Anspruch nehmen <\/b>und entscheiden, ob Sie kochen oder Fr\u00fchst\u00fcck und Abendessen im Hotel buchen m\u00f6chten! Die Zimmer und Chalets sind speziell f\u00fcr Familien konzipiert und mit den notwendigen <b>Einrichtungen f\u00fcr Babys<\/b> ausgestattet, so dass Sie mit leichtem Gep\u00e4ck reisen k\u00f6nnen.<\/p>\n\n\n\n<p>Doch damit nicht genug der \u00dcberraschungen: In der Sommersaison bereiten wir <b>an 6 Tagen in der Woche ein Programm<\/b> mit Ausfl\u00fcgen und Aktivit\u00e4ten zur Entdeckung der Dolomitenregion Drei Zinnen vor, begleitet von unserem Bergf\u00fchrer.<\/p>\n","protected":false},"excerpt":{"rendered":"<p>Willkommen in unserem Almdorf, dem ersten in S\u00fcdtirol! Hier im Post Alpina &#8211; Family Chalets Dolomites in Versciaco\/Innichen ist alles auf das Wohlbefinden und die Freude von Gro\u00df und Klein ausgerichtet. Wir befinden uns direkt an der Skipiste der Dolomitenregion 3 Zinnen und in einem idealen Gebiet f\u00fcr Wanderungen. F\u00fcr Kinder gibt es eine ganze &hellip;<\/p>\n","protected":false},"author":163,"featured_media":0,"parent":94,"menu_order":0,"comment_status":"closed","ping_status":"closed","template":"page-templates\/scheda_hotel.php","meta":{"_acf_changed":false,"inline_featured_image":false,"footnotes":""},"class_list":["post-4572","page","type-page","status-publish","hentry"],"acf":[],"yoast_head":"<!-- This site is optimized with the Yoast SEO plugin v27.1 - https:\/\/yoast.com\/product\/yoast-seo-wordpress\/ -->\n<title>Post Alpina Family Chalets Dolomites, 4 Sterne Superior, Innichen\/Vierschach<\/title>\n<meta name=\"description\" content=\"Lust auf Urlaub mit Ihrer Familie? Entdecken Sie die Familienangebote im Post Alpina Family Chalets Dolomites in Innichen \/ Vierschach\" \/>\n<meta name=\"robots\" content=\"index, follow, max-snippet:-1, max-image-preview:large, max-video-preview:-1\" \/>\n<link rel=\"canonical\" href=\"https:\/\/www.italyfamilyhotels.it\/de\/family-hotels\/post-alpina-family-mountain-chalet-san-candido-versciaco\" \/>\n<meta property=\"og:locale\" content=\"de_DE\" \/>\n<meta property=\"og:type\" content=\"article\" \/>\n<meta property=\"og:title\" content=\"Post Alpina Family Chalets Dolomites, 4 Sterne Superior, Innichen\/Vierschach\" \/>\n<meta property=\"og:description\" content=\"Lust auf Urlaub mit Ihrer Familie? Entdecken Sie die Familienangebote im Post Alpina Family Chalets Dolomites in Innichen \/ Vierschach\" \/>\n<meta property=\"og:url\" content=\"https:\/\/www.italyfamilyhotels.it\/de\/family-hotels\/post-alpina-family-mountain-chalet-san-candido-versciaco\" \/>\n<meta property=\"og:site_name\" content=\"Italy Family Hotels\" \/>\n<meta property=\"article:publisher\" content=\"https:\/\/www.facebook.com\/ItalyFamilyHotels\/\" \/>\n<meta property=\"article:modified_time\" content=\"2026-03-31T13:57:10+00:00\" \/>\n<meta name=\"twitter:card\" content=\"summary_large_image\" \/>\n<meta name=\"twitter:label1\" content=\"Gesch\u00e4tzte Lesezeit\" \/>\n\t<meta name=\"twitter:data1\" content=\"1\u00a0Minute\" \/>\n<script type=\"application\/ld+json\" class=\"yoast-schema-graph\">{\"@context\":\"https:\/\/schema.org\",\"@graph\":[{\"@type\":\"WebPage\",\"@id\":\"https:\/\/www.italyfamilyhotels.it\/de\/family-hotels\/post-alpina-family-mountain-chalet-san-candido-versciaco\",\"url\":\"https:\/\/www.italyfamilyhotels.it\/de\/family-hotels\/post-alpina-family-mountain-chalet-san-candido-versciaco\",\"name\":\"Post Alpina Family Chalets Dolomites, 4 Sterne Superior, Innichen\/Vierschach\",\"isPartOf\":{\"@id\":\"https:\/\/www.italyfamilyhotels.it\/#website\"},\"datePublished\":\"2022-03-14T11:38:14+00:00\",\"dateModified\":\"2026-03-31T13:57:10+00:00\",\"description\":\"Lust auf Urlaub mit Ihrer Familie? Entdecken Sie die Familienangebote im Post Alpina Family Chalets Dolomites in Innichen \/ Vierschach\",\"breadcrumb\":{\"@id\":\"https:\/\/www.italyfamilyhotels.it\/de\/family-hotels\/post-alpina-family-mountain-chalet-san-candido-versciaco#breadcrumb\"},\"inLanguage\":\"de\",\"potentialAction\":[{\"@type\":\"ReadAction\",\"target\":[\"https:\/\/www.italyfamilyhotels.it\/de\/family-hotels\/post-alpina-family-mountain-chalet-san-candido-versciaco\"]}]},{\"@type\":\"BreadcrumbList\",\"@id\":\"https:\/\/www.italyfamilyhotels.it\/de\/family-hotels\/post-alpina-family-mountain-chalet-san-candido-versciaco#breadcrumb\",\"itemListElement\":[{\"@type\":\"ListItem\",\"position\":1,\"name\":\"Home\",\"item\":\"https:\/\/www.italyfamilyhotels.it\/de\"},{\"@type\":\"ListItem\",\"position\":2,\"name\":\"Family Hotels\",\"item\":\"https:\/\/www.italyfamilyhotels.it\/de\/family-hotels\"},{\"@type\":\"ListItem\",\"position\":3,\"name\":\"Post Alpina &#8211; Family Chalets Dolomites\"}]},{\"@type\":\"WebSite\",\"@id\":\"https:\/\/www.italyfamilyhotels.it\/#website\",\"url\":\"https:\/\/www.italyfamilyhotels.it\/\",\"name\":\"Italy Family Hotels\",\"description\":\"\",\"potentialAction\":[{\"@type\":\"SearchAction\",\"target\":{\"@type\":\"EntryPoint\",\"urlTemplate\":\"https:\/\/www.italyfamilyhotels.it\/?s={search_term_string}\"},\"query-input\":{\"@type\":\"PropertyValueSpecification\",\"valueRequired\":true,\"valueName\":\"search_term_string\"}}],\"inLanguage\":\"de\"}]}<\/script>\n<!-- \/ Yoast SEO plugin. -->","yoast_head_json":{"title":"Post Alpina Family Chalets Dolomites, 4 Sterne Superior, Innichen\/Vierschach","description":"Lust auf Urlaub mit Ihrer Familie? Entdecken Sie die Familienangebote im Post Alpina Family Chalets Dolomites in Innichen \/ Vierschach","robots":{"index":"index","follow":"follow","max-snippet":"max-snippet:-1","max-image-preview":"max-image-preview:large","max-video-preview":"max-video-preview:-1"},"canonical":"https:\/\/www.italyfamilyhotels.it\/de\/family-hotels\/post-alpina-family-mountain-chalet-san-candido-versciaco","og_locale":"de_DE","og_type":"article","og_title":"Post Alpina Family Chalets Dolomites, 4 Sterne Superior, Innichen\/Vierschach","og_description":"Lust auf Urlaub mit Ihrer Familie? Entdecken Sie die Familienangebote im Post Alpina Family Chalets Dolomites in Innichen \/ Vierschach","og_url":"https:\/\/www.italyfamilyhotels.it\/de\/family-hotels\/post-alpina-family-mountain-chalet-san-candido-versciaco","og_site_name":"Italy Family Hotels","article_publisher":"https:\/\/www.facebook.com\/ItalyFamilyHotels\/","article_modified_time":"2026-03-31T13:57:10+00:00","twitter_card":"summary_large_image","twitter_misc":{"Gesch\u00e4tzte Lesezeit":"1\u00a0Minute"},"schema":{"@context":"https:\/\/schema.org","@graph":[{"@type":"WebPage","@id":"https:\/\/www.italyfamilyhotels.it\/de\/family-hotels\/post-alpina-family-mountain-chalet-san-candido-versciaco","url":"https:\/\/www.italyfamilyhotels.it\/de\/family-hotels\/post-alpina-family-mountain-chalet-san-candido-versciaco","name":"Post Alpina Family Chalets Dolomites, 4 Sterne Superior, Innichen\/Vierschach","isPartOf":{"@id":"https:\/\/www.italyfamilyhotels.it\/#website"},"datePublished":"2022-03-14T11:38:14+00:00","dateModified":"2026-03-31T13:57:10+00:00","description":"Lust auf Urlaub mit Ihrer Familie? Entdecken Sie die Familienangebote im Post Alpina Family Chalets Dolomites in Innichen \/ Vierschach","breadcrumb":{"@id":"https:\/\/www.italyfamilyhotels.it\/de\/family-hotels\/post-alpina-family-mountain-chalet-san-candido-versciaco#breadcrumb"},"inLanguage":"de","potentialAction":[{"@type":"ReadAction","target":["https:\/\/www.italyfamilyhotels.it\/de\/family-hotels\/post-alpina-family-mountain-chalet-san-candido-versciaco"]}]},{"@type":"BreadcrumbList","@id":"https:\/\/www.italyfamilyhotels.it\/de\/family-hotels\/post-alpina-family-mountain-chalet-san-candido-versciaco#breadcrumb","itemListElement":[{"@type":"ListItem","position":1,"name":"Home","item":"https:\/\/www.italyfamilyhotels.it\/de"},{"@type":"ListItem","position":2,"name":"Family Hotels","item":"https:\/\/www.italyfamilyhotels.it\/de\/family-hotels"},{"@type":"ListItem","position":3,"name":"Post Alpina &#8211; Family Chalets Dolomites"}]},{"@type":"WebSite","@id":"https:\/\/www.italyfamilyhotels.it\/#website","url":"https:\/\/www.italyfamilyhotels.it\/","name":"Italy Family Hotels","description":"","potentialAction":[{"@type":"SearchAction","target":{"@type":"EntryPoint","urlTemplate":"https:\/\/www.italyfamilyhotels.it\/?s={search_term_string}"},"query-input":{"@type":"PropertyValueSpecification","valueRequired":true,"valueName":"search_term_string"}}],"inLanguage":"de"}]}},"_links":{"self":[{"href":"https:\/\/www.italyfamilyhotels.it\/de\/wp-json\/wp\/v2\/pages\/4572","targetHints":{"allow":["GET"]}}],"collection":[{"href":"https:\/\/www.italyfamilyhotels.it\/de\/wp-json\/wp\/v2\/pages"}],"about":[{"href":"https:\/\/www.italyfamilyhotels.it\/de\/wp-json\/wp\/v2\/types\/page"}],"author":[{"embeddable":true,"href":"https:\/\/www.italyfamilyhotels.it\/de\/wp-json\/wp\/v2\/users\/163"}],"replies":[{"embeddable":true,"href":"https:\/\/www.italyfamilyhotels.it\/de\/wp-json\/wp\/v2\/comments?post=4572"}],"version-history":[{"count":9,"href":"https:\/\/www.italyfamilyhotels.it\/de\/wp-json\/wp\/v2\/pages\/4572\/revisions"}],"predecessor-version":[{"id":76628,"href":"https:\/\/www.italyfamilyhotels.it\/de\/wp-json\/wp\/v2\/pages\/4572\/revisions\/76628"}],"up":[{"embeddable":true,"href":"https:\/\/www.italyfamilyhotels.it\/de\/wp-json\/wp\/v2\/pages\/94"}],"wp:attachment":[{"href":"https:\/\/www.italyfamilyhotels.it\/de\/wp-json\/wp\/v2\/media?parent=4572"}],"curies":[{"name":"wp","href":"https:\/\/api.w.org\/{rel}","templated":true}]}}