{"id":4567,"date":"2022-03-14T12:38:13","date_gmt":"2022-03-14T11:38:13","guid":{"rendered":"https:\/\/www.italyfamilyhotels.it\/family-hotels\/club-hotel-ancora"},"modified":"2025-02-07T10:10:01","modified_gmt":"2025-02-07T09:10:01","slug":"club-hotel-ancora-stintino","status":"publish","type":"page","link":"https:\/\/www.italyfamilyhotels.it\/de\/family-hotels\/club-hotel-ancora-stintino","title":{"rendered":"UNAHOTELS Club Hotel Ancora"},"content":{"rendered":"\n<p>Willkommen im <strong>UNAHOTELS <\/strong><b>Club Hotel Ancora,<\/b> dem <b>Familien-Hotel von Stintino<\/b>, mit Blick auf den Golf von Asinara und Shuttle-Service zum<b> ber\u00fchmten Strand La Pelosa,<\/b> weniger als <b>1 km entfernt.<\/b><\/p>\n\n\n\n<p>Es liegt mitten in einem <b>10.000 m\u00b2 gro\u00dfen Park<\/b>, mit Spielzonen f\u00fcr die Kinder, Erholungsanlagen und Trimm-Dich-Pfaden. Ihr k\u00f6nnt <b>zu Fu\u00df, auch mit Kinderwagen, zum Privatstrand gehen, <\/b>wo Euch wei\u00dfer Sand, kristallklares Wasser und ein sanft abfallender Meeresboden erwarten. Am <b>halb-olympisches Schwimmbad<\/b> dort organisiert die <b>Animation<\/b> vormittags und nachmittags<b> Aktivit\u00e4ten, Gruppen-T\u00e4nze, Turniere, Spiele, Feste und Nutella-Parties.<\/b><\/p>\n\n\n\n<p><\/p>\n\n\n\n<p>Ihr habt Gelegenheit, Sport zu treiben, auch <b>Tauchen und Schnorcheln<\/b>, die  <b>Insel Asinara <\/b>zu besuchen, oder das Leben im Liegestuhl zu genie\u00dfen.<\/p>\n\n\n\n<p><\/p>\n\n\n\n<p><b>Das t\u00e4gliche Essen ist ein Erlebnis f\u00fcr die ganze Familie:<\/b> lokale Produkte, frische Nudeln, hausgemachte Konditorwaren, Pizza auch zum Mittagessen, abendliche Barbecues sind nur einige der Gen\u00fcsse, die Euren Urlaub bereichern. Die <b>Kinder k\u00f6nnen ihre speziellen Men\u00fcs<\/b> auch <b>am Tisch der Animateur*innen <\/b>genie\u00dfen. Ein Highlight ist der <b>Sardische Abend <\/b>\u2013 eine Reise durch die Geschmackswelt und Handwerksprodukte unserer Insel.<\/p>\n\n\n\n<p>Nach dem Abendessen gibt es <b>Baby-Dance und Shows f\u00fcr alle<\/b>, bevor Ihr in charakteristischen <b>Kleinvillen aus Stintino-Naturstein <\/b>schlafen geht. In Eurem gem\u00fctlichen <b>Familienzimmer<\/b> ist alles da, was Ihr f\u00fcr die Kinder braucht.<\/p>\n","protected":false},"excerpt":{"rendered":"<p>Willkommen im UNAHOTELS Club Hotel Ancora, dem Familien-Hotel von Stintino, mit Blick auf den Golf von Asinara und Shuttle-Service zum ber\u00fchmten Strand La Pelosa, weniger als 1 km entfernt. Es liegt mitten in einem 10.000 m\u00b2 gro\u00dfen Park, mit Spielzonen f\u00fcr die Kinder, Erholungsanlagen und Trimm-Dich-Pfaden. Ihr k\u00f6nnt zu Fu\u00df, auch mit Kinderwagen, zum Privatstrand &hellip;<\/p>\n","protected":false},"author":162,"featured_media":0,"parent":94,"menu_order":0,"comment_status":"closed","ping_status":"closed","template":"page-templates\/scheda_hotel.php","meta":{"_acf_changed":false,"inline_featured_image":false,"footnotes":""},"class_list":["post-4567","page","type-page","status-publish","hentry"],"acf":[],"yoast_head":"<!-- This site is optimized with the Yoast SEO plugin v27.1 - https:\/\/yoast.com\/product\/yoast-seo-wordpress\/ -->\n<title>UNAHOTELS Club Hotel Ancora 4-Sterne, Stintino<\/title>\n<meta name=\"description\" content=\"Lust auf Familienurlaub? Entdecken Sie die Familienangebote f\u00fcr UNAHOTELS Club Hotel Ancora in Stintino\" \/>\n<meta name=\"robots\" content=\"index, follow, max-snippet:-1, max-image-preview:large, max-video-preview:-1\" \/>\n<link rel=\"canonical\" href=\"https:\/\/www.italyfamilyhotels.it\/de\/family-hotels\/club-hotel-ancora-stintino\" \/>\n<meta property=\"og:locale\" content=\"de_DE\" \/>\n<meta property=\"og:type\" content=\"article\" \/>\n<meta property=\"og:title\" content=\"UNAHOTELS Club Hotel Ancora 4-Sterne, Stintino\" \/>\n<meta property=\"og:description\" content=\"Lust auf Familienurlaub? Entdecken Sie die Familienangebote f\u00fcr UNAHOTELS Club Hotel Ancora in Stintino\" \/>\n<meta property=\"og:url\" content=\"https:\/\/www.italyfamilyhotels.it\/de\/family-hotels\/club-hotel-ancora-stintino\" \/>\n<meta property=\"og:site_name\" content=\"Italy Family Hotels\" \/>\n<meta property=\"article:publisher\" content=\"https:\/\/www.facebook.com\/ItalyFamilyHotels\/\" \/>\n<meta property=\"article:modified_time\" content=\"2025-02-07T09:10:01+00:00\" \/>\n<meta name=\"twitter:card\" content=\"summary_large_image\" \/>\n<meta name=\"twitter:label1\" content=\"Gesch\u00e4tzte Lesezeit\" \/>\n\t<meta name=\"twitter:data1\" content=\"1\u00a0Minute\" \/>\n<script type=\"application\/ld+json\" class=\"yoast-schema-graph\">{\"@context\":\"https:\/\/schema.org\",\"@graph\":[{\"@type\":\"WebPage\",\"@id\":\"https:\/\/www.italyfamilyhotels.it\/de\/family-hotels\/club-hotel-ancora-stintino\",\"url\":\"https:\/\/www.italyfamilyhotels.it\/de\/family-hotels\/club-hotel-ancora-stintino\",\"name\":\"UNAHOTELS Club Hotel Ancora 4-Sterne, Stintino\",\"isPartOf\":{\"@id\":\"https:\/\/www.italyfamilyhotels.it\/#website\"},\"datePublished\":\"2022-03-14T11:38:13+00:00\",\"dateModified\":\"2025-02-07T09:10:01+00:00\",\"description\":\"Lust auf Familienurlaub? Entdecken Sie die Familienangebote f\u00fcr UNAHOTELS Club Hotel Ancora in Stintino\",\"breadcrumb\":{\"@id\":\"https:\/\/www.italyfamilyhotels.it\/de\/family-hotels\/club-hotel-ancora-stintino#breadcrumb\"},\"inLanguage\":\"de\",\"potentialAction\":[{\"@type\":\"ReadAction\",\"target\":[\"https:\/\/www.italyfamilyhotels.it\/de\/family-hotels\/club-hotel-ancora-stintino\"]}]},{\"@type\":\"BreadcrumbList\",\"@id\":\"https:\/\/www.italyfamilyhotels.it\/de\/family-hotels\/club-hotel-ancora-stintino#breadcrumb\",\"itemListElement\":[{\"@type\":\"ListItem\",\"position\":1,\"name\":\"Home\",\"item\":\"https:\/\/www.italyfamilyhotels.it\/de\"},{\"@type\":\"ListItem\",\"position\":2,\"name\":\"Family Hotels\",\"item\":\"https:\/\/www.italyfamilyhotels.it\/de\/family-hotels\"},{\"@type\":\"ListItem\",\"position\":3,\"name\":\"UNAHOTELS Club Hotel Ancora\"}]},{\"@type\":\"WebSite\",\"@id\":\"https:\/\/www.italyfamilyhotels.it\/#website\",\"url\":\"https:\/\/www.italyfamilyhotels.it\/\",\"name\":\"Italy Family Hotels\",\"description\":\"\",\"potentialAction\":[{\"@type\":\"SearchAction\",\"target\":{\"@type\":\"EntryPoint\",\"urlTemplate\":\"https:\/\/www.italyfamilyhotels.it\/?s={search_term_string}\"},\"query-input\":{\"@type\":\"PropertyValueSpecification\",\"valueRequired\":true,\"valueName\":\"search_term_string\"}}],\"inLanguage\":\"de\"}]}<\/script>\n<!-- \/ Yoast SEO plugin. -->","yoast_head_json":{"title":"UNAHOTELS Club Hotel Ancora 4-Sterne, Stintino","description":"Lust auf Familienurlaub? Entdecken Sie die Familienangebote f\u00fcr UNAHOTELS Club Hotel Ancora in Stintino","robots":{"index":"index","follow":"follow","max-snippet":"max-snippet:-1","max-image-preview":"max-image-preview:large","max-video-preview":"max-video-preview:-1"},"canonical":"https:\/\/www.italyfamilyhotels.it\/de\/family-hotels\/club-hotel-ancora-stintino","og_locale":"de_DE","og_type":"article","og_title":"UNAHOTELS Club Hotel Ancora 4-Sterne, Stintino","og_description":"Lust auf Familienurlaub? Entdecken Sie die Familienangebote f\u00fcr UNAHOTELS Club Hotel Ancora in Stintino","og_url":"https:\/\/www.italyfamilyhotels.it\/de\/family-hotels\/club-hotel-ancora-stintino","og_site_name":"Italy Family Hotels","article_publisher":"https:\/\/www.facebook.com\/ItalyFamilyHotels\/","article_modified_time":"2025-02-07T09:10:01+00:00","twitter_card":"summary_large_image","twitter_misc":{"Gesch\u00e4tzte Lesezeit":"1\u00a0Minute"},"schema":{"@context":"https:\/\/schema.org","@graph":[{"@type":"WebPage","@id":"https:\/\/www.italyfamilyhotels.it\/de\/family-hotels\/club-hotel-ancora-stintino","url":"https:\/\/www.italyfamilyhotels.it\/de\/family-hotels\/club-hotel-ancora-stintino","name":"UNAHOTELS Club Hotel Ancora 4-Sterne, Stintino","isPartOf":{"@id":"https:\/\/www.italyfamilyhotels.it\/#website"},"datePublished":"2022-03-14T11:38:13+00:00","dateModified":"2025-02-07T09:10:01+00:00","description":"Lust auf Familienurlaub? Entdecken Sie die Familienangebote f\u00fcr UNAHOTELS Club Hotel Ancora in Stintino","breadcrumb":{"@id":"https:\/\/www.italyfamilyhotels.it\/de\/family-hotels\/club-hotel-ancora-stintino#breadcrumb"},"inLanguage":"de","potentialAction":[{"@type":"ReadAction","target":["https:\/\/www.italyfamilyhotels.it\/de\/family-hotels\/club-hotel-ancora-stintino"]}]},{"@type":"BreadcrumbList","@id":"https:\/\/www.italyfamilyhotels.it\/de\/family-hotels\/club-hotel-ancora-stintino#breadcrumb","itemListElement":[{"@type":"ListItem","position":1,"name":"Home","item":"https:\/\/www.italyfamilyhotels.it\/de"},{"@type":"ListItem","position":2,"name":"Family Hotels","item":"https:\/\/www.italyfamilyhotels.it\/de\/family-hotels"},{"@type":"ListItem","position":3,"name":"UNAHOTELS Club Hotel Ancora"}]},{"@type":"WebSite","@id":"https:\/\/www.italyfamilyhotels.it\/#website","url":"https:\/\/www.italyfamilyhotels.it\/","name":"Italy Family Hotels","description":"","potentialAction":[{"@type":"SearchAction","target":{"@type":"EntryPoint","urlTemplate":"https:\/\/www.italyfamilyhotels.it\/?s={search_term_string}"},"query-input":{"@type":"PropertyValueSpecification","valueRequired":true,"valueName":"search_term_string"}}],"inLanguage":"de"}]}},"_links":{"self":[{"href":"https:\/\/www.italyfamilyhotels.it\/de\/wp-json\/wp\/v2\/pages\/4567","targetHints":{"allow":["GET"]}}],"collection":[{"href":"https:\/\/www.italyfamilyhotels.it\/de\/wp-json\/wp\/v2\/pages"}],"about":[{"href":"https:\/\/www.italyfamilyhotels.it\/de\/wp-json\/wp\/v2\/types\/page"}],"author":[{"embeddable":true,"href":"https:\/\/www.italyfamilyhotels.it\/de\/wp-json\/wp\/v2\/users\/162"}],"replies":[{"embeddable":true,"href":"https:\/\/www.italyfamilyhotels.it\/de\/wp-json\/wp\/v2\/comments?post=4567"}],"version-history":[{"count":6,"href":"https:\/\/www.italyfamilyhotels.it\/de\/wp-json\/wp\/v2\/pages\/4567\/revisions"}],"predecessor-version":[{"id":65565,"href":"https:\/\/www.italyfamilyhotels.it\/de\/wp-json\/wp\/v2\/pages\/4567\/revisions\/65565"}],"up":[{"embeddable":true,"href":"https:\/\/www.italyfamilyhotels.it\/de\/wp-json\/wp\/v2\/pages\/94"}],"wp:attachment":[{"href":"https:\/\/www.italyfamilyhotels.it\/de\/wp-json\/wp\/v2\/media?parent=4567"}],"curies":[{"name":"wp","href":"https:\/\/api.w.org\/{rel}","templated":true}]}}