{"id":4562,"date":"2022-03-14T12:38:13","date_gmt":"2022-03-14T11:38:13","guid":{"rendered":"https:\/\/www.italyfamilyhotels.it\/family-hotels\/hotel-imperial-sport"},"modified":"2025-03-27T10:04:37","modified_gmt":"2025-03-27T09:04:37","slug":"hotel-imperial-sport-pesaro","status":"publish","type":"page","link":"https:\/\/www.italyfamilyhotels.it\/de\/family-hotels\/hotel-imperial-sport-pesaro","title":{"rendered":"Unahotels Imperial Sport Hotel"},"content":{"rendered":"\n<p>Willkommen im <b>Unahotels Imperial Sport Hotel in Pesaro, <\/b>zu einem erholsamen <b>Familien-Urlaub am Meer! Der<\/b> <b>Strand liegt vor der T\u00fcr<\/b> in Kinderf\u00fc\u00dfchen-Reichweite, im   <b>halb-olympischen Schwimmbad<\/b> vergn\u00fcgen sich die Kinder oder nehmen an Schwimmkursen teil, die Gro\u00dfen kommen  mit Wassergymnastik und Aerobik in Schwung, und die ganz Kleinen planschen im <b>beheizten Mini-Pool <\/b>mit Spielecke.<\/p>\n\n\n\n<p><\/p>\n\n\n\n<p>Im<b> Mini-Club f\u00fcr G\u00e4ste zwischen 4 und 11 Jahren<\/b> wird mit Spielen, kreativen Arbeiten und Auff\u00fchrungen der Frohsinn kultiviert.<\/p>\n\n\n\n<p>Und im <b>Speisesaal<\/b> wird der <b>Geschmackssinn<\/b> kultiviert, was dem Frohsinn weiteren Auftrieb gibt.<\/p>\n\n\n\n<p>Hier im Unahotels Imperial Sport Hotel kannst Du Dich nach Belieben dem <b>Ausruhen<\/b>, dem <b>Vergn\u00fcgen<\/b> und dem<b> Aktiv-Urlaub<\/b> hingeben: wir stellen Fahrr\u00e4der zur Verf\u00fcgung f\u00fcr weite Touren oder den Stadtbummel in Pesaro. F\u00fcr <b>Outdoor-Aktivit\u00e4ten<\/b> \u2013 Trekking, Nordic Walking, Radfahren \u2013 habt Ihr den Naturpark des Monte San Bartolo vor der T\u00fcr und nicht weit dahinter die Berge des Landesinneren. Um die Kinder k\u00fcmmert sich die Animation.<\/p>\n\n\n\n<p>Eines haben wir noch nicht gesagt: <b>Ihr seht das Meer von jedem Zimmer aus<\/b>. Die sch\u00f6ne Adria w\u00fcnscht Euch Guten Morgen und Gute Nacht.<\/p>\n","protected":false},"excerpt":{"rendered":"<p>Willkommen im Unahotels Imperial Sport Hotel in Pesaro, zu einem erholsamen Familien-Urlaub am Meer! Der Strand liegt vor der T\u00fcr in Kinderf\u00fc\u00dfchen-Reichweite, im halb-olympischen Schwimmbad vergn\u00fcgen sich die Kinder oder nehmen an Schwimmkursen teil, die Gro\u00dfen kommen mit Wassergymnastik und Aerobik in Schwung, und die ganz Kleinen planschen im beheizten Mini-Pool mit Spielecke. Im Mini-Club &hellip;<\/p>\n","protected":false},"author":161,"featured_media":0,"parent":94,"menu_order":0,"comment_status":"closed","ping_status":"closed","template":"page-templates\/scheda_hotel.php","meta":{"_acf_changed":false,"inline_featured_image":false,"footnotes":""},"class_list":["post-4562","page","type-page","status-publish","hentry"],"acf":[],"yoast_head":"<!-- This site is optimized with the Yoast SEO plugin v27.1 - https:\/\/yoast.com\/product\/yoast-seo-wordpress\/ -->\n<title>Unahotels Imperial Sport Hotel 4-Sterne, Pesaro<\/title>\n<meta name=\"description\" content=\"Lust auf Familienurlaub? Entdecken Sie die Familienangebote f\u00fcr Unahotels Imperial Sport Hotel in Pesaro\" \/>\n<meta name=\"robots\" content=\"index, follow, max-snippet:-1, max-image-preview:large, max-video-preview:-1\" \/>\n<link rel=\"canonical\" href=\"https:\/\/www.italyfamilyhotels.it\/de\/family-hotels\/hotel-imperial-sport-pesaro\" \/>\n<meta property=\"og:locale\" content=\"de_DE\" \/>\n<meta property=\"og:type\" content=\"article\" \/>\n<meta property=\"og:title\" content=\"Unahotels Imperial Sport Hotel 4-Sterne, Pesaro\" \/>\n<meta property=\"og:description\" content=\"Lust auf Familienurlaub? Entdecken Sie die Familienangebote f\u00fcr Unahotels Imperial Sport Hotel in Pesaro\" \/>\n<meta property=\"og:url\" content=\"https:\/\/www.italyfamilyhotels.it\/de\/family-hotels\/hotel-imperial-sport-pesaro\" \/>\n<meta property=\"og:site_name\" content=\"Italy Family Hotels\" \/>\n<meta property=\"article:publisher\" content=\"https:\/\/www.facebook.com\/ItalyFamilyHotels\/\" \/>\n<meta property=\"article:modified_time\" content=\"2025-03-27T09:04:37+00:00\" \/>\n<meta name=\"twitter:card\" content=\"summary_large_image\" \/>\n<script type=\"application\/ld+json\" class=\"yoast-schema-graph\">{\"@context\":\"https:\/\/schema.org\",\"@graph\":[{\"@type\":\"WebPage\",\"@id\":\"https:\/\/www.italyfamilyhotels.it\/de\/family-hotels\/hotel-imperial-sport-pesaro\",\"url\":\"https:\/\/www.italyfamilyhotels.it\/de\/family-hotels\/hotel-imperial-sport-pesaro\",\"name\":\"Unahotels Imperial Sport Hotel 4-Sterne, Pesaro\",\"isPartOf\":{\"@id\":\"https:\/\/www.italyfamilyhotels.it\/#website\"},\"datePublished\":\"2022-03-14T11:38:13+00:00\",\"dateModified\":\"2025-03-27T09:04:37+00:00\",\"description\":\"Lust auf Familienurlaub? Entdecken Sie die Familienangebote f\u00fcr Unahotels Imperial Sport Hotel in Pesaro\",\"breadcrumb\":{\"@id\":\"https:\/\/www.italyfamilyhotels.it\/de\/family-hotels\/hotel-imperial-sport-pesaro#breadcrumb\"},\"inLanguage\":\"de\",\"potentialAction\":[{\"@type\":\"ReadAction\",\"target\":[\"https:\/\/www.italyfamilyhotels.it\/de\/family-hotels\/hotel-imperial-sport-pesaro\"]}]},{\"@type\":\"BreadcrumbList\",\"@id\":\"https:\/\/www.italyfamilyhotels.it\/de\/family-hotels\/hotel-imperial-sport-pesaro#breadcrumb\",\"itemListElement\":[{\"@type\":\"ListItem\",\"position\":1,\"name\":\"Home\",\"item\":\"https:\/\/www.italyfamilyhotels.it\/de\"},{\"@type\":\"ListItem\",\"position\":2,\"name\":\"Family Hotels\",\"item\":\"https:\/\/www.italyfamilyhotels.it\/de\/family-hotels\"},{\"@type\":\"ListItem\",\"position\":3,\"name\":\"Unahotels Imperial Sport Hotel\"}]},{\"@type\":\"WebSite\",\"@id\":\"https:\/\/www.italyfamilyhotels.it\/#website\",\"url\":\"https:\/\/www.italyfamilyhotels.it\/\",\"name\":\"Italy Family Hotels\",\"description\":\"\",\"potentialAction\":[{\"@type\":\"SearchAction\",\"target\":{\"@type\":\"EntryPoint\",\"urlTemplate\":\"https:\/\/www.italyfamilyhotels.it\/?s={search_term_string}\"},\"query-input\":{\"@type\":\"PropertyValueSpecification\",\"valueRequired\":true,\"valueName\":\"search_term_string\"}}],\"inLanguage\":\"de\"}]}<\/script>\n<!-- \/ Yoast SEO plugin. -->","yoast_head_json":{"title":"Unahotels Imperial Sport Hotel 4-Sterne, Pesaro","description":"Lust auf Familienurlaub? Entdecken Sie die Familienangebote f\u00fcr Unahotels Imperial Sport Hotel in Pesaro","robots":{"index":"index","follow":"follow","max-snippet":"max-snippet:-1","max-image-preview":"max-image-preview:large","max-video-preview":"max-video-preview:-1"},"canonical":"https:\/\/www.italyfamilyhotels.it\/de\/family-hotels\/hotel-imperial-sport-pesaro","og_locale":"de_DE","og_type":"article","og_title":"Unahotels Imperial Sport Hotel 4-Sterne, Pesaro","og_description":"Lust auf Familienurlaub? Entdecken Sie die Familienangebote f\u00fcr Unahotels Imperial Sport Hotel in Pesaro","og_url":"https:\/\/www.italyfamilyhotels.it\/de\/family-hotels\/hotel-imperial-sport-pesaro","og_site_name":"Italy Family Hotels","article_publisher":"https:\/\/www.facebook.com\/ItalyFamilyHotels\/","article_modified_time":"2025-03-27T09:04:37+00:00","twitter_card":"summary_large_image","schema":{"@context":"https:\/\/schema.org","@graph":[{"@type":"WebPage","@id":"https:\/\/www.italyfamilyhotels.it\/de\/family-hotels\/hotel-imperial-sport-pesaro","url":"https:\/\/www.italyfamilyhotels.it\/de\/family-hotels\/hotel-imperial-sport-pesaro","name":"Unahotels Imperial Sport Hotel 4-Sterne, Pesaro","isPartOf":{"@id":"https:\/\/www.italyfamilyhotels.it\/#website"},"datePublished":"2022-03-14T11:38:13+00:00","dateModified":"2025-03-27T09:04:37+00:00","description":"Lust auf Familienurlaub? Entdecken Sie die Familienangebote f\u00fcr Unahotels Imperial Sport Hotel in Pesaro","breadcrumb":{"@id":"https:\/\/www.italyfamilyhotels.it\/de\/family-hotels\/hotel-imperial-sport-pesaro#breadcrumb"},"inLanguage":"de","potentialAction":[{"@type":"ReadAction","target":["https:\/\/www.italyfamilyhotels.it\/de\/family-hotels\/hotel-imperial-sport-pesaro"]}]},{"@type":"BreadcrumbList","@id":"https:\/\/www.italyfamilyhotels.it\/de\/family-hotels\/hotel-imperial-sport-pesaro#breadcrumb","itemListElement":[{"@type":"ListItem","position":1,"name":"Home","item":"https:\/\/www.italyfamilyhotels.it\/de"},{"@type":"ListItem","position":2,"name":"Family Hotels","item":"https:\/\/www.italyfamilyhotels.it\/de\/family-hotels"},{"@type":"ListItem","position":3,"name":"Unahotels Imperial Sport Hotel"}]},{"@type":"WebSite","@id":"https:\/\/www.italyfamilyhotels.it\/#website","url":"https:\/\/www.italyfamilyhotels.it\/","name":"Italy Family Hotels","description":"","potentialAction":[{"@type":"SearchAction","target":{"@type":"EntryPoint","urlTemplate":"https:\/\/www.italyfamilyhotels.it\/?s={search_term_string}"},"query-input":{"@type":"PropertyValueSpecification","valueRequired":true,"valueName":"search_term_string"}}],"inLanguage":"de"}]}},"_links":{"self":[{"href":"https:\/\/www.italyfamilyhotels.it\/de\/wp-json\/wp\/v2\/pages\/4562","targetHints":{"allow":["GET"]}}],"collection":[{"href":"https:\/\/www.italyfamilyhotels.it\/de\/wp-json\/wp\/v2\/pages"}],"about":[{"href":"https:\/\/www.italyfamilyhotels.it\/de\/wp-json\/wp\/v2\/types\/page"}],"author":[{"embeddable":true,"href":"https:\/\/www.italyfamilyhotels.it\/de\/wp-json\/wp\/v2\/users\/161"}],"replies":[{"embeddable":true,"href":"https:\/\/www.italyfamilyhotels.it\/de\/wp-json\/wp\/v2\/comments?post=4562"}],"version-history":[{"count":8,"href":"https:\/\/www.italyfamilyhotels.it\/de\/wp-json\/wp\/v2\/pages\/4562\/revisions"}],"predecessor-version":[{"id":68169,"href":"https:\/\/www.italyfamilyhotels.it\/de\/wp-json\/wp\/v2\/pages\/4562\/revisions\/68169"}],"up":[{"embeddable":true,"href":"https:\/\/www.italyfamilyhotels.it\/de\/wp-json\/wp\/v2\/pages\/94"}],"wp:attachment":[{"href":"https:\/\/www.italyfamilyhotels.it\/de\/wp-json\/wp\/v2\/media?parent=4562"}],"curies":[{"name":"wp","href":"https:\/\/api.w.org\/{rel}","templated":true}]}}