{"id":4557,"date":"2022-03-14T12:38:12","date_gmt":"2022-03-14T11:38:12","guid":{"rendered":"https:\/\/www.italyfamilyhotels.it\/family-hotels\/hotel-arnika"},"modified":"2025-07-09T09:40:01","modified_gmt":"2025-07-09T07:40:01","slug":"hotel-arnika-moena-2","status":"publish","type":"page","link":"https:\/\/www.italyfamilyhotels.it\/de\/family-hotels\/hotel-arnika-moena-2","title":{"rendered":"Hotel Arnika"},"content":{"rendered":"\n<p>\u201eEinfach vorbei am zweiten Stern rechts&#8230; und dann immer geradeaus bis zur Morgend\u00e4mmerung\u201c, das ist laut Peter Pan der Weg nach Nimmerland. Wir geben Ihnen nun eine Wegbeschreibung zu unserer Insel, die sich dort befindet: Sie finden uns inmitten der Natur, inmitten der D\u00fcfte und des Gr\u00fcns des <b>San Pellegrino Passes<\/b>, umgeben von den fantastischen <b>Dolomiten<\/b>, direkt an den <b>Skipisten des San Pellegrino Skigebiets<\/b> und <b>12 km vom Zentrum von Moena entfernt<\/b>. Hier im <b>Hotel Arnika <\/b>in <b>Moena <\/b>erleben Sie einen Urlaub wie im M\u00e4rchen, begleitet von den besten <b>Serviceleistungen f\u00fcr Familien<\/b>.<\/p>\n\n\n\n<p>Unser <b>Animationsteam <\/b>empf\u00e4ngt Kinder und Jugendliche (ab 4 Jahren) im <b>180 m<\/b><b><sup>2<\/b><\/sup><b> gro\u00dfen Spielzimmer<\/b> mit <b>Maxispielplatz<\/b> <b>\u201eDer Zauberwald\u201c<\/b>, wo sie in verschiedenen Altersgruppen fantastische Aktivit\u00e4ten erleben k\u00f6nnen. Wir organisieren auch <b>Workshops <\/b>zum Kennenlernen und zur Ann\u00e4herung an <b>Tiere<\/b> und <b>Wanderungen mit einem Bergf\u00fchrer<\/b>, um die Natur auf den Wegen des San-Pellegrino-Passes zu entdecken; Trekking-Buggys k\u00f6nnen bei uns gemietet werden!<\/p>\n\n\n\n<p>Bei uns wird das Wohlbefinden ernst genommen! Ein gro\u00dfer, <b>beheizter Swimmingpool<\/b> mit Blick auf Col Margherita, beaufsichtigt von Bademeistern, damit Mama und Papa ein paar gemeinsame Momente im <b>Wellnessbereich \u201eLa Dolce Vita\u201c<\/b> genie\u00dfen k\u00f6nnen, steht allen zur Verf\u00fcgung. Im Inneren finden Sie ein Kaltwasserbecken, einen Kneippweg, ein Dampfbad, Erlebnisduschen und 3 verschiedene Saunen. Und wer sagt, dass sich nur die Erwachsenen regenerieren m\u00fcssen? Hier haben die Kinder Zugang zur <b>Salzgrotte<\/b>, einer Wellness-Kabine, die vollst\u00e4ndig mit nat\u00fcrlichem Salz ausgekleidet ist, das den Atemwegen gut tut und die Haut reinigt.<\/p>\n\n\n\n<p>Wir m\u00f6chten die Sch\u00f6nheit, die uns umgibt, bewahren. Deshalb setzen wir auf eine <b>umweltfreundliche<\/b> und <b>energiesparende Philosophie<\/b>, indem wir <b>erneuerbare Energiequellen<\/b> nutzen und <b>zwei Ladeger\u00e4t<\/b>e f\u00fcr Elektroautos zur Verf\u00fcgung haben.<\/p>\n\n\n\n<p>Auch <b>Vierbeiner<\/b> sind hier willkommen, und im Zimmer finden sie zwei N\u00e4pfe f\u00fcr Wasser und Futter sowie ein weiches Hundebett f\u00fcr ihr Nickerchen.<\/p>\n","protected":false},"excerpt":{"rendered":"<p>\u201eEinfach vorbei am zweiten Stern rechts&#8230; und dann immer geradeaus bis zur Morgend\u00e4mmerung\u201c, das ist laut Peter Pan der Weg nach Nimmerland. Wir geben Ihnen nun eine Wegbeschreibung zu unserer Insel, die sich dort befindet: Sie finden uns inmitten der Natur, inmitten der D\u00fcfte und des Gr\u00fcns des San Pellegrino Passes, umgeben von den fantastischen &hellip;<\/p>\n","protected":false},"author":160,"featured_media":0,"parent":94,"menu_order":0,"comment_status":"closed","ping_status":"closed","template":"page-templates\/scheda_hotel.php","meta":{"_acf_changed":false,"inline_featured_image":false,"footnotes":""},"class_list":["post-4557","page","type-page","status-publish","hentry"],"acf":[],"yoast_head":"<!-- This site is optimized with the Yoast SEO plugin v27.1 - https:\/\/yoast.com\/product\/yoast-seo-wordpress\/ -->\n<title>Hotel Arnika, 3 Sterne Superior, Moena<\/title>\n<meta name=\"description\" content=\"Lust auf Urlaub mit Ihrer Familie? Entdecken Sie die Familienangebote im Hotel Arnika in Moena\" \/>\n<meta name=\"robots\" content=\"index, follow, max-snippet:-1, max-image-preview:large, max-video-preview:-1\" \/>\n<link rel=\"canonical\" href=\"https:\/\/www.italyfamilyhotels.it\/de\/family-hotels\/hotel-arnika-moena-2\" \/>\n<meta property=\"og:locale\" content=\"de_DE\" \/>\n<meta property=\"og:type\" content=\"article\" \/>\n<meta property=\"og:title\" content=\"Hotel Arnika, 3 Sterne Superior, Moena\" \/>\n<meta property=\"og:description\" content=\"Lust auf Urlaub mit Ihrer Familie? Entdecken Sie die Familienangebote im Hotel Arnika in Moena\" \/>\n<meta property=\"og:url\" content=\"https:\/\/www.italyfamilyhotels.it\/de\/family-hotels\/hotel-arnika-moena-2\" \/>\n<meta property=\"og:site_name\" content=\"Italy Family Hotels\" \/>\n<meta property=\"article:publisher\" content=\"https:\/\/www.facebook.com\/ItalyFamilyHotels\/\" \/>\n<meta property=\"article:modified_time\" content=\"2025-07-09T07:40:01+00:00\" \/>\n<meta name=\"twitter:card\" content=\"summary_large_image\" \/>\n<meta name=\"twitter:label1\" content=\"Gesch\u00e4tzte Lesezeit\" \/>\n\t<meta name=\"twitter:data1\" content=\"1\u00a0Minute\" \/>\n<script type=\"application\/ld+json\" class=\"yoast-schema-graph\">{\"@context\":\"https:\/\/schema.org\",\"@graph\":[{\"@type\":\"WebPage\",\"@id\":\"https:\/\/www.italyfamilyhotels.it\/de\/family-hotels\/hotel-arnika-moena-2\",\"url\":\"https:\/\/www.italyfamilyhotels.it\/de\/family-hotels\/hotel-arnika-moena-2\",\"name\":\"Hotel Arnika, 3 Sterne Superior, Moena\",\"isPartOf\":{\"@id\":\"https:\/\/www.italyfamilyhotels.it\/#website\"},\"datePublished\":\"2022-03-14T11:38:12+00:00\",\"dateModified\":\"2025-07-09T07:40:01+00:00\",\"description\":\"Lust auf Urlaub mit Ihrer Familie? Entdecken Sie die Familienangebote im Hotel Arnika in Moena\",\"breadcrumb\":{\"@id\":\"https:\/\/www.italyfamilyhotels.it\/de\/family-hotels\/hotel-arnika-moena-2#breadcrumb\"},\"inLanguage\":\"de\",\"potentialAction\":[{\"@type\":\"ReadAction\",\"target\":[\"https:\/\/www.italyfamilyhotels.it\/de\/family-hotels\/hotel-arnika-moena-2\"]}]},{\"@type\":\"BreadcrumbList\",\"@id\":\"https:\/\/www.italyfamilyhotels.it\/de\/family-hotels\/hotel-arnika-moena-2#breadcrumb\",\"itemListElement\":[{\"@type\":\"ListItem\",\"position\":1,\"name\":\"Home\",\"item\":\"https:\/\/www.italyfamilyhotels.it\/de\"},{\"@type\":\"ListItem\",\"position\":2,\"name\":\"Family Hotels\",\"item\":\"https:\/\/www.italyfamilyhotels.it\/de\/family-hotels\"},{\"@type\":\"ListItem\",\"position\":3,\"name\":\"Hotel Arnika\"}]},{\"@type\":\"WebSite\",\"@id\":\"https:\/\/www.italyfamilyhotels.it\/#website\",\"url\":\"https:\/\/www.italyfamilyhotels.it\/\",\"name\":\"Italy Family Hotels\",\"description\":\"\",\"potentialAction\":[{\"@type\":\"SearchAction\",\"target\":{\"@type\":\"EntryPoint\",\"urlTemplate\":\"https:\/\/www.italyfamilyhotels.it\/?s={search_term_string}\"},\"query-input\":{\"@type\":\"PropertyValueSpecification\",\"valueRequired\":true,\"valueName\":\"search_term_string\"}}],\"inLanguage\":\"de\"}]}<\/script>\n<!-- \/ Yoast SEO plugin. -->","yoast_head_json":{"title":"Hotel Arnika, 3 Sterne Superior, Moena","description":"Lust auf Urlaub mit Ihrer Familie? Entdecken Sie die Familienangebote im Hotel Arnika in Moena","robots":{"index":"index","follow":"follow","max-snippet":"max-snippet:-1","max-image-preview":"max-image-preview:large","max-video-preview":"max-video-preview:-1"},"canonical":"https:\/\/www.italyfamilyhotels.it\/de\/family-hotels\/hotel-arnika-moena-2","og_locale":"de_DE","og_type":"article","og_title":"Hotel Arnika, 3 Sterne Superior, Moena","og_description":"Lust auf Urlaub mit Ihrer Familie? Entdecken Sie die Familienangebote im Hotel Arnika in Moena","og_url":"https:\/\/www.italyfamilyhotels.it\/de\/family-hotels\/hotel-arnika-moena-2","og_site_name":"Italy Family Hotels","article_publisher":"https:\/\/www.facebook.com\/ItalyFamilyHotels\/","article_modified_time":"2025-07-09T07:40:01+00:00","twitter_card":"summary_large_image","twitter_misc":{"Gesch\u00e4tzte Lesezeit":"1\u00a0Minute"},"schema":{"@context":"https:\/\/schema.org","@graph":[{"@type":"WebPage","@id":"https:\/\/www.italyfamilyhotels.it\/de\/family-hotels\/hotel-arnika-moena-2","url":"https:\/\/www.italyfamilyhotels.it\/de\/family-hotels\/hotel-arnika-moena-2","name":"Hotel Arnika, 3 Sterne Superior, Moena","isPartOf":{"@id":"https:\/\/www.italyfamilyhotels.it\/#website"},"datePublished":"2022-03-14T11:38:12+00:00","dateModified":"2025-07-09T07:40:01+00:00","description":"Lust auf Urlaub mit Ihrer Familie? Entdecken Sie die Familienangebote im Hotel Arnika in Moena","breadcrumb":{"@id":"https:\/\/www.italyfamilyhotels.it\/de\/family-hotels\/hotel-arnika-moena-2#breadcrumb"},"inLanguage":"de","potentialAction":[{"@type":"ReadAction","target":["https:\/\/www.italyfamilyhotels.it\/de\/family-hotels\/hotel-arnika-moena-2"]}]},{"@type":"BreadcrumbList","@id":"https:\/\/www.italyfamilyhotels.it\/de\/family-hotels\/hotel-arnika-moena-2#breadcrumb","itemListElement":[{"@type":"ListItem","position":1,"name":"Home","item":"https:\/\/www.italyfamilyhotels.it\/de"},{"@type":"ListItem","position":2,"name":"Family Hotels","item":"https:\/\/www.italyfamilyhotels.it\/de\/family-hotels"},{"@type":"ListItem","position":3,"name":"Hotel Arnika"}]},{"@type":"WebSite","@id":"https:\/\/www.italyfamilyhotels.it\/#website","url":"https:\/\/www.italyfamilyhotels.it\/","name":"Italy Family Hotels","description":"","potentialAction":[{"@type":"SearchAction","target":{"@type":"EntryPoint","urlTemplate":"https:\/\/www.italyfamilyhotels.it\/?s={search_term_string}"},"query-input":{"@type":"PropertyValueSpecification","valueRequired":true,"valueName":"search_term_string"}}],"inLanguage":"de"}]}},"_links":{"self":[{"href":"https:\/\/www.italyfamilyhotels.it\/de\/wp-json\/wp\/v2\/pages\/4557","targetHints":{"allow":["GET"]}}],"collection":[{"href":"https:\/\/www.italyfamilyhotels.it\/de\/wp-json\/wp\/v2\/pages"}],"about":[{"href":"https:\/\/www.italyfamilyhotels.it\/de\/wp-json\/wp\/v2\/types\/page"}],"author":[{"embeddable":true,"href":"https:\/\/www.italyfamilyhotels.it\/de\/wp-json\/wp\/v2\/users\/160"}],"replies":[{"embeddable":true,"href":"https:\/\/www.italyfamilyhotels.it\/de\/wp-json\/wp\/v2\/comments?post=4557"}],"version-history":[{"count":10,"href":"https:\/\/www.italyfamilyhotels.it\/de\/wp-json\/wp\/v2\/pages\/4557\/revisions"}],"predecessor-version":[{"id":70597,"href":"https:\/\/www.italyfamilyhotels.it\/de\/wp-json\/wp\/v2\/pages\/4557\/revisions\/70597"}],"up":[{"embeddable":true,"href":"https:\/\/www.italyfamilyhotels.it\/de\/wp-json\/wp\/v2\/pages\/94"}],"wp:attachment":[{"href":"https:\/\/www.italyfamilyhotels.it\/de\/wp-json\/wp\/v2\/media?parent=4557"}],"curies":[{"name":"wp","href":"https:\/\/api.w.org\/{rel}","templated":true}]}}