{"id":4542,"date":"2022-03-14T12:38:09","date_gmt":"2022-03-14T11:38:09","guid":{"rendered":"https:\/\/www.italyfamilyhotels.it\/family-hotels\/hotel-continental"},"modified":"2025-03-20T13:29:13","modified_gmt":"2025-03-20T12:29:13","slug":"hotel-continental-gabicce-mare","status":"publish","type":"page","link":"https:\/\/www.italyfamilyhotels.it\/de\/family-hotels\/hotel-continental-gabicce-mare","title":{"rendered":"Hotel Continental"},"content":{"rendered":"\n<p>Was gibt es Besseres als einen <b>Familien-Urlaub am Meer in maximaler Freiheit? <\/b>Bei uns im Hotel Continental in Gabicce Mare findet Ihr sie. <\/p>\n\n\n\n<p>Ihr k\u00f6nnt Euch f\u00fcr ein kindergerecht und sicher ausgestattes<b> Zimmer im Hotel<\/b> (Hotel-Formel) entscheiden, mit<b> auf Kinder eingestellter K\u00fcche<\/b> und <b>nach Alter differenzierter Animation \u2013 <\/b>oder Ihr w\u00e4hlt ein <b>Apartment<\/b> (Residence-Formel), in dem Ihr (beinahe) tun k\u00f6nnt, was Ihr wollt, wann Ihr wollt und wie Ihr wollt, aber <b>alle Leistungen unseres Family-Hotels <\/b>zur Verf\u00fcgung habt. Wir haben Apartments verschiedener Gr\u00f6\u00dfen, auch f\u00fcr gro\u00dfe Familien, alle wenige Meter vom Meer.<\/p>\n\n\n\n<p>Wo haben Kinder im Sommer den meisten Spa\u00df? Im Schwimmbad! <\/p>\n\n\n<figure class=\"wp-block-table ifh_awards\"><table><tbody><tr>\r\n<td><img decoding=\"async\" src=\"https:\/\/www.italyfamilyhotels.it\/wp-content\/themes\/ifh2\/img\/ifh_awards.svg\" alt=\"Italy Family Awards\"><\/td>\r\n<td>Dieses Hotel wurde in der Kategorie auf Platz eins gew\u00e4hlt: <br><strong>Top Performer<span class=\"info\" onclick=\"toggleAwardPopup(event)\"><span class=\"popup\" onclick=\"toggleAwardPopupClose(event)\">\r\n    <span class=\"popup_header\"><\/span>\r\n    <span class=\"popup_content\">Die prestigetr\u00e4chtige Auszeichnung f\u00fcr das Hotel, das sich durch die besten Ergebnisse in Bezug auf den Umsatz ausgezeichnet hat, der \u00fcber das Italy Family Hotels-Netzwerk generiert wurde, und damit eine au\u00dfergew\u00f6hnliche Leistung im Bereich der familienorientierten Gastfreundschaft unter Beweis stellt.<\/span>\r\n    <span class=\"popup_footer\"><\/span>\r\n    <\/span><\/span><\/strong><\/td>\r\n<\/tr><\/tbody><\/table><\/figure>\r\n<script type=\"text\/javascript\">\r\nif(!toggleAwardPopup) {\r\n     var toggleAwardPopup = function(e){\r\n        e = e || window.event;\r\n        e.stopPropagation();\r\n        var target = e.target || e.srcElement;\r\n        jQuery(target).children(\".popup\").fadeToggle();\r\n    };\r\n}\r\nif(!toggleAwardPopupClose) {\r\n     var toggleAwardPopupClose = function(e){\r\n        e = e || window.event;\r\n        e.stopPropagation();\r\n        var target = e.target || e.srcElement;\r\n        jQuery(target).parent(\".popup\").fadeToggle();\r\n    };\r\n}\r\n<\/script>","protected":false},"excerpt":{"rendered":"<p>Was gibt es Besseres als einen Familien-Urlaub am Meer in maximaler Freiheit? Bei uns im Hotel Continental in Gabicce Mare findet Ihr sie. Ihr k\u00f6nnt Euch f\u00fcr ein kindergerecht und sicher ausgestattes Zimmer im Hotel (Hotel-Formel) entscheiden, mit auf Kinder eingestellter K\u00fcche und nach Alter differenzierter Animation \u2013 oder Ihr w\u00e4hlt ein Apartment (Residence-Formel), in &hellip;<\/p>\n","protected":false},"author":155,"featured_media":0,"parent":94,"menu_order":0,"comment_status":"closed","ping_status":"closed","template":"page-templates\/scheda_hotel.php","meta":{"_acf_changed":false,"inline_featured_image":false,"footnotes":""},"class_list":["post-4542","page","type-page","status-publish","hentry"],"acf":[],"yoast_head":"<!-- This site is optimized with the Yoast SEO plugin v27.1 - https:\/\/yoast.com\/product\/yoast-seo-wordpress\/ -->\n<title>Hotel Continental 3-Sterne, Gabicce Mare<\/title>\n<meta name=\"description\" content=\"Lust auf Familienurlaub? Entdecken Sie die Familienangebote f\u00fcr Hotel Continental in Gabicce Mare\" \/>\n<meta name=\"robots\" content=\"index, follow, max-snippet:-1, max-image-preview:large, max-video-preview:-1\" \/>\n<link rel=\"canonical\" href=\"https:\/\/www.italyfamilyhotels.it\/de\/family-hotels\/hotel-continental-gabicce-mare\" \/>\n<meta property=\"og:locale\" content=\"de_DE\" \/>\n<meta property=\"og:type\" content=\"article\" \/>\n<meta property=\"og:title\" content=\"Hotel Continental 3-Sterne, Gabicce Mare\" \/>\n<meta property=\"og:description\" content=\"Lust auf Familienurlaub? Entdecken Sie die Familienangebote f\u00fcr Hotel Continental in Gabicce Mare\" \/>\n<meta property=\"og:url\" content=\"https:\/\/www.italyfamilyhotels.it\/de\/family-hotels\/hotel-continental-gabicce-mare\" \/>\n<meta property=\"og:site_name\" content=\"Italy Family Hotels\" \/>\n<meta property=\"article:publisher\" content=\"https:\/\/www.facebook.com\/ItalyFamilyHotels\/\" \/>\n<meta property=\"article:modified_time\" content=\"2025-03-20T12:29:13+00:00\" \/>\n<meta name=\"twitter:card\" content=\"summary_large_image\" \/>\n<meta name=\"twitter:label1\" content=\"Gesch\u00e4tzte Lesezeit\" \/>\n\t<meta name=\"twitter:data1\" content=\"1\u00a0Minute\" \/>\n<script type=\"application\/ld+json\" class=\"yoast-schema-graph\">{\"@context\":\"https:\/\/schema.org\",\"@graph\":[{\"@type\":\"WebPage\",\"@id\":\"https:\/\/www.italyfamilyhotels.it\/de\/family-hotels\/hotel-continental-gabicce-mare\",\"url\":\"https:\/\/www.italyfamilyhotels.it\/de\/family-hotels\/hotel-continental-gabicce-mare\",\"name\":\"Hotel Continental 3-Sterne, Gabicce Mare\",\"isPartOf\":{\"@id\":\"https:\/\/www.italyfamilyhotels.it\/#website\"},\"datePublished\":\"2022-03-14T11:38:09+00:00\",\"dateModified\":\"2025-03-20T12:29:13+00:00\",\"description\":\"Lust auf Familienurlaub? Entdecken Sie die Familienangebote f\u00fcr Hotel Continental in Gabicce Mare\",\"breadcrumb\":{\"@id\":\"https:\/\/www.italyfamilyhotels.it\/de\/family-hotels\/hotel-continental-gabicce-mare#breadcrumb\"},\"inLanguage\":\"de\",\"potentialAction\":[{\"@type\":\"ReadAction\",\"target\":[\"https:\/\/www.italyfamilyhotels.it\/de\/family-hotels\/hotel-continental-gabicce-mare\"]}]},{\"@type\":\"BreadcrumbList\",\"@id\":\"https:\/\/www.italyfamilyhotels.it\/de\/family-hotels\/hotel-continental-gabicce-mare#breadcrumb\",\"itemListElement\":[{\"@type\":\"ListItem\",\"position\":1,\"name\":\"Home\",\"item\":\"https:\/\/www.italyfamilyhotels.it\/de\"},{\"@type\":\"ListItem\",\"position\":2,\"name\":\"Family Hotels\",\"item\":\"https:\/\/www.italyfamilyhotels.it\/de\/family-hotels\"},{\"@type\":\"ListItem\",\"position\":3,\"name\":\"Hotel Continental\"}]},{\"@type\":\"WebSite\",\"@id\":\"https:\/\/www.italyfamilyhotels.it\/#website\",\"url\":\"https:\/\/www.italyfamilyhotels.it\/\",\"name\":\"Italy Family Hotels\",\"description\":\"\",\"potentialAction\":[{\"@type\":\"SearchAction\",\"target\":{\"@type\":\"EntryPoint\",\"urlTemplate\":\"https:\/\/www.italyfamilyhotels.it\/?s={search_term_string}\"},\"query-input\":{\"@type\":\"PropertyValueSpecification\",\"valueRequired\":true,\"valueName\":\"search_term_string\"}}],\"inLanguage\":\"de\"}]}<\/script>\n<!-- \/ Yoast SEO plugin. -->","yoast_head_json":{"title":"Hotel Continental 3-Sterne, Gabicce Mare","description":"Lust auf Familienurlaub? Entdecken Sie die Familienangebote f\u00fcr Hotel Continental in Gabicce Mare","robots":{"index":"index","follow":"follow","max-snippet":"max-snippet:-1","max-image-preview":"max-image-preview:large","max-video-preview":"max-video-preview:-1"},"canonical":"https:\/\/www.italyfamilyhotels.it\/de\/family-hotels\/hotel-continental-gabicce-mare","og_locale":"de_DE","og_type":"article","og_title":"Hotel Continental 3-Sterne, Gabicce Mare","og_description":"Lust auf Familienurlaub? Entdecken Sie die Familienangebote f\u00fcr Hotel Continental in Gabicce Mare","og_url":"https:\/\/www.italyfamilyhotels.it\/de\/family-hotels\/hotel-continental-gabicce-mare","og_site_name":"Italy Family Hotels","article_publisher":"https:\/\/www.facebook.com\/ItalyFamilyHotels\/","article_modified_time":"2025-03-20T12:29:13+00:00","twitter_card":"summary_large_image","twitter_misc":{"Gesch\u00e4tzte Lesezeit":"1\u00a0Minute"},"schema":{"@context":"https:\/\/schema.org","@graph":[{"@type":"WebPage","@id":"https:\/\/www.italyfamilyhotels.it\/de\/family-hotels\/hotel-continental-gabicce-mare","url":"https:\/\/www.italyfamilyhotels.it\/de\/family-hotels\/hotel-continental-gabicce-mare","name":"Hotel Continental 3-Sterne, Gabicce Mare","isPartOf":{"@id":"https:\/\/www.italyfamilyhotels.it\/#website"},"datePublished":"2022-03-14T11:38:09+00:00","dateModified":"2025-03-20T12:29:13+00:00","description":"Lust auf Familienurlaub? Entdecken Sie die Familienangebote f\u00fcr Hotel Continental in Gabicce Mare","breadcrumb":{"@id":"https:\/\/www.italyfamilyhotels.it\/de\/family-hotels\/hotel-continental-gabicce-mare#breadcrumb"},"inLanguage":"de","potentialAction":[{"@type":"ReadAction","target":["https:\/\/www.italyfamilyhotels.it\/de\/family-hotels\/hotel-continental-gabicce-mare"]}]},{"@type":"BreadcrumbList","@id":"https:\/\/www.italyfamilyhotels.it\/de\/family-hotels\/hotel-continental-gabicce-mare#breadcrumb","itemListElement":[{"@type":"ListItem","position":1,"name":"Home","item":"https:\/\/www.italyfamilyhotels.it\/de"},{"@type":"ListItem","position":2,"name":"Family Hotels","item":"https:\/\/www.italyfamilyhotels.it\/de\/family-hotels"},{"@type":"ListItem","position":3,"name":"Hotel Continental"}]},{"@type":"WebSite","@id":"https:\/\/www.italyfamilyhotels.it\/#website","url":"https:\/\/www.italyfamilyhotels.it\/","name":"Italy Family Hotels","description":"","potentialAction":[{"@type":"SearchAction","target":{"@type":"EntryPoint","urlTemplate":"https:\/\/www.italyfamilyhotels.it\/?s={search_term_string}"},"query-input":{"@type":"PropertyValueSpecification","valueRequired":true,"valueName":"search_term_string"}}],"inLanguage":"de"}]}},"_links":{"self":[{"href":"https:\/\/www.italyfamilyhotels.it\/de\/wp-json\/wp\/v2\/pages\/4542","targetHints":{"allow":["GET"]}}],"collection":[{"href":"https:\/\/www.italyfamilyhotels.it\/de\/wp-json\/wp\/v2\/pages"}],"about":[{"href":"https:\/\/www.italyfamilyhotels.it\/de\/wp-json\/wp\/v2\/types\/page"}],"author":[{"embeddable":true,"href":"https:\/\/www.italyfamilyhotels.it\/de\/wp-json\/wp\/v2\/users\/155"}],"replies":[{"embeddable":true,"href":"https:\/\/www.italyfamilyhotels.it\/de\/wp-json\/wp\/v2\/comments?post=4542"}],"version-history":[{"count":10,"href":"https:\/\/www.italyfamilyhotels.it\/de\/wp-json\/wp\/v2\/pages\/4542\/revisions"}],"predecessor-version":[{"id":67424,"href":"https:\/\/www.italyfamilyhotels.it\/de\/wp-json\/wp\/v2\/pages\/4542\/revisions\/67424"}],"up":[{"embeddable":true,"href":"https:\/\/www.italyfamilyhotels.it\/de\/wp-json\/wp\/v2\/pages\/94"}],"wp:attachment":[{"href":"https:\/\/www.italyfamilyhotels.it\/de\/wp-json\/wp\/v2\/media?parent=4542"}],"curies":[{"name":"wp","href":"https:\/\/api.w.org\/{rel}","templated":true}]}}