{"id":4537,"date":"2022-03-14T12:38:09","date_gmt":"2022-03-14T11:38:09","guid":{"rendered":"https:\/\/www.italyfamilyhotels.it\/family-hotels\/la-grotta-mytime-hotels"},"modified":"2023-02-01T16:08:05","modified_gmt":"2023-02-01T15:08:05","slug":"la-grotta-mytime-hotels-vigo-di-fassa","status":"publish","type":"page","link":"https:\/\/www.italyfamilyhotels.it\/de\/family-hotels\/la-grotta-mytime-hotels-vigo-di-fassa","title":{"rendered":"La Grotta MyTime Hotels"},"content":{"rendered":"\n<p>Wir hei\u00dfen Sie herzlich willkommen im wundersch\u00f6nen <b>Fassatal<\/b>, im Herzen der Dolomiten. Im <b>Hotel La Grotta <\/b>werden Sie und Ihre Familie einen besonderen Urlaub erleben, in engem Kontakt mit den D\u00fcften und Farben der Natur.<\/p>\n\n\n\n<p>Die <b>Kinder<\/b> sind die eigentlichen Hauptpersonen des Urlaubs. Im Sommer gibt es unz\u00e4hlige <b>Aktivit\u00e4ten unter freiem Himmel<\/b>, um alle Sch\u00f6nheiten unserer geliebten Berge zu entdecken: von den <b>Tieren im Naturpark Paneveggio<\/b> und <b>Wanderungen auf den Almen mit Naturf\u00fchrern <\/b>bis hin zu <b>Ausfl\u00fcgen in den Acropark<\/b> oder zum <b>Wildbach Avisio<\/b>, um auf B\u00e4ume zu klettern oder mit einem Schlauchboot den Fluss hinunterzufahren. Wenn das kalte Wetter einsetzt und das Fassatal wei\u00df gef\u00e4rbt ist, gehen wir mit den Kindern auf die <b>Skipisten<\/b>, zum Skifahren und zum Unterricht,<b> <\/b>und in den <b>Kinderpark Ciampedie<\/b>, wo viele Spiele im Schnee stattfinden. Es gibt gen\u00fcgend Platz im Hotel; das <b>Sigolot-Zimmer<\/b> ist ein echtes <b>95 m\u00b2 gro\u00dfes<\/b> K\u00f6nigreich voller Spa\u00df, superbunt und voller Attraktionen, in dem Eltern nichts zu suchen haben!<\/p>\n\n\n\n<p>Es gibt ein altes Sprichwort: \u201eWenn die Katze aus dem Haus ist, tanzen die M\u00e4use!\u201c Ja, w\u00e4hrend die Kinder mit uns besch\u00e4ftigt sind, k\u00f6nnen Sie und Ihr Partner viele Aktivit\u00e4ten zu zweit unternehmen, sowohl innerhalb als auch au\u00dferhalb des Hotels. Unser <b>Wellnessbereich <\/b>verw\u00f6hnt Sie mit <b>finnischer Sauna<\/b>, <b>Dampfbad<\/b>, <b>Infrarotsauna<\/b>, <b>Kaltnebel<\/b> sowie <b>Gesichts- und K\u00f6rperbehandlungen<\/b>. Wenn Sie hingegen die Natur lieben, sollten Sie sich unser Programm nicht entgehen lassen:&nbsp;<b>Rafting auf dem Fluss Avisio<\/b>, <b>gef\u00fchrte Ausfl\u00fcge<\/b>, um die eindrucksvollsten Ecken des Fassatals und die Geheimnisse der Natur zu entdecken, <b>E-Bike-Ausfl\u00fcge<\/b> zum Karersee und <b>Aereal-Yoga-Kurse im Wald<\/b>.<\/p>\n\n\n\n<p>Das Verw\u00f6hnprogramm f\u00fcr die ganze Familie setzt sich bei Tisch fort. In den <b>3 sch\u00f6nen Speises\u00e4len<\/b> mit Blick auf Marmolada und Langkofel werden <b>traditionelle Gerichte mit neuen und schmackhaften Ideen neu interpretiert<\/b> und <b>spezielle Men\u00fcs f\u00fcr Vegetarier, Z\u00f6liakiekranke und Kinder<\/b> angeboten. Bei uns beginnt die Woche immer mit einem <b>Aperitif<\/b>, und jeden Nachmittag k\u00f6nnen sich Jung und Alt bei einem leckeren <b>Imbiss <\/b>nach der R\u00fcckkehr von Ausfl\u00fcgen st\u00e4rken.<\/p>\n","protected":false},"excerpt":{"rendered":"<p>Wir hei\u00dfen Sie herzlich willkommen im wundersch\u00f6nen Fassatal, im Herzen der Dolomiten. Im Hotel La Grotta werden Sie und Ihre Familie einen besonderen Urlaub erleben, in engem Kontakt mit den D\u00fcften und Farben der Natur. Die Kinder sind die eigentlichen Hauptpersonen des Urlaubs. Im Sommer gibt es unz\u00e4hlige Aktivit\u00e4ten unter freiem Himmel, um alle Sch\u00f6nheiten &hellip;<\/p>\n","protected":false},"author":154,"featured_media":0,"parent":94,"menu_order":0,"comment_status":"closed","ping_status":"closed","template":"page-templates\/scheda_hotel.php","meta":{"_acf_changed":false,"inline_featured_image":false,"footnotes":""},"class_list":["post-4537","page","type-page","status-publish","hentry"],"acf":[],"yoast_head":"<!-- This site is optimized with the Yoast SEO plugin v27.1 - https:\/\/yoast.com\/product\/yoast-seo-wordpress\/ -->\n<title>La Grotta MyTime Hotels, 4 Sterne, Vigo di Fassa<\/title>\n<meta name=\"description\" content=\"Lust auf einen Urlaub mit Ihrer Familie? Entdecken Sie die Familienangebote im La Grotta MyTime Hotels in Vigo di Fassa\" \/>\n<meta name=\"robots\" content=\"index, follow, max-snippet:-1, max-image-preview:large, max-video-preview:-1\" \/>\n<link rel=\"canonical\" href=\"https:\/\/www.italyfamilyhotels.it\/de\/family-hotels\/la-grotta-mytime-hotels-vigo-di-fassa\" \/>\n<meta property=\"og:locale\" content=\"de_DE\" \/>\n<meta property=\"og:type\" content=\"article\" \/>\n<meta property=\"og:title\" content=\"La Grotta MyTime Hotels, 4 Sterne, Vigo di Fassa\" \/>\n<meta property=\"og:description\" content=\"Lust auf einen Urlaub mit Ihrer Familie? Entdecken Sie die Familienangebote im La Grotta MyTime Hotels in Vigo di Fassa\" \/>\n<meta property=\"og:url\" content=\"https:\/\/www.italyfamilyhotels.it\/de\/family-hotels\/la-grotta-mytime-hotels-vigo-di-fassa\" \/>\n<meta property=\"og:site_name\" content=\"Italy Family Hotels\" \/>\n<meta property=\"article:publisher\" content=\"https:\/\/www.facebook.com\/ItalyFamilyHotels\/\" \/>\n<meta property=\"article:modified_time\" content=\"2023-02-01T15:08:05+00:00\" \/>\n<meta name=\"twitter:card\" content=\"summary_large_image\" \/>\n<meta name=\"twitter:label1\" content=\"Gesch\u00e4tzte Lesezeit\" \/>\n\t<meta name=\"twitter:data1\" content=\"2\u00a0Minuten\" \/>\n<script type=\"application\/ld+json\" class=\"yoast-schema-graph\">{\"@context\":\"https:\/\/schema.org\",\"@graph\":[{\"@type\":\"WebPage\",\"@id\":\"https:\/\/www.italyfamilyhotels.it\/de\/family-hotels\/la-grotta-mytime-hotels-vigo-di-fassa\",\"url\":\"https:\/\/www.italyfamilyhotels.it\/de\/family-hotels\/la-grotta-mytime-hotels-vigo-di-fassa\",\"name\":\"La Grotta MyTime Hotels, 4 Sterne, Vigo di Fassa\",\"isPartOf\":{\"@id\":\"https:\/\/www.italyfamilyhotels.it\/#website\"},\"datePublished\":\"2022-03-14T11:38:09+00:00\",\"dateModified\":\"2023-02-01T15:08:05+00:00\",\"description\":\"Lust auf einen Urlaub mit Ihrer Familie? Entdecken Sie die Familienangebote im La Grotta MyTime Hotels in Vigo di Fassa\",\"breadcrumb\":{\"@id\":\"https:\/\/www.italyfamilyhotels.it\/de\/family-hotels\/la-grotta-mytime-hotels-vigo-di-fassa#breadcrumb\"},\"inLanguage\":\"de\",\"potentialAction\":[{\"@type\":\"ReadAction\",\"target\":[\"https:\/\/www.italyfamilyhotels.it\/de\/family-hotels\/la-grotta-mytime-hotels-vigo-di-fassa\"]}]},{\"@type\":\"BreadcrumbList\",\"@id\":\"https:\/\/www.italyfamilyhotels.it\/de\/family-hotels\/la-grotta-mytime-hotels-vigo-di-fassa#breadcrumb\",\"itemListElement\":[{\"@type\":\"ListItem\",\"position\":1,\"name\":\"Home\",\"item\":\"https:\/\/www.italyfamilyhotels.it\/de\"},{\"@type\":\"ListItem\",\"position\":2,\"name\":\"Family Hotels\",\"item\":\"https:\/\/www.italyfamilyhotels.it\/de\/family-hotels\"},{\"@type\":\"ListItem\",\"position\":3,\"name\":\"La Grotta MyTime Hotels\"}]},{\"@type\":\"WebSite\",\"@id\":\"https:\/\/www.italyfamilyhotels.it\/#website\",\"url\":\"https:\/\/www.italyfamilyhotels.it\/\",\"name\":\"Italy Family Hotels\",\"description\":\"\",\"potentialAction\":[{\"@type\":\"SearchAction\",\"target\":{\"@type\":\"EntryPoint\",\"urlTemplate\":\"https:\/\/www.italyfamilyhotels.it\/?s={search_term_string}\"},\"query-input\":{\"@type\":\"PropertyValueSpecification\",\"valueRequired\":true,\"valueName\":\"search_term_string\"}}],\"inLanguage\":\"de\"}]}<\/script>\n<!-- \/ Yoast SEO plugin. -->","yoast_head_json":{"title":"La Grotta MyTime Hotels, 4 Sterne, Vigo di Fassa","description":"Lust auf einen Urlaub mit Ihrer Familie? Entdecken Sie die Familienangebote im La Grotta MyTime Hotels in Vigo di Fassa","robots":{"index":"index","follow":"follow","max-snippet":"max-snippet:-1","max-image-preview":"max-image-preview:large","max-video-preview":"max-video-preview:-1"},"canonical":"https:\/\/www.italyfamilyhotels.it\/de\/family-hotels\/la-grotta-mytime-hotels-vigo-di-fassa","og_locale":"de_DE","og_type":"article","og_title":"La Grotta MyTime Hotels, 4 Sterne, Vigo di Fassa","og_description":"Lust auf einen Urlaub mit Ihrer Familie? Entdecken Sie die Familienangebote im La Grotta MyTime Hotels in Vigo di Fassa","og_url":"https:\/\/www.italyfamilyhotels.it\/de\/family-hotels\/la-grotta-mytime-hotels-vigo-di-fassa","og_site_name":"Italy Family Hotels","article_publisher":"https:\/\/www.facebook.com\/ItalyFamilyHotels\/","article_modified_time":"2023-02-01T15:08:05+00:00","twitter_card":"summary_large_image","twitter_misc":{"Gesch\u00e4tzte Lesezeit":"2\u00a0Minuten"},"schema":{"@context":"https:\/\/schema.org","@graph":[{"@type":"WebPage","@id":"https:\/\/www.italyfamilyhotels.it\/de\/family-hotels\/la-grotta-mytime-hotels-vigo-di-fassa","url":"https:\/\/www.italyfamilyhotels.it\/de\/family-hotels\/la-grotta-mytime-hotels-vigo-di-fassa","name":"La Grotta MyTime Hotels, 4 Sterne, Vigo di Fassa","isPartOf":{"@id":"https:\/\/www.italyfamilyhotels.it\/#website"},"datePublished":"2022-03-14T11:38:09+00:00","dateModified":"2023-02-01T15:08:05+00:00","description":"Lust auf einen Urlaub mit Ihrer Familie? Entdecken Sie die Familienangebote im La Grotta MyTime Hotels in Vigo di Fassa","breadcrumb":{"@id":"https:\/\/www.italyfamilyhotels.it\/de\/family-hotels\/la-grotta-mytime-hotels-vigo-di-fassa#breadcrumb"},"inLanguage":"de","potentialAction":[{"@type":"ReadAction","target":["https:\/\/www.italyfamilyhotels.it\/de\/family-hotels\/la-grotta-mytime-hotels-vigo-di-fassa"]}]},{"@type":"BreadcrumbList","@id":"https:\/\/www.italyfamilyhotels.it\/de\/family-hotels\/la-grotta-mytime-hotels-vigo-di-fassa#breadcrumb","itemListElement":[{"@type":"ListItem","position":1,"name":"Home","item":"https:\/\/www.italyfamilyhotels.it\/de"},{"@type":"ListItem","position":2,"name":"Family Hotels","item":"https:\/\/www.italyfamilyhotels.it\/de\/family-hotels"},{"@type":"ListItem","position":3,"name":"La Grotta MyTime Hotels"}]},{"@type":"WebSite","@id":"https:\/\/www.italyfamilyhotels.it\/#website","url":"https:\/\/www.italyfamilyhotels.it\/","name":"Italy Family Hotels","description":"","potentialAction":[{"@type":"SearchAction","target":{"@type":"EntryPoint","urlTemplate":"https:\/\/www.italyfamilyhotels.it\/?s={search_term_string}"},"query-input":{"@type":"PropertyValueSpecification","valueRequired":true,"valueName":"search_term_string"}}],"inLanguage":"de"}]}},"_links":{"self":[{"href":"https:\/\/www.italyfamilyhotels.it\/de\/wp-json\/wp\/v2\/pages\/4537","targetHints":{"allow":["GET"]}}],"collection":[{"href":"https:\/\/www.italyfamilyhotels.it\/de\/wp-json\/wp\/v2\/pages"}],"about":[{"href":"https:\/\/www.italyfamilyhotels.it\/de\/wp-json\/wp\/v2\/types\/page"}],"author":[{"embeddable":true,"href":"https:\/\/www.italyfamilyhotels.it\/de\/wp-json\/wp\/v2\/users\/154"}],"replies":[{"embeddable":true,"href":"https:\/\/www.italyfamilyhotels.it\/de\/wp-json\/wp\/v2\/comments?post=4537"}],"version-history":[{"count":6,"href":"https:\/\/www.italyfamilyhotels.it\/de\/wp-json\/wp\/v2\/pages\/4537\/revisions"}],"predecessor-version":[{"id":45178,"href":"https:\/\/www.italyfamilyhotels.it\/de\/wp-json\/wp\/v2\/pages\/4537\/revisions\/45178"}],"up":[{"embeddable":true,"href":"https:\/\/www.italyfamilyhotels.it\/de\/wp-json\/wp\/v2\/pages\/94"}],"wp:attachment":[{"href":"https:\/\/www.italyfamilyhotels.it\/de\/wp-json\/wp\/v2\/media?parent=4537"}],"curies":[{"name":"wp","href":"https:\/\/api.w.org\/{rel}","templated":true}]}}