{"id":4532,"date":"2022-03-14T12:38:08","date_gmt":"2022-03-14T11:38:08","guid":{"rendered":"https:\/\/www.italyfamilyhotels.it\/family-hotels\/hotel-andes-family-wellness"},"modified":"2022-06-15T11:41:05","modified_gmt":"2022-06-15T09:41:05","slug":"hotel-andes-family-wellness-vigo-di-fassa","status":"publish","type":"page","link":"https:\/\/www.italyfamilyhotels.it\/de\/family-hotels\/hotel-andes-family-wellness-vigo-di-fassa","title":{"rendered":"Hotel Andes Family &#038; Wellness"},"content":{"rendered":"\n<p>Willkommen zu einem<b> ruhigen Familienurlaub mitten<\/b> <b>in der Natur<\/b>, umgeben von der einzigartigen Landschaft der  Dolomiten. Im Winter <b>lernen die Kinder mit den Animateur*innen das Skifahren<\/b>; gleich nebenan k\u00f6nnen Mama und Papa in die <b>Seilbahn<\/b> steigen, die sie zu den sch\u00f6nsten Pisten bringt. Im Sommer ist die Lage ideal f\u00fcr <b>leichte Wanderungen<\/b>, auch mit Kinderwagen oder Trage-Rucksack, <b>Erlebnisse mit Tieren<\/b> und sch\u00f6ne <b>Familien-Radtouren<\/b> durch das<b> Fassatal.<\/b><\/p>\n\n\n\n<p><\/p>\n\n\n\n<p>Nach der R\u00fcckkehr <b>spielen die Kinder im Hallenbad<\/b> mit den Animateur*innen und machen dann gemeinsam einen <b>Imbiss<\/b> oder feiern eine <b>Nutella-Party.<\/b> Sie schaffen <b>Kunst im Stil von Art Attack<\/b>,<b> lernen kochen<\/b>, proben <b>Mini-Shows <\/b>und lassen sich d<b>as Gesicht bemalen<\/b>, bevor sie mit den Animateur*innen zu Abend essen. Jede Woche gibt es ein <b>Piraten-Abendessen<\/b> und eine <b>Pizza-Party<\/b>. Vor dem Schlafen gibt es nochmal Spa\u00df mit Baby-Dance. Schnitzeljagd und Kekse-Party.<\/p>\n\n\n\n<p>An Euch Eltern haben wir auch gedacht! W\u00e4hrend sich die <b>Kinderm\u00e4dchen<\/b> um die <b>1- bis 3-J\u00e4hrigen<\/b> k\u00fcmmern und sich die<b> 3- bis 12-J\u00e4hrigen<\/b> im Miniclub vergn\u00fcgen, habt Ihr Zeit f\u00fcr Outdoor-Aktivit\u00e4ten oder Entpannung im<b> 600 m\u00b2 gro\u00dfen Spa<\/b>, mit Wellness-Angeboten und Schwimmbad.<\/p>\n\n\n\n<p>Auch die <b>gastromischen Erlebnisse<\/b> werden Euch nicht entt\u00e4uschen \u2013 wir verw\u00f6hnen Gro\u00dfe und Kleine mit unverf\u00e4lschten traditionellen Gerichten des Fassatals!<\/p>\n","protected":false},"excerpt":{"rendered":"<p>Willkommen zu einem ruhigen Familienurlaub mitten in der Natur, umgeben von der einzigartigen Landschaft der Dolomiten. Im Winter lernen die Kinder mit den Animateur*innen das Skifahren; gleich nebenan k\u00f6nnen Mama und Papa in die Seilbahn steigen, die sie zu den sch\u00f6nsten Pisten bringt. Im Sommer ist die Lage ideal f\u00fcr leichte Wanderungen, auch mit Kinderwagen &hellip;<\/p>\n","protected":false},"author":153,"featured_media":0,"parent":94,"menu_order":0,"comment_status":"closed","ping_status":"closed","template":"page-templates\/scheda_hotel.php","meta":{"_acf_changed":false,"inline_featured_image":false,"footnotes":""},"class_list":["post-4532","page","type-page","status-publish","hentry"],"acf":[],"yoast_head":"<!-- This site is optimized with the Yoast SEO plugin v27.1 - https:\/\/yoast.com\/product\/yoast-seo-wordpress\/ -->\n<title>Hotel Andes Family &amp; Wellness 4-Sterne, Vigo di Fassa<\/title>\n<meta name=\"description\" content=\"Lust auf Familienurlaub? Entdecken Sie die Familienangebote f\u00fcr Hotel Andes Family &amp; Wellness in Vigo di Fassa\" \/>\n<meta name=\"robots\" content=\"index, follow, max-snippet:-1, max-image-preview:large, max-video-preview:-1\" \/>\n<link rel=\"canonical\" href=\"https:\/\/www.italyfamilyhotels.it\/de\/family-hotels\/hotel-andes-family-wellness-vigo-di-fassa\" \/>\n<meta property=\"og:locale\" content=\"de_DE\" \/>\n<meta property=\"og:type\" content=\"article\" \/>\n<meta property=\"og:title\" content=\"Hotel Andes Family &amp; Wellness 4-Sterne, Vigo di Fassa\" \/>\n<meta property=\"og:description\" content=\"Lust auf Familienurlaub? Entdecken Sie die Familienangebote f\u00fcr Hotel Andes Family &amp; Wellness in Vigo di Fassa\" \/>\n<meta property=\"og:url\" content=\"https:\/\/www.italyfamilyhotels.it\/de\/family-hotels\/hotel-andes-family-wellness-vigo-di-fassa\" \/>\n<meta property=\"og:site_name\" content=\"Italy Family Hotels\" \/>\n<meta property=\"article:publisher\" content=\"https:\/\/www.facebook.com\/ItalyFamilyHotels\/\" \/>\n<meta property=\"article:modified_time\" content=\"2022-06-15T09:41:05+00:00\" \/>\n<meta name=\"twitter:card\" content=\"summary_large_image\" \/>\n<meta name=\"twitter:label1\" content=\"Gesch\u00e4tzte Lesezeit\" \/>\n\t<meta name=\"twitter:data1\" content=\"1\u00a0Minute\" \/>\n<script type=\"application\/ld+json\" class=\"yoast-schema-graph\">{\"@context\":\"https:\/\/schema.org\",\"@graph\":[{\"@type\":\"WebPage\",\"@id\":\"https:\/\/www.italyfamilyhotels.it\/de\/family-hotels\/hotel-andes-family-wellness-vigo-di-fassa\",\"url\":\"https:\/\/www.italyfamilyhotels.it\/de\/family-hotels\/hotel-andes-family-wellness-vigo-di-fassa\",\"name\":\"Hotel Andes Family & Wellness 4-Sterne, Vigo di Fassa\",\"isPartOf\":{\"@id\":\"https:\/\/www.italyfamilyhotels.it\/#website\"},\"datePublished\":\"2022-03-14T11:38:08+00:00\",\"dateModified\":\"2022-06-15T09:41:05+00:00\",\"description\":\"Lust auf Familienurlaub? Entdecken Sie die Familienangebote f\u00fcr Hotel Andes Family & Wellness in Vigo di Fassa\",\"breadcrumb\":{\"@id\":\"https:\/\/www.italyfamilyhotels.it\/de\/family-hotels\/hotel-andes-family-wellness-vigo-di-fassa#breadcrumb\"},\"inLanguage\":\"de\",\"potentialAction\":[{\"@type\":\"ReadAction\",\"target\":[\"https:\/\/www.italyfamilyhotels.it\/de\/family-hotels\/hotel-andes-family-wellness-vigo-di-fassa\"]}]},{\"@type\":\"BreadcrumbList\",\"@id\":\"https:\/\/www.italyfamilyhotels.it\/de\/family-hotels\/hotel-andes-family-wellness-vigo-di-fassa#breadcrumb\",\"itemListElement\":[{\"@type\":\"ListItem\",\"position\":1,\"name\":\"Home\",\"item\":\"https:\/\/www.italyfamilyhotels.it\/de\"},{\"@type\":\"ListItem\",\"position\":2,\"name\":\"Family Hotels\",\"item\":\"https:\/\/www.italyfamilyhotels.it\/de\/family-hotels\"},{\"@type\":\"ListItem\",\"position\":3,\"name\":\"Hotel Andes Family &#038; Wellness\"}]},{\"@type\":\"WebSite\",\"@id\":\"https:\/\/www.italyfamilyhotels.it\/#website\",\"url\":\"https:\/\/www.italyfamilyhotels.it\/\",\"name\":\"Italy Family Hotels\",\"description\":\"\",\"potentialAction\":[{\"@type\":\"SearchAction\",\"target\":{\"@type\":\"EntryPoint\",\"urlTemplate\":\"https:\/\/www.italyfamilyhotels.it\/?s={search_term_string}\"},\"query-input\":{\"@type\":\"PropertyValueSpecification\",\"valueRequired\":true,\"valueName\":\"search_term_string\"}}],\"inLanguage\":\"de\"}]}<\/script>\n<!-- \/ Yoast SEO plugin. -->","yoast_head_json":{"title":"Hotel Andes Family & Wellness 4-Sterne, Vigo di Fassa","description":"Lust auf Familienurlaub? Entdecken Sie die Familienangebote f\u00fcr Hotel Andes Family & Wellness in Vigo di Fassa","robots":{"index":"index","follow":"follow","max-snippet":"max-snippet:-1","max-image-preview":"max-image-preview:large","max-video-preview":"max-video-preview:-1"},"canonical":"https:\/\/www.italyfamilyhotels.it\/de\/family-hotels\/hotel-andes-family-wellness-vigo-di-fassa","og_locale":"de_DE","og_type":"article","og_title":"Hotel Andes Family & Wellness 4-Sterne, Vigo di Fassa","og_description":"Lust auf Familienurlaub? Entdecken Sie die Familienangebote f\u00fcr Hotel Andes Family & Wellness in Vigo di Fassa","og_url":"https:\/\/www.italyfamilyhotels.it\/de\/family-hotels\/hotel-andes-family-wellness-vigo-di-fassa","og_site_name":"Italy Family Hotels","article_publisher":"https:\/\/www.facebook.com\/ItalyFamilyHotels\/","article_modified_time":"2022-06-15T09:41:05+00:00","twitter_card":"summary_large_image","twitter_misc":{"Gesch\u00e4tzte Lesezeit":"1\u00a0Minute"},"schema":{"@context":"https:\/\/schema.org","@graph":[{"@type":"WebPage","@id":"https:\/\/www.italyfamilyhotels.it\/de\/family-hotels\/hotel-andes-family-wellness-vigo-di-fassa","url":"https:\/\/www.italyfamilyhotels.it\/de\/family-hotels\/hotel-andes-family-wellness-vigo-di-fassa","name":"Hotel Andes Family & Wellness 4-Sterne, Vigo di Fassa","isPartOf":{"@id":"https:\/\/www.italyfamilyhotels.it\/#website"},"datePublished":"2022-03-14T11:38:08+00:00","dateModified":"2022-06-15T09:41:05+00:00","description":"Lust auf Familienurlaub? Entdecken Sie die Familienangebote f\u00fcr Hotel Andes Family & Wellness in Vigo di Fassa","breadcrumb":{"@id":"https:\/\/www.italyfamilyhotels.it\/de\/family-hotels\/hotel-andes-family-wellness-vigo-di-fassa#breadcrumb"},"inLanguage":"de","potentialAction":[{"@type":"ReadAction","target":["https:\/\/www.italyfamilyhotels.it\/de\/family-hotels\/hotel-andes-family-wellness-vigo-di-fassa"]}]},{"@type":"BreadcrumbList","@id":"https:\/\/www.italyfamilyhotels.it\/de\/family-hotels\/hotel-andes-family-wellness-vigo-di-fassa#breadcrumb","itemListElement":[{"@type":"ListItem","position":1,"name":"Home","item":"https:\/\/www.italyfamilyhotels.it\/de"},{"@type":"ListItem","position":2,"name":"Family Hotels","item":"https:\/\/www.italyfamilyhotels.it\/de\/family-hotels"},{"@type":"ListItem","position":3,"name":"Hotel Andes Family &#038; Wellness"}]},{"@type":"WebSite","@id":"https:\/\/www.italyfamilyhotels.it\/#website","url":"https:\/\/www.italyfamilyhotels.it\/","name":"Italy Family Hotels","description":"","potentialAction":[{"@type":"SearchAction","target":{"@type":"EntryPoint","urlTemplate":"https:\/\/www.italyfamilyhotels.it\/?s={search_term_string}"},"query-input":{"@type":"PropertyValueSpecification","valueRequired":true,"valueName":"search_term_string"}}],"inLanguage":"de"}]}},"_links":{"self":[{"href":"https:\/\/www.italyfamilyhotels.it\/de\/wp-json\/wp\/v2\/pages\/4532","targetHints":{"allow":["GET"]}}],"collection":[{"href":"https:\/\/www.italyfamilyhotels.it\/de\/wp-json\/wp\/v2\/pages"}],"about":[{"href":"https:\/\/www.italyfamilyhotels.it\/de\/wp-json\/wp\/v2\/types\/page"}],"author":[{"embeddable":true,"href":"https:\/\/www.italyfamilyhotels.it\/de\/wp-json\/wp\/v2\/users\/153"}],"replies":[{"embeddable":true,"href":"https:\/\/www.italyfamilyhotels.it\/de\/wp-json\/wp\/v2\/comments?post=4532"}],"version-history":[{"count":3,"href":"https:\/\/www.italyfamilyhotels.it\/de\/wp-json\/wp\/v2\/pages\/4532\/revisions"}],"predecessor-version":[{"id":28502,"href":"https:\/\/www.italyfamilyhotels.it\/de\/wp-json\/wp\/v2\/pages\/4532\/revisions\/28502"}],"up":[{"embeddable":true,"href":"https:\/\/www.italyfamilyhotels.it\/de\/wp-json\/wp\/v2\/pages\/94"}],"wp:attachment":[{"href":"https:\/\/www.italyfamilyhotels.it\/de\/wp-json\/wp\/v2\/media?parent=4532"}],"curies":[{"name":"wp","href":"https:\/\/api.w.org\/{rel}","templated":true}]}}