{"id":45278,"date":"2023-02-03T11:32:02","date_gmt":"2023-02-03T10:32:02","guid":{"rendered":"https:\/\/www.italyfamilyhotels.it\/?page_id=45278"},"modified":"2023-02-03T11:33:46","modified_gmt":"2023-02-03T10:33:46","slug":"friaul-julisch-venetien","status":"publish","type":"page","link":"https:\/\/www.italyfamilyhotels.it\/de\/destinationen\/friaul-julisch-venetien","title":{"rendered":"Friaul-Julisch-Venetien"},"content":{"rendered":"\n<p><strong>Friaul-Julisch-Venetien bietet 130 km K\u00fcstenlinie<\/strong> zum Entdecken! <strong>Sandstr\u00e4nde<\/strong> mit seichtem Wasser, ausgestattete Strandb\u00e4dern und <strong>sichere Spielpl\u00e4tze<\/strong>, an denen Sie zahlreiche Sportarten wie Tauchen, Segeln, Kanufahren, Surfen und Schnorcheln aus\u00fcben k\u00f6nnen. Wenn Sie einen vergn\u00fcglichen Tag mit Ihren Kindern verbringen m\u00f6chten, besuchen Sie die <strong>Wasserparks am Meer<\/strong> in Lignano Sabbiadoro und Grado. Wenn Sie er <strong>Kiesstr\u00e4nde<\/strong> bevorzugen oder das Gef\u00fchl genie\u00dfen m\u00f6chten, sich in einem <strong>historischen Badeort<\/strong> zu entspannen, k\u00f6nnen Sie Grado oder Trieste besuchen.<\/p>\n\n\n\n<p>Einer der H\u00f6hepunkte f\u00fcr Kinder in Friuli Venezia-Giulia sind Bootsausfl\u00fcge, auch auf traditionellen Booten oder Fischerbooten, oder Spazierg\u00e4nge durch die bunte und fr\u00f6hliche Atmosph\u00e4re der <strong>Fischerd\u00f6rfer<\/strong> <strong>Marano Lagunare<\/strong>, <strong>Grado<\/strong>, <strong>Duino<\/strong>, <strong>Muggia<\/strong>. Und dann noch die<strong> Naturerlebnisse<\/strong>! Erkunden Sie mit den Kindern den Naturpark Valle Canal Novo, lassen Sie sie an den Ponyspielen auf der Insel Cona teilnehmen, reiten Sie entlang der Valli da Pesca, radeln Sie durch den Naturpark Valle Cavanata, besuchen Sie den Naturpark Falesie di Duino und den Naturpark Val Rosandra.<\/p>\n\n\n\n<p>Ach ja, wenn Sie im Urlaub mit Ihren <strong>Kindern einzigartige kulturelle Besichtigungen <\/strong>Unternehmen m\u00f6chten, werden die unglaublichen D\u00f6rfer <strong>Aquileia<\/strong> und <strong>Palmanova<\/strong> sowie die mitteleurop\u00e4ische Stadt <strong>Triest<\/strong> die ganze Familie begeistern!<\/p>\n","protected":false},"excerpt":{"rendered":"<p>Friaul-Julisch-Venetien bietet 130 km K\u00fcstenlinie zum Entdecken! Sandstr\u00e4nde mit seichtem Wasser, ausgestattete Strandb\u00e4dern und sichere Spielpl\u00e4tze, an denen Sie zahlreiche Sportarten wie Tauchen, Segeln, Kanufahren, Surfen und Schnorcheln aus\u00fcben k\u00f6nnen. Wenn Sie einen vergn\u00fcglichen Tag mit Ihren Kindern verbringen m\u00f6chten, besuchen Sie die Wasserparks am Meer in Lignano Sabbiadoro und Grado. Wenn Sie er Kiesstr\u00e4nde &hellip;<\/p>\n","protected":false},"author":2,"featured_media":0,"parent":890,"menu_order":0,"comment_status":"closed","ping_status":"closed","template":"page-templates\/scheda_destinazione.php","meta":{"_acf_changed":false,"inline_featured_image":false,"footnotes":""},"class_list":["post-45278","page","type-page","status-publish","hentry"],"acf":[],"yoast_head":"<!-- This site is optimized with the Yoast SEO plugin v27.1 - https:\/\/yoast.com\/product\/yoast-seo-wordpress\/ -->\n<title>Family Hotels in Friaul-Julisch-Venetien: die besten Family Hotels in Friaul-Julisch-Venetien<\/title>\n<meta name=\"description\" content=\"Lust auf einen Urlaub mit Ihrer Familie? Wir haben die besten Family Hotels in den Friaul-Julisch-Venetien ausgew\u00e4hlt\" \/>\n<meta name=\"robots\" content=\"index, follow, max-snippet:-1, max-image-preview:large, max-video-preview:-1\" \/>\n<link rel=\"canonical\" href=\"https:\/\/www.italyfamilyhotels.it\/de\/destinationen\/friaul-julisch-venetien\" \/>\n<meta property=\"og:locale\" content=\"de_DE\" \/>\n<meta property=\"og:type\" content=\"article\" \/>\n<meta property=\"og:title\" content=\"Family Hotels in Friaul-Julisch-Venetien: die besten Family Hotels in Friaul-Julisch-Venetien\" \/>\n<meta property=\"og:description\" content=\"Lust auf einen Urlaub mit Ihrer Familie? Wir haben die besten Family Hotels in den Friaul-Julisch-Venetien ausgew\u00e4hlt\" \/>\n<meta property=\"og:url\" content=\"https:\/\/www.italyfamilyhotels.it\/de\/destinationen\/friaul-julisch-venetien\" \/>\n<meta property=\"og:site_name\" content=\"Italy Family Hotels\" \/>\n<meta property=\"article:publisher\" content=\"https:\/\/www.facebook.com\/ItalyFamilyHotels\/\" \/>\n<meta property=\"article:modified_time\" content=\"2023-02-03T10:33:46+00:00\" \/>\n<meta name=\"twitter:card\" content=\"summary_large_image\" \/>\n<meta name=\"twitter:label1\" content=\"Gesch\u00e4tzte Lesezeit\" \/>\n\t<meta name=\"twitter:data1\" content=\"1\u00a0Minute\" \/>\n<script type=\"application\/ld+json\" class=\"yoast-schema-graph\">{\"@context\":\"https:\/\/schema.org\",\"@graph\":[{\"@type\":\"WebPage\",\"@id\":\"https:\/\/www.italyfamilyhotels.it\/de\/destinationen\/friaul-julisch-venetien\",\"url\":\"https:\/\/www.italyfamilyhotels.it\/de\/destinationen\/friaul-julisch-venetien\",\"name\":\"Family Hotels in Friaul-Julisch-Venetien: die besten Family Hotels in Friaul-Julisch-Venetien\",\"isPartOf\":{\"@id\":\"https:\/\/www.italyfamilyhotels.it\/#website\"},\"datePublished\":\"2023-02-03T10:32:02+00:00\",\"dateModified\":\"2023-02-03T10:33:46+00:00\",\"description\":\"Lust auf einen Urlaub mit Ihrer Familie? Wir haben die besten Family Hotels in den Friaul-Julisch-Venetien ausgew\u00e4hlt\",\"breadcrumb\":{\"@id\":\"https:\/\/www.italyfamilyhotels.it\/de\/destinationen\/friaul-julisch-venetien#breadcrumb\"},\"inLanguage\":\"de\",\"potentialAction\":[{\"@type\":\"ReadAction\",\"target\":[\"https:\/\/www.italyfamilyhotels.it\/de\/destinationen\/friaul-julisch-venetien\"]}]},{\"@type\":\"BreadcrumbList\",\"@id\":\"https:\/\/www.italyfamilyhotels.it\/de\/destinationen\/friaul-julisch-venetien#breadcrumb\",\"itemListElement\":[{\"@type\":\"ListItem\",\"position\":1,\"name\":\"Home\",\"item\":\"https:\/\/www.italyfamilyhotels.it\/de\"},{\"@type\":\"ListItem\",\"position\":2,\"name\":\"Destinationen\",\"item\":\"https:\/\/www.italyfamilyhotels.it\/de\/destinationen\"},{\"@type\":\"ListItem\",\"position\":3,\"name\":\"Friaul-Julisch-Venetien\"}]},{\"@type\":\"WebSite\",\"@id\":\"https:\/\/www.italyfamilyhotels.it\/#website\",\"url\":\"https:\/\/www.italyfamilyhotels.it\/\",\"name\":\"Italy Family Hotels\",\"description\":\"\",\"potentialAction\":[{\"@type\":\"SearchAction\",\"target\":{\"@type\":\"EntryPoint\",\"urlTemplate\":\"https:\/\/www.italyfamilyhotels.it\/?s={search_term_string}\"},\"query-input\":{\"@type\":\"PropertyValueSpecification\",\"valueRequired\":true,\"valueName\":\"search_term_string\"}}],\"inLanguage\":\"de\"}]}<\/script>\n<!-- \/ Yoast SEO plugin. -->","yoast_head_json":{"title":"Family Hotels in Friaul-Julisch-Venetien: die besten Family Hotels in Friaul-Julisch-Venetien","description":"Lust auf einen Urlaub mit Ihrer Familie? Wir haben die besten Family Hotels in den Friaul-Julisch-Venetien ausgew\u00e4hlt","robots":{"index":"index","follow":"follow","max-snippet":"max-snippet:-1","max-image-preview":"max-image-preview:large","max-video-preview":"max-video-preview:-1"},"canonical":"https:\/\/www.italyfamilyhotels.it\/de\/destinationen\/friaul-julisch-venetien","og_locale":"de_DE","og_type":"article","og_title":"Family Hotels in Friaul-Julisch-Venetien: die besten Family Hotels in Friaul-Julisch-Venetien","og_description":"Lust auf einen Urlaub mit Ihrer Familie? Wir haben die besten Family Hotels in den Friaul-Julisch-Venetien ausgew\u00e4hlt","og_url":"https:\/\/www.italyfamilyhotels.it\/de\/destinationen\/friaul-julisch-venetien","og_site_name":"Italy Family Hotels","article_publisher":"https:\/\/www.facebook.com\/ItalyFamilyHotels\/","article_modified_time":"2023-02-03T10:33:46+00:00","twitter_card":"summary_large_image","twitter_misc":{"Gesch\u00e4tzte Lesezeit":"1\u00a0Minute"},"schema":{"@context":"https:\/\/schema.org","@graph":[{"@type":"WebPage","@id":"https:\/\/www.italyfamilyhotels.it\/de\/destinationen\/friaul-julisch-venetien","url":"https:\/\/www.italyfamilyhotels.it\/de\/destinationen\/friaul-julisch-venetien","name":"Family Hotels in Friaul-Julisch-Venetien: die besten Family Hotels in Friaul-Julisch-Venetien","isPartOf":{"@id":"https:\/\/www.italyfamilyhotels.it\/#website"},"datePublished":"2023-02-03T10:32:02+00:00","dateModified":"2023-02-03T10:33:46+00:00","description":"Lust auf einen Urlaub mit Ihrer Familie? Wir haben die besten Family Hotels in den Friaul-Julisch-Venetien ausgew\u00e4hlt","breadcrumb":{"@id":"https:\/\/www.italyfamilyhotels.it\/de\/destinationen\/friaul-julisch-venetien#breadcrumb"},"inLanguage":"de","potentialAction":[{"@type":"ReadAction","target":["https:\/\/www.italyfamilyhotels.it\/de\/destinationen\/friaul-julisch-venetien"]}]},{"@type":"BreadcrumbList","@id":"https:\/\/www.italyfamilyhotels.it\/de\/destinationen\/friaul-julisch-venetien#breadcrumb","itemListElement":[{"@type":"ListItem","position":1,"name":"Home","item":"https:\/\/www.italyfamilyhotels.it\/de"},{"@type":"ListItem","position":2,"name":"Destinationen","item":"https:\/\/www.italyfamilyhotels.it\/de\/destinationen"},{"@type":"ListItem","position":3,"name":"Friaul-Julisch-Venetien"}]},{"@type":"WebSite","@id":"https:\/\/www.italyfamilyhotels.it\/#website","url":"https:\/\/www.italyfamilyhotels.it\/","name":"Italy Family Hotels","description":"","potentialAction":[{"@type":"SearchAction","target":{"@type":"EntryPoint","urlTemplate":"https:\/\/www.italyfamilyhotels.it\/?s={search_term_string}"},"query-input":{"@type":"PropertyValueSpecification","valueRequired":true,"valueName":"search_term_string"}}],"inLanguage":"de"}]}},"_links":{"self":[{"href":"https:\/\/www.italyfamilyhotels.it\/de\/wp-json\/wp\/v2\/pages\/45278","targetHints":{"allow":["GET"]}}],"collection":[{"href":"https:\/\/www.italyfamilyhotels.it\/de\/wp-json\/wp\/v2\/pages"}],"about":[{"href":"https:\/\/www.italyfamilyhotels.it\/de\/wp-json\/wp\/v2\/types\/page"}],"author":[{"embeddable":true,"href":"https:\/\/www.italyfamilyhotels.it\/de\/wp-json\/wp\/v2\/users\/2"}],"replies":[{"embeddable":true,"href":"https:\/\/www.italyfamilyhotels.it\/de\/wp-json\/wp\/v2\/comments?post=45278"}],"version-history":[{"count":2,"href":"https:\/\/www.italyfamilyhotels.it\/de\/wp-json\/wp\/v2\/pages\/45278\/revisions"}],"predecessor-version":[{"id":45280,"href":"https:\/\/www.italyfamilyhotels.it\/de\/wp-json\/wp\/v2\/pages\/45278\/revisions\/45280"}],"up":[{"embeddable":true,"href":"https:\/\/www.italyfamilyhotels.it\/de\/wp-json\/wp\/v2\/pages\/890"}],"wp:attachment":[{"href":"https:\/\/www.italyfamilyhotels.it\/de\/wp-json\/wp\/v2\/media?parent=45278"}],"curies":[{"name":"wp","href":"https:\/\/api.w.org\/{rel}","templated":true}]}}