{"id":4527,"date":"2022-03-14T12:38:07","date_gmt":"2022-03-14T11:38:07","guid":{"rendered":"https:\/\/www.italyfamilyhotels.it\/family-hotels\/hotel-relax"},"modified":"2026-01-08T16:05:27","modified_gmt":"2026-01-08T15:05:27","slug":"hotel-relax-san-benedetto-del-tronto","status":"publish","type":"page","link":"https:\/\/www.italyfamilyhotels.it\/de\/family-hotels\/hotel-relax-san-benedetto-del-tronto","title":{"rendered":"Hotel Relax"},"content":{"rendered":"\n<p>Willkommen in der Familie! Wir haben den Anspruch, Euch in unserem Hotel das  Gef\u00fchl zu geben, dass Ihr zu den allerwichtigsten Personen geh\u00f6rt \u2013 denen der Familie eben. Entspannt Euch im <b>gro\u00dfen Garten<\/b> mit <b>hundertj\u00e4hrigen Palmen<\/b>, mit <b>Kinder-Spielger\u00e4ten<\/b> und <b>halb-olympischen Schwimmbad mit Rutschbahnen<\/b> und flacher <b>Kinderzone.<\/b><\/p>\n\n\n\n<p><\/p>\n\n\n\n<p><b>Gegen\u00fcber<\/b>, auf der anderen Seite der Stra\u00dfe, <b>liegt der Strand <\/b>von<b> San Benedetto del Tronto. <\/b>Weicher Sand, klares Wasser, das nur ganz allm\u00e4hlich tiefer wird \u2013 kindersicher, wie auch das Unterhaltungsangebot. <b>Im Mini-Club vergn\u00fcgen sich die Kinder zwischen 3 und 11 Jahren<\/b> mit Aktivit\u00e4ten am Strand und im Hotel: phantasievolle Spiele, kreative Arbeiten, Turniere und Baby-Dance. Fr\u00f6hliche Themenabende, Tanz und Feste auf dem Land erlebt die Familie gemeinsam.<\/p>\n\n\n\n<p><\/p>\n\n\n\n<p>Der Erholung und dem Vergn\u00fcgen geben wir im wahrsten Sinne des Wortes viel Raum:<b> 2.000 m\u00b2 Garten<\/b> und Sonnenterrasse, <b>300 m\u00b2 R\u00e4ume zum Spielen<\/b>. Die Lage des Hotels ist g\u00fcnstig zum Besuch von Sehensw\u00fcrdigkeiten<\/p>\n\n\n\n<p>oder f\u00fcr sch\u00f6ne Ausfl\u00fcge mit unseren<b> Leihr\u00e4dern<\/b>. \u00dcberlegt aber, ob Ihr unseren Nachmittagsimbiss vers\u00e4umen wollt, mit ofenfrischen Kuchen, Obst der Jahreszeit und S\u00e4ften.<\/p>\n\n\n\n<p>Liebe geht durch den Magen, deshalb servieren wir unseren G\u00e4sten ganz <b>frisch zubereitete Gerichte aus besten Zutaten<\/b>.<b> <\/b>Am Tisch mit ihren neuen <b>Freund*innen<\/b> und den<b> Animateur*innen<\/b> schmeckt den <b>Kindern<\/b> das Essen noch besser. Wir haben f\u00fcr sie auch <b>Themen-Zimmer<\/b> f\u00fcr m\u00e4rchenhafte N\u00e4chte.<\/p>\n\n\n<figure class=\"wp-block-table ifh_awards\"><table><tbody><tr>\r\n<td><img decoding=\"async\" src=\"https:\/\/www.italyfamilyhotels.it\/wp-content\/themes\/ifh2\/img\/ifh_awards.svg\" alt=\"Italy Family Awards\"><\/td>\r\n<td>Dieses Hotel wurde in der Kategorie auf Platz eins gew\u00e4hlt: <br><strong>Bestes Themenzimmer<span class=\"info\" onclick=\"toggleAwardPopup(event)\"><span class=\"popup\" onclick=\"toggleAwardPopupClose(event)\">\r\n    <span class=\"popup_header\"><\/span>\r\n    <span class=\"popup_content\">Die Auszeichnung f\u00fcr das Hotel, das Familien mit einzigartigen und originellen Themenzimmern begeistern und faszinieren konnte. Ein echtes Unterscheidungsmerkmal f\u00fcr die Einrichtung!<\/span>\r\n    <span class=\"popup_footer\"><\/span>\r\n    <\/span><\/span><\/strong><\/td>\r\n<\/tr><\/tbody><\/table><\/figure>\r\n<script type=\"text\/javascript\">\r\nif(!toggleAwardPopup) {\r\n     var toggleAwardPopup = function(e){\r\n        e = e || window.event;\r\n        e.stopPropagation();\r\n        var target = e.target || e.srcElement;\r\n        jQuery(target).children(\".popup\").fadeToggle();\r\n    };\r\n}\r\nif(!toggleAwardPopupClose) {\r\n     var toggleAwardPopupClose = function(e){\r\n        e = e || window.event;\r\n        e.stopPropagation();\r\n        var target = e.target || e.srcElement;\r\n        jQuery(target).parent(\".popup\").fadeToggle();\r\n    };\r\n}\r\n<\/script>","protected":false},"excerpt":{"rendered":"<p>Willkommen in der Familie! Wir haben den Anspruch, Euch in unserem Hotel das Gef\u00fchl zu geben, dass Ihr zu den allerwichtigsten Personen geh\u00f6rt \u2013 denen der Familie eben. Entspannt Euch im gro\u00dfen Garten mit hundertj\u00e4hrigen Palmen, mit Kinder-Spielger\u00e4ten und halb-olympischen Schwimmbad mit Rutschbahnen und flacher Kinderzone. Gegen\u00fcber, auf der anderen Seite der Stra\u00dfe, liegt der &hellip;<\/p>\n","protected":false},"author":152,"featured_media":0,"parent":94,"menu_order":0,"comment_status":"closed","ping_status":"closed","template":"page-templates\/scheda_hotel.php","meta":{"_acf_changed":false,"inline_featured_image":false,"footnotes":""},"class_list":["post-4527","page","type-page","status-publish","hentry"],"acf":[],"yoast_head":"<!-- This site is optimized with the Yoast SEO plugin v27.1 - https:\/\/yoast.com\/product\/yoast-seo-wordpress\/ -->\n<title>Hotel Relax 3-Sterne, San Benedetto del Tronto<\/title>\n<meta name=\"description\" content=\"Lust auf Familienurlaub? Entdecken Sie die Familienangebote f\u00fcr Hotel Relax in San Benedetto del Tronto\" \/>\n<meta name=\"robots\" content=\"index, follow, max-snippet:-1, max-image-preview:large, max-video-preview:-1\" \/>\n<link rel=\"canonical\" href=\"https:\/\/www.italyfamilyhotels.it\/de\/family-hotels\/hotel-relax-san-benedetto-del-tronto\" \/>\n<meta property=\"og:locale\" content=\"de_DE\" \/>\n<meta property=\"og:type\" content=\"article\" \/>\n<meta property=\"og:title\" content=\"Hotel Relax 3-Sterne, San Benedetto del Tronto\" \/>\n<meta property=\"og:description\" content=\"Lust auf Familienurlaub? Entdecken Sie die Familienangebote f\u00fcr Hotel Relax in San Benedetto del Tronto\" \/>\n<meta property=\"og:url\" content=\"https:\/\/www.italyfamilyhotels.it\/de\/family-hotels\/hotel-relax-san-benedetto-del-tronto\" \/>\n<meta property=\"og:site_name\" content=\"Italy Family Hotels\" \/>\n<meta property=\"article:publisher\" content=\"https:\/\/www.facebook.com\/ItalyFamilyHotels\/\" \/>\n<meta property=\"article:modified_time\" content=\"2026-01-08T15:05:27+00:00\" \/>\n<meta name=\"twitter:card\" content=\"summary_large_image\" \/>\n<meta name=\"twitter:label1\" content=\"Gesch\u00e4tzte Lesezeit\" \/>\n\t<meta name=\"twitter:data1\" content=\"2\u00a0Minuten\" \/>\n<script type=\"application\/ld+json\" class=\"yoast-schema-graph\">{\"@context\":\"https:\/\/schema.org\",\"@graph\":[{\"@type\":\"WebPage\",\"@id\":\"https:\/\/www.italyfamilyhotels.it\/de\/family-hotels\/hotel-relax-san-benedetto-del-tronto\",\"url\":\"https:\/\/www.italyfamilyhotels.it\/de\/family-hotels\/hotel-relax-san-benedetto-del-tronto\",\"name\":\"Hotel Relax 3-Sterne, San Benedetto del Tronto\",\"isPartOf\":{\"@id\":\"https:\/\/www.italyfamilyhotels.it\/#website\"},\"datePublished\":\"2022-03-14T11:38:07+00:00\",\"dateModified\":\"2026-01-08T15:05:27+00:00\",\"description\":\"Lust auf Familienurlaub? Entdecken Sie die Familienangebote f\u00fcr Hotel Relax in San Benedetto del Tronto\",\"breadcrumb\":{\"@id\":\"https:\/\/www.italyfamilyhotels.it\/de\/family-hotels\/hotel-relax-san-benedetto-del-tronto#breadcrumb\"},\"inLanguage\":\"de\",\"potentialAction\":[{\"@type\":\"ReadAction\",\"target\":[\"https:\/\/www.italyfamilyhotels.it\/de\/family-hotels\/hotel-relax-san-benedetto-del-tronto\"]}]},{\"@type\":\"BreadcrumbList\",\"@id\":\"https:\/\/www.italyfamilyhotels.it\/de\/family-hotels\/hotel-relax-san-benedetto-del-tronto#breadcrumb\",\"itemListElement\":[{\"@type\":\"ListItem\",\"position\":1,\"name\":\"Home\",\"item\":\"https:\/\/www.italyfamilyhotels.it\/de\"},{\"@type\":\"ListItem\",\"position\":2,\"name\":\"Family Hotels\",\"item\":\"https:\/\/www.italyfamilyhotels.it\/de\/family-hotels\"},{\"@type\":\"ListItem\",\"position\":3,\"name\":\"Hotel Relax\"}]},{\"@type\":\"WebSite\",\"@id\":\"https:\/\/www.italyfamilyhotels.it\/#website\",\"url\":\"https:\/\/www.italyfamilyhotels.it\/\",\"name\":\"Italy Family Hotels\",\"description\":\"\",\"potentialAction\":[{\"@type\":\"SearchAction\",\"target\":{\"@type\":\"EntryPoint\",\"urlTemplate\":\"https:\/\/www.italyfamilyhotels.it\/?s={search_term_string}\"},\"query-input\":{\"@type\":\"PropertyValueSpecification\",\"valueRequired\":true,\"valueName\":\"search_term_string\"}}],\"inLanguage\":\"de\"}]}<\/script>\n<!-- \/ Yoast SEO plugin. -->","yoast_head_json":{"title":"Hotel Relax 3-Sterne, San Benedetto del Tronto","description":"Lust auf Familienurlaub? Entdecken Sie die Familienangebote f\u00fcr Hotel Relax in San Benedetto del Tronto","robots":{"index":"index","follow":"follow","max-snippet":"max-snippet:-1","max-image-preview":"max-image-preview:large","max-video-preview":"max-video-preview:-1"},"canonical":"https:\/\/www.italyfamilyhotels.it\/de\/family-hotels\/hotel-relax-san-benedetto-del-tronto","og_locale":"de_DE","og_type":"article","og_title":"Hotel Relax 3-Sterne, San Benedetto del Tronto","og_description":"Lust auf Familienurlaub? Entdecken Sie die Familienangebote f\u00fcr Hotel Relax in San Benedetto del Tronto","og_url":"https:\/\/www.italyfamilyhotels.it\/de\/family-hotels\/hotel-relax-san-benedetto-del-tronto","og_site_name":"Italy Family Hotels","article_publisher":"https:\/\/www.facebook.com\/ItalyFamilyHotels\/","article_modified_time":"2026-01-08T15:05:27+00:00","twitter_card":"summary_large_image","twitter_misc":{"Gesch\u00e4tzte Lesezeit":"2\u00a0Minuten"},"schema":{"@context":"https:\/\/schema.org","@graph":[{"@type":"WebPage","@id":"https:\/\/www.italyfamilyhotels.it\/de\/family-hotels\/hotel-relax-san-benedetto-del-tronto","url":"https:\/\/www.italyfamilyhotels.it\/de\/family-hotels\/hotel-relax-san-benedetto-del-tronto","name":"Hotel Relax 3-Sterne, San Benedetto del Tronto","isPartOf":{"@id":"https:\/\/www.italyfamilyhotels.it\/#website"},"datePublished":"2022-03-14T11:38:07+00:00","dateModified":"2026-01-08T15:05:27+00:00","description":"Lust auf Familienurlaub? Entdecken Sie die Familienangebote f\u00fcr Hotel Relax in San Benedetto del Tronto","breadcrumb":{"@id":"https:\/\/www.italyfamilyhotels.it\/de\/family-hotels\/hotel-relax-san-benedetto-del-tronto#breadcrumb"},"inLanguage":"de","potentialAction":[{"@type":"ReadAction","target":["https:\/\/www.italyfamilyhotels.it\/de\/family-hotels\/hotel-relax-san-benedetto-del-tronto"]}]},{"@type":"BreadcrumbList","@id":"https:\/\/www.italyfamilyhotels.it\/de\/family-hotels\/hotel-relax-san-benedetto-del-tronto#breadcrumb","itemListElement":[{"@type":"ListItem","position":1,"name":"Home","item":"https:\/\/www.italyfamilyhotels.it\/de"},{"@type":"ListItem","position":2,"name":"Family Hotels","item":"https:\/\/www.italyfamilyhotels.it\/de\/family-hotels"},{"@type":"ListItem","position":3,"name":"Hotel Relax"}]},{"@type":"WebSite","@id":"https:\/\/www.italyfamilyhotels.it\/#website","url":"https:\/\/www.italyfamilyhotels.it\/","name":"Italy Family Hotels","description":"","potentialAction":[{"@type":"SearchAction","target":{"@type":"EntryPoint","urlTemplate":"https:\/\/www.italyfamilyhotels.it\/?s={search_term_string}"},"query-input":{"@type":"PropertyValueSpecification","valueRequired":true,"valueName":"search_term_string"}}],"inLanguage":"de"}]}},"_links":{"self":[{"href":"https:\/\/www.italyfamilyhotels.it\/de\/wp-json\/wp\/v2\/pages\/4527","targetHints":{"allow":["GET"]}}],"collection":[{"href":"https:\/\/www.italyfamilyhotels.it\/de\/wp-json\/wp\/v2\/pages"}],"about":[{"href":"https:\/\/www.italyfamilyhotels.it\/de\/wp-json\/wp\/v2\/types\/page"}],"author":[{"embeddable":true,"href":"https:\/\/www.italyfamilyhotels.it\/de\/wp-json\/wp\/v2\/users\/152"}],"replies":[{"embeddable":true,"href":"https:\/\/www.italyfamilyhotels.it\/de\/wp-json\/wp\/v2\/comments?post=4527"}],"version-history":[{"count":6,"href":"https:\/\/www.italyfamilyhotels.it\/de\/wp-json\/wp\/v2\/pages\/4527\/revisions"}],"predecessor-version":[{"id":73670,"href":"https:\/\/www.italyfamilyhotels.it\/de\/wp-json\/wp\/v2\/pages\/4527\/revisions\/73670"}],"up":[{"embeddable":true,"href":"https:\/\/www.italyfamilyhotels.it\/de\/wp-json\/wp\/v2\/pages\/94"}],"wp:attachment":[{"href":"https:\/\/www.italyfamilyhotels.it\/de\/wp-json\/wp\/v2\/media?parent=4527"}],"curies":[{"name":"wp","href":"https:\/\/api.w.org\/{rel}","templated":true}]}}