{"id":4522,"date":"2022-03-14T12:38:07","date_gmt":"2022-03-14T11:38:07","guid":{"rendered":"https:\/\/www.italyfamilyhotels.it\/family-hotels\/seapark-family-resort-spa"},"modified":"2025-12-04T13:16:49","modified_gmt":"2025-12-04T12:16:49","slug":"seapark-family-resort-spa-giulianova","status":"publish","type":"page","link":"https:\/\/www.italyfamilyhotels.it\/de\/family-hotels\/seapark-family-resort-spa-giulianova","title":{"rendered":"Seapark FAMILY RESORT &#038; SPA"},"content":{"rendered":"\n<p>Genie\u00dft das Gef\u00fchl von Freiheit und Wohlbefinden in einem exklusiven Spa-Resort mit einem wenige Meter entfernten Partner-Strandbad, in Giulianova Lido an der Abruzzen-K\u00fcste! Hier w\u00e4hlen Sie zwischen zwei Formeln, die auf die Bed\u00fcrfnisse aller Familien zugeschnitten sind: <strong>All Inclusive Light<\/strong> und <strong>All Inclusive Full<\/strong>. Die erste, mit freier Mittagessensgestaltung, eignet sich perfekt f\u00fcr alle, die mehr Flexibilit\u00e4t w\u00fcnschen; die zweite ist ideal f\u00fcr G\u00e4ste, die einen v\u00f6llig unbeschwerten Aufenthalt genie\u00dfen m\u00f6chten.<\/p>\n\n\n\n<p>Unser <b>Maskottchen Diego Drago<\/b> und die Animateur*innen organisieren mit den Kindern spannende Aktivit\u00e4ten im<b> Mini-Club<\/b>, zum Beispiel &#8220;Heute koche ich&#8221;, &#8220;In der Zauber-Schule&#8221;oder &#8220;Zirkus&#8221;. Zur Erholung gibt es gemeinsame Imbisse und Eis-Parties. Und dann gibt es noch die <strong>Regno Experience<\/strong>, t\u00e4gliche Erlebnisse f\u00fcr die ganze <strong>Familie<\/strong>, um <strong>Giulianova<\/strong> zu entdecken!<\/p>\n\n\n\n<p>Platz gibt es hier im \u00dcberma\u00df. Wir haben einen <b>Mega-Spielplatz<\/b> im Garten, gro\u00dfe Zimmer und eigene H\u00e4uschen, wo ihr bequem und ungest\u00f6rt wohnt, und ein <b>Wellness-Spa f\u00fcr die ganze Familie<\/b> namens \u201c<b>Le Acque di Jo<\/b>\u201d.<\/p>\n\n\n\n<p>&#8220;Kind froh, Eltern gl\u00fccklich!&#8221; Deshalb bieten wir auch <b>Wellnessbehandlungen f\u00fcr kleine Prinzessinnen und Baby-Massagen<\/b>, zum Beispiel mit Schokolade oder mit Minz-Zitronen-Limonade. Bei uns d\u00fcrfen die Kleinen sogar in die Sauna! Im <b>Relax-Pool<\/b> mit 34\u00b0 C warmem Salzwasser kannst Du die<b> Kinder<\/b> in ihrem <b>Muschelbecken<\/b> nebenan beobachten. Im Freien gibt es den <b>Sport Pool<\/b> zum Schwimmen und den <b>Laguna Pool<\/b> zum Spielen.<\/p>\n\n\n\n<p>Es gibt sogar einen <b>gro\u00dfen botanischen Garten<\/b>, wo Ihr miteinander \u00fcber hundert Duftpflanzen und Obstb\u00e4ume entdecken k\u00f6nnt!<\/p>\n\n\n\n<p>Dass wir seit 6 Jahren das Zertifikat f\u00fcr Exzellenz von TripAdvisor erhalten, hat wohl seinen Grund, oder?<\/p>\n","protected":false},"excerpt":{"rendered":"<p>Genie\u00dft das Gef\u00fchl von Freiheit und Wohlbefinden in einem exklusiven Spa-Resort mit einem wenige Meter entfernten Partner-Strandbad, in Giulianova Lido an der Abruzzen-K\u00fcste! Hier w\u00e4hlen Sie zwischen zwei Formeln, die auf die Bed\u00fcrfnisse aller Familien zugeschnitten sind: All Inclusive Light und All Inclusive Full. Die erste, mit freier Mittagessensgestaltung, eignet sich perfekt f\u00fcr alle, die &hellip;<\/p>\n","protected":false},"author":149,"featured_media":0,"parent":94,"menu_order":0,"comment_status":"closed","ping_status":"closed","template":"page-templates\/scheda_hotel.php","meta":{"_acf_changed":false,"inline_featured_image":false,"footnotes":""},"class_list":["post-4522","page","type-page","status-publish","hentry"],"acf":[],"yoast_head":"<!-- This site is optimized with the Yoast SEO plugin v27.1 - https:\/\/yoast.com\/product\/yoast-seo-wordpress\/ -->\n<title>Seapark FAMILY RESORT &amp; SPA 4-Sterne, Giulianova<\/title>\n<meta name=\"description\" content=\"Lust auf Familienurlaub? Entdecken Sie die Familienangebote f\u00fcr Seapark FAMILY RESORT &amp; SPA in Giulianova\" \/>\n<meta name=\"robots\" content=\"index, follow, max-snippet:-1, max-image-preview:large, max-video-preview:-1\" \/>\n<link rel=\"canonical\" href=\"https:\/\/www.italyfamilyhotels.it\/de\/family-hotels\/seapark-family-resort-spa-giulianova\" \/>\n<meta property=\"og:locale\" content=\"de_DE\" \/>\n<meta property=\"og:type\" content=\"article\" \/>\n<meta property=\"og:title\" content=\"Seapark FAMILY RESORT &amp; SPA 4-Sterne, Giulianova\" \/>\n<meta property=\"og:description\" content=\"Lust auf Familienurlaub? Entdecken Sie die Familienangebote f\u00fcr Seapark FAMILY RESORT &amp; SPA in Giulianova\" \/>\n<meta property=\"og:url\" content=\"https:\/\/www.italyfamilyhotels.it\/de\/family-hotels\/seapark-family-resort-spa-giulianova\" \/>\n<meta property=\"og:site_name\" content=\"Italy Family Hotels\" \/>\n<meta property=\"article:publisher\" content=\"https:\/\/www.facebook.com\/ItalyFamilyHotels\/\" \/>\n<meta property=\"article:modified_time\" content=\"2025-12-04T12:16:49+00:00\" \/>\n<meta name=\"twitter:card\" content=\"summary_large_image\" \/>\n<meta name=\"twitter:label1\" content=\"Gesch\u00e4tzte Lesezeit\" \/>\n\t<meta name=\"twitter:data1\" content=\"2\u00a0Minuten\" \/>\n<script type=\"application\/ld+json\" class=\"yoast-schema-graph\">{\"@context\":\"https:\/\/schema.org\",\"@graph\":[{\"@type\":\"WebPage\",\"@id\":\"https:\/\/www.italyfamilyhotels.it\/de\/family-hotels\/seapark-family-resort-spa-giulianova\",\"url\":\"https:\/\/www.italyfamilyhotels.it\/de\/family-hotels\/seapark-family-resort-spa-giulianova\",\"name\":\"Seapark FAMILY RESORT & SPA 4-Sterne, Giulianova\",\"isPartOf\":{\"@id\":\"https:\/\/www.italyfamilyhotels.it\/#website\"},\"datePublished\":\"2022-03-14T11:38:07+00:00\",\"dateModified\":\"2025-12-04T12:16:49+00:00\",\"description\":\"Lust auf Familienurlaub? Entdecken Sie die Familienangebote f\u00fcr Seapark FAMILY RESORT & SPA in Giulianova\",\"breadcrumb\":{\"@id\":\"https:\/\/www.italyfamilyhotels.it\/de\/family-hotels\/seapark-family-resort-spa-giulianova#breadcrumb\"},\"inLanguage\":\"de\",\"potentialAction\":[{\"@type\":\"ReadAction\",\"target\":[\"https:\/\/www.italyfamilyhotels.it\/de\/family-hotels\/seapark-family-resort-spa-giulianova\"]}]},{\"@type\":\"BreadcrumbList\",\"@id\":\"https:\/\/www.italyfamilyhotels.it\/de\/family-hotels\/seapark-family-resort-spa-giulianova#breadcrumb\",\"itemListElement\":[{\"@type\":\"ListItem\",\"position\":1,\"name\":\"Home\",\"item\":\"https:\/\/www.italyfamilyhotels.it\/de\"},{\"@type\":\"ListItem\",\"position\":2,\"name\":\"Family Hotels\",\"item\":\"https:\/\/www.italyfamilyhotels.it\/de\/family-hotels\"},{\"@type\":\"ListItem\",\"position\":3,\"name\":\"Seapark FAMILY RESORT &#038; SPA\"}]},{\"@type\":\"WebSite\",\"@id\":\"https:\/\/www.italyfamilyhotels.it\/#website\",\"url\":\"https:\/\/www.italyfamilyhotels.it\/\",\"name\":\"Italy Family Hotels\",\"description\":\"\",\"potentialAction\":[{\"@type\":\"SearchAction\",\"target\":{\"@type\":\"EntryPoint\",\"urlTemplate\":\"https:\/\/www.italyfamilyhotels.it\/?s={search_term_string}\"},\"query-input\":{\"@type\":\"PropertyValueSpecification\",\"valueRequired\":true,\"valueName\":\"search_term_string\"}}],\"inLanguage\":\"de\"}]}<\/script>\n<!-- \/ Yoast SEO plugin. -->","yoast_head_json":{"title":"Seapark FAMILY RESORT & SPA 4-Sterne, Giulianova","description":"Lust auf Familienurlaub? Entdecken Sie die Familienangebote f\u00fcr Seapark FAMILY RESORT & SPA in Giulianova","robots":{"index":"index","follow":"follow","max-snippet":"max-snippet:-1","max-image-preview":"max-image-preview:large","max-video-preview":"max-video-preview:-1"},"canonical":"https:\/\/www.italyfamilyhotels.it\/de\/family-hotels\/seapark-family-resort-spa-giulianova","og_locale":"de_DE","og_type":"article","og_title":"Seapark FAMILY RESORT & SPA 4-Sterne, Giulianova","og_description":"Lust auf Familienurlaub? Entdecken Sie die Familienangebote f\u00fcr Seapark FAMILY RESORT & SPA in Giulianova","og_url":"https:\/\/www.italyfamilyhotels.it\/de\/family-hotels\/seapark-family-resort-spa-giulianova","og_site_name":"Italy Family Hotels","article_publisher":"https:\/\/www.facebook.com\/ItalyFamilyHotels\/","article_modified_time":"2025-12-04T12:16:49+00:00","twitter_card":"summary_large_image","twitter_misc":{"Gesch\u00e4tzte Lesezeit":"2\u00a0Minuten"},"schema":{"@context":"https:\/\/schema.org","@graph":[{"@type":"WebPage","@id":"https:\/\/www.italyfamilyhotels.it\/de\/family-hotels\/seapark-family-resort-spa-giulianova","url":"https:\/\/www.italyfamilyhotels.it\/de\/family-hotels\/seapark-family-resort-spa-giulianova","name":"Seapark FAMILY RESORT & SPA 4-Sterne, Giulianova","isPartOf":{"@id":"https:\/\/www.italyfamilyhotels.it\/#website"},"datePublished":"2022-03-14T11:38:07+00:00","dateModified":"2025-12-04T12:16:49+00:00","description":"Lust auf Familienurlaub? Entdecken Sie die Familienangebote f\u00fcr Seapark FAMILY RESORT & SPA in Giulianova","breadcrumb":{"@id":"https:\/\/www.italyfamilyhotels.it\/de\/family-hotels\/seapark-family-resort-spa-giulianova#breadcrumb"},"inLanguage":"de","potentialAction":[{"@type":"ReadAction","target":["https:\/\/www.italyfamilyhotels.it\/de\/family-hotels\/seapark-family-resort-spa-giulianova"]}]},{"@type":"BreadcrumbList","@id":"https:\/\/www.italyfamilyhotels.it\/de\/family-hotels\/seapark-family-resort-spa-giulianova#breadcrumb","itemListElement":[{"@type":"ListItem","position":1,"name":"Home","item":"https:\/\/www.italyfamilyhotels.it\/de"},{"@type":"ListItem","position":2,"name":"Family Hotels","item":"https:\/\/www.italyfamilyhotels.it\/de\/family-hotels"},{"@type":"ListItem","position":3,"name":"Seapark FAMILY RESORT &#038; SPA"}]},{"@type":"WebSite","@id":"https:\/\/www.italyfamilyhotels.it\/#website","url":"https:\/\/www.italyfamilyhotels.it\/","name":"Italy Family Hotels","description":"","potentialAction":[{"@type":"SearchAction","target":{"@type":"EntryPoint","urlTemplate":"https:\/\/www.italyfamilyhotels.it\/?s={search_term_string}"},"query-input":{"@type":"PropertyValueSpecification","valueRequired":true,"valueName":"search_term_string"}}],"inLanguage":"de"}]}},"_links":{"self":[{"href":"https:\/\/www.italyfamilyhotels.it\/de\/wp-json\/wp\/v2\/pages\/4522","targetHints":{"allow":["GET"]}}],"collection":[{"href":"https:\/\/www.italyfamilyhotels.it\/de\/wp-json\/wp\/v2\/pages"}],"about":[{"href":"https:\/\/www.italyfamilyhotels.it\/de\/wp-json\/wp\/v2\/types\/page"}],"author":[{"embeddable":true,"href":"https:\/\/www.italyfamilyhotels.it\/de\/wp-json\/wp\/v2\/users\/149"}],"replies":[{"embeddable":true,"href":"https:\/\/www.italyfamilyhotels.it\/de\/wp-json\/wp\/v2\/comments?post=4522"}],"version-history":[{"count":11,"href":"https:\/\/www.italyfamilyhotels.it\/de\/wp-json\/wp\/v2\/pages\/4522\/revisions"}],"predecessor-version":[{"id":73114,"href":"https:\/\/www.italyfamilyhotels.it\/de\/wp-json\/wp\/v2\/pages\/4522\/revisions\/73114"}],"up":[{"embeddable":true,"href":"https:\/\/www.italyfamilyhotels.it\/de\/wp-json\/wp\/v2\/pages\/94"}],"wp:attachment":[{"href":"https:\/\/www.italyfamilyhotels.it\/de\/wp-json\/wp\/v2\/media?parent=4522"}],"curies":[{"name":"wp","href":"https:\/\/api.w.org\/{rel}","templated":true}]}}