{"id":4517,"date":"2022-03-14T12:38:06","date_gmt":"2022-03-14T11:38:06","guid":{"rendered":"https:\/\/www.italyfamilyhotels.it\/family-hotels\/hotel-maria"},"modified":"2022-09-15T10:10:43","modified_gmt":"2022-09-15T08:10:43","slug":"hotel-maria-nova-ponente","status":"publish","type":"page","link":"https:\/\/www.italyfamilyhotels.it\/de\/family-hotels\/hotel-maria-nova-ponente","title":{"rendered":"Hotel Maria"},"content":{"rendered":"\n<p>Ein Familienurlaub <b>inmitten der S\u00fcdtiroler Dolomiten<\/b>, <b>direkt am Skigebiet Obereggen<\/b> und in der N\u00e4he des bezaubernden <b>Karersees, im Exploring Family Hotel Maria in Deutschnofen<\/b> finden Sie die ideale L\u00f6sung, um die Berge von ihrer sch\u00f6nsten Seite zu erleben&#8230; das ganze Jahr hindurch! Entdecken Sie mit Ihrer Familie die Naturwunder und die spektakul\u00e4re Aussicht auf die <b>Rosengartengruppe<\/b>. <b>Kindererkundungscamps, Kletterabenteuer, lustige Radtouren<\/b>: Ihre Kinder k\u00f6nnen in Begleitung unserer erfahrenen F\u00fchrer die Natur erkunden und viele abenteuerliche Outdoor-Aktivit\u00e4ten in einer spektakul\u00e4ren Alpenlandschaft erleben. Im Winter erwarten sie direkt vor dem Hotel die <b>Skipisten des Baby Ski Yeticlub und Skikurse mit Skilehrern<\/b>.\u00a0 Auch f\u00fcr die ganz Kleinen ist gesorgt: <b>gel\u00e4ndeg\u00e4ngige Kinderwagen, Babyrucks\u00e4cke, ein Babysitter-Service und der Innenpool, in dem man planschen (30 cm tief) oder Schwimmunterricht bei der Freds Swim Academy nehmen kann<\/b>. Nach der R\u00fcckkehr von der Skipiste oder einer Trekkingtour ist die Entspannung im <b>Innenpool<\/b> <b>mit Panoramablick<\/b> genau das Richtige, vielleicht sogar ein <b>Wellness-Kurs mit Biosauna, finnischer Sauna und Erlebnisduschen<\/b>. Mit unserer Gourmet-K\u00fcche bieten wir t\u00e4glich die <b>Raffinessen der italienischen Kochkunst in Verbindung mit alpiner Nat\u00fcrlichkeit und Authentizit\u00e4t<\/b>, mit Themenabenden, <b>einem Weinkeller f\u00fcr echte Kenner<\/b> und einer besonderen Aufmerksamkeit f\u00fcr unsere kleinen G\u00e4ste mit speziellen Gerichten, die sie <b>gemeinsam mit den Animateuren am Tisch<\/b> genie\u00dfen k\u00f6nnen.<\/p>\n\n\n\n<p>Haben Sie schon lange auf einen so sch\u00f6nen Familienurlaub gewartet? Jetzt k\u00f6nnen Sie ihn im Hotel Maria erleben!<\/p>\n","protected":false},"excerpt":{"rendered":"<p>Ein Familienurlaub inmitten der S\u00fcdtiroler Dolomiten, direkt am Skigebiet Obereggen und in der N\u00e4he des bezaubernden Karersees, im Exploring Family Hotel Maria in Deutschnofen finden Sie die ideale L\u00f6sung, um die Berge von ihrer sch\u00f6nsten Seite zu erleben&#8230; das ganze Jahr hindurch! Entdecken Sie mit Ihrer Familie die Naturwunder und die spektakul\u00e4re Aussicht auf die &hellip;<\/p>\n","protected":false},"author":148,"featured_media":0,"parent":94,"menu_order":0,"comment_status":"closed","ping_status":"closed","template":"page-templates\/scheda_hotel.php","meta":{"_acf_changed":false,"inline_featured_image":false,"footnotes":""},"class_list":["post-4517","page","type-page","status-publish","hentry"],"acf":[],"yoast_head":"<!-- This site is optimized with the Yoast SEO plugin v27.1 - https:\/\/yoast.com\/product\/yoast-seo-wordpress\/ -->\n<title>Hotel Maria, 4 Sterne, Deutschnofen<\/title>\n<meta name=\"description\" content=\"Lust auf einen Urlaub mit Ihrer Familie? Entdecken Sie die Familienangebote im Hotel Maria in Deutschnofen\" \/>\n<meta name=\"robots\" content=\"index, follow, max-snippet:-1, max-image-preview:large, max-video-preview:-1\" \/>\n<link rel=\"canonical\" href=\"https:\/\/www.italyfamilyhotels.it\/de\/family-hotels\/hotel-maria-nova-ponente\" \/>\n<meta property=\"og:locale\" content=\"de_DE\" \/>\n<meta property=\"og:type\" content=\"article\" \/>\n<meta property=\"og:title\" content=\"Hotel Maria, 4 Sterne, Deutschnofen\" \/>\n<meta property=\"og:description\" content=\"Lust auf einen Urlaub mit Ihrer Familie? Entdecken Sie die Familienangebote im Hotel Maria in Deutschnofen\" \/>\n<meta property=\"og:url\" content=\"https:\/\/www.italyfamilyhotels.it\/de\/family-hotels\/hotel-maria-nova-ponente\" \/>\n<meta property=\"og:site_name\" content=\"Italy Family Hotels\" \/>\n<meta property=\"article:publisher\" content=\"https:\/\/www.facebook.com\/ItalyFamilyHotels\/\" \/>\n<meta property=\"article:modified_time\" content=\"2022-09-15T08:10:43+00:00\" \/>\n<meta name=\"twitter:card\" content=\"summary_large_image\" \/>\n<meta name=\"twitter:label1\" content=\"Gesch\u00e4tzte Lesezeit\" \/>\n\t<meta name=\"twitter:data1\" content=\"2\u00a0Minuten\" \/>\n<script type=\"application\/ld+json\" class=\"yoast-schema-graph\">{\"@context\":\"https:\/\/schema.org\",\"@graph\":[{\"@type\":\"WebPage\",\"@id\":\"https:\/\/www.italyfamilyhotels.it\/de\/family-hotels\/hotel-maria-nova-ponente\",\"url\":\"https:\/\/www.italyfamilyhotels.it\/de\/family-hotels\/hotel-maria-nova-ponente\",\"name\":\"Hotel Maria, 4 Sterne, Deutschnofen\",\"isPartOf\":{\"@id\":\"https:\/\/www.italyfamilyhotels.it\/#website\"},\"datePublished\":\"2022-03-14T11:38:06+00:00\",\"dateModified\":\"2022-09-15T08:10:43+00:00\",\"description\":\"Lust auf einen Urlaub mit Ihrer Familie? Entdecken Sie die Familienangebote im Hotel Maria in Deutschnofen\",\"breadcrumb\":{\"@id\":\"https:\/\/www.italyfamilyhotels.it\/de\/family-hotels\/hotel-maria-nova-ponente#breadcrumb\"},\"inLanguage\":\"de\",\"potentialAction\":[{\"@type\":\"ReadAction\",\"target\":[\"https:\/\/www.italyfamilyhotels.it\/de\/family-hotels\/hotel-maria-nova-ponente\"]}]},{\"@type\":\"BreadcrumbList\",\"@id\":\"https:\/\/www.italyfamilyhotels.it\/de\/family-hotels\/hotel-maria-nova-ponente#breadcrumb\",\"itemListElement\":[{\"@type\":\"ListItem\",\"position\":1,\"name\":\"Home\",\"item\":\"https:\/\/www.italyfamilyhotels.it\/de\"},{\"@type\":\"ListItem\",\"position\":2,\"name\":\"Family Hotels\",\"item\":\"https:\/\/www.italyfamilyhotels.it\/de\/family-hotels\"},{\"@type\":\"ListItem\",\"position\":3,\"name\":\"Hotel Maria\"}]},{\"@type\":\"WebSite\",\"@id\":\"https:\/\/www.italyfamilyhotels.it\/#website\",\"url\":\"https:\/\/www.italyfamilyhotels.it\/\",\"name\":\"Italy Family Hotels\",\"description\":\"\",\"potentialAction\":[{\"@type\":\"SearchAction\",\"target\":{\"@type\":\"EntryPoint\",\"urlTemplate\":\"https:\/\/www.italyfamilyhotels.it\/?s={search_term_string}\"},\"query-input\":{\"@type\":\"PropertyValueSpecification\",\"valueRequired\":true,\"valueName\":\"search_term_string\"}}],\"inLanguage\":\"de\"}]}<\/script>\n<!-- \/ Yoast SEO plugin. -->","yoast_head_json":{"title":"Hotel Maria, 4 Sterne, Deutschnofen","description":"Lust auf einen Urlaub mit Ihrer Familie? Entdecken Sie die Familienangebote im Hotel Maria in Deutschnofen","robots":{"index":"index","follow":"follow","max-snippet":"max-snippet:-1","max-image-preview":"max-image-preview:large","max-video-preview":"max-video-preview:-1"},"canonical":"https:\/\/www.italyfamilyhotels.it\/de\/family-hotels\/hotel-maria-nova-ponente","og_locale":"de_DE","og_type":"article","og_title":"Hotel Maria, 4 Sterne, Deutschnofen","og_description":"Lust auf einen Urlaub mit Ihrer Familie? Entdecken Sie die Familienangebote im Hotel Maria in Deutschnofen","og_url":"https:\/\/www.italyfamilyhotels.it\/de\/family-hotels\/hotel-maria-nova-ponente","og_site_name":"Italy Family Hotels","article_publisher":"https:\/\/www.facebook.com\/ItalyFamilyHotels\/","article_modified_time":"2022-09-15T08:10:43+00:00","twitter_card":"summary_large_image","twitter_misc":{"Gesch\u00e4tzte Lesezeit":"2\u00a0Minuten"},"schema":{"@context":"https:\/\/schema.org","@graph":[{"@type":"WebPage","@id":"https:\/\/www.italyfamilyhotels.it\/de\/family-hotels\/hotel-maria-nova-ponente","url":"https:\/\/www.italyfamilyhotels.it\/de\/family-hotels\/hotel-maria-nova-ponente","name":"Hotel Maria, 4 Sterne, Deutschnofen","isPartOf":{"@id":"https:\/\/www.italyfamilyhotels.it\/#website"},"datePublished":"2022-03-14T11:38:06+00:00","dateModified":"2022-09-15T08:10:43+00:00","description":"Lust auf einen Urlaub mit Ihrer Familie? Entdecken Sie die Familienangebote im Hotel Maria in Deutschnofen","breadcrumb":{"@id":"https:\/\/www.italyfamilyhotels.it\/de\/family-hotels\/hotel-maria-nova-ponente#breadcrumb"},"inLanguage":"de","potentialAction":[{"@type":"ReadAction","target":["https:\/\/www.italyfamilyhotels.it\/de\/family-hotels\/hotel-maria-nova-ponente"]}]},{"@type":"BreadcrumbList","@id":"https:\/\/www.italyfamilyhotels.it\/de\/family-hotels\/hotel-maria-nova-ponente#breadcrumb","itemListElement":[{"@type":"ListItem","position":1,"name":"Home","item":"https:\/\/www.italyfamilyhotels.it\/de"},{"@type":"ListItem","position":2,"name":"Family Hotels","item":"https:\/\/www.italyfamilyhotels.it\/de\/family-hotels"},{"@type":"ListItem","position":3,"name":"Hotel Maria"}]},{"@type":"WebSite","@id":"https:\/\/www.italyfamilyhotels.it\/#website","url":"https:\/\/www.italyfamilyhotels.it\/","name":"Italy Family Hotels","description":"","potentialAction":[{"@type":"SearchAction","target":{"@type":"EntryPoint","urlTemplate":"https:\/\/www.italyfamilyhotels.it\/?s={search_term_string}"},"query-input":{"@type":"PropertyValueSpecification","valueRequired":true,"valueName":"search_term_string"}}],"inLanguage":"de"}]}},"_links":{"self":[{"href":"https:\/\/www.italyfamilyhotels.it\/de\/wp-json\/wp\/v2\/pages\/4517","targetHints":{"allow":["GET"]}}],"collection":[{"href":"https:\/\/www.italyfamilyhotels.it\/de\/wp-json\/wp\/v2\/pages"}],"about":[{"href":"https:\/\/www.italyfamilyhotels.it\/de\/wp-json\/wp\/v2\/types\/page"}],"author":[{"embeddable":true,"href":"https:\/\/www.italyfamilyhotels.it\/de\/wp-json\/wp\/v2\/users\/148"}],"replies":[{"embeddable":true,"href":"https:\/\/www.italyfamilyhotels.it\/de\/wp-json\/wp\/v2\/comments?post=4517"}],"version-history":[{"count":5,"href":"https:\/\/www.italyfamilyhotels.it\/de\/wp-json\/wp\/v2\/pages\/4517\/revisions"}],"predecessor-version":[{"id":40451,"href":"https:\/\/www.italyfamilyhotels.it\/de\/wp-json\/wp\/v2\/pages\/4517\/revisions\/40451"}],"up":[{"embeddable":true,"href":"https:\/\/www.italyfamilyhotels.it\/de\/wp-json\/wp\/v2\/pages\/94"}],"wp:attachment":[{"href":"https:\/\/www.italyfamilyhotels.it\/de\/wp-json\/wp\/v2\/media?parent=4517"}],"curies":[{"name":"wp","href":"https:\/\/api.w.org\/{rel}","templated":true}]}}