{"id":4512,"date":"2022-03-14T12:38:05","date_gmt":"2022-03-14T11:38:05","guid":{"rendered":"https:\/\/www.italyfamilyhotels.it\/family-hotels\/park-hotel-morigi"},"modified":"2022-06-15T11:40:52","modified_gmt":"2022-06-15T09:40:52","slug":"park-hotel-morigi-gatteo-a-mare","status":"publish","type":"page","link":"https:\/\/www.italyfamilyhotels.it\/de\/family-hotels\/park-hotel-morigi-gatteo-a-mare","title":{"rendered":"Park Hotel Morigi"},"content":{"rendered":"\n<p>Schon seit mehr als 50 Jahren suchen und finden M\u00fctter, V\u00e4ter und Kinder<b> <\/b>Erholung, Spa\u00df und Sorglosigkeit im <b>Park Hotel Morigi <\/b>in<b> Gatteo Mare <\/b>an der Adria<\/p>\n\n\n\n<p><\/p>\n\n\n\n<p>Ein kleiner Spaziergang von 200 m bringt Euch zum \u00a0<b>\u201cMaracaibo Beach\u201d, <\/b>unserem und Eurem <b>Privatstrand, <\/b>wo ein Sonnenschirm, Liegen und viele Spiele f\u00fcr die Kinder auf Euch warten. Der  Verband<b> italienischer Kinder\u00e4rzte<\/b> hat Gatteo Mare mit der &quot;<b>Gr\u00fcnen Flagge<\/b>&quot; ausgezeichnet, weil der Strand sicher und sauber ist, und wegen der guten Einrichtungen und Dienste f\u00fcr Kinder.<\/p>\n\n\n\n<p>Auch <b>am Schwimmbad<\/b> im Hotelgarten habt Ihr Liegen und Sonnenschirme zur Verf\u00fcgung.<\/p>\n\n\n\n<p><\/p>\n\n\n\n<p>Als Mama und Papa habt Ihr ein anstrengendes Leben und Entspannung verdient, deshalb gibt es im Park Hotel Morigi das <b>Bellavita Spa <\/b>mit Sauna, Erlebnisduschen, Unterwassermassage und vielem mehr.<\/p>\n\n\n\n<p>Das Hotel beteiligt sich am Projekt  <b>\u201cGatteo Mare Summer Village\u201d, <\/b>das jeden Sommer den ganzen Ort in ein einziges Feriendorf verwandelt, mit Animation und Schauspielen f\u00fcr Kinder, Maskottchen, Kino im Freien, Schaum-Parties und viel Musik \u2013 ein andauerndes Fest f\u00fcr alle.<\/p>\n\n\n\n<p>Das Hotel liegt g\u00fcnstig, um die verschiedenen Freizeitparks der romagnolischen Adriak\u00fcste zu besuchen, f\u00fcr die Ihr bei uns verbilligte Eintrittskarten bekommt.<\/p>\n","protected":false},"excerpt":{"rendered":"<p>Schon seit mehr als 50 Jahren suchen und finden M\u00fctter, V\u00e4ter und Kinder Erholung, Spa\u00df und Sorglosigkeit im Park Hotel Morigi in Gatteo Mare an der Adria Ein kleiner Spaziergang von 200 m bringt Euch zum \u00a0\u201cMaracaibo Beach\u201d, unserem und Eurem Privatstrand, wo ein Sonnenschirm, Liegen und viele Spiele f\u00fcr die Kinder auf Euch warten. &hellip;<\/p>\n","protected":false},"author":168,"featured_media":0,"parent":94,"menu_order":0,"comment_status":"closed","ping_status":"closed","template":"page-templates\/scheda_hotel.php","meta":{"_acf_changed":false,"inline_featured_image":false,"footnotes":""},"class_list":["post-4512","page","type-page","status-publish","hentry"],"acf":[],"yoast_head":"<!-- This site is optimized with the Yoast SEO plugin v27.1 - https:\/\/yoast.com\/product\/yoast-seo-wordpress\/ -->\n<title>Park Hotel Morigi 3-Sterne, Gatteo a Mare<\/title>\n<meta name=\"description\" content=\"Lust auf Familienurlaub? Entdecken Sie die Familienangebote f\u00fcr Park Hotel Morigi in Gatteo a Mare\" \/>\n<meta name=\"robots\" content=\"index, follow, max-snippet:-1, max-image-preview:large, max-video-preview:-1\" \/>\n<link rel=\"canonical\" href=\"https:\/\/www.italyfamilyhotels.it\/de\/family-hotels\/park-hotel-morigi-gatteo-a-mare\" \/>\n<meta property=\"og:locale\" content=\"de_DE\" \/>\n<meta property=\"og:type\" content=\"article\" \/>\n<meta property=\"og:title\" content=\"Park Hotel Morigi 3-Sterne, Gatteo a Mare\" \/>\n<meta property=\"og:description\" content=\"Lust auf Familienurlaub? Entdecken Sie die Familienangebote f\u00fcr Park Hotel Morigi in Gatteo a Mare\" \/>\n<meta property=\"og:url\" content=\"https:\/\/www.italyfamilyhotels.it\/de\/family-hotels\/park-hotel-morigi-gatteo-a-mare\" \/>\n<meta property=\"og:site_name\" content=\"Italy Family Hotels\" \/>\n<meta property=\"article:publisher\" content=\"https:\/\/www.facebook.com\/ItalyFamilyHotels\/\" \/>\n<meta property=\"article:modified_time\" content=\"2022-06-15T09:40:52+00:00\" \/>\n<meta name=\"twitter:card\" content=\"summary_large_image\" \/>\n<script type=\"application\/ld+json\" class=\"yoast-schema-graph\">{\"@context\":\"https:\/\/schema.org\",\"@graph\":[{\"@type\":\"WebPage\",\"@id\":\"https:\/\/www.italyfamilyhotels.it\/de\/family-hotels\/park-hotel-morigi-gatteo-a-mare\",\"url\":\"https:\/\/www.italyfamilyhotels.it\/de\/family-hotels\/park-hotel-morigi-gatteo-a-mare\",\"name\":\"Park Hotel Morigi 3-Sterne, Gatteo a Mare\",\"isPartOf\":{\"@id\":\"https:\/\/www.italyfamilyhotels.it\/#website\"},\"datePublished\":\"2022-03-14T11:38:05+00:00\",\"dateModified\":\"2022-06-15T09:40:52+00:00\",\"description\":\"Lust auf Familienurlaub? Entdecken Sie die Familienangebote f\u00fcr Park Hotel Morigi in Gatteo a Mare\",\"breadcrumb\":{\"@id\":\"https:\/\/www.italyfamilyhotels.it\/de\/family-hotels\/park-hotel-morigi-gatteo-a-mare#breadcrumb\"},\"inLanguage\":\"de\",\"potentialAction\":[{\"@type\":\"ReadAction\",\"target\":[\"https:\/\/www.italyfamilyhotels.it\/de\/family-hotels\/park-hotel-morigi-gatteo-a-mare\"]}]},{\"@type\":\"BreadcrumbList\",\"@id\":\"https:\/\/www.italyfamilyhotels.it\/de\/family-hotels\/park-hotel-morigi-gatteo-a-mare#breadcrumb\",\"itemListElement\":[{\"@type\":\"ListItem\",\"position\":1,\"name\":\"Home\",\"item\":\"https:\/\/www.italyfamilyhotels.it\/de\"},{\"@type\":\"ListItem\",\"position\":2,\"name\":\"Family Hotels\",\"item\":\"https:\/\/www.italyfamilyhotels.it\/de\/family-hotels\"},{\"@type\":\"ListItem\",\"position\":3,\"name\":\"Park Hotel Morigi\"}]},{\"@type\":\"WebSite\",\"@id\":\"https:\/\/www.italyfamilyhotels.it\/#website\",\"url\":\"https:\/\/www.italyfamilyhotels.it\/\",\"name\":\"Italy Family Hotels\",\"description\":\"\",\"potentialAction\":[{\"@type\":\"SearchAction\",\"target\":{\"@type\":\"EntryPoint\",\"urlTemplate\":\"https:\/\/www.italyfamilyhotels.it\/?s={search_term_string}\"},\"query-input\":{\"@type\":\"PropertyValueSpecification\",\"valueRequired\":true,\"valueName\":\"search_term_string\"}}],\"inLanguage\":\"de\"}]}<\/script>\n<!-- \/ Yoast SEO plugin. -->","yoast_head_json":{"title":"Park Hotel Morigi 3-Sterne, Gatteo a Mare","description":"Lust auf Familienurlaub? Entdecken Sie die Familienangebote f\u00fcr Park Hotel Morigi in Gatteo a Mare","robots":{"index":"index","follow":"follow","max-snippet":"max-snippet:-1","max-image-preview":"max-image-preview:large","max-video-preview":"max-video-preview:-1"},"canonical":"https:\/\/www.italyfamilyhotels.it\/de\/family-hotels\/park-hotel-morigi-gatteo-a-mare","og_locale":"de_DE","og_type":"article","og_title":"Park Hotel Morigi 3-Sterne, Gatteo a Mare","og_description":"Lust auf Familienurlaub? Entdecken Sie die Familienangebote f\u00fcr Park Hotel Morigi in Gatteo a Mare","og_url":"https:\/\/www.italyfamilyhotels.it\/de\/family-hotels\/park-hotel-morigi-gatteo-a-mare","og_site_name":"Italy Family Hotels","article_publisher":"https:\/\/www.facebook.com\/ItalyFamilyHotels\/","article_modified_time":"2022-06-15T09:40:52+00:00","twitter_card":"summary_large_image","schema":{"@context":"https:\/\/schema.org","@graph":[{"@type":"WebPage","@id":"https:\/\/www.italyfamilyhotels.it\/de\/family-hotels\/park-hotel-morigi-gatteo-a-mare","url":"https:\/\/www.italyfamilyhotels.it\/de\/family-hotels\/park-hotel-morigi-gatteo-a-mare","name":"Park Hotel Morigi 3-Sterne, Gatteo a Mare","isPartOf":{"@id":"https:\/\/www.italyfamilyhotels.it\/#website"},"datePublished":"2022-03-14T11:38:05+00:00","dateModified":"2022-06-15T09:40:52+00:00","description":"Lust auf Familienurlaub? Entdecken Sie die Familienangebote f\u00fcr Park Hotel Morigi in Gatteo a Mare","breadcrumb":{"@id":"https:\/\/www.italyfamilyhotels.it\/de\/family-hotels\/park-hotel-morigi-gatteo-a-mare#breadcrumb"},"inLanguage":"de","potentialAction":[{"@type":"ReadAction","target":["https:\/\/www.italyfamilyhotels.it\/de\/family-hotels\/park-hotel-morigi-gatteo-a-mare"]}]},{"@type":"BreadcrumbList","@id":"https:\/\/www.italyfamilyhotels.it\/de\/family-hotels\/park-hotel-morigi-gatteo-a-mare#breadcrumb","itemListElement":[{"@type":"ListItem","position":1,"name":"Home","item":"https:\/\/www.italyfamilyhotels.it\/de"},{"@type":"ListItem","position":2,"name":"Family Hotels","item":"https:\/\/www.italyfamilyhotels.it\/de\/family-hotels"},{"@type":"ListItem","position":3,"name":"Park Hotel Morigi"}]},{"@type":"WebSite","@id":"https:\/\/www.italyfamilyhotels.it\/#website","url":"https:\/\/www.italyfamilyhotels.it\/","name":"Italy Family Hotels","description":"","potentialAction":[{"@type":"SearchAction","target":{"@type":"EntryPoint","urlTemplate":"https:\/\/www.italyfamilyhotels.it\/?s={search_term_string}"},"query-input":{"@type":"PropertyValueSpecification","valueRequired":true,"valueName":"search_term_string"}}],"inLanguage":"de"}]}},"_links":{"self":[{"href":"https:\/\/www.italyfamilyhotels.it\/de\/wp-json\/wp\/v2\/pages\/4512","targetHints":{"allow":["GET"]}}],"collection":[{"href":"https:\/\/www.italyfamilyhotels.it\/de\/wp-json\/wp\/v2\/pages"}],"about":[{"href":"https:\/\/www.italyfamilyhotels.it\/de\/wp-json\/wp\/v2\/types\/page"}],"author":[{"embeddable":true,"href":"https:\/\/www.italyfamilyhotels.it\/de\/wp-json\/wp\/v2\/users\/168"}],"replies":[{"embeddable":true,"href":"https:\/\/www.italyfamilyhotels.it\/de\/wp-json\/wp\/v2\/comments?post=4512"}],"version-history":[{"count":3,"href":"https:\/\/www.italyfamilyhotels.it\/de\/wp-json\/wp\/v2\/pages\/4512\/revisions"}],"predecessor-version":[{"id":28499,"href":"https:\/\/www.italyfamilyhotels.it\/de\/wp-json\/wp\/v2\/pages\/4512\/revisions\/28499"}],"up":[{"embeddable":true,"href":"https:\/\/www.italyfamilyhotels.it\/de\/wp-json\/wp\/v2\/pages\/94"}],"wp:attachment":[{"href":"https:\/\/www.italyfamilyhotels.it\/de\/wp-json\/wp\/v2\/media?parent=4512"}],"curies":[{"name":"wp","href":"https:\/\/api.w.org\/{rel}","templated":true}]}}