{"id":4502,"date":"2022-03-14T12:38:04","date_gmt":"2022-03-14T11:38:04","guid":{"rendered":"https:\/\/www.italyfamilyhotels.it\/family-hotels\/hotel-gattarella"},"modified":"2026-02-12T12:18:49","modified_gmt":"2026-02-12T11:18:49","slug":"gattarella-family-resort","status":"publish","type":"page","link":"https:\/\/www.italyfamilyhotels.it\/de\/family-hotels\/gattarella-family-resort","title":{"rendered":"Gattarella Family Resort Puglia"},"content":{"rendered":"\n<p>Das klare Meer <b>Apuliens<\/b>, feiner Sandstrand, die wilde Natur des Gargano, und im Hintergrund, 5  km entfernt, <b>das sch\u00f6ne St\u00e4dtchen Vieste<\/b> \u2013 das ist die Umgebung unseres <b>Familien-Resorts.<\/b><\/p>\n\n\n\n<p>Um unsere<b> kleinen G\u00e4ste<\/b> bem\u00fchen wir uns ganz besonders: <b>ausgebildete Mitarbeiter<\/b> betreuen die Kinder bei den Aktivit\u00e4ten im <b>Mini-Club<\/b>, und jede Familie erh\u00e4lt das <b>&#8220;Baby Smart&#8221; <\/b>das in der Kindertagesst\u00e4tte abgeholt werden kann, ein Paket, das eine Reihe von spezifischen Ausr\u00fcstungsgegenst\u00e4nden im Zimmer und Dienstleistungen garantiert.<\/p>\n\n\n\n<p>Ihr k\u00f6nnt zwischen zwei Arten der Unterbringung w\u00e4hlen, beide mit <b>Halbpension: <\/b>elegante, dem Meer zugewandte <b>Zimmer<\/b> (<b>Hotel-Formel<\/b>), oder behagliche <b>Apartments (Residence-Formel),<\/b> beschattet von Aleppo-Kiefern.<\/p>\n\n\n\n<p>Das Unterhaltungsangebot ist vielf\u00e4ltig: ein Abenteuer-Park; <b>professionelle Animation, <\/b>auch am Strand und nach Sonnenuntergang; Tennispl\u00e4tze, Windsurf-Kurse, Fu\u00dfballkleinfelder.<\/p>\n","protected":false},"excerpt":{"rendered":"<p>Das klare Meer Apuliens, feiner Sandstrand, die wilde Natur des Gargano, und im Hintergrund, 5 km entfernt, das sch\u00f6ne St\u00e4dtchen Vieste \u2013 das ist die Umgebung unseres Familien-Resorts. Um unsere kleinen G\u00e4ste bem\u00fchen wir uns ganz besonders: ausgebildete Mitarbeiter betreuen die Kinder bei den Aktivit\u00e4ten im Mini-Club, und jede Familie erh\u00e4lt das &#8220;Baby Smart&#8221; das &hellip;<\/p>\n","protected":false},"author":142,"featured_media":0,"parent":94,"menu_order":0,"comment_status":"closed","ping_status":"closed","template":"page-templates\/scheda_hotel.php","meta":{"_acf_changed":false,"inline_featured_image":false,"footnotes":""},"class_list":["post-4502","page","type-page","status-publish","hentry"],"acf":[],"yoast_head":"<!-- This site is optimized with the Yoast SEO plugin v27.1 - https:\/\/yoast.com\/product\/yoast-seo-wordpress\/ -->\n<title>Gattarella Family Resort 4-Sterne, Vieste<\/title>\n<meta name=\"description\" content=\"Lust auf Familienurlaub? Entdecken Sie die Familienangebote f\u00fcr Gattarella Family Resort in Vieste\" \/>\n<meta name=\"robots\" content=\"index, follow, max-snippet:-1, max-image-preview:large, max-video-preview:-1\" \/>\n<link rel=\"canonical\" href=\"https:\/\/www.italyfamilyhotels.it\/de\/family-hotels\/gattarella-family-resort\" \/>\n<meta property=\"og:locale\" content=\"de_DE\" \/>\n<meta property=\"og:type\" content=\"article\" \/>\n<meta property=\"og:title\" content=\"Gattarella Family Resort 4-Sterne, Vieste\" \/>\n<meta property=\"og:description\" content=\"Lust auf Familienurlaub? Entdecken Sie die Familienangebote f\u00fcr Gattarella Family Resort in Vieste\" \/>\n<meta property=\"og:url\" content=\"https:\/\/www.italyfamilyhotels.it\/de\/family-hotels\/gattarella-family-resort\" \/>\n<meta property=\"og:site_name\" content=\"Italy Family Hotels\" \/>\n<meta property=\"article:publisher\" content=\"https:\/\/www.facebook.com\/ItalyFamilyHotels\/\" \/>\n<meta property=\"article:modified_time\" content=\"2026-02-12T11:18:49+00:00\" \/>\n<meta name=\"twitter:card\" content=\"summary_large_image\" \/>\n<meta name=\"twitter:label1\" content=\"Gesch\u00e4tzte Lesezeit\" \/>\n\t<meta name=\"twitter:data1\" content=\"1\u00a0Minute\" \/>\n<script type=\"application\/ld+json\" class=\"yoast-schema-graph\">{\"@context\":\"https:\/\/schema.org\",\"@graph\":[{\"@type\":\"WebPage\",\"@id\":\"https:\/\/www.italyfamilyhotels.it\/de\/family-hotels\/gattarella-family-resort\",\"url\":\"https:\/\/www.italyfamilyhotels.it\/de\/family-hotels\/gattarella-family-resort\",\"name\":\"Gattarella Family Resort 4-Sterne, Vieste\",\"isPartOf\":{\"@id\":\"https:\/\/www.italyfamilyhotels.it\/#website\"},\"datePublished\":\"2022-03-14T11:38:04+00:00\",\"dateModified\":\"2026-02-12T11:18:49+00:00\",\"description\":\"Lust auf Familienurlaub? Entdecken Sie die Familienangebote f\u00fcr Gattarella Family Resort in Vieste\",\"breadcrumb\":{\"@id\":\"https:\/\/www.italyfamilyhotels.it\/de\/family-hotels\/gattarella-family-resort#breadcrumb\"},\"inLanguage\":\"de\",\"potentialAction\":[{\"@type\":\"ReadAction\",\"target\":[\"https:\/\/www.italyfamilyhotels.it\/de\/family-hotels\/gattarella-family-resort\"]}]},{\"@type\":\"BreadcrumbList\",\"@id\":\"https:\/\/www.italyfamilyhotels.it\/de\/family-hotels\/gattarella-family-resort#breadcrumb\",\"itemListElement\":[{\"@type\":\"ListItem\",\"position\":1,\"name\":\"Home\",\"item\":\"https:\/\/www.italyfamilyhotels.it\/de\"},{\"@type\":\"ListItem\",\"position\":2,\"name\":\"Family Hotels\",\"item\":\"https:\/\/www.italyfamilyhotels.it\/de\/family-hotels\"},{\"@type\":\"ListItem\",\"position\":3,\"name\":\"Gattarella Family Resort Puglia\"}]},{\"@type\":\"WebSite\",\"@id\":\"https:\/\/www.italyfamilyhotels.it\/#website\",\"url\":\"https:\/\/www.italyfamilyhotels.it\/\",\"name\":\"Italy Family Hotels\",\"description\":\"\",\"potentialAction\":[{\"@type\":\"SearchAction\",\"target\":{\"@type\":\"EntryPoint\",\"urlTemplate\":\"https:\/\/www.italyfamilyhotels.it\/?s={search_term_string}\"},\"query-input\":{\"@type\":\"PropertyValueSpecification\",\"valueRequired\":true,\"valueName\":\"search_term_string\"}}],\"inLanguage\":\"de\"}]}<\/script>\n<!-- \/ Yoast SEO plugin. -->","yoast_head_json":{"title":"Gattarella Family Resort 4-Sterne, Vieste","description":"Lust auf Familienurlaub? Entdecken Sie die Familienangebote f\u00fcr Gattarella Family Resort in Vieste","robots":{"index":"index","follow":"follow","max-snippet":"max-snippet:-1","max-image-preview":"max-image-preview:large","max-video-preview":"max-video-preview:-1"},"canonical":"https:\/\/www.italyfamilyhotels.it\/de\/family-hotels\/gattarella-family-resort","og_locale":"de_DE","og_type":"article","og_title":"Gattarella Family Resort 4-Sterne, Vieste","og_description":"Lust auf Familienurlaub? Entdecken Sie die Familienangebote f\u00fcr Gattarella Family Resort in Vieste","og_url":"https:\/\/www.italyfamilyhotels.it\/de\/family-hotels\/gattarella-family-resort","og_site_name":"Italy Family Hotels","article_publisher":"https:\/\/www.facebook.com\/ItalyFamilyHotels\/","article_modified_time":"2026-02-12T11:18:49+00:00","twitter_card":"summary_large_image","twitter_misc":{"Gesch\u00e4tzte Lesezeit":"1\u00a0Minute"},"schema":{"@context":"https:\/\/schema.org","@graph":[{"@type":"WebPage","@id":"https:\/\/www.italyfamilyhotels.it\/de\/family-hotels\/gattarella-family-resort","url":"https:\/\/www.italyfamilyhotels.it\/de\/family-hotels\/gattarella-family-resort","name":"Gattarella Family Resort 4-Sterne, Vieste","isPartOf":{"@id":"https:\/\/www.italyfamilyhotels.it\/#website"},"datePublished":"2022-03-14T11:38:04+00:00","dateModified":"2026-02-12T11:18:49+00:00","description":"Lust auf Familienurlaub? Entdecken Sie die Familienangebote f\u00fcr Gattarella Family Resort in Vieste","breadcrumb":{"@id":"https:\/\/www.italyfamilyhotels.it\/de\/family-hotels\/gattarella-family-resort#breadcrumb"},"inLanguage":"de","potentialAction":[{"@type":"ReadAction","target":["https:\/\/www.italyfamilyhotels.it\/de\/family-hotels\/gattarella-family-resort"]}]},{"@type":"BreadcrumbList","@id":"https:\/\/www.italyfamilyhotels.it\/de\/family-hotels\/gattarella-family-resort#breadcrumb","itemListElement":[{"@type":"ListItem","position":1,"name":"Home","item":"https:\/\/www.italyfamilyhotels.it\/de"},{"@type":"ListItem","position":2,"name":"Family Hotels","item":"https:\/\/www.italyfamilyhotels.it\/de\/family-hotels"},{"@type":"ListItem","position":3,"name":"Gattarella Family Resort Puglia"}]},{"@type":"WebSite","@id":"https:\/\/www.italyfamilyhotels.it\/#website","url":"https:\/\/www.italyfamilyhotels.it\/","name":"Italy Family Hotels","description":"","potentialAction":[{"@type":"SearchAction","target":{"@type":"EntryPoint","urlTemplate":"https:\/\/www.italyfamilyhotels.it\/?s={search_term_string}"},"query-input":{"@type":"PropertyValueSpecification","valueRequired":true,"valueName":"search_term_string"}}],"inLanguage":"de"}]}},"_links":{"self":[{"href":"https:\/\/www.italyfamilyhotels.it\/de\/wp-json\/wp\/v2\/pages\/4502","targetHints":{"allow":["GET"]}}],"collection":[{"href":"https:\/\/www.italyfamilyhotels.it\/de\/wp-json\/wp\/v2\/pages"}],"about":[{"href":"https:\/\/www.italyfamilyhotels.it\/de\/wp-json\/wp\/v2\/types\/page"}],"author":[{"embeddable":true,"href":"https:\/\/www.italyfamilyhotels.it\/de\/wp-json\/wp\/v2\/users\/142"}],"replies":[{"embeddable":true,"href":"https:\/\/www.italyfamilyhotels.it\/de\/wp-json\/wp\/v2\/comments?post=4502"}],"version-history":[{"count":18,"href":"https:\/\/www.italyfamilyhotels.it\/de\/wp-json\/wp\/v2\/pages\/4502\/revisions"}],"predecessor-version":[{"id":74691,"href":"https:\/\/www.italyfamilyhotels.it\/de\/wp-json\/wp\/v2\/pages\/4502\/revisions\/74691"}],"up":[{"embeddable":true,"href":"https:\/\/www.italyfamilyhotels.it\/de\/wp-json\/wp\/v2\/pages\/94"}],"wp:attachment":[{"href":"https:\/\/www.italyfamilyhotels.it\/de\/wp-json\/wp\/v2\/media?parent=4502"}],"curies":[{"name":"wp","href":"https:\/\/api.w.org\/{rel}","templated":true}]}}