{"id":4492,"date":"2022-03-14T12:38:02","date_gmt":"2022-03-14T11:38:02","guid":{"rendered":"https:\/\/www.italyfamilyhotels.it\/family-hotels\/color-palace-lido-family-village"},"modified":"2022-09-16T13:55:48","modified_gmt":"2022-09-16T11:55:48","slug":"color-palace-lido-family-village-lido-di-savio","status":"publish","type":"page","link":"https:\/\/www.italyfamilyhotels.it\/de\/family-hotels\/color-palace-lido-family-village-lido-di-savio","title":{"rendered":"Color Palace Lido Familiendorf"},"content":{"rendered":"\n<p>Wir hei\u00dfen Sie herzlich willkommen im Reich der Erholung und des Vergn\u00fcgens: im <b>Color Palace Lido Family Village<\/b>. Hier ist alles auf Entspannung f\u00fcr Erwachsene und Unterhaltung f\u00fcr Kinder ausgerichtet, mit vielen<b> familienfreundlichen Serviceleistungen <\/b>und einer beneidenswerten Lage: <b>direkt am Privatstrand<\/b>, der ohne Stra\u00dfen\u00fcberquerung erreichbar ist.<\/p>\n\n\n\n<p>Hier finden Sie einen fantastischen, <b>auf 24 \u00b0C beheizten Swimmingpool<\/b> mit st\u00e4ndigem Bademeisterservice, einen <b>Whirlpool<\/b> und eine <b>Liegewiese<\/b>, umgeben von Blumen und gr\u00fcnen Hecken.<\/p>\n\n\n\n<p>Und wie sieht es mit der <b>Animation an 7 Tagen in der Woche<\/b> aus, aufgeteilt nach Altersgruppen? Die Tage aller Kinder <b>ab 4 Jahren<\/b> und, wenn sie wollen, auch von Mama und Papa, sind mit <b>fantastischen Aktivit\u00e4ten<\/b>gef\u00fcllt: Wasseraerobic<b> <\/b>am Strand, Gruppent\u00e4nze, Morgengymnastik, Aperitifspiele, Kartenturniere, Sport, besondere Veranstaltungen. Und am Abend? Babytanz, Colour Show und Tanzen unter den Sternen.<\/p>\n\n\n\n<p>Eines ist sicher: Hier h\u00f6rt man nie auf zu essen (und zu trinken)! Wir begr\u00fc\u00dfen Sie mit einem tollen Fr\u00fchst\u00fcck voller k\u00f6stlicher Gerichte und setzen dann den Tag fort mit <b>Gratisgetr\u00e4nken<\/b>, <b>Coco-Snacks<\/b> &#8211; der Snack f\u00fcr Kinder, den sie jeden Tag mit an den Strand nehmen k\u00f6nnen -, <b>Aperitifs<\/b>, <b>Mittag- und Abendessen mit Grill Corner<\/b>, <b>Food Corner<\/b> am Nachmittag mit s\u00fc\u00dfen und herzhaften Angeboten, <b>Gute-Nacht-Coco<\/b> &#8211; Kr\u00e4utertees f\u00fcr Erwachsene, warme Milch und Kekse f\u00fcr die Kleinen &#8211; und <b>Gratis-Cocktails<\/b> von 20:00 bis 24:00 Uhr f\u00fcr Erwachsene.<\/p>\n\n\n\n<p>Im Zimmer fehlt es nat\u00fcrlich nicht an notwendigem Zubeh\u00f6r f\u00fcr die Babypflege, wie <b>Rausfallschutz, Babybetten, Flaschenw\u00e4rmer und Wickeltische<\/b>.<\/p>\n","protected":false},"excerpt":{"rendered":"<p>Wir hei\u00dfen Sie herzlich willkommen im Reich der Erholung und des Vergn\u00fcgens: im Color Palace Lido Family Village. Hier ist alles auf Entspannung f\u00fcr Erwachsene und Unterhaltung f\u00fcr Kinder ausgerichtet, mit vielen familienfreundlichen Serviceleistungen und einer beneidenswerten Lage: direkt am Privatstrand, der ohne Stra\u00dfen\u00fcberquerung erreichbar ist. Hier finden Sie einen fantastischen, auf 24 \u00b0C beheizten &hellip;<\/p>\n","protected":false},"author":165,"featured_media":0,"parent":94,"menu_order":0,"comment_status":"closed","ping_status":"closed","template":"page-templates\/scheda_hotel.php","meta":{"_acf_changed":false,"inline_featured_image":false,"footnotes":""},"class_list":["post-4492","page","type-page","status-publish","hentry"],"acf":[],"yoast_head":"<!-- This site is optimized with the Yoast SEO plugin v27.1 - https:\/\/yoast.com\/product\/yoast-seo-wordpress\/ -->\n<title>Color Palace Lido Family Village, 4 Sterne, Lido di Savio<\/title>\n<meta name=\"description\" content=\"Lust auf Urlaub mit Ihrer Familie? Entdecken Sie die Familienangebote im Color Palace Lido Family Village in Lido di Savio\" \/>\n<meta name=\"robots\" content=\"index, follow, max-snippet:-1, max-image-preview:large, max-video-preview:-1\" \/>\n<link rel=\"canonical\" href=\"https:\/\/www.italyfamilyhotels.it\/de\/family-hotels\/color-palace-lido-family-village-lido-di-savio\" \/>\n<meta property=\"og:locale\" content=\"de_DE\" \/>\n<meta property=\"og:type\" content=\"article\" \/>\n<meta property=\"og:title\" content=\"Color Palace Lido Family Village, 4 Sterne, Lido di Savio\" \/>\n<meta property=\"og:description\" content=\"Lust auf Urlaub mit Ihrer Familie? Entdecken Sie die Familienangebote im Color Palace Lido Family Village in Lido di Savio\" \/>\n<meta property=\"og:url\" content=\"https:\/\/www.italyfamilyhotels.it\/de\/family-hotels\/color-palace-lido-family-village-lido-di-savio\" \/>\n<meta property=\"og:site_name\" content=\"Italy Family Hotels\" \/>\n<meta property=\"article:publisher\" content=\"https:\/\/www.facebook.com\/ItalyFamilyHotels\/\" \/>\n<meta property=\"article:modified_time\" content=\"2022-09-16T11:55:48+00:00\" \/>\n<meta name=\"twitter:card\" content=\"summary_large_image\" \/>\n<meta name=\"twitter:label1\" content=\"Gesch\u00e4tzte Lesezeit\" \/>\n\t<meta name=\"twitter:data1\" content=\"1\u00a0Minute\" \/>\n<script type=\"application\/ld+json\" class=\"yoast-schema-graph\">{\"@context\":\"https:\/\/schema.org\",\"@graph\":[{\"@type\":\"WebPage\",\"@id\":\"https:\/\/www.italyfamilyhotels.it\/de\/family-hotels\/color-palace-lido-family-village-lido-di-savio\",\"url\":\"https:\/\/www.italyfamilyhotels.it\/de\/family-hotels\/color-palace-lido-family-village-lido-di-savio\",\"name\":\"Color Palace Lido Family Village, 4 Sterne, Lido di Savio\",\"isPartOf\":{\"@id\":\"https:\/\/www.italyfamilyhotels.it\/#website\"},\"datePublished\":\"2022-03-14T11:38:02+00:00\",\"dateModified\":\"2022-09-16T11:55:48+00:00\",\"description\":\"Lust auf Urlaub mit Ihrer Familie? Entdecken Sie die Familienangebote im Color Palace Lido Family Village in Lido di Savio\",\"breadcrumb\":{\"@id\":\"https:\/\/www.italyfamilyhotels.it\/de\/family-hotels\/color-palace-lido-family-village-lido-di-savio#breadcrumb\"},\"inLanguage\":\"de\",\"potentialAction\":[{\"@type\":\"ReadAction\",\"target\":[\"https:\/\/www.italyfamilyhotels.it\/de\/family-hotels\/color-palace-lido-family-village-lido-di-savio\"]}]},{\"@type\":\"BreadcrumbList\",\"@id\":\"https:\/\/www.italyfamilyhotels.it\/de\/family-hotels\/color-palace-lido-family-village-lido-di-savio#breadcrumb\",\"itemListElement\":[{\"@type\":\"ListItem\",\"position\":1,\"name\":\"Home\",\"item\":\"https:\/\/www.italyfamilyhotels.it\/de\"},{\"@type\":\"ListItem\",\"position\":2,\"name\":\"Family Hotels\",\"item\":\"https:\/\/www.italyfamilyhotels.it\/de\/family-hotels\"},{\"@type\":\"ListItem\",\"position\":3,\"name\":\"Color Palace Lido Familiendorf\"}]},{\"@type\":\"WebSite\",\"@id\":\"https:\/\/www.italyfamilyhotels.it\/#website\",\"url\":\"https:\/\/www.italyfamilyhotels.it\/\",\"name\":\"Italy Family Hotels\",\"description\":\"\",\"potentialAction\":[{\"@type\":\"SearchAction\",\"target\":{\"@type\":\"EntryPoint\",\"urlTemplate\":\"https:\/\/www.italyfamilyhotels.it\/?s={search_term_string}\"},\"query-input\":{\"@type\":\"PropertyValueSpecification\",\"valueRequired\":true,\"valueName\":\"search_term_string\"}}],\"inLanguage\":\"de\"}]}<\/script>\n<!-- \/ Yoast SEO plugin. -->","yoast_head_json":{"title":"Color Palace Lido Family Village, 4 Sterne, Lido di Savio","description":"Lust auf Urlaub mit Ihrer Familie? Entdecken Sie die Familienangebote im Color Palace Lido Family Village in Lido di Savio","robots":{"index":"index","follow":"follow","max-snippet":"max-snippet:-1","max-image-preview":"max-image-preview:large","max-video-preview":"max-video-preview:-1"},"canonical":"https:\/\/www.italyfamilyhotels.it\/de\/family-hotels\/color-palace-lido-family-village-lido-di-savio","og_locale":"de_DE","og_type":"article","og_title":"Color Palace Lido Family Village, 4 Sterne, Lido di Savio","og_description":"Lust auf Urlaub mit Ihrer Familie? Entdecken Sie die Familienangebote im Color Palace Lido Family Village in Lido di Savio","og_url":"https:\/\/www.italyfamilyhotels.it\/de\/family-hotels\/color-palace-lido-family-village-lido-di-savio","og_site_name":"Italy Family Hotels","article_publisher":"https:\/\/www.facebook.com\/ItalyFamilyHotels\/","article_modified_time":"2022-09-16T11:55:48+00:00","twitter_card":"summary_large_image","twitter_misc":{"Gesch\u00e4tzte Lesezeit":"1\u00a0Minute"},"schema":{"@context":"https:\/\/schema.org","@graph":[{"@type":"WebPage","@id":"https:\/\/www.italyfamilyhotels.it\/de\/family-hotels\/color-palace-lido-family-village-lido-di-savio","url":"https:\/\/www.italyfamilyhotels.it\/de\/family-hotels\/color-palace-lido-family-village-lido-di-savio","name":"Color Palace Lido Family Village, 4 Sterne, Lido di Savio","isPartOf":{"@id":"https:\/\/www.italyfamilyhotels.it\/#website"},"datePublished":"2022-03-14T11:38:02+00:00","dateModified":"2022-09-16T11:55:48+00:00","description":"Lust auf Urlaub mit Ihrer Familie? Entdecken Sie die Familienangebote im Color Palace Lido Family Village in Lido di Savio","breadcrumb":{"@id":"https:\/\/www.italyfamilyhotels.it\/de\/family-hotels\/color-palace-lido-family-village-lido-di-savio#breadcrumb"},"inLanguage":"de","potentialAction":[{"@type":"ReadAction","target":["https:\/\/www.italyfamilyhotels.it\/de\/family-hotels\/color-palace-lido-family-village-lido-di-savio"]}]},{"@type":"BreadcrumbList","@id":"https:\/\/www.italyfamilyhotels.it\/de\/family-hotels\/color-palace-lido-family-village-lido-di-savio#breadcrumb","itemListElement":[{"@type":"ListItem","position":1,"name":"Home","item":"https:\/\/www.italyfamilyhotels.it\/de"},{"@type":"ListItem","position":2,"name":"Family Hotels","item":"https:\/\/www.italyfamilyhotels.it\/de\/family-hotels"},{"@type":"ListItem","position":3,"name":"Color Palace Lido Familiendorf"}]},{"@type":"WebSite","@id":"https:\/\/www.italyfamilyhotels.it\/#website","url":"https:\/\/www.italyfamilyhotels.it\/","name":"Italy Family Hotels","description":"","potentialAction":[{"@type":"SearchAction","target":{"@type":"EntryPoint","urlTemplate":"https:\/\/www.italyfamilyhotels.it\/?s={search_term_string}"},"query-input":{"@type":"PropertyValueSpecification","valueRequired":true,"valueName":"search_term_string"}}],"inLanguage":"de"}]}},"_links":{"self":[{"href":"https:\/\/www.italyfamilyhotels.it\/de\/wp-json\/wp\/v2\/pages\/4492","targetHints":{"allow":["GET"]}}],"collection":[{"href":"https:\/\/www.italyfamilyhotels.it\/de\/wp-json\/wp\/v2\/pages"}],"about":[{"href":"https:\/\/www.italyfamilyhotels.it\/de\/wp-json\/wp\/v2\/types\/page"}],"author":[{"embeddable":true,"href":"https:\/\/www.italyfamilyhotels.it\/de\/wp-json\/wp\/v2\/users\/165"}],"replies":[{"embeddable":true,"href":"https:\/\/www.italyfamilyhotels.it\/de\/wp-json\/wp\/v2\/comments?post=4492"}],"version-history":[{"count":7,"href":"https:\/\/www.italyfamilyhotels.it\/de\/wp-json\/wp\/v2\/pages\/4492\/revisions"}],"predecessor-version":[{"id":40496,"href":"https:\/\/www.italyfamilyhotels.it\/de\/wp-json\/wp\/v2\/pages\/4492\/revisions\/40496"}],"up":[{"embeddable":true,"href":"https:\/\/www.italyfamilyhotels.it\/de\/wp-json\/wp\/v2\/pages\/94"}],"wp:attachment":[{"href":"https:\/\/www.italyfamilyhotels.it\/de\/wp-json\/wp\/v2\/media?parent=4492"}],"curies":[{"name":"wp","href":"https:\/\/api.w.org\/{rel}","templated":true}]}}