{"id":4477,"date":"2022-03-14T12:38:00","date_gmt":"2022-03-14T11:38:00","guid":{"rendered":"https:\/\/www.italyfamilyhotels.it\/family-hotels\/active-family-wellness-hotel-shandranj"},"modified":"2025-10-06T09:36:35","modified_gmt":"2025-10-06T07:36:35","slug":"active-family-wellness-hotel-shandranj-tesero","status":"publish","type":"page","link":"https:\/\/www.italyfamilyhotels.it\/de\/family-hotels\/active-family-wellness-hotel-shandranj-tesero","title":{"rendered":"Active, Family &#038; Wellness Hotel Shandranj"},"content":{"rendered":"\n<p>Wir erwarten Euch in <b>Tesero im Fleimstal,<\/b> umgeben vom <b>Weltnaturerbe Dolomiten.<\/b> Der zentrale Wert im <b>All\u2019Active Family &amp; Wellness Hotel Shandranj <\/b>ist <b>Harmonie. <\/b>Euer Familienurlaub bei uns wird von st\u00e4ndigem Kontakt mit der Natur gepr\u00e4gt sein, sowohl in den mit duftendem Holz gestalteten R\u00e4umen des Hotels, als auch w\u00e4hrend der <b>Outdoor-Aktivit\u00e4ten<\/b> f\u00fcr Erwachsene und Kinder, <b>im Somer und im Winter.<\/b> Im Urlaub wird wahr, was im Alltag oft nur ein Traum bleibt: intensives  gemeinsames Erleben von Sch\u00f6nheit.<\/p>\n\n\n\n<p><\/p>\n\n\n\n<p>Dem dienen auch unsere beiden Spas &#8211;<\/p>\n\n\n\n<p>Chandra&#038;Surya Natural Wellness.<\/p>\n\n\n\n<p>Mit den Kindern genie\u00dft Ihr im <b>Chandra Family Spa <\/b>die Wohltaten von Wasser und W\u00e4rme, mit Schwimmbad, Baby-Pool und Sauna auch f\u00fcr Kinder ab 6.<\/p>\n\n\n\n<p>Im <b>Surya Adult Spa <\/b>dagegen pflegt Ihr eure gemeinsamen Empfindungen <b>als Paar<\/b>.<\/p>\n\n\n\n<p>Auch die <b>Kinder<\/b> haben ihre <b>eigenen Vergn\u00fcgungen.<\/b> Schon <b>ab 6 Monaten<\/b>, im <b>Baby-Club<\/b>, 6 Stunden am Tag. <b>Kinder ab 3 Jahren<\/b> werden im<b> Mini-Club<\/b> erwaret, wo sie mit kreativen Arbeiten und auf Ausfl\u00fcgen viel Freude erleben. Im <b>Junior-Club<\/b> haben die Heranwachsenden Spa\u00df mit abenteuerlichen Outdoor-Aktivit\u00e4ten und interaktiven Spielen.<\/p>\n\n\n\n<p>Bei Tisch erwarten Euch eigene Men\u00fcs mit <b>verf\u00fchrerischen, aber gesunden Gerichten<\/b> f\u00fcr die <b>Kinder<\/b>, mit Zutaten aus den Bergen, und anspruchsvolle Kulinarik f\u00fcr das entwickelte Geschmacksempfinden der <b>Erwachsenen. <\/b>Wenn der Tag zu Ende geht, geht der Zauber des Shandranj weiter. In den ger\u00e4umigen <b>Zimmern,<\/b> ausgestattet mit allem was Ihr braucht, auch <b>Baby-Ausr\u00fcstung<\/b>, und mit viel Holz eingerichtet, umf\u00e4ngt Euch eine warme Atmosph\u00e4re.<\/p>\n","protected":false},"excerpt":{"rendered":"<p>Wir erwarten Euch in Tesero im Fleimstal, umgeben vom Weltnaturerbe Dolomiten. Der zentrale Wert im All\u2019Active Family &amp; Wellness Hotel Shandranj ist Harmonie. Euer Familienurlaub bei uns wird von st\u00e4ndigem Kontakt mit der Natur gepr\u00e4gt sein, sowohl in den mit duftendem Holz gestalteten R\u00e4umen des Hotels, als auch w\u00e4hrend der Outdoor-Aktivit\u00e4ten f\u00fcr Erwachsene und Kinder, &hellip;<\/p>\n","protected":false},"author":1,"featured_media":0,"parent":94,"menu_order":0,"comment_status":"closed","ping_status":"closed","template":"page-templates\/scheda_hotel.php","meta":{"_acf_changed":false,"inline_featured_image":false,"footnotes":""},"class_list":["post-4477","page","type-page","status-publish","hentry"],"acf":[],"yoast_head":"<!-- This site is optimized with the Yoast SEO plugin v27.1 - https:\/\/yoast.com\/product\/yoast-seo-wordpress\/ -->\n<title>Active, Family &amp; Wellness Hotel Shandranj 4-Sterne, Tesero<\/title>\n<meta name=\"description\" content=\"Lust auf Familienurlaub? Entdecken Sie die Familienangebote f\u00fcr Active, Family &amp; Wellness Hotel Shandranj in Tesero\" \/>\n<meta name=\"robots\" content=\"index, follow, max-snippet:-1, max-image-preview:large, max-video-preview:-1\" \/>\n<link rel=\"canonical\" href=\"https:\/\/www.italyfamilyhotels.it\/de\/family-hotels\/active-family-wellness-hotel-shandranj-tesero\" \/>\n<meta property=\"og:locale\" content=\"de_DE\" \/>\n<meta property=\"og:type\" content=\"article\" \/>\n<meta property=\"og:title\" content=\"Active, Family &amp; Wellness Hotel Shandranj 4-Sterne, Tesero\" \/>\n<meta property=\"og:description\" content=\"Lust auf Familienurlaub? Entdecken Sie die Familienangebote f\u00fcr Active, Family &amp; Wellness Hotel Shandranj in Tesero\" \/>\n<meta property=\"og:url\" content=\"https:\/\/www.italyfamilyhotels.it\/de\/family-hotels\/active-family-wellness-hotel-shandranj-tesero\" \/>\n<meta property=\"og:site_name\" content=\"Italy Family Hotels\" \/>\n<meta property=\"article:publisher\" content=\"https:\/\/www.facebook.com\/ItalyFamilyHotels\/\" \/>\n<meta property=\"article:modified_time\" content=\"2025-10-06T07:36:35+00:00\" \/>\n<meta name=\"twitter:card\" content=\"summary_large_image\" \/>\n<meta name=\"twitter:label1\" content=\"Gesch\u00e4tzte Lesezeit\" \/>\n\t<meta name=\"twitter:data1\" content=\"2\u00a0Minuten\" \/>\n<script type=\"application\/ld+json\" class=\"yoast-schema-graph\">{\"@context\":\"https:\/\/schema.org\",\"@graph\":[{\"@type\":\"WebPage\",\"@id\":\"https:\/\/www.italyfamilyhotels.it\/de\/family-hotels\/active-family-wellness-hotel-shandranj-tesero\",\"url\":\"https:\/\/www.italyfamilyhotels.it\/de\/family-hotels\/active-family-wellness-hotel-shandranj-tesero\",\"name\":\"Active, Family & Wellness Hotel Shandranj 4-Sterne, Tesero\",\"isPartOf\":{\"@id\":\"https:\/\/www.italyfamilyhotels.it\/#website\"},\"datePublished\":\"2022-03-14T11:38:00+00:00\",\"dateModified\":\"2025-10-06T07:36:35+00:00\",\"description\":\"Lust auf Familienurlaub? Entdecken Sie die Familienangebote f\u00fcr Active, Family & Wellness Hotel Shandranj in Tesero\",\"breadcrumb\":{\"@id\":\"https:\/\/www.italyfamilyhotels.it\/de\/family-hotels\/active-family-wellness-hotel-shandranj-tesero#breadcrumb\"},\"inLanguage\":\"de\",\"potentialAction\":[{\"@type\":\"ReadAction\",\"target\":[\"https:\/\/www.italyfamilyhotels.it\/de\/family-hotels\/active-family-wellness-hotel-shandranj-tesero\"]}]},{\"@type\":\"BreadcrumbList\",\"@id\":\"https:\/\/www.italyfamilyhotels.it\/de\/family-hotels\/active-family-wellness-hotel-shandranj-tesero#breadcrumb\",\"itemListElement\":[{\"@type\":\"ListItem\",\"position\":1,\"name\":\"Home\",\"item\":\"https:\/\/www.italyfamilyhotels.it\/de\"},{\"@type\":\"ListItem\",\"position\":2,\"name\":\"Family Hotels\",\"item\":\"https:\/\/www.italyfamilyhotels.it\/de\/family-hotels\"},{\"@type\":\"ListItem\",\"position\":3,\"name\":\"Active, Family &#038; Wellness Hotel Shandranj\"}]},{\"@type\":\"WebSite\",\"@id\":\"https:\/\/www.italyfamilyhotels.it\/#website\",\"url\":\"https:\/\/www.italyfamilyhotels.it\/\",\"name\":\"Italy Family Hotels\",\"description\":\"\",\"potentialAction\":[{\"@type\":\"SearchAction\",\"target\":{\"@type\":\"EntryPoint\",\"urlTemplate\":\"https:\/\/www.italyfamilyhotels.it\/?s={search_term_string}\"},\"query-input\":{\"@type\":\"PropertyValueSpecification\",\"valueRequired\":true,\"valueName\":\"search_term_string\"}}],\"inLanguage\":\"de\"}]}<\/script>\n<!-- \/ Yoast SEO plugin. -->","yoast_head_json":{"title":"Active, Family & Wellness Hotel Shandranj 4-Sterne, Tesero","description":"Lust auf Familienurlaub? Entdecken Sie die Familienangebote f\u00fcr Active, Family & Wellness Hotel Shandranj in Tesero","robots":{"index":"index","follow":"follow","max-snippet":"max-snippet:-1","max-image-preview":"max-image-preview:large","max-video-preview":"max-video-preview:-1"},"canonical":"https:\/\/www.italyfamilyhotels.it\/de\/family-hotels\/active-family-wellness-hotel-shandranj-tesero","og_locale":"de_DE","og_type":"article","og_title":"Active, Family & Wellness Hotel Shandranj 4-Sterne, Tesero","og_description":"Lust auf Familienurlaub? Entdecken Sie die Familienangebote f\u00fcr Active, Family & Wellness Hotel Shandranj in Tesero","og_url":"https:\/\/www.italyfamilyhotels.it\/de\/family-hotels\/active-family-wellness-hotel-shandranj-tesero","og_site_name":"Italy Family Hotels","article_publisher":"https:\/\/www.facebook.com\/ItalyFamilyHotels\/","article_modified_time":"2025-10-06T07:36:35+00:00","twitter_card":"summary_large_image","twitter_misc":{"Gesch\u00e4tzte Lesezeit":"2\u00a0Minuten"},"schema":{"@context":"https:\/\/schema.org","@graph":[{"@type":"WebPage","@id":"https:\/\/www.italyfamilyhotels.it\/de\/family-hotels\/active-family-wellness-hotel-shandranj-tesero","url":"https:\/\/www.italyfamilyhotels.it\/de\/family-hotels\/active-family-wellness-hotel-shandranj-tesero","name":"Active, Family & Wellness Hotel Shandranj 4-Sterne, Tesero","isPartOf":{"@id":"https:\/\/www.italyfamilyhotels.it\/#website"},"datePublished":"2022-03-14T11:38:00+00:00","dateModified":"2025-10-06T07:36:35+00:00","description":"Lust auf Familienurlaub? Entdecken Sie die Familienangebote f\u00fcr Active, Family & Wellness Hotel Shandranj in Tesero","breadcrumb":{"@id":"https:\/\/www.italyfamilyhotels.it\/de\/family-hotels\/active-family-wellness-hotel-shandranj-tesero#breadcrumb"},"inLanguage":"de","potentialAction":[{"@type":"ReadAction","target":["https:\/\/www.italyfamilyhotels.it\/de\/family-hotels\/active-family-wellness-hotel-shandranj-tesero"]}]},{"@type":"BreadcrumbList","@id":"https:\/\/www.italyfamilyhotels.it\/de\/family-hotels\/active-family-wellness-hotel-shandranj-tesero#breadcrumb","itemListElement":[{"@type":"ListItem","position":1,"name":"Home","item":"https:\/\/www.italyfamilyhotels.it\/de"},{"@type":"ListItem","position":2,"name":"Family Hotels","item":"https:\/\/www.italyfamilyhotels.it\/de\/family-hotels"},{"@type":"ListItem","position":3,"name":"Active, Family &#038; Wellness Hotel Shandranj"}]},{"@type":"WebSite","@id":"https:\/\/www.italyfamilyhotels.it\/#website","url":"https:\/\/www.italyfamilyhotels.it\/","name":"Italy Family Hotels","description":"","potentialAction":[{"@type":"SearchAction","target":{"@type":"EntryPoint","urlTemplate":"https:\/\/www.italyfamilyhotels.it\/?s={search_term_string}"},"query-input":{"@type":"PropertyValueSpecification","valueRequired":true,"valueName":"search_term_string"}}],"inLanguage":"de"}]}},"_links":{"self":[{"href":"https:\/\/www.italyfamilyhotels.it\/de\/wp-json\/wp\/v2\/pages\/4477","targetHints":{"allow":["GET"]}}],"collection":[{"href":"https:\/\/www.italyfamilyhotels.it\/de\/wp-json\/wp\/v2\/pages"}],"about":[{"href":"https:\/\/www.italyfamilyhotels.it\/de\/wp-json\/wp\/v2\/types\/page"}],"author":[{"embeddable":true,"href":"https:\/\/www.italyfamilyhotels.it\/de\/wp-json\/wp\/v2\/users\/1"}],"replies":[{"embeddable":true,"href":"https:\/\/www.italyfamilyhotels.it\/de\/wp-json\/wp\/v2\/comments?post=4477"}],"version-history":[{"count":14,"href":"https:\/\/www.italyfamilyhotels.it\/de\/wp-json\/wp\/v2\/pages\/4477\/revisions"}],"predecessor-version":[{"id":71586,"href":"https:\/\/www.italyfamilyhotels.it\/de\/wp-json\/wp\/v2\/pages\/4477\/revisions\/71586"}],"up":[{"embeddable":true,"href":"https:\/\/www.italyfamilyhotels.it\/de\/wp-json\/wp\/v2\/pages\/94"}],"wp:attachment":[{"href":"https:\/\/www.italyfamilyhotels.it\/de\/wp-json\/wp\/v2\/media?parent=4477"}],"curies":[{"name":"wp","href":"https:\/\/api.w.org\/{rel}","templated":true}]}}