{"id":4472,"date":"2022-03-14T12:37:59","date_gmt":"2022-03-14T11:37:59","guid":{"rendered":"https:\/\/www.italyfamilyhotels.it\/family-hotels\/family-hotel-president"},"modified":"2022-09-16T13:55:46","modified_gmt":"2022-09-16T11:55:46","slug":"family-hotel-president-cattolica","status":"publish","type":"page","link":"https:\/\/www.italyfamilyhotels.it\/de\/family-hotels\/family-hotel-president-cattolica","title":{"rendered":"Family Hotel President"},"content":{"rendered":"\n<p>Alles, was Sie tun m\u00fcssen, um uns zu finden, ist dem Duft der Blumen und des Meeres zu folgen&#8230; ja, denn hier im <b>Family Hotel President<\/b> in <b>Cattolica <\/b>sind wir von Gr\u00fcn umgeben, in einer sehr ruhigen Gegend und nur wenige Schritte vom Strand entfernt, ideal f\u00fcr einen erholsamen Familienurlaub.<\/p>\n\n\n\n<p>Hier gibt es ein fantastisches Reich der Entspannung und des Vergn\u00fcgens: der <b>Swimmingpool mit einer konstanten Temperatur von 28 \u00b0C<\/b> und <b>Wasserf\u00e4llen<\/b>, deren Wasserh\u00f6he zwischen 1,10 und 1,60 m variiert. F\u00fcr die Kleinsten gibt es neben dem Hauptbecken ein 50 cm tiefes <b>Babybecken<\/b>, in dem sie sicher mit Schwimmringen und Schwimmfl\u00fcgeln planschen k\u00f6nnen, w\u00e4hrend Mama und Papa sich abk\u00fchlen oder auf der <b>Liegewiese mit Sonnenliegen<\/b> die Sonne genie\u00dfen.<\/p>\n\n\n\n<p>Familien sind hier gut aufgehoben, vor allem aber Kinder. F\u00fcr sie bereitet das legend\u00e4re Animationsteam ein <b>Programm von Aktivit\u00e4ten und Workshops<\/b> vor, sowohl im Innenraum \u201e<b>Seemannsheim<\/b>\u201c als auch im <b>Au\u00dfenspielbereich<\/b> mit bunten Rutschen und Spielh\u00e4usern.<\/p>\n\n\n\n<p>Das kulinarische Erlebnis ist einzigartig: k\u00f6stliche und mit einer modernen Note neu kreierte <b>traditionelle Gerichte<\/b>, die Sie entweder im Speisesaal oder auf der <b>Veranda am Pool<\/b> genie\u00dfen k\u00f6nnen. Und f\u00fcr die Kinder? <b>Spezielle Men\u00fcs<\/b>, die zu flexiblen Zeiten genossen werden k\u00f6nnen, auch in Begleitung von Animateuren.<\/p>\n\n\n\n<p><b>Fahrr\u00e4der mit Kindersitzen<\/b> stehen Ihnen w\u00e4hrend des gesamten Urlaubs zur Verf\u00fcgung, damit Sie sich frei bewegen k\u00f6nnen, und f\u00fcr Ihr Auto gibt es einen <b>sicheren <\/b>Parkplatz neben dem Hotel.<\/p>\n","protected":false},"excerpt":{"rendered":"<p>Alles, was Sie tun m\u00fcssen, um uns zu finden, ist dem Duft der Blumen und des Meeres zu folgen&#8230; ja, denn hier im Family Hotel President in Cattolica sind wir von Gr\u00fcn umgeben, in einer sehr ruhigen Gegend und nur wenige Schritte vom Strand entfernt, ideal f\u00fcr einen erholsamen Familienurlaub. Hier gibt es ein fantastisches &hellip;<\/p>\n","protected":false},"author":134,"featured_media":0,"parent":94,"menu_order":0,"comment_status":"closed","ping_status":"closed","template":"page-templates\/scheda_hotel.php","meta":{"_acf_changed":false,"inline_featured_image":false,"footnotes":""},"class_list":["post-4472","page","type-page","status-publish","hentry"],"acf":[],"yoast_head":"<!-- This site is optimized with the Yoast SEO plugin v27.1 - https:\/\/yoast.com\/product\/yoast-seo-wordpress\/ -->\n<title>Family Hotel President, 3 Sterne Superior, Cattolica<\/title>\n<meta name=\"description\" content=\"Lust auf Urlaub mit Ihrer Familie? Entdecken Sie die Familienangebote im Family Hotel President in Cattolica\" \/>\n<meta name=\"robots\" content=\"index, follow, max-snippet:-1, max-image-preview:large, max-video-preview:-1\" \/>\n<link rel=\"canonical\" href=\"https:\/\/www.italyfamilyhotels.it\/de\/family-hotels\/family-hotel-president-cattolica\" \/>\n<meta property=\"og:locale\" content=\"de_DE\" \/>\n<meta property=\"og:type\" content=\"article\" \/>\n<meta property=\"og:title\" content=\"Family Hotel President, 3 Sterne Superior, Cattolica\" \/>\n<meta property=\"og:description\" content=\"Lust auf Urlaub mit Ihrer Familie? Entdecken Sie die Familienangebote im Family Hotel President in Cattolica\" \/>\n<meta property=\"og:url\" content=\"https:\/\/www.italyfamilyhotels.it\/de\/family-hotels\/family-hotel-president-cattolica\" \/>\n<meta property=\"og:site_name\" content=\"Italy Family Hotels\" \/>\n<meta property=\"article:publisher\" content=\"https:\/\/www.facebook.com\/ItalyFamilyHotels\/\" \/>\n<meta property=\"article:modified_time\" content=\"2022-09-16T11:55:46+00:00\" \/>\n<meta name=\"twitter:card\" content=\"summary_large_image\" \/>\n<meta name=\"twitter:label1\" content=\"Gesch\u00e4tzte Lesezeit\" \/>\n\t<meta name=\"twitter:data1\" content=\"1\u00a0Minute\" \/>\n<script type=\"application\/ld+json\" class=\"yoast-schema-graph\">{\"@context\":\"https:\/\/schema.org\",\"@graph\":[{\"@type\":\"WebPage\",\"@id\":\"https:\/\/www.italyfamilyhotels.it\/de\/family-hotels\/family-hotel-president-cattolica\",\"url\":\"https:\/\/www.italyfamilyhotels.it\/de\/family-hotels\/family-hotel-president-cattolica\",\"name\":\"Family Hotel President, 3 Sterne Superior, Cattolica\",\"isPartOf\":{\"@id\":\"https:\/\/www.italyfamilyhotels.it\/#website\"},\"datePublished\":\"2022-03-14T11:37:59+00:00\",\"dateModified\":\"2022-09-16T11:55:46+00:00\",\"description\":\"Lust auf Urlaub mit Ihrer Familie? Entdecken Sie die Familienangebote im Family Hotel President in Cattolica\",\"breadcrumb\":{\"@id\":\"https:\/\/www.italyfamilyhotels.it\/de\/family-hotels\/family-hotel-president-cattolica#breadcrumb\"},\"inLanguage\":\"de\",\"potentialAction\":[{\"@type\":\"ReadAction\",\"target\":[\"https:\/\/www.italyfamilyhotels.it\/de\/family-hotels\/family-hotel-president-cattolica\"]}]},{\"@type\":\"BreadcrumbList\",\"@id\":\"https:\/\/www.italyfamilyhotels.it\/de\/family-hotels\/family-hotel-president-cattolica#breadcrumb\",\"itemListElement\":[{\"@type\":\"ListItem\",\"position\":1,\"name\":\"Home\",\"item\":\"https:\/\/www.italyfamilyhotels.it\/de\"},{\"@type\":\"ListItem\",\"position\":2,\"name\":\"Family Hotels\",\"item\":\"https:\/\/www.italyfamilyhotels.it\/de\/family-hotels\"},{\"@type\":\"ListItem\",\"position\":3,\"name\":\"Family Hotel President\"}]},{\"@type\":\"WebSite\",\"@id\":\"https:\/\/www.italyfamilyhotels.it\/#website\",\"url\":\"https:\/\/www.italyfamilyhotels.it\/\",\"name\":\"Italy Family Hotels\",\"description\":\"\",\"potentialAction\":[{\"@type\":\"SearchAction\",\"target\":{\"@type\":\"EntryPoint\",\"urlTemplate\":\"https:\/\/www.italyfamilyhotels.it\/?s={search_term_string}\"},\"query-input\":{\"@type\":\"PropertyValueSpecification\",\"valueRequired\":true,\"valueName\":\"search_term_string\"}}],\"inLanguage\":\"de\"}]}<\/script>\n<!-- \/ Yoast SEO plugin. -->","yoast_head_json":{"title":"Family Hotel President, 3 Sterne Superior, Cattolica","description":"Lust auf Urlaub mit Ihrer Familie? Entdecken Sie die Familienangebote im Family Hotel President in Cattolica","robots":{"index":"index","follow":"follow","max-snippet":"max-snippet:-1","max-image-preview":"max-image-preview:large","max-video-preview":"max-video-preview:-1"},"canonical":"https:\/\/www.italyfamilyhotels.it\/de\/family-hotels\/family-hotel-president-cattolica","og_locale":"de_DE","og_type":"article","og_title":"Family Hotel President, 3 Sterne Superior, Cattolica","og_description":"Lust auf Urlaub mit Ihrer Familie? Entdecken Sie die Familienangebote im Family Hotel President in Cattolica","og_url":"https:\/\/www.italyfamilyhotels.it\/de\/family-hotels\/family-hotel-president-cattolica","og_site_name":"Italy Family Hotels","article_publisher":"https:\/\/www.facebook.com\/ItalyFamilyHotels\/","article_modified_time":"2022-09-16T11:55:46+00:00","twitter_card":"summary_large_image","twitter_misc":{"Gesch\u00e4tzte Lesezeit":"1\u00a0Minute"},"schema":{"@context":"https:\/\/schema.org","@graph":[{"@type":"WebPage","@id":"https:\/\/www.italyfamilyhotels.it\/de\/family-hotels\/family-hotel-president-cattolica","url":"https:\/\/www.italyfamilyhotels.it\/de\/family-hotels\/family-hotel-president-cattolica","name":"Family Hotel President, 3 Sterne Superior, Cattolica","isPartOf":{"@id":"https:\/\/www.italyfamilyhotels.it\/#website"},"datePublished":"2022-03-14T11:37:59+00:00","dateModified":"2022-09-16T11:55:46+00:00","description":"Lust auf Urlaub mit Ihrer Familie? Entdecken Sie die Familienangebote im Family Hotel President in Cattolica","breadcrumb":{"@id":"https:\/\/www.italyfamilyhotels.it\/de\/family-hotels\/family-hotel-president-cattolica#breadcrumb"},"inLanguage":"de","potentialAction":[{"@type":"ReadAction","target":["https:\/\/www.italyfamilyhotels.it\/de\/family-hotels\/family-hotel-president-cattolica"]}]},{"@type":"BreadcrumbList","@id":"https:\/\/www.italyfamilyhotels.it\/de\/family-hotels\/family-hotel-president-cattolica#breadcrumb","itemListElement":[{"@type":"ListItem","position":1,"name":"Home","item":"https:\/\/www.italyfamilyhotels.it\/de"},{"@type":"ListItem","position":2,"name":"Family Hotels","item":"https:\/\/www.italyfamilyhotels.it\/de\/family-hotels"},{"@type":"ListItem","position":3,"name":"Family Hotel President"}]},{"@type":"WebSite","@id":"https:\/\/www.italyfamilyhotels.it\/#website","url":"https:\/\/www.italyfamilyhotels.it\/","name":"Italy Family Hotels","description":"","potentialAction":[{"@type":"SearchAction","target":{"@type":"EntryPoint","urlTemplate":"https:\/\/www.italyfamilyhotels.it\/?s={search_term_string}"},"query-input":{"@type":"PropertyValueSpecification","valueRequired":true,"valueName":"search_term_string"}}],"inLanguage":"de"}]}},"_links":{"self":[{"href":"https:\/\/www.italyfamilyhotels.it\/de\/wp-json\/wp\/v2\/pages\/4472","targetHints":{"allow":["GET"]}}],"collection":[{"href":"https:\/\/www.italyfamilyhotels.it\/de\/wp-json\/wp\/v2\/pages"}],"about":[{"href":"https:\/\/www.italyfamilyhotels.it\/de\/wp-json\/wp\/v2\/types\/page"}],"author":[{"embeddable":true,"href":"https:\/\/www.italyfamilyhotels.it\/de\/wp-json\/wp\/v2\/users\/134"}],"replies":[{"embeddable":true,"href":"https:\/\/www.italyfamilyhotels.it\/de\/wp-json\/wp\/v2\/comments?post=4472"}],"version-history":[{"count":4,"href":"https:\/\/www.italyfamilyhotels.it\/de\/wp-json\/wp\/v2\/pages\/4472\/revisions"}],"predecessor-version":[{"id":40492,"href":"https:\/\/www.italyfamilyhotels.it\/de\/wp-json\/wp\/v2\/pages\/4472\/revisions\/40492"}],"up":[{"embeddable":true,"href":"https:\/\/www.italyfamilyhotels.it\/de\/wp-json\/wp\/v2\/pages\/94"}],"wp:attachment":[{"href":"https:\/\/www.italyfamilyhotels.it\/de\/wp-json\/wp\/v2\/media?parent=4472"}],"curies":[{"name":"wp","href":"https:\/\/api.w.org\/{rel}","templated":true}]}}