{"id":44698,"date":"2023-01-31T16:11:55","date_gmt":"2023-01-31T15:11:55","guid":{"rendered":"https:\/\/www.italyfamilyhotels.it\/family-hotels\/unaway-imperial-beach-fano"},"modified":"2025-07-15T08:57:29","modified_gmt":"2025-07-15T06:57:29","slug":"una-hotels-imperial-beach-fano","status":"publish","type":"page","link":"https:\/\/www.italyfamilyhotels.it\/de\/family-hotels\/una-hotels-imperial-beach-fano","title":{"rendered":"UNA HOTELS Imperial Beach Fano"},"content":{"rendered":"\n<p>Stellen Sie sich vor, wie wundersch\u00f6n es w\u00e4re, in einem unserer<b> Zimmer mit Meerblick<\/b> aufzuwachen und dabei auf die blaue Adria zu blicken: Das ist der gute Morgen, der Sie im <b>UNA HOTELS Imperial Beach Fano in Marotta<\/b> erwartet und der Auftakt f\u00fcr einen zauberhaften Tag wie im Film, den Sie ganz unbeschwert mit Ihren Kindern <b>in gem\u00fctlichen, gut strukturierten R\u00e4umen<\/b> verbringen k\u00f6nnen.<\/p>\n\n\n\n<p>Unser <b>Privatstrand liegt direkt vor der T\u00fcr<\/b> und man kann ihn jederzeit bequem erreichen, ohne das Auto nehmen zu m\u00fcssen. Der Imperial Beach ist exklusiv und ruhig mit weit voneinander aufgestellten Sonnenschirmen und Sonnenliegen, damit Sie sich entspannen und <b>die ganz Kleinen Spa\u00df haben k\u00f6nnen<\/b>. Wem das <b>Schwimmbad<\/b> lieber als der Strand ist, steht im \u00fcppig gr\u00fcnen <b>Garten<\/b> ein gro\u00dfer Pool mit Hydromassage und <b>seichtem Bereich f\u00fcr Kinder<\/b> bereit.<\/p>\n\n\n\n<p>W\u00e4hrend Sie Ihre wohlverdiente Entspannung genie\u00dfen, k\u00fcmmert sich das <b>Animationsteam<\/b> um die Kinder und organisiert t\u00e4glich Aktivit\u00e4ten wie Koch- und Zauberkurse, Turniere, Besuche auf dem Lernbauernhof, Abendshows und die ganz besonders lustigen Nicht-Geburtstage des <b>Maskottchens Pimpi<\/b>: Vom Strand, <b>Miniclub L&#8217;Isola di Impi<\/b>, bis zum Schwimmbad und Spielplatz im Garten sind Ihre Kinder immer besch\u00e4ftigt! <\/p>\n\n\n\n<p>Im Hotel werden die <b>besten Serviceleistungen f\u00fcr Ihren Familienurlaub geboten<\/b>&#8230; vergessen Sie das nicht, denn wir stellen alles bereit, was Sie brauchen: <b>Leihbuggies<\/b>, <b>Fahrr\u00e4der<\/b> mit Kindersitz, <b>Babyset<\/b> im Zimmer mit Windeln und Cremes sowie Betten mit Fallschutzgittern, Gitterbetten, Flaschenw\u00e4rmer, Wickeltischen, <b>Hochst\u00fchlen<\/b> und Babybesteck,<b> Babynahrung und Br\u00fchen<\/b> zum Abstillen. Man kann auch die <b>All Inclusive &#8211; Option<\/b> w\u00e4hlen, um einen unbeschwerten Urlaub zu verbringen. Kurzum, hier im <b>UNA HOTELS Imperial Beach Fano in Marotta<\/b> steht alles f\u00fcr Ihre Familie bereit!<\/p>\n","protected":false},"excerpt":{"rendered":"<p>Stellen Sie sich vor, wie wundersch\u00f6n es w\u00e4re, in einem unserer Zimmer mit Meerblick aufzuwachen und dabei auf die blaue Adria zu blicken: Das ist der gute Morgen, der Sie im UNA HOTELS Imperial Beach Fano in Marotta erwartet und der Auftakt f\u00fcr einen zauberhaften Tag wie im Film, den Sie ganz unbeschwert mit Ihren &hellip;<\/p>\n","protected":false},"author":1,"featured_media":0,"parent":94,"menu_order":0,"comment_status":"closed","ping_status":"closed","template":"page-templates\/scheda_hotel.php","meta":{"_acf_changed":false,"inline_featured_image":false,"footnotes":""},"class_list":["post-44698","page","type-page","status-publish","hentry"],"acf":[],"yoast_head":"<!-- This site is optimized with the Yoast SEO plugin v27.1 - https:\/\/yoast.com\/product\/yoast-seo-wordpress\/ -->\n<title>3 Sterne - UNA HOTELS Imperial Beach Fano Hotel, Marotta<\/title>\n<meta name=\"description\" content=\"Lust auf einen Urlaub mit Ihrer Familie? Mehr \u00fcber die Familienangebote des UNA HOTELS Imperial Beach Fano in Marotta\" \/>\n<meta name=\"robots\" content=\"index, follow, max-snippet:-1, max-image-preview:large, max-video-preview:-1\" \/>\n<link rel=\"canonical\" href=\"https:\/\/www.italyfamilyhotels.it\/de\/family-hotels\/una-hotels-imperial-beach-fano\" \/>\n<meta property=\"og:locale\" content=\"de_DE\" \/>\n<meta property=\"og:type\" content=\"article\" \/>\n<meta property=\"og:title\" content=\"3 Sterne - UNA HOTELS Imperial Beach Fano Hotel, Marotta\" \/>\n<meta property=\"og:description\" content=\"Lust auf einen Urlaub mit Ihrer Familie? Mehr \u00fcber die Familienangebote des UNA HOTELS Imperial Beach Fano in Marotta\" \/>\n<meta property=\"og:url\" content=\"https:\/\/www.italyfamilyhotels.it\/de\/family-hotels\/una-hotels-imperial-beach-fano\" \/>\n<meta property=\"og:site_name\" content=\"Italy Family Hotels\" \/>\n<meta property=\"article:publisher\" content=\"https:\/\/www.facebook.com\/ItalyFamilyHotels\/\" \/>\n<meta property=\"article:modified_time\" content=\"2025-07-15T06:57:29+00:00\" \/>\n<meta name=\"twitter:card\" content=\"summary_large_image\" \/>\n<meta name=\"twitter:label1\" content=\"Gesch\u00e4tzte Lesezeit\" \/>\n\t<meta name=\"twitter:data1\" content=\"1\u00a0Minute\" \/>\n<script type=\"application\/ld+json\" class=\"yoast-schema-graph\">{\"@context\":\"https:\/\/schema.org\",\"@graph\":[{\"@type\":\"WebPage\",\"@id\":\"https:\/\/www.italyfamilyhotels.it\/de\/family-hotels\/una-hotels-imperial-beach-fano\",\"url\":\"https:\/\/www.italyfamilyhotels.it\/de\/family-hotels\/una-hotels-imperial-beach-fano\",\"name\":\"3 Sterne - UNA HOTELS Imperial Beach Fano Hotel, Marotta\",\"isPartOf\":{\"@id\":\"https:\/\/www.italyfamilyhotels.it\/#website\"},\"datePublished\":\"2023-01-31T15:11:55+00:00\",\"dateModified\":\"2025-07-15T06:57:29+00:00\",\"description\":\"Lust auf einen Urlaub mit Ihrer Familie? Mehr \u00fcber die Familienangebote des UNA HOTELS Imperial Beach Fano in Marotta\",\"breadcrumb\":{\"@id\":\"https:\/\/www.italyfamilyhotels.it\/de\/family-hotels\/una-hotels-imperial-beach-fano#breadcrumb\"},\"inLanguage\":\"de\",\"potentialAction\":[{\"@type\":\"ReadAction\",\"target\":[\"https:\/\/www.italyfamilyhotels.it\/de\/family-hotels\/una-hotels-imperial-beach-fano\"]}]},{\"@type\":\"BreadcrumbList\",\"@id\":\"https:\/\/www.italyfamilyhotels.it\/de\/family-hotels\/una-hotels-imperial-beach-fano#breadcrumb\",\"itemListElement\":[{\"@type\":\"ListItem\",\"position\":1,\"name\":\"Home\",\"item\":\"https:\/\/www.italyfamilyhotels.it\/de\"},{\"@type\":\"ListItem\",\"position\":2,\"name\":\"Family Hotels\",\"item\":\"https:\/\/www.italyfamilyhotels.it\/de\/family-hotels\"},{\"@type\":\"ListItem\",\"position\":3,\"name\":\"UNA HOTELS Imperial Beach Fano\"}]},{\"@type\":\"WebSite\",\"@id\":\"https:\/\/www.italyfamilyhotels.it\/#website\",\"url\":\"https:\/\/www.italyfamilyhotels.it\/\",\"name\":\"Italy Family Hotels\",\"description\":\"\",\"potentialAction\":[{\"@type\":\"SearchAction\",\"target\":{\"@type\":\"EntryPoint\",\"urlTemplate\":\"https:\/\/www.italyfamilyhotels.it\/?s={search_term_string}\"},\"query-input\":{\"@type\":\"PropertyValueSpecification\",\"valueRequired\":true,\"valueName\":\"search_term_string\"}}],\"inLanguage\":\"de\"}]}<\/script>\n<!-- \/ Yoast SEO plugin. -->","yoast_head_json":{"title":"3 Sterne - UNA HOTELS Imperial Beach Fano Hotel, Marotta","description":"Lust auf einen Urlaub mit Ihrer Familie? Mehr \u00fcber die Familienangebote des UNA HOTELS Imperial Beach Fano in Marotta","robots":{"index":"index","follow":"follow","max-snippet":"max-snippet:-1","max-image-preview":"max-image-preview:large","max-video-preview":"max-video-preview:-1"},"canonical":"https:\/\/www.italyfamilyhotels.it\/de\/family-hotels\/una-hotels-imperial-beach-fano","og_locale":"de_DE","og_type":"article","og_title":"3 Sterne - UNA HOTELS Imperial Beach Fano Hotel, Marotta","og_description":"Lust auf einen Urlaub mit Ihrer Familie? Mehr \u00fcber die Familienangebote des UNA HOTELS Imperial Beach Fano in Marotta","og_url":"https:\/\/www.italyfamilyhotels.it\/de\/family-hotels\/una-hotels-imperial-beach-fano","og_site_name":"Italy Family Hotels","article_publisher":"https:\/\/www.facebook.com\/ItalyFamilyHotels\/","article_modified_time":"2025-07-15T06:57:29+00:00","twitter_card":"summary_large_image","twitter_misc":{"Gesch\u00e4tzte Lesezeit":"1\u00a0Minute"},"schema":{"@context":"https:\/\/schema.org","@graph":[{"@type":"WebPage","@id":"https:\/\/www.italyfamilyhotels.it\/de\/family-hotels\/una-hotels-imperial-beach-fano","url":"https:\/\/www.italyfamilyhotels.it\/de\/family-hotels\/una-hotels-imperial-beach-fano","name":"3 Sterne - UNA HOTELS Imperial Beach Fano Hotel, Marotta","isPartOf":{"@id":"https:\/\/www.italyfamilyhotels.it\/#website"},"datePublished":"2023-01-31T15:11:55+00:00","dateModified":"2025-07-15T06:57:29+00:00","description":"Lust auf einen Urlaub mit Ihrer Familie? Mehr \u00fcber die Familienangebote des UNA HOTELS Imperial Beach Fano in Marotta","breadcrumb":{"@id":"https:\/\/www.italyfamilyhotels.it\/de\/family-hotels\/una-hotels-imperial-beach-fano#breadcrumb"},"inLanguage":"de","potentialAction":[{"@type":"ReadAction","target":["https:\/\/www.italyfamilyhotels.it\/de\/family-hotels\/una-hotels-imperial-beach-fano"]}]},{"@type":"BreadcrumbList","@id":"https:\/\/www.italyfamilyhotels.it\/de\/family-hotels\/una-hotels-imperial-beach-fano#breadcrumb","itemListElement":[{"@type":"ListItem","position":1,"name":"Home","item":"https:\/\/www.italyfamilyhotels.it\/de"},{"@type":"ListItem","position":2,"name":"Family Hotels","item":"https:\/\/www.italyfamilyhotels.it\/de\/family-hotels"},{"@type":"ListItem","position":3,"name":"UNA HOTELS Imperial Beach Fano"}]},{"@type":"WebSite","@id":"https:\/\/www.italyfamilyhotels.it\/#website","url":"https:\/\/www.italyfamilyhotels.it\/","name":"Italy Family Hotels","description":"","potentialAction":[{"@type":"SearchAction","target":{"@type":"EntryPoint","urlTemplate":"https:\/\/www.italyfamilyhotels.it\/?s={search_term_string}"},"query-input":{"@type":"PropertyValueSpecification","valueRequired":true,"valueName":"search_term_string"}}],"inLanguage":"de"}]}},"_links":{"self":[{"href":"https:\/\/www.italyfamilyhotels.it\/de\/wp-json\/wp\/v2\/pages\/44698","targetHints":{"allow":["GET"]}}],"collection":[{"href":"https:\/\/www.italyfamilyhotels.it\/de\/wp-json\/wp\/v2\/pages"}],"about":[{"href":"https:\/\/www.italyfamilyhotels.it\/de\/wp-json\/wp\/v2\/types\/page"}],"author":[{"embeddable":true,"href":"https:\/\/www.italyfamilyhotels.it\/de\/wp-json\/wp\/v2\/users\/1"}],"replies":[{"embeddable":true,"href":"https:\/\/www.italyfamilyhotels.it\/de\/wp-json\/wp\/v2\/comments?post=44698"}],"version-history":[{"count":7,"href":"https:\/\/www.italyfamilyhotels.it\/de\/wp-json\/wp\/v2\/pages\/44698\/revisions"}],"predecessor-version":[{"id":70630,"href":"https:\/\/www.italyfamilyhotels.it\/de\/wp-json\/wp\/v2\/pages\/44698\/revisions\/70630"}],"up":[{"embeddable":true,"href":"https:\/\/www.italyfamilyhotels.it\/de\/wp-json\/wp\/v2\/pages\/94"}],"wp:attachment":[{"href":"https:\/\/www.italyfamilyhotels.it\/de\/wp-json\/wp\/v2\/media?parent=44698"}],"curies":[{"name":"wp","href":"https:\/\/api.w.org\/{rel}","templated":true}]}}