{"id":4467,"date":"2022-03-14T12:37:58","date_gmt":"2022-03-14T11:37:58","guid":{"rendered":"https:\/\/www.italyfamilyhotels.it\/family-hotels\/hotel-europa-beach-village"},"modified":"2022-09-16T13:55:45","modified_gmt":"2022-09-16T11:55:45","slug":"hotel-europa-beach-village-giulianova","status":"publish","type":"page","link":"https:\/\/www.italyfamilyhotels.it\/de\/family-hotels\/hotel-europa-beach-village-giulianova","title":{"rendered":"Hotel Europa Beach Village"},"content":{"rendered":"\n<p>Dank der zentralen Lage und dem <b>direkten Zugang zum Meer<\/b> hat Ihr Familienurlaub im <b>Europa Beach Village in Giulianova<\/b> den Duft der Salzluft und die Frische der Freiheit!<\/p>\n\n\n\n<p>Entspannung und Spa\u00df f\u00fcr Sie und Ihre Kinder: Sie <b>gelangen zum Privatstrand<\/b>, ohne Stra\u00dfen zu \u00fcberqueren, und k\u00f6nnen <b>einen fantastischen Swimmingpool mit einem Flachwasserbereich f\u00fcr Kinder<\/b> und einer Liegewiese nutzen. Die Betreuer vom<b> Ciurma Club<\/b> organisieren lustige Aktivit\u00e4ten f\u00fcr Kinder am Strand, auf der <b>Pirateninsel und <\/b>in <b>Bambinopoli<\/b>, Familienspiele, Freizeitaktivit\u00e4ten f\u00fcr Erwachsene und <b>Abendvorstellungen im Amphitheater<\/b>.<\/p>\n\n\n\n<p>Hier sind die <b>R\u00e4ume so gestaltet, dass sich die Kleinen frei und sicher f\u00fchlen<\/b>, damit auch Sie wirklich entspannen und abschalten k\u00f6nnen. Deshalb stellen wir Ihnen auch alles zur Verf\u00fcgung, was Sie brauchen, um mit leichtem Gep\u00e4ck zu reisen, z. B. <b>Babyausstattung im Zimmer und im<\/b> <b>Speisesaal<\/b>, Kinderwagen, Fahrr\u00e4der mit Helmen und Kindersitzen, um gemeinsam die Gegend zu erkunden.<\/p>\n\n\n\n<p>Und was gibt es bei Tisch? Wir \u00fcberraschen Sie mit Gerichten, die <b>alle Vorz\u00fcge der Abruzzen<\/b> in sich tragen, f\u00fcr eine Erfahrung, die <b>Tradition<\/b>, <b>hochwertige Rohstoffe<\/b> und aufregenden Geschmack vereint!<\/p>\n","protected":false},"excerpt":{"rendered":"<p>Dank der zentralen Lage und dem direkten Zugang zum Meer hat Ihr Familienurlaub im Europa Beach Village in Giulianova den Duft der Salzluft und die Frische der Freiheit! Entspannung und Spa\u00df f\u00fcr Sie und Ihre Kinder: Sie gelangen zum Privatstrand, ohne Stra\u00dfen zu \u00fcberqueren, und k\u00f6nnen einen fantastischen Swimmingpool mit einem Flachwasserbereich f\u00fcr Kinder und &hellip;<\/p>\n","protected":false},"author":132,"featured_media":0,"parent":94,"menu_order":0,"comment_status":"open","ping_status":"closed","template":"page-templates\/scheda_hotel.php","meta":{"_acf_changed":false,"inline_featured_image":false,"footnotes":""},"class_list":["post-4467","page","type-page","status-publish","hentry"],"acf":[],"yoast_head":"<!-- This site is optimized with the Yoast SEO plugin v27.1 - https:\/\/yoast.com\/product\/yoast-seo-wordpress\/ -->\n<title>Hotel Europa Beach Village, 4 Sterne, Giulianova<\/title>\n<meta name=\"description\" content=\"Lust auf Urlaub mit Ihrer Familie? Entdecken Sie die Familienangebote im Hotel Europa Beach Village in Giulianova\" \/>\n<meta name=\"robots\" content=\"index, follow, max-snippet:-1, max-image-preview:large, max-video-preview:-1\" \/>\n<link rel=\"canonical\" href=\"https:\/\/www.italyfamilyhotels.it\/de\/family-hotels\/hotel-europa-beach-village-giulianova\" \/>\n<meta property=\"og:locale\" content=\"de_DE\" \/>\n<meta property=\"og:type\" content=\"article\" \/>\n<meta property=\"og:title\" content=\"Hotel Europa Beach Village, 4 Sterne, Giulianova\" \/>\n<meta property=\"og:description\" content=\"Lust auf Urlaub mit Ihrer Familie? Entdecken Sie die Familienangebote im Hotel Europa Beach Village in Giulianova\" \/>\n<meta property=\"og:url\" content=\"https:\/\/www.italyfamilyhotels.it\/de\/family-hotels\/hotel-europa-beach-village-giulianova\" \/>\n<meta property=\"og:site_name\" content=\"Italy Family Hotels\" \/>\n<meta property=\"article:publisher\" content=\"https:\/\/www.facebook.com\/ItalyFamilyHotels\/\" \/>\n<meta property=\"article:modified_time\" content=\"2022-09-16T11:55:45+00:00\" \/>\n<meta name=\"twitter:card\" content=\"summary_large_image\" \/>\n<meta name=\"twitter:label1\" content=\"Gesch\u00e4tzte Lesezeit\" \/>\n\t<meta name=\"twitter:data1\" content=\"1\u00a0Minute\" \/>\n<script type=\"application\/ld+json\" class=\"yoast-schema-graph\">{\"@context\":\"https:\/\/schema.org\",\"@graph\":[{\"@type\":\"WebPage\",\"@id\":\"https:\/\/www.italyfamilyhotels.it\/de\/family-hotels\/hotel-europa-beach-village-giulianova\",\"url\":\"https:\/\/www.italyfamilyhotels.it\/de\/family-hotels\/hotel-europa-beach-village-giulianova\",\"name\":\"Hotel Europa Beach Village, 4 Sterne, Giulianova\",\"isPartOf\":{\"@id\":\"https:\/\/www.italyfamilyhotels.it\/#website\"},\"datePublished\":\"2022-03-14T11:37:58+00:00\",\"dateModified\":\"2022-09-16T11:55:45+00:00\",\"description\":\"Lust auf Urlaub mit Ihrer Familie? Entdecken Sie die Familienangebote im Hotel Europa Beach Village in Giulianova\",\"breadcrumb\":{\"@id\":\"https:\/\/www.italyfamilyhotels.it\/de\/family-hotels\/hotel-europa-beach-village-giulianova#breadcrumb\"},\"inLanguage\":\"de\",\"potentialAction\":[{\"@type\":\"ReadAction\",\"target\":[\"https:\/\/www.italyfamilyhotels.it\/de\/family-hotels\/hotel-europa-beach-village-giulianova\"]}]},{\"@type\":\"BreadcrumbList\",\"@id\":\"https:\/\/www.italyfamilyhotels.it\/de\/family-hotels\/hotel-europa-beach-village-giulianova#breadcrumb\",\"itemListElement\":[{\"@type\":\"ListItem\",\"position\":1,\"name\":\"Home\",\"item\":\"https:\/\/www.italyfamilyhotels.it\/de\"},{\"@type\":\"ListItem\",\"position\":2,\"name\":\"Family Hotels\",\"item\":\"https:\/\/www.italyfamilyhotels.it\/de\/family-hotels\"},{\"@type\":\"ListItem\",\"position\":3,\"name\":\"Hotel Europa Beach Village\"}]},{\"@type\":\"WebSite\",\"@id\":\"https:\/\/www.italyfamilyhotels.it\/#website\",\"url\":\"https:\/\/www.italyfamilyhotels.it\/\",\"name\":\"Italy Family Hotels\",\"description\":\"\",\"potentialAction\":[{\"@type\":\"SearchAction\",\"target\":{\"@type\":\"EntryPoint\",\"urlTemplate\":\"https:\/\/www.italyfamilyhotels.it\/?s={search_term_string}\"},\"query-input\":{\"@type\":\"PropertyValueSpecification\",\"valueRequired\":true,\"valueName\":\"search_term_string\"}}],\"inLanguage\":\"de\"}]}<\/script>\n<!-- \/ Yoast SEO plugin. -->","yoast_head_json":{"title":"Hotel Europa Beach Village, 4 Sterne, Giulianova","description":"Lust auf Urlaub mit Ihrer Familie? Entdecken Sie die Familienangebote im Hotel Europa Beach Village in Giulianova","robots":{"index":"index","follow":"follow","max-snippet":"max-snippet:-1","max-image-preview":"max-image-preview:large","max-video-preview":"max-video-preview:-1"},"canonical":"https:\/\/www.italyfamilyhotels.it\/de\/family-hotels\/hotel-europa-beach-village-giulianova","og_locale":"de_DE","og_type":"article","og_title":"Hotel Europa Beach Village, 4 Sterne, Giulianova","og_description":"Lust auf Urlaub mit Ihrer Familie? Entdecken Sie die Familienangebote im Hotel Europa Beach Village in Giulianova","og_url":"https:\/\/www.italyfamilyhotels.it\/de\/family-hotels\/hotel-europa-beach-village-giulianova","og_site_name":"Italy Family Hotels","article_publisher":"https:\/\/www.facebook.com\/ItalyFamilyHotels\/","article_modified_time":"2022-09-16T11:55:45+00:00","twitter_card":"summary_large_image","twitter_misc":{"Gesch\u00e4tzte Lesezeit":"1\u00a0Minute"},"schema":{"@context":"https:\/\/schema.org","@graph":[{"@type":"WebPage","@id":"https:\/\/www.italyfamilyhotels.it\/de\/family-hotels\/hotel-europa-beach-village-giulianova","url":"https:\/\/www.italyfamilyhotels.it\/de\/family-hotels\/hotel-europa-beach-village-giulianova","name":"Hotel Europa Beach Village, 4 Sterne, Giulianova","isPartOf":{"@id":"https:\/\/www.italyfamilyhotels.it\/#website"},"datePublished":"2022-03-14T11:37:58+00:00","dateModified":"2022-09-16T11:55:45+00:00","description":"Lust auf Urlaub mit Ihrer Familie? Entdecken Sie die Familienangebote im Hotel Europa Beach Village in Giulianova","breadcrumb":{"@id":"https:\/\/www.italyfamilyhotels.it\/de\/family-hotels\/hotel-europa-beach-village-giulianova#breadcrumb"},"inLanguage":"de","potentialAction":[{"@type":"ReadAction","target":["https:\/\/www.italyfamilyhotels.it\/de\/family-hotels\/hotel-europa-beach-village-giulianova"]}]},{"@type":"BreadcrumbList","@id":"https:\/\/www.italyfamilyhotels.it\/de\/family-hotels\/hotel-europa-beach-village-giulianova#breadcrumb","itemListElement":[{"@type":"ListItem","position":1,"name":"Home","item":"https:\/\/www.italyfamilyhotels.it\/de"},{"@type":"ListItem","position":2,"name":"Family Hotels","item":"https:\/\/www.italyfamilyhotels.it\/de\/family-hotels"},{"@type":"ListItem","position":3,"name":"Hotel Europa Beach Village"}]},{"@type":"WebSite","@id":"https:\/\/www.italyfamilyhotels.it\/#website","url":"https:\/\/www.italyfamilyhotels.it\/","name":"Italy Family Hotels","description":"","potentialAction":[{"@type":"SearchAction","target":{"@type":"EntryPoint","urlTemplate":"https:\/\/www.italyfamilyhotels.it\/?s={search_term_string}"},"query-input":{"@type":"PropertyValueSpecification","valueRequired":true,"valueName":"search_term_string"}}],"inLanguage":"de"}]}},"_links":{"self":[{"href":"https:\/\/www.italyfamilyhotels.it\/de\/wp-json\/wp\/v2\/pages\/4467","targetHints":{"allow":["GET"]}}],"collection":[{"href":"https:\/\/www.italyfamilyhotels.it\/de\/wp-json\/wp\/v2\/pages"}],"about":[{"href":"https:\/\/www.italyfamilyhotels.it\/de\/wp-json\/wp\/v2\/types\/page"}],"author":[{"embeddable":true,"href":"https:\/\/www.italyfamilyhotels.it\/de\/wp-json\/wp\/v2\/users\/132"}],"replies":[{"embeddable":true,"href":"https:\/\/www.italyfamilyhotels.it\/de\/wp-json\/wp\/v2\/comments?post=4467"}],"version-history":[{"count":5,"href":"https:\/\/www.italyfamilyhotels.it\/de\/wp-json\/wp\/v2\/pages\/4467\/revisions"}],"predecessor-version":[{"id":40491,"href":"https:\/\/www.italyfamilyhotels.it\/de\/wp-json\/wp\/v2\/pages\/4467\/revisions\/40491"}],"up":[{"embeddable":true,"href":"https:\/\/www.italyfamilyhotels.it\/de\/wp-json\/wp\/v2\/pages\/94"}],"wp:attachment":[{"href":"https:\/\/www.italyfamilyhotels.it\/de\/wp-json\/wp\/v2\/media?parent=4467"}],"curies":[{"name":"wp","href":"https:\/\/api.w.org\/{rel}","templated":true}]}}