{"id":4462,"date":"2022-03-14T12:37:57","date_gmt":"2022-03-14T11:37:57","guid":{"rendered":"https:\/\/www.italyfamilyhotels.it\/family-hotels\/club-family-hotel-serenissima"},"modified":"2025-03-20T13:31:33","modified_gmt":"2025-03-20T12:31:33","slug":"club-family-hotel-serenissima-cesenatico","status":"publish","type":"page","link":"https:\/\/www.italyfamilyhotels.it\/de\/family-hotels\/club-family-hotel-serenissima-cesenatico","title":{"rendered":"Club Family Hotel Serenissima"},"content":{"rendered":"\n<p>Was w\u00e4re, wenn wir Ihnen sagen w\u00fcrden, dass es hier im <b>Club Family Hotel Serenissima <\/b>einen <b>beheizten, halb-olympischen Pool<\/b> mit einer fabelhaften <b>Wasserrutsche<\/b> gibt? Ja, und dank des tollen<b> All-Inclusive-Angebots <\/b>mit vielen familienfreundlichen Serviceleistungen ist ein wirklich unbeschwerter Urlaub garantiert!<\/p>\n\n\n\n<p>Nur wenige Schritte vom Hotel entfernt befindet sich auch der <b>gut ausgestattete Strand<\/b> mit Spielger\u00e4ten, einem haustierfreundlichen Bereich und einer Ecke mit alkoholfreien Getr\u00e4nken, wo <b>1 Sonnenschirm und 2 Liegen<\/b> auf Sie warten.<\/p>\n\n\n\n<p>Wir widmen Kindern und Jugendlichen (aber auch Erwachsenen) viel Aufmerksamkeit, angefangen bei den vom <b>Animationsteam<\/b> organisierten Aktivit\u00e4ten. Jeden Tag <b>gibt es Spiele<\/b>, <b>Gruppent\u00e4nze<\/b>, <b>kreative Workshops<\/b>,<b> gemeinsame Schatzsuchen<\/b>, <b>Kinderschminken<\/b>, <b>Shows<\/b>, <b>Tretboot-<\/b> und <b>Rikschafahrten<\/b>, <b>Sportturniere<\/b> und vieles mehr!<\/p>\n\n\n\n<p>Und dann noch die<b> kulinarischen Erlebnisse<\/b>! Machen Sie sich darauf gefasst, viel zu essen, denn bei uns gibt es eine leckere \u00dcberraschung nach der anderen: Mittags und abends werden die Gerichte dank des <b>Front-Cooking-Service<\/b> direkt vor Ihren Augen zubereitet. Tags\u00fcber k\u00f6nnen Sie den <b>Sammontana-Eiswagen<\/b>, <b>Dina La Merendina<\/b> f\u00fcr die Kinder, <b>Aperitifs zum Mittag- und Abendessen<\/b>, <b>Soft-Eis<\/b>, <b>Granita<\/b>, <b>Wassereis<\/b>, <b>Hot Dogs <\/b>an der Bar, die <b>Feinschmeckerecke<\/b> im Garten, ein <b>Gute-Nacht-Buffet<\/b>, <b>Schokoladenbrunnen<\/b> und <b>Bombolone Party <\/b>nutzen. F\u00fcr frischgebackene Eltern gibt es auch eine <b>K\u00fcchenzeile, die rund um die Uhr ge\u00f6ffnet ist<\/b>.<\/p>\n\n\n\n<p>In Ihrem Zimmer finden Sie alles, was Sie brauchen, um mit leichtem Gep\u00e4ck zu reisen: <b>Babybetten, Flaschenw\u00e4rmer<\/b>, <b>Wickeltische<\/b>, <b>Kinder-Toilettensitz und<\/b> <b>Hocker<\/b>. Dar\u00fcber hinaus steht von Montag bis Freitag ein <b>Kinderarzt <\/b>kostenlos zur Verf\u00fcgung, der sich um die Gesundheit der Kleinkinder k\u00fcmmert.<\/p>\n\n\n\n<p>Fast h\u00e4tten wir die fantastische <b>Open Barich<\/b> vergessen! <b>Rund um die Uhr<\/b> ge\u00f6ffnet und ohne Getr\u00e4nkelimit, mit alkoholfreien Getr\u00e4nken vom Fass und Fruchts\u00e4ften, sowohl im Hotel als auch am Strand. Mit der <b>Drinky-Flasche<\/b> k\u00f6nnen Sie die Getr\u00e4nke aus der Open Bar auch mitnehmen, wohin Sie wollen.<\/p>\n\n\n\n<p>Wei\u00dft du was? Den ganzen Sommer \u00fcber, <strong>bei einem Mindestaufenthalt von 6 N\u00e4chten, erh\u00e4lt Ihre ganze Familie Freier Eintritt f\u00fcr Mirabilandia<\/strong>, den besten Freizeitpark der Romagna!<\/p>\n\n\n<figure class=\"wp-block-table ifh_awards\"><table><tbody><tr>\r\n<td><img decoding=\"async\" src=\"https:\/\/www.italyfamilyhotels.it\/wp-content\/themes\/ifh2\/img\/ifh_awards.svg\" alt=\"Italy Family Awards\"><\/td>\r\n<td>Dieses Hotel wurde in der Kategorie auf Platz eins gew\u00e4hlt: <br><strong>Top Italy Family Hotels \u2013 Ausland<span class=\"info\" onclick=\"toggleAwardPopup(event)\"><span class=\"popup\" onclick=\"toggleAwardPopupClose(event)\">\r\n    <span class=\"popup_header\"><\/span>\r\n    <span class=\"popup_content\">Die Auszeichnung w\u00fcrdigt das Hotel, das sich als bevorzugte Wahl f\u00fcr ausl\u00e4ndische Familien etabliert hat, die sich auf Italy Family Hotels verlassen haben, um das Beste der italienischen Gastfreundschaft zu finden.<\/span>\r\n    <span class=\"popup_footer\"><\/span>\r\n    <\/span><\/span><\/strong><\/td>\r\n<\/tr><\/tbody><\/table><\/figure>\r\n<script type=\"text\/javascript\">\r\nif(!toggleAwardPopup) {\r\n     var toggleAwardPopup = function(e){\r\n        e = e || window.event;\r\n        e.stopPropagation();\r\n        var target = e.target || e.srcElement;\r\n        jQuery(target).children(\".popup\").fadeToggle();\r\n    };\r\n}\r\nif(!toggleAwardPopupClose) {\r\n     var toggleAwardPopupClose = function(e){\r\n        e = e || window.event;\r\n        e.stopPropagation();\r\n        var target = e.target || e.srcElement;\r\n        jQuery(target).parent(\".popup\").fadeToggle();\r\n    };\r\n}\r\n<\/script>","protected":false},"excerpt":{"rendered":"<p>Was w\u00e4re, wenn wir Ihnen sagen w\u00fcrden, dass es hier im Club Family Hotel Serenissima einen beheizten, halb-olympischen Pool mit einer fabelhaften Wasserrutsche gibt? Ja, und dank des tollen All-Inclusive-Angebots mit vielen familienfreundlichen Serviceleistungen ist ein wirklich unbeschwerter Urlaub garantiert! Nur wenige Schritte vom Hotel entfernt befindet sich auch der gut ausgestattete Strand mit Spielger\u00e4ten, &hellip;<\/p>\n","protected":false},"author":130,"featured_media":0,"parent":94,"menu_order":0,"comment_status":"closed","ping_status":"closed","template":"page-templates\/scheda_hotel.php","meta":{"_acf_changed":false,"inline_featured_image":false,"footnotes":""},"class_list":["post-4462","page","type-page","status-publish","hentry"],"acf":[],"yoast_head":"<!-- This site is optimized with the Yoast SEO plugin v27.1 - https:\/\/yoast.com\/product\/yoast-seo-wordpress\/ -->\n<title>Club Family Hotel Serenissima, 4 Sterne, Cesenatico<\/title>\n<meta name=\"description\" content=\"Lust auf Urlaub mit Ihrer Familie? Entdecken Sie die Familienangebote im Club Family Hotel Serenissima in Cesenatico\" \/>\n<meta name=\"robots\" content=\"index, follow, max-snippet:-1, max-image-preview:large, max-video-preview:-1\" \/>\n<link rel=\"canonical\" href=\"https:\/\/www.italyfamilyhotels.it\/de\/family-hotels\/club-family-hotel-serenissima-cesenatico\" \/>\n<meta property=\"og:locale\" content=\"de_DE\" \/>\n<meta property=\"og:type\" content=\"article\" \/>\n<meta property=\"og:title\" content=\"Club Family Hotel Serenissima, 4 Sterne, Cesenatico\" \/>\n<meta property=\"og:description\" content=\"Lust auf Urlaub mit Ihrer Familie? Entdecken Sie die Familienangebote im Club Family Hotel Serenissima in Cesenatico\" \/>\n<meta property=\"og:url\" content=\"https:\/\/www.italyfamilyhotels.it\/de\/family-hotels\/club-family-hotel-serenissima-cesenatico\" \/>\n<meta property=\"og:site_name\" content=\"Italy Family Hotels\" \/>\n<meta property=\"article:publisher\" content=\"https:\/\/www.facebook.com\/ItalyFamilyHotels\/\" \/>\n<meta property=\"article:modified_time\" content=\"2025-03-20T12:31:33+00:00\" \/>\n<meta name=\"twitter:card\" content=\"summary_large_image\" \/>\n<meta name=\"twitter:label1\" content=\"Gesch\u00e4tzte Lesezeit\" \/>\n\t<meta name=\"twitter:data1\" content=\"1\u00a0Minute\" \/>\n<script type=\"application\/ld+json\" class=\"yoast-schema-graph\">{\"@context\":\"https:\/\/schema.org\",\"@graph\":[{\"@type\":\"WebPage\",\"@id\":\"https:\/\/www.italyfamilyhotels.it\/de\/family-hotels\/club-family-hotel-serenissima-cesenatico\",\"url\":\"https:\/\/www.italyfamilyhotels.it\/de\/family-hotels\/club-family-hotel-serenissima-cesenatico\",\"name\":\"Club Family Hotel Serenissima, 4 Sterne, Cesenatico\",\"isPartOf\":{\"@id\":\"https:\/\/www.italyfamilyhotels.it\/#website\"},\"datePublished\":\"2022-03-14T11:37:57+00:00\",\"dateModified\":\"2025-03-20T12:31:33+00:00\",\"description\":\"Lust auf Urlaub mit Ihrer Familie? Entdecken Sie die Familienangebote im Club Family Hotel Serenissima in Cesenatico\",\"breadcrumb\":{\"@id\":\"https:\/\/www.italyfamilyhotels.it\/de\/family-hotels\/club-family-hotel-serenissima-cesenatico#breadcrumb\"},\"inLanguage\":\"de\",\"potentialAction\":[{\"@type\":\"ReadAction\",\"target\":[\"https:\/\/www.italyfamilyhotels.it\/de\/family-hotels\/club-family-hotel-serenissima-cesenatico\"]}]},{\"@type\":\"BreadcrumbList\",\"@id\":\"https:\/\/www.italyfamilyhotels.it\/de\/family-hotels\/club-family-hotel-serenissima-cesenatico#breadcrumb\",\"itemListElement\":[{\"@type\":\"ListItem\",\"position\":1,\"name\":\"Home\",\"item\":\"https:\/\/www.italyfamilyhotels.it\/de\"},{\"@type\":\"ListItem\",\"position\":2,\"name\":\"Family Hotels\",\"item\":\"https:\/\/www.italyfamilyhotels.it\/de\/family-hotels\"},{\"@type\":\"ListItem\",\"position\":3,\"name\":\"Club Family Hotel Serenissima\"}]},{\"@type\":\"WebSite\",\"@id\":\"https:\/\/www.italyfamilyhotels.it\/#website\",\"url\":\"https:\/\/www.italyfamilyhotels.it\/\",\"name\":\"Italy Family Hotels\",\"description\":\"\",\"potentialAction\":[{\"@type\":\"SearchAction\",\"target\":{\"@type\":\"EntryPoint\",\"urlTemplate\":\"https:\/\/www.italyfamilyhotels.it\/?s={search_term_string}\"},\"query-input\":{\"@type\":\"PropertyValueSpecification\",\"valueRequired\":true,\"valueName\":\"search_term_string\"}}],\"inLanguage\":\"de\"}]}<\/script>\n<!-- \/ Yoast SEO plugin. -->","yoast_head_json":{"title":"Club Family Hotel Serenissima, 4 Sterne, Cesenatico","description":"Lust auf Urlaub mit Ihrer Familie? Entdecken Sie die Familienangebote im Club Family Hotel Serenissima in Cesenatico","robots":{"index":"index","follow":"follow","max-snippet":"max-snippet:-1","max-image-preview":"max-image-preview:large","max-video-preview":"max-video-preview:-1"},"canonical":"https:\/\/www.italyfamilyhotels.it\/de\/family-hotels\/club-family-hotel-serenissima-cesenatico","og_locale":"de_DE","og_type":"article","og_title":"Club Family Hotel Serenissima, 4 Sterne, Cesenatico","og_description":"Lust auf Urlaub mit Ihrer Familie? Entdecken Sie die Familienangebote im Club Family Hotel Serenissima in Cesenatico","og_url":"https:\/\/www.italyfamilyhotels.it\/de\/family-hotels\/club-family-hotel-serenissima-cesenatico","og_site_name":"Italy Family Hotels","article_publisher":"https:\/\/www.facebook.com\/ItalyFamilyHotels\/","article_modified_time":"2025-03-20T12:31:33+00:00","twitter_card":"summary_large_image","twitter_misc":{"Gesch\u00e4tzte Lesezeit":"1\u00a0Minute"},"schema":{"@context":"https:\/\/schema.org","@graph":[{"@type":"WebPage","@id":"https:\/\/www.italyfamilyhotels.it\/de\/family-hotels\/club-family-hotel-serenissima-cesenatico","url":"https:\/\/www.italyfamilyhotels.it\/de\/family-hotels\/club-family-hotel-serenissima-cesenatico","name":"Club Family Hotel Serenissima, 4 Sterne, Cesenatico","isPartOf":{"@id":"https:\/\/www.italyfamilyhotels.it\/#website"},"datePublished":"2022-03-14T11:37:57+00:00","dateModified":"2025-03-20T12:31:33+00:00","description":"Lust auf Urlaub mit Ihrer Familie? Entdecken Sie die Familienangebote im Club Family Hotel Serenissima in Cesenatico","breadcrumb":{"@id":"https:\/\/www.italyfamilyhotels.it\/de\/family-hotels\/club-family-hotel-serenissima-cesenatico#breadcrumb"},"inLanguage":"de","potentialAction":[{"@type":"ReadAction","target":["https:\/\/www.italyfamilyhotels.it\/de\/family-hotels\/club-family-hotel-serenissima-cesenatico"]}]},{"@type":"BreadcrumbList","@id":"https:\/\/www.italyfamilyhotels.it\/de\/family-hotels\/club-family-hotel-serenissima-cesenatico#breadcrumb","itemListElement":[{"@type":"ListItem","position":1,"name":"Home","item":"https:\/\/www.italyfamilyhotels.it\/de"},{"@type":"ListItem","position":2,"name":"Family Hotels","item":"https:\/\/www.italyfamilyhotels.it\/de\/family-hotels"},{"@type":"ListItem","position":3,"name":"Club Family Hotel Serenissima"}]},{"@type":"WebSite","@id":"https:\/\/www.italyfamilyhotels.it\/#website","url":"https:\/\/www.italyfamilyhotels.it\/","name":"Italy Family Hotels","description":"","potentialAction":[{"@type":"SearchAction","target":{"@type":"EntryPoint","urlTemplate":"https:\/\/www.italyfamilyhotels.it\/?s={search_term_string}"},"query-input":{"@type":"PropertyValueSpecification","valueRequired":true,"valueName":"search_term_string"}}],"inLanguage":"de"}]}},"_links":{"self":[{"href":"https:\/\/www.italyfamilyhotels.it\/de\/wp-json\/wp\/v2\/pages\/4462","targetHints":{"allow":["GET"]}}],"collection":[{"href":"https:\/\/www.italyfamilyhotels.it\/de\/wp-json\/wp\/v2\/pages"}],"about":[{"href":"https:\/\/www.italyfamilyhotels.it\/de\/wp-json\/wp\/v2\/types\/page"}],"author":[{"embeddable":true,"href":"https:\/\/www.italyfamilyhotels.it\/de\/wp-json\/wp\/v2\/users\/130"}],"replies":[{"embeddable":true,"href":"https:\/\/www.italyfamilyhotels.it\/de\/wp-json\/wp\/v2\/comments?post=4462"}],"version-history":[{"count":9,"href":"https:\/\/www.italyfamilyhotels.it\/de\/wp-json\/wp\/v2\/pages\/4462\/revisions"}],"predecessor-version":[{"id":67429,"href":"https:\/\/www.italyfamilyhotels.it\/de\/wp-json\/wp\/v2\/pages\/4462\/revisions\/67429"}],"up":[{"embeddable":true,"href":"https:\/\/www.italyfamilyhotels.it\/de\/wp-json\/wp\/v2\/pages\/94"}],"wp:attachment":[{"href":"https:\/\/www.italyfamilyhotels.it\/de\/wp-json\/wp\/v2\/media?parent=4462"}],"curies":[{"name":"wp","href":"https:\/\/api.w.org\/{rel}","templated":true}]}}