{"id":4457,"date":"2022-03-14T12:37:56","date_gmt":"2022-03-14T11:37:56","guid":{"rendered":"https:\/\/www.italyfamilyhotels.it\/family-hotels\/alpholiday-dolomiti-hotel"},"modified":"2026-01-08T15:44:39","modified_gmt":"2026-01-08T14:44:39","slug":"alpholiday-dolomiti-hotel-dimaro","status":"publish","type":"page","link":"https:\/\/www.italyfamilyhotels.it\/de\/family-hotels\/alpholiday-dolomiti-hotel-dimaro","title":{"rendered":"Alpholiday Dolomiti Hotel"},"content":{"rendered":"\n<p>Unser Hotel liegt in Dimaro Folgarida im Trentino, am Eingang zum <b>Naturpark Adamello-Brenta<\/b>;<b> <\/b>ein Gebiet, das Kindern und Erwachsene herrliche Naturerlebnisse und Outdoor-Spa\u00df schenkt. Unsere sympathischen Mitarbeiter organisieren <b>phantastische Aktivit\u00e4ten f\u00fcr die ganze Familie<\/b> und begleiten Euch auf  erlebnisreichen <b>Wanderungen<\/b>, im Winter auf <b>Schneeschuhen<\/b>, <b>Mountainbike-Touren<\/b> und Besichtigungen der <b>historischen Ortschaften des Val di Sole.<\/b><\/p>\n\n\n\n<p><\/p>\n\n\n\n<p>F\u00fcr<b> kleine G\u00e4ste <\/b>h\u00e4lt das <b>Hotel Alpholiday Dolomiti **** <\/b>eine Menge Dienstleistungen und Betreuungsangebote bereit. Liebe <b>qualifizierte Betreuerinnen<\/b> k\u00fcmmern sich im <b>Baby Club Nido <\/b>um Kinder zwischen <b>6 und 24 Monaten<\/b>.<\/p>\n\n\n\n<p>Kindern zwischen <b>2 und 12 Jahren<\/b> steht der <b>Mini Club Meledrino <\/b>offen, wo sie sich mit kreativen Arbeiten, Malen, Kochkursen und Baby-Dance vergn\u00fcgen, und auch beim<b> gemeinsamen Essen mit den Animateur*innen und den neuen Berg-Kamerad*innen!<\/b><\/p>\n\n\n\n<p>So k\u00f6nnen genie\u00dfen die Eltern in Ruhe die <b>leckere Trentiner K\u00fcche auf der Basis lokaler Erzeugnisse.<\/b><\/p>\n\n\n\n<p>Unser <b>1.000  m\u00b2 gro\u00dfen Wellness-Cente<\/b>r ist von 9:00 bis 22:00 Uhr ge\u00f6ffnet. Zu ihm geh\u00f6ren ein Freibad und ein Hallenbad, mit einem f\u00fcr Kinder reservierten Becken und <b>Wasserspielen.<\/b><\/p>\n\n\n<figure class=\"wp-block-table ifh_awards\"><table><tbody><tr>\r\n<td><img decoding=\"async\" src=\"https:\/\/www.italyfamilyhotels.it\/wp-content\/themes\/ifh2\/img\/ifh_awards.svg\" alt=\"Italy Family Awards\"><\/td>\r\n<td>Dieses Hotel wurde in der Kategorie auf Platz eins gew\u00e4hlt: <br><strong>Top Green Family Hotel<span class=\"info\" onclick=\"toggleAwardPopup(event)\"><span class=\"popup\" onclick=\"toggleAwardPopupClose(event)\">\r\n    <span class=\"popup_header\"><\/span>\r\n    <span class=\"popup_content\">Die Auszeichnung f\u00fcr das Hotel, das sich durch sein Engagement f\u00fcr Nachhaltigkeit und \u00d6kologie ausgezeichnet hat und zeigt, wie der Respekt f\u00fcr die Umwelt perfekt mit dem Angebot an Komfort und Wohlbefinden f\u00fcr Familien einhergehen kann.<\/span>\r\n    <span class=\"popup_footer\"><\/span>\r\n    <\/span><\/span><\/strong><\/td>\r\n<\/tr><\/tbody><\/table><\/figure>\r\n<script type=\"text\/javascript\">\r\nif(!toggleAwardPopup) {\r\n     var toggleAwardPopup = function(e){\r\n        e = e || window.event;\r\n        e.stopPropagation();\r\n        var target = e.target || e.srcElement;\r\n        jQuery(target).children(\".popup\").fadeToggle();\r\n    };\r\n}\r\nif(!toggleAwardPopupClose) {\r\n     var toggleAwardPopupClose = function(e){\r\n        e = e || window.event;\r\n        e.stopPropagation();\r\n        var target = e.target || e.srcElement;\r\n        jQuery(target).parent(\".popup\").fadeToggle();\r\n    };\r\n}\r\n<\/script>\n\n<figure class=\"wp-block-table ifh_awards\"><table><tbody><tr>\r\n<td><img decoding=\"async\" src=\"https:\/\/www.italyfamilyhotels.it\/wp-content\/themes\/ifh2\/img\/ifh_awards.svg\" alt=\"Italy Family Awards\"><\/td>\r\n<td>Dieses Hotel wurde in der Kategorie auf Platz eins gew\u00e4hlt: <br><strong>Top-Familienhotel in den Bergen, am See und in den H\u00fcgeln<span class=\"info\" onclick=\"toggleAwardPopup(event)\"><span class=\"popup\" onclick=\"toggleAwardPopupClose(event)\">\r\n    <span class=\"popup_header\"><\/span>\r\n    <span class=\"popup_content\">Die Auszeichnung f\u00fcr das Hotel, das unter den Einrichtungen, die einen Urlaub in den Bergen, am See und in den H\u00fcgeln anbieten, die gr\u00f6\u00dfte Anerkennung erhalten hat.<\/span>\r\n    <span class=\"popup_footer\"><\/span>\r\n    <\/span><\/span><\/strong><\/td>\r\n<\/tr><\/tbody><\/table><\/figure>\r\n<script type=\"text\/javascript\">\r\nif(!toggleAwardPopup) {\r\n     var toggleAwardPopup = function(e){\r\n        e = e || window.event;\r\n        e.stopPropagation();\r\n        var target = e.target || e.srcElement;\r\n        jQuery(target).children(\".popup\").fadeToggle();\r\n    };\r\n}\r\nif(!toggleAwardPopupClose) {\r\n     var toggleAwardPopupClose = function(e){\r\n        e = e || window.event;\r\n        e.stopPropagation();\r\n        var target = e.target || e.srcElement;\r\n        jQuery(target).parent(\".popup\").fadeToggle();\r\n    };\r\n}\r\n<\/script>","protected":false},"excerpt":{"rendered":"<p>Unser Hotel liegt in Dimaro Folgarida im Trentino, am Eingang zum Naturpark Adamello-Brenta; ein Gebiet, das Kindern und Erwachsene herrliche Naturerlebnisse und Outdoor-Spa\u00df schenkt. Unsere sympathischen Mitarbeiter organisieren phantastische Aktivit\u00e4ten f\u00fcr die ganze Familie und begleiten Euch auf erlebnisreichen Wanderungen, im Winter auf Schneeschuhen, Mountainbike-Touren und Besichtigungen der historischen Ortschaften des Val di Sole. F\u00fcr &hellip;<\/p>\n","protected":false},"author":128,"featured_media":0,"parent":94,"menu_order":0,"comment_status":"closed","ping_status":"closed","template":"page-templates\/scheda_hotel.php","meta":{"_acf_changed":false,"inline_featured_image":false,"footnotes":""},"class_list":["post-4457","page","type-page","status-publish","hentry"],"acf":[],"yoast_head":"<!-- This site is optimized with the Yoast SEO plugin v27.1 - https:\/\/yoast.com\/product\/yoast-seo-wordpress\/ -->\n<title>Alpholiday Dolomiti Hotel 4-Sterne, Dimaro<\/title>\n<meta name=\"description\" content=\"Lust auf Familienurlaub? Entdecken Sie die Familienangebote f\u00fcr Alpholiday Dolomiti Hotel in Dimaro\" \/>\n<meta name=\"robots\" content=\"index, follow, max-snippet:-1, max-image-preview:large, max-video-preview:-1\" \/>\n<link rel=\"canonical\" href=\"https:\/\/www.italyfamilyhotels.it\/de\/family-hotels\/alpholiday-dolomiti-hotel-dimaro\" \/>\n<meta property=\"og:locale\" content=\"de_DE\" \/>\n<meta property=\"og:type\" content=\"article\" \/>\n<meta property=\"og:title\" content=\"Alpholiday Dolomiti Hotel 4-Sterne, Dimaro\" \/>\n<meta property=\"og:description\" content=\"Lust auf Familienurlaub? Entdecken Sie die Familienangebote f\u00fcr Alpholiday Dolomiti Hotel in Dimaro\" \/>\n<meta property=\"og:url\" content=\"https:\/\/www.italyfamilyhotels.it\/de\/family-hotels\/alpholiday-dolomiti-hotel-dimaro\" \/>\n<meta property=\"og:site_name\" content=\"Italy Family Hotels\" \/>\n<meta property=\"article:publisher\" content=\"https:\/\/www.facebook.com\/ItalyFamilyHotels\/\" \/>\n<meta property=\"article:modified_time\" content=\"2026-01-08T14:44:39+00:00\" \/>\n<meta name=\"twitter:card\" content=\"summary_large_image\" \/>\n<meta name=\"twitter:label1\" content=\"Gesch\u00e4tzte Lesezeit\" \/>\n\t<meta name=\"twitter:data1\" content=\"2\u00a0Minuten\" \/>\n<script type=\"application\/ld+json\" class=\"yoast-schema-graph\">{\"@context\":\"https:\/\/schema.org\",\"@graph\":[{\"@type\":\"WebPage\",\"@id\":\"https:\/\/www.italyfamilyhotels.it\/de\/family-hotels\/alpholiday-dolomiti-hotel-dimaro\",\"url\":\"https:\/\/www.italyfamilyhotels.it\/de\/family-hotels\/alpholiday-dolomiti-hotel-dimaro\",\"name\":\"Alpholiday Dolomiti Hotel 4-Sterne, Dimaro\",\"isPartOf\":{\"@id\":\"https:\/\/www.italyfamilyhotels.it\/#website\"},\"datePublished\":\"2022-03-14T11:37:56+00:00\",\"dateModified\":\"2026-01-08T14:44:39+00:00\",\"description\":\"Lust auf Familienurlaub? Entdecken Sie die Familienangebote f\u00fcr Alpholiday Dolomiti Hotel in Dimaro\",\"breadcrumb\":{\"@id\":\"https:\/\/www.italyfamilyhotels.it\/de\/family-hotels\/alpholiday-dolomiti-hotel-dimaro#breadcrumb\"},\"inLanguage\":\"de\",\"potentialAction\":[{\"@type\":\"ReadAction\",\"target\":[\"https:\/\/www.italyfamilyhotels.it\/de\/family-hotels\/alpholiday-dolomiti-hotel-dimaro\"]}]},{\"@type\":\"BreadcrumbList\",\"@id\":\"https:\/\/www.italyfamilyhotels.it\/de\/family-hotels\/alpholiday-dolomiti-hotel-dimaro#breadcrumb\",\"itemListElement\":[{\"@type\":\"ListItem\",\"position\":1,\"name\":\"Home\",\"item\":\"https:\/\/www.italyfamilyhotels.it\/de\"},{\"@type\":\"ListItem\",\"position\":2,\"name\":\"Family Hotels\",\"item\":\"https:\/\/www.italyfamilyhotels.it\/de\/family-hotels\"},{\"@type\":\"ListItem\",\"position\":3,\"name\":\"Alpholiday Dolomiti Hotel\"}]},{\"@type\":\"WebSite\",\"@id\":\"https:\/\/www.italyfamilyhotels.it\/#website\",\"url\":\"https:\/\/www.italyfamilyhotels.it\/\",\"name\":\"Italy Family Hotels\",\"description\":\"\",\"potentialAction\":[{\"@type\":\"SearchAction\",\"target\":{\"@type\":\"EntryPoint\",\"urlTemplate\":\"https:\/\/www.italyfamilyhotels.it\/?s={search_term_string}\"},\"query-input\":{\"@type\":\"PropertyValueSpecification\",\"valueRequired\":true,\"valueName\":\"search_term_string\"}}],\"inLanguage\":\"de\"}]}<\/script>\n<!-- \/ Yoast SEO plugin. -->","yoast_head_json":{"title":"Alpholiday Dolomiti Hotel 4-Sterne, Dimaro","description":"Lust auf Familienurlaub? Entdecken Sie die Familienangebote f\u00fcr Alpholiday Dolomiti Hotel in Dimaro","robots":{"index":"index","follow":"follow","max-snippet":"max-snippet:-1","max-image-preview":"max-image-preview:large","max-video-preview":"max-video-preview:-1"},"canonical":"https:\/\/www.italyfamilyhotels.it\/de\/family-hotels\/alpholiday-dolomiti-hotel-dimaro","og_locale":"de_DE","og_type":"article","og_title":"Alpholiday Dolomiti Hotel 4-Sterne, Dimaro","og_description":"Lust auf Familienurlaub? Entdecken Sie die Familienangebote f\u00fcr Alpholiday Dolomiti Hotel in Dimaro","og_url":"https:\/\/www.italyfamilyhotels.it\/de\/family-hotels\/alpholiday-dolomiti-hotel-dimaro","og_site_name":"Italy Family Hotels","article_publisher":"https:\/\/www.facebook.com\/ItalyFamilyHotels\/","article_modified_time":"2026-01-08T14:44:39+00:00","twitter_card":"summary_large_image","twitter_misc":{"Gesch\u00e4tzte Lesezeit":"2\u00a0Minuten"},"schema":{"@context":"https:\/\/schema.org","@graph":[{"@type":"WebPage","@id":"https:\/\/www.italyfamilyhotels.it\/de\/family-hotels\/alpholiday-dolomiti-hotel-dimaro","url":"https:\/\/www.italyfamilyhotels.it\/de\/family-hotels\/alpholiday-dolomiti-hotel-dimaro","name":"Alpholiday Dolomiti Hotel 4-Sterne, Dimaro","isPartOf":{"@id":"https:\/\/www.italyfamilyhotels.it\/#website"},"datePublished":"2022-03-14T11:37:56+00:00","dateModified":"2026-01-08T14:44:39+00:00","description":"Lust auf Familienurlaub? Entdecken Sie die Familienangebote f\u00fcr Alpholiday Dolomiti Hotel in Dimaro","breadcrumb":{"@id":"https:\/\/www.italyfamilyhotels.it\/de\/family-hotels\/alpholiday-dolomiti-hotel-dimaro#breadcrumb"},"inLanguage":"de","potentialAction":[{"@type":"ReadAction","target":["https:\/\/www.italyfamilyhotels.it\/de\/family-hotels\/alpholiday-dolomiti-hotel-dimaro"]}]},{"@type":"BreadcrumbList","@id":"https:\/\/www.italyfamilyhotels.it\/de\/family-hotels\/alpholiday-dolomiti-hotel-dimaro#breadcrumb","itemListElement":[{"@type":"ListItem","position":1,"name":"Home","item":"https:\/\/www.italyfamilyhotels.it\/de"},{"@type":"ListItem","position":2,"name":"Family Hotels","item":"https:\/\/www.italyfamilyhotels.it\/de\/family-hotels"},{"@type":"ListItem","position":3,"name":"Alpholiday Dolomiti Hotel"}]},{"@type":"WebSite","@id":"https:\/\/www.italyfamilyhotels.it\/#website","url":"https:\/\/www.italyfamilyhotels.it\/","name":"Italy Family Hotels","description":"","potentialAction":[{"@type":"SearchAction","target":{"@type":"EntryPoint","urlTemplate":"https:\/\/www.italyfamilyhotels.it\/?s={search_term_string}"},"query-input":{"@type":"PropertyValueSpecification","valueRequired":true,"valueName":"search_term_string"}}],"inLanguage":"de"}]}},"_links":{"self":[{"href":"https:\/\/www.italyfamilyhotels.it\/de\/wp-json\/wp\/v2\/pages\/4457","targetHints":{"allow":["GET"]}}],"collection":[{"href":"https:\/\/www.italyfamilyhotels.it\/de\/wp-json\/wp\/v2\/pages"}],"about":[{"href":"https:\/\/www.italyfamilyhotels.it\/de\/wp-json\/wp\/v2\/types\/page"}],"author":[{"embeddable":true,"href":"https:\/\/www.italyfamilyhotels.it\/de\/wp-json\/wp\/v2\/users\/128"}],"replies":[{"embeddable":true,"href":"https:\/\/www.italyfamilyhotels.it\/de\/wp-json\/wp\/v2\/comments?post=4457"}],"version-history":[{"count":10,"href":"https:\/\/www.italyfamilyhotels.it\/de\/wp-json\/wp\/v2\/pages\/4457\/revisions"}],"predecessor-version":[{"id":73653,"href":"https:\/\/www.italyfamilyhotels.it\/de\/wp-json\/wp\/v2\/pages\/4457\/revisions\/73653"}],"up":[{"embeddable":true,"href":"https:\/\/www.italyfamilyhotels.it\/de\/wp-json\/wp\/v2\/pages\/94"}],"wp:attachment":[{"href":"https:\/\/www.italyfamilyhotels.it\/de\/wp-json\/wp\/v2\/media?parent=4457"}],"curies":[{"name":"wp","href":"https:\/\/api.w.org\/{rel}","templated":true}]}}