{"id":44460,"date":"2023-01-26T09:27:12","date_gmt":"2023-01-26T08:27:12","guid":{"rendered":"https:\/\/www.italyfamilyhotels.it\/family-hotels\/oleandri-resort"},"modified":"2023-04-06T14:32:30","modified_gmt":"2023-04-06T12:32:30","slug":"oleandri-resort","status":"publish","type":"page","link":"https:\/\/www.italyfamilyhotels.it\/de\/family-hotels\/oleandri-resort","title":{"rendered":"Oleandri Resort"},"content":{"rendered":"\n<p>Der Duft des Pinienhains und die s\u00fc\u00dfe Meeresluft begleiten Sie hier im <b>Oleandri Resort in Paestum<\/b>, an der zauberhaften<b> Cilento-K\u00fcste<\/b> in einem \u201eTraum, der den Urlaub lang dauert\u201c. Wir m\u00f6chten Ihrer Familie mit vielen Tagen voller Entspannung und Spa\u00df unsere Geschichte vermitteln.<\/p>\n\n\n\n<p>Ein sch\u00f6ner Weg im Schatten des Pinienhains, der auch mit Kinderwagen befahrbar ist, f\u00fchrt zu unserem<b> Privatstrand<\/b>, einer gro\u00dfen, eleganten Strandanlage, wo der <b>Sand weich<\/b> wie Samt und das <b>Wasser des kristallklaren Meeres seicht<\/b> und somit ideal f\u00fcr Kinder ist, damit sie um hier wie kleine Fische schwimmen k\u00f6nnen. Entspannen Sie sich unter dem Sonnenschirm oder unter einem der Pavillons, w\u00e4hrend die Kinder mit dem <b>Animationsteam<\/b> spielen. Sollten Sie hingegen mit Ihrem Hund unterwegs sein, vergessen Sie nicht, dass auch Tiere in dem f\u00fcr sie vorgesehenen <b>Haustierbereich<\/b> willkommen sind!<\/p>\n\n\n\n<p>Unser <b>Family Resort<\/b> bietet gro\u00dfe, gut organisierte Bereiche, die sofort ein Gef\u00fchl exotisch anmutender Ruhe vermitteln! So zum Beispiel entspannt ein Tag im <b>800 m<\/b><b><sup>2<\/b><\/sup><b> gro\u00dfen Pool<\/b> Seele und Augen: Inmitten von Palmen und einer eleganten Sonnenterrasse k\u00f6nnen sich die Kleinen sicher im <b>seichten Wasser<\/b> vergn\u00fcgen, w\u00e4hrend die Eltern in stiller, behaglicher Atmosph\u00e4re vom Alltag abschalten k\u00f6nnen.<\/p>\n\n\n\n<p>Aber das eigentliche Highlight ist die <b>wunderbare Welt des Olea Land<\/b>, einem zauberhaften Spielplatz mitten im Gr\u00fcnen, wo <b>Kinder endlos Spa\u00df haben<\/b>! Nicht nur bei <b>spielerischen und kreativen Aktivit\u00e4ten<\/b>, die sich das Animationsteam f\u00fcr alle kleinen G\u00e4ste <b>von 3 bis 11 Jahren<\/b> ausgedacht hat, sondern auch im <b>Garten der W\u00fcnsche<\/b>, oder mit <b>Mini-Koch- und Malkursen<\/b>. Im Olea Land wird ein <b>Snack<\/b> verschmaust, getanzt, gespielt, mit den Animateuren im <b>Kinderrestaurant<\/b> gegessen und es gibt sogar einen <b>Baby-F\u00fctterbereich<\/b>, wo frischgebackene Eltern Babymahlzeiten zubereiten k\u00f6nnen&#8230; selbstverst\u00e4ndlich mit Produkten, die unser K\u00fcchenchef bereitstellt.<\/p>\n\n\n\n<p>Mama, Papa, Kinder: Seid ihr bereit, euch einen ber\u00fchrenden <b>Familienurlaub<\/b> zu g\u00f6nnen? Wir vom Oleandri Resort freuen uns jetzt schon darauf, euch mit offenen Armen zu empfangen!<\/p>\n","protected":false},"excerpt":{"rendered":"<p>Der Duft des Pinienhains und die s\u00fc\u00dfe Meeresluft begleiten Sie hier im Oleandri Resort in Paestum, an der zauberhaften Cilento-K\u00fcste in einem \u201eTraum, der den Urlaub lang dauert\u201c. Wir m\u00f6chten Ihrer Familie mit vielen Tagen voller Entspannung und Spa\u00df unsere Geschichte vermitteln. Ein sch\u00f6ner Weg im Schatten des Pinienhains, der auch mit Kinderwagen befahrbar ist, &hellip;<\/p>\n","protected":false},"author":1,"featured_media":0,"parent":94,"menu_order":0,"comment_status":"closed","ping_status":"closed","template":"page-templates\/scheda_hotel.php","meta":{"_acf_changed":false,"inline_featured_image":false,"footnotes":""},"class_list":["post-44460","page","type-page","status-publish","hentry"],"acf":[],"yoast_head":"<!-- This site is optimized with the Yoast SEO plugin v27.1 - https:\/\/yoast.com\/product\/yoast-seo-wordpress\/ -->\n<title>4 Sterne - Oleandri Resort, Paestum<\/title>\n<meta name=\"description\" content=\"Lust auf einen Urlaub mit Ihrer Familie? Mehr \u00fcber Familienangebote des Oleandri Resort in Paestum, Cilento\" \/>\n<meta name=\"robots\" content=\"index, follow, max-snippet:-1, max-image-preview:large, max-video-preview:-1\" \/>\n<link rel=\"canonical\" href=\"https:\/\/www.italyfamilyhotels.it\/de\/family-hotels\/oleandri-resort\" \/>\n<meta property=\"og:locale\" content=\"de_DE\" \/>\n<meta property=\"og:type\" content=\"article\" \/>\n<meta property=\"og:title\" content=\"4 Sterne - Oleandri Resort, Paestum\" \/>\n<meta property=\"og:description\" content=\"Lust auf einen Urlaub mit Ihrer Familie? Mehr \u00fcber Familienangebote des Oleandri Resort in Paestum, Cilento\" \/>\n<meta property=\"og:url\" content=\"https:\/\/www.italyfamilyhotels.it\/de\/family-hotels\/oleandri-resort\" \/>\n<meta property=\"og:site_name\" content=\"Italy Family Hotels\" \/>\n<meta property=\"article:publisher\" content=\"https:\/\/www.facebook.com\/ItalyFamilyHotels\/\" \/>\n<meta property=\"article:modified_time\" content=\"2023-04-06T12:32:30+00:00\" \/>\n<meta name=\"twitter:card\" content=\"summary_large_image\" \/>\n<meta name=\"twitter:label1\" content=\"Gesch\u00e4tzte Lesezeit\" \/>\n\t<meta name=\"twitter:data1\" content=\"2\u00a0Minuten\" \/>\n<script type=\"application\/ld+json\" class=\"yoast-schema-graph\">{\"@context\":\"https:\/\/schema.org\",\"@graph\":[{\"@type\":\"WebPage\",\"@id\":\"https:\/\/www.italyfamilyhotels.it\/de\/family-hotels\/oleandri-resort\",\"url\":\"https:\/\/www.italyfamilyhotels.it\/de\/family-hotels\/oleandri-resort\",\"name\":\"4 Sterne - Oleandri Resort, Paestum\",\"isPartOf\":{\"@id\":\"https:\/\/www.italyfamilyhotels.it\/#website\"},\"datePublished\":\"2023-01-26T08:27:12+00:00\",\"dateModified\":\"2023-04-06T12:32:30+00:00\",\"description\":\"Lust auf einen Urlaub mit Ihrer Familie? Mehr \u00fcber Familienangebote des Oleandri Resort in Paestum, Cilento\",\"breadcrumb\":{\"@id\":\"https:\/\/www.italyfamilyhotels.it\/de\/family-hotels\/oleandri-resort#breadcrumb\"},\"inLanguage\":\"de\",\"potentialAction\":[{\"@type\":\"ReadAction\",\"target\":[\"https:\/\/www.italyfamilyhotels.it\/de\/family-hotels\/oleandri-resort\"]}]},{\"@type\":\"BreadcrumbList\",\"@id\":\"https:\/\/www.italyfamilyhotels.it\/de\/family-hotels\/oleandri-resort#breadcrumb\",\"itemListElement\":[{\"@type\":\"ListItem\",\"position\":1,\"name\":\"Home\",\"item\":\"https:\/\/www.italyfamilyhotels.it\/de\"},{\"@type\":\"ListItem\",\"position\":2,\"name\":\"Family Hotels\",\"item\":\"https:\/\/www.italyfamilyhotels.it\/de\/family-hotels\"},{\"@type\":\"ListItem\",\"position\":3,\"name\":\"Oleandri Resort\"}]},{\"@type\":\"WebSite\",\"@id\":\"https:\/\/www.italyfamilyhotels.it\/#website\",\"url\":\"https:\/\/www.italyfamilyhotels.it\/\",\"name\":\"Italy Family Hotels\",\"description\":\"\",\"potentialAction\":[{\"@type\":\"SearchAction\",\"target\":{\"@type\":\"EntryPoint\",\"urlTemplate\":\"https:\/\/www.italyfamilyhotels.it\/?s={search_term_string}\"},\"query-input\":{\"@type\":\"PropertyValueSpecification\",\"valueRequired\":true,\"valueName\":\"search_term_string\"}}],\"inLanguage\":\"de\"}]}<\/script>\n<!-- \/ Yoast SEO plugin. -->","yoast_head_json":{"title":"4 Sterne - Oleandri Resort, Paestum","description":"Lust auf einen Urlaub mit Ihrer Familie? Mehr \u00fcber Familienangebote des Oleandri Resort in Paestum, Cilento","robots":{"index":"index","follow":"follow","max-snippet":"max-snippet:-1","max-image-preview":"max-image-preview:large","max-video-preview":"max-video-preview:-1"},"canonical":"https:\/\/www.italyfamilyhotels.it\/de\/family-hotels\/oleandri-resort","og_locale":"de_DE","og_type":"article","og_title":"4 Sterne - Oleandri Resort, Paestum","og_description":"Lust auf einen Urlaub mit Ihrer Familie? Mehr \u00fcber Familienangebote des Oleandri Resort in Paestum, Cilento","og_url":"https:\/\/www.italyfamilyhotels.it\/de\/family-hotels\/oleandri-resort","og_site_name":"Italy Family Hotels","article_publisher":"https:\/\/www.facebook.com\/ItalyFamilyHotels\/","article_modified_time":"2023-04-06T12:32:30+00:00","twitter_card":"summary_large_image","twitter_misc":{"Gesch\u00e4tzte Lesezeit":"2\u00a0Minuten"},"schema":{"@context":"https:\/\/schema.org","@graph":[{"@type":"WebPage","@id":"https:\/\/www.italyfamilyhotels.it\/de\/family-hotels\/oleandri-resort","url":"https:\/\/www.italyfamilyhotels.it\/de\/family-hotels\/oleandri-resort","name":"4 Sterne - Oleandri Resort, Paestum","isPartOf":{"@id":"https:\/\/www.italyfamilyhotels.it\/#website"},"datePublished":"2023-01-26T08:27:12+00:00","dateModified":"2023-04-06T12:32:30+00:00","description":"Lust auf einen Urlaub mit Ihrer Familie? Mehr \u00fcber Familienangebote des Oleandri Resort in Paestum, Cilento","breadcrumb":{"@id":"https:\/\/www.italyfamilyhotels.it\/de\/family-hotels\/oleandri-resort#breadcrumb"},"inLanguage":"de","potentialAction":[{"@type":"ReadAction","target":["https:\/\/www.italyfamilyhotels.it\/de\/family-hotels\/oleandri-resort"]}]},{"@type":"BreadcrumbList","@id":"https:\/\/www.italyfamilyhotels.it\/de\/family-hotels\/oleandri-resort#breadcrumb","itemListElement":[{"@type":"ListItem","position":1,"name":"Home","item":"https:\/\/www.italyfamilyhotels.it\/de"},{"@type":"ListItem","position":2,"name":"Family Hotels","item":"https:\/\/www.italyfamilyhotels.it\/de\/family-hotels"},{"@type":"ListItem","position":3,"name":"Oleandri Resort"}]},{"@type":"WebSite","@id":"https:\/\/www.italyfamilyhotels.it\/#website","url":"https:\/\/www.italyfamilyhotels.it\/","name":"Italy Family Hotels","description":"","potentialAction":[{"@type":"SearchAction","target":{"@type":"EntryPoint","urlTemplate":"https:\/\/www.italyfamilyhotels.it\/?s={search_term_string}"},"query-input":{"@type":"PropertyValueSpecification","valueRequired":true,"valueName":"search_term_string"}}],"inLanguage":"de"}]}},"_links":{"self":[{"href":"https:\/\/www.italyfamilyhotels.it\/de\/wp-json\/wp\/v2\/pages\/44460","targetHints":{"allow":["GET"]}}],"collection":[{"href":"https:\/\/www.italyfamilyhotels.it\/de\/wp-json\/wp\/v2\/pages"}],"about":[{"href":"https:\/\/www.italyfamilyhotels.it\/de\/wp-json\/wp\/v2\/types\/page"}],"author":[{"embeddable":true,"href":"https:\/\/www.italyfamilyhotels.it\/de\/wp-json\/wp\/v2\/users\/1"}],"replies":[{"embeddable":true,"href":"https:\/\/www.italyfamilyhotels.it\/de\/wp-json\/wp\/v2\/comments?post=44460"}],"version-history":[{"count":2,"href":"https:\/\/www.italyfamilyhotels.it\/de\/wp-json\/wp\/v2\/pages\/44460\/revisions"}],"predecessor-version":[{"id":48795,"href":"https:\/\/www.italyfamilyhotels.it\/de\/wp-json\/wp\/v2\/pages\/44460\/revisions\/48795"}],"up":[{"embeddable":true,"href":"https:\/\/www.italyfamilyhotels.it\/de\/wp-json\/wp\/v2\/pages\/94"}],"wp:attachment":[{"href":"https:\/\/www.italyfamilyhotels.it\/de\/wp-json\/wp\/v2\/media?parent=44460"}],"curies":[{"name":"wp","href":"https:\/\/api.w.org\/{rel}","templated":true}]}}