{"id":4437,"date":"2022-03-14T12:37:53","date_gmt":"2022-03-14T11:37:53","guid":{"rendered":"https:\/\/www.italyfamilyhotels.it\/family-hotels\/hotel-parco-dei-principi"},"modified":"2022-09-16T13:55:44","modified_gmt":"2022-09-16T11:55:44","slug":"hotel-parco-dei-principi-giulianova","status":"publish","type":"page","link":"https:\/\/www.italyfamilyhotels.it\/de\/family-hotels\/hotel-parco-dei-principi-giulianova","title":{"rendered":"Hotel Parco dei Principi"},"content":{"rendered":"\n<p>Wir befinden uns in der ersten Reihe am Meer: \u00dcberqueren Sie einfach die Fu\u00dfg\u00e4ngerpromenade, um zu unserem sch\u00f6nen, <b>ausgestatteten Privatstrand<\/b> zu gelangen, an dem wir t\u00e4glich Unterhaltungsaktivit\u00e4ten organisieren! Aber das ist nicht der einzige Grund, warum ein <b>Urlaub mit Kindern in den Abruzzen<\/b> hier im <b>Hotel Parco dei Principi in Giulianova <\/b>gleichbedeutend mit Entspannung und Spa\u00df ist.<\/p>\n\n\n\n<p>Das gilt auch f\u00fcr die Lage: Wir sind umgeben von einem <b>5000 m<\/b><b><sup>2<\/b><\/sup><b> gro\u00dfen duftenden Pinienwald<\/b> mit einem <b>Park mit Swimmingpools<\/b> &#8211; einem f\u00fcr Erwachsene und einem mit flachem Wasser f\u00fcr Kinder &#8211; und einer Font\u00e4ne mit Wasserspielen; der fantastischen <b>Dschungelinsel mit riesigen H\u00fcpfburgen<\/b>; dem <b>Labyrinth und <\/b>dem bunten <b>B\u00e4llebad<\/b>; mehreren <b>Spielbereichen und <\/b>der <b>M\u00e4rchenecke<\/b>; dem <b>Holzhaus<\/b> mit der K\u00fcchenzeile. Unser riesiger Garten ist auch der Schauplatz f\u00fcr die vom Animationsteam organisierten <b>lustigen Aktivit\u00e4ten<\/b>, fantastische <b>Abendshows<\/b> und Kabaretts unter dem Sternenhimmel!<\/p>\n\n\n\n<p>Das Unterhaltungsprogramm hier ist wirklich f\u00fcr alle da: Wir k\u00fcmmern uns nicht nur um die Kinder im <b>Mini- und Junior-Club<\/b>, sondern beziehen <b>auch Mama und Papa<\/b> gerne in Wassergymnastik, Muskeltraining, Beachvolleyball, Dart-Turniere und Tanzen mit ein. Wenn Sie mit Ihren Kindern auf Entdeckungstour gehen m\u00f6chten, stellen wir Ihnen kostenlos <b>Fahrr\u00e4der mit Kindersitzen<\/b> zur Verf\u00fcgung.<\/p>\n\n\n\n<p>Sogar<b> in Ihrem Zimmer finden Sie alles, was Sie f\u00fcr Ihre Kleinen brauchen<\/b>: Wiege, Anti-Baby-Bett, Babywanne, Wickeltisch, Flaschenw\u00e4rmer, Kinderwagen. Auf diese Weise brauchen Sie sich um nichts zu k\u00fcmmern. Und was gibt es<b> bei Tisch<\/b>? Sie k\u00f6nnen sich darauf einstellen, dass wir die ganze Familie mit den <b>unverf\u00e4lschten Geschm\u00e4ckern der Abruzzen und der italienischen Tradition<\/b> begeistern werden, aber die <b>Kinder<\/b>&#8230; die verw\u00f6hnen wir gerne mit speziellen Men\u00fcs, <b>einem Fr\u00fchst\u00fcck der Superlative<\/b>, bunten Tischsets und Baby-Besteck. Und wenn Sie Babys in der Abstillphase haben, helfen wir Ihnen bei der <b>Zubereitung von Babynahrung<\/b>!<\/p>\n","protected":false},"excerpt":{"rendered":"<p>Wir befinden uns in der ersten Reihe am Meer: \u00dcberqueren Sie einfach die Fu\u00dfg\u00e4ngerpromenade, um zu unserem sch\u00f6nen, ausgestatteten Privatstrand zu gelangen, an dem wir t\u00e4glich Unterhaltungsaktivit\u00e4ten organisieren! Aber das ist nicht der einzige Grund, warum ein Urlaub mit Kindern in den Abruzzen hier im Hotel Parco dei Principi in Giulianova gleichbedeutend mit Entspannung und &hellip;<\/p>\n","protected":false},"author":89,"featured_media":0,"parent":94,"menu_order":0,"comment_status":"closed","ping_status":"closed","template":"page-templates\/scheda_hotel.php","meta":{"_acf_changed":false,"inline_featured_image":false,"footnotes":""},"class_list":["post-4437","page","type-page","status-publish","hentry"],"acf":[],"yoast_head":"<!-- This site is optimized with the Yoast SEO plugin v27.1 - https:\/\/yoast.com\/product\/yoast-seo-wordpress\/ -->\n<title>Hotel Parco dei Principi, 4 Sterne, Giulianova<\/title>\n<meta name=\"description\" content=\"Lust auf Urlaub mit Ihrer Familie? Entdecken Sie die Familienangebote im Hotel Parco dei Principi in Giulianova\" \/>\n<meta name=\"robots\" content=\"index, follow, max-snippet:-1, max-image-preview:large, max-video-preview:-1\" \/>\n<link rel=\"canonical\" href=\"https:\/\/www.italyfamilyhotels.it\/de\/family-hotels\/hotel-parco-dei-principi-giulianova\" \/>\n<meta property=\"og:locale\" content=\"de_DE\" \/>\n<meta property=\"og:type\" content=\"article\" \/>\n<meta property=\"og:title\" content=\"Hotel Parco dei Principi, 4 Sterne, Giulianova\" \/>\n<meta property=\"og:description\" content=\"Lust auf Urlaub mit Ihrer Familie? Entdecken Sie die Familienangebote im Hotel Parco dei Principi in Giulianova\" \/>\n<meta property=\"og:url\" content=\"https:\/\/www.italyfamilyhotels.it\/de\/family-hotels\/hotel-parco-dei-principi-giulianova\" \/>\n<meta property=\"og:site_name\" content=\"Italy Family Hotels\" \/>\n<meta property=\"article:publisher\" content=\"https:\/\/www.facebook.com\/ItalyFamilyHotels\/\" \/>\n<meta property=\"article:modified_time\" content=\"2022-09-16T11:55:44+00:00\" \/>\n<meta name=\"twitter:card\" content=\"summary_large_image\" \/>\n<meta name=\"twitter:label1\" content=\"Gesch\u00e4tzte Lesezeit\" \/>\n\t<meta name=\"twitter:data1\" content=\"1\u00a0Minute\" \/>\n<script type=\"application\/ld+json\" class=\"yoast-schema-graph\">{\"@context\":\"https:\/\/schema.org\",\"@graph\":[{\"@type\":\"WebPage\",\"@id\":\"https:\/\/www.italyfamilyhotels.it\/de\/family-hotels\/hotel-parco-dei-principi-giulianova\",\"url\":\"https:\/\/www.italyfamilyhotels.it\/de\/family-hotels\/hotel-parco-dei-principi-giulianova\",\"name\":\"Hotel Parco dei Principi, 4 Sterne, Giulianova\",\"isPartOf\":{\"@id\":\"https:\/\/www.italyfamilyhotels.it\/#website\"},\"datePublished\":\"2022-03-14T11:37:53+00:00\",\"dateModified\":\"2022-09-16T11:55:44+00:00\",\"description\":\"Lust auf Urlaub mit Ihrer Familie? Entdecken Sie die Familienangebote im Hotel Parco dei Principi in Giulianova\",\"breadcrumb\":{\"@id\":\"https:\/\/www.italyfamilyhotels.it\/de\/family-hotels\/hotel-parco-dei-principi-giulianova#breadcrumb\"},\"inLanguage\":\"de\",\"potentialAction\":[{\"@type\":\"ReadAction\",\"target\":[\"https:\/\/www.italyfamilyhotels.it\/de\/family-hotels\/hotel-parco-dei-principi-giulianova\"]}]},{\"@type\":\"BreadcrumbList\",\"@id\":\"https:\/\/www.italyfamilyhotels.it\/de\/family-hotels\/hotel-parco-dei-principi-giulianova#breadcrumb\",\"itemListElement\":[{\"@type\":\"ListItem\",\"position\":1,\"name\":\"Home\",\"item\":\"https:\/\/www.italyfamilyhotels.it\/de\"},{\"@type\":\"ListItem\",\"position\":2,\"name\":\"Family Hotels\",\"item\":\"https:\/\/www.italyfamilyhotels.it\/de\/family-hotels\"},{\"@type\":\"ListItem\",\"position\":3,\"name\":\"Hotel Parco dei Principi\"}]},{\"@type\":\"WebSite\",\"@id\":\"https:\/\/www.italyfamilyhotels.it\/#website\",\"url\":\"https:\/\/www.italyfamilyhotels.it\/\",\"name\":\"Italy Family Hotels\",\"description\":\"\",\"potentialAction\":[{\"@type\":\"SearchAction\",\"target\":{\"@type\":\"EntryPoint\",\"urlTemplate\":\"https:\/\/www.italyfamilyhotels.it\/?s={search_term_string}\"},\"query-input\":{\"@type\":\"PropertyValueSpecification\",\"valueRequired\":true,\"valueName\":\"search_term_string\"}}],\"inLanguage\":\"de\"}]}<\/script>\n<!-- \/ Yoast SEO plugin. -->","yoast_head_json":{"title":"Hotel Parco dei Principi, 4 Sterne, Giulianova","description":"Lust auf Urlaub mit Ihrer Familie? Entdecken Sie die Familienangebote im Hotel Parco dei Principi in Giulianova","robots":{"index":"index","follow":"follow","max-snippet":"max-snippet:-1","max-image-preview":"max-image-preview:large","max-video-preview":"max-video-preview:-1"},"canonical":"https:\/\/www.italyfamilyhotels.it\/de\/family-hotels\/hotel-parco-dei-principi-giulianova","og_locale":"de_DE","og_type":"article","og_title":"Hotel Parco dei Principi, 4 Sterne, Giulianova","og_description":"Lust auf Urlaub mit Ihrer Familie? Entdecken Sie die Familienangebote im Hotel Parco dei Principi in Giulianova","og_url":"https:\/\/www.italyfamilyhotels.it\/de\/family-hotels\/hotel-parco-dei-principi-giulianova","og_site_name":"Italy Family Hotels","article_publisher":"https:\/\/www.facebook.com\/ItalyFamilyHotels\/","article_modified_time":"2022-09-16T11:55:44+00:00","twitter_card":"summary_large_image","twitter_misc":{"Gesch\u00e4tzte Lesezeit":"1\u00a0Minute"},"schema":{"@context":"https:\/\/schema.org","@graph":[{"@type":"WebPage","@id":"https:\/\/www.italyfamilyhotels.it\/de\/family-hotels\/hotel-parco-dei-principi-giulianova","url":"https:\/\/www.italyfamilyhotels.it\/de\/family-hotels\/hotel-parco-dei-principi-giulianova","name":"Hotel Parco dei Principi, 4 Sterne, Giulianova","isPartOf":{"@id":"https:\/\/www.italyfamilyhotels.it\/#website"},"datePublished":"2022-03-14T11:37:53+00:00","dateModified":"2022-09-16T11:55:44+00:00","description":"Lust auf Urlaub mit Ihrer Familie? Entdecken Sie die Familienangebote im Hotel Parco dei Principi in Giulianova","breadcrumb":{"@id":"https:\/\/www.italyfamilyhotels.it\/de\/family-hotels\/hotel-parco-dei-principi-giulianova#breadcrumb"},"inLanguage":"de","potentialAction":[{"@type":"ReadAction","target":["https:\/\/www.italyfamilyhotels.it\/de\/family-hotels\/hotel-parco-dei-principi-giulianova"]}]},{"@type":"BreadcrumbList","@id":"https:\/\/www.italyfamilyhotels.it\/de\/family-hotels\/hotel-parco-dei-principi-giulianova#breadcrumb","itemListElement":[{"@type":"ListItem","position":1,"name":"Home","item":"https:\/\/www.italyfamilyhotels.it\/de"},{"@type":"ListItem","position":2,"name":"Family Hotels","item":"https:\/\/www.italyfamilyhotels.it\/de\/family-hotels"},{"@type":"ListItem","position":3,"name":"Hotel Parco dei Principi"}]},{"@type":"WebSite","@id":"https:\/\/www.italyfamilyhotels.it\/#website","url":"https:\/\/www.italyfamilyhotels.it\/","name":"Italy Family Hotels","description":"","potentialAction":[{"@type":"SearchAction","target":{"@type":"EntryPoint","urlTemplate":"https:\/\/www.italyfamilyhotels.it\/?s={search_term_string}"},"query-input":{"@type":"PropertyValueSpecification","valueRequired":true,"valueName":"search_term_string"}}],"inLanguage":"de"}]}},"_links":{"self":[{"href":"https:\/\/www.italyfamilyhotels.it\/de\/wp-json\/wp\/v2\/pages\/4437","targetHints":{"allow":["GET"]}}],"collection":[{"href":"https:\/\/www.italyfamilyhotels.it\/de\/wp-json\/wp\/v2\/pages"}],"about":[{"href":"https:\/\/www.italyfamilyhotels.it\/de\/wp-json\/wp\/v2\/types\/page"}],"author":[{"embeddable":true,"href":"https:\/\/www.italyfamilyhotels.it\/de\/wp-json\/wp\/v2\/users\/89"}],"replies":[{"embeddable":true,"href":"https:\/\/www.italyfamilyhotels.it\/de\/wp-json\/wp\/v2\/comments?post=4437"}],"version-history":[{"count":5,"href":"https:\/\/www.italyfamilyhotels.it\/de\/wp-json\/wp\/v2\/pages\/4437\/revisions"}],"predecessor-version":[{"id":40489,"href":"https:\/\/www.italyfamilyhotels.it\/de\/wp-json\/wp\/v2\/pages\/4437\/revisions\/40489"}],"up":[{"embeddable":true,"href":"https:\/\/www.italyfamilyhotels.it\/de\/wp-json\/wp\/v2\/pages\/94"}],"wp:attachment":[{"href":"https:\/\/www.italyfamilyhotels.it\/de\/wp-json\/wp\/v2\/media?parent=4437"}],"curies":[{"name":"wp","href":"https:\/\/api.w.org\/{rel}","templated":true}]}}