{"id":4432,"date":"2022-03-14T12:37:52","date_gmt":"2022-03-14T11:37:52","guid":{"rendered":"https:\/\/www.italyfamilyhotels.it\/family-hotels\/arianna-club-hotel"},"modified":"2023-02-01T13:36:02","modified_gmt":"2023-02-01T12:36:02","slug":"arianna-club-hotel-rodi-garganico","status":"publish","type":"page","link":"https:\/\/www.italyfamilyhotels.it\/de\/family-hotels\/arianna-club-hotel-rodi-garganico","title":{"rendered":"Arianna Club Hotel"},"content":{"rendered":"\n<p>Im <b>Arianna Club Hotel<\/b>hei\u00dfen wir Sie inmitten der frischen Meeresbrise des <b>Gargano und <\/b>seiner herrlichen Str\u00e4nde willkommen. Es erwartet Sie ein Urlaub voller Sport, Spa\u00df und Entspannung, dessen Rhythmus Sie selbst bestimmen: M\u00f6gen Sie Autonomie und keine Zeitvorgaben? Dann unsere <b>Apartments <\/b>genau das Richtige f\u00fcr Sie. Andernfalls entscheiden Sie sich f\u00fcr den Komfort der klassischen <b>Hotelformel<\/b>.<\/p>\n\n\n\n<p>Hier gibt es einen tollen <b>Entspannungspool mit Hydromassage<\/b>, der mit Sonnenliegen f\u00fcr Einzelpersonen und Familien, Sonnenschirmen, H\u00e4ngematten, Schaukeln und Schwimmliegen ausgestattet ist. Au\u00dferdem noch ein Entspannungsbereich, Tischfu\u00dfball und Tischtennis sowie ein <b>voll ausgestatteter<\/b> <b>Privatstrand<\/b>.<\/p>\n\n\n\n<p>F\u00fcr Kinder gibt es im Hotel den Spielplatz <b>Arylandia<\/b>, wo sie sich mit bunten H\u00fcpfburgen und einem Supertrampolin austoben k\u00f6nnen. Die Animateure k\u00fcmmern sich um sie und organisieren <b>Freizeitaktivit\u00e4ten<\/b>, <b>Lernkurse<\/b>, <b>Shows<\/b>, <b>Theaterst\u00fccke<\/b>, <b>Kabarett<\/b>, <b>Gruppent\u00e4nze<\/b>, <b>Strandspiele<\/b> und <b>Sportturniere<\/b>.<\/p>\n\n\n\n<p>Wir verf\u00fcgen auch \u00fcber ein echtes <b>Sportzentrum<\/b>, einen Bereich mit Sport und der Erholung f\u00fcr Jung und Alt, mit <b>freiem Eintritt<\/b> f\u00fcr Hotelg\u00e4ste. Er umfasst das <b>Restaurant<\/b> <b>\u201eLa Fontana dei Desideri\u201c<\/b>, eine <b>Bar<\/b>, einen <b>Privatstrand<\/b> mit Sonnenschirmen und Liegen, einen schattigen <b>Parkplatz<\/b>, einen <b>halb-olympischen Pool<\/b>, einen <b>Minipool<\/b> f\u00fcr Kinder und <b>Sportpl\u00e4tze<\/b>.<\/p>\n\n\n\n<p>Ein <b>Kinderarzt <\/b>kommt jede Woche zu uns, um sich \u00fcber die Bed\u00fcrfnisse der Kinder zu informieren, und in den Zimmern gibt es <b>Betten mit Schutzgitter, Babybetten, Flaschenw\u00e4rmer und Wickeltische<\/b>. F\u00fcr die kleinen Feinschmecker gibt es das <b>Baby-Restaurant<\/b>, in dem sie spezielle Men\u00fcs genie\u00dfen k\u00f6nnen.<\/p>\n","protected":false},"excerpt":{"rendered":"<p>Im Arianna Club Hotelhei\u00dfen wir Sie inmitten der frischen Meeresbrise des Gargano und seiner herrlichen Str\u00e4nde willkommen. Es erwartet Sie ein Urlaub voller Sport, Spa\u00df und Entspannung, dessen Rhythmus Sie selbst bestimmen: M\u00f6gen Sie Autonomie und keine Zeitvorgaben? Dann unsere Apartments genau das Richtige f\u00fcr Sie. Andernfalls entscheiden Sie sich f\u00fcr den Komfort der klassischen &hellip;<\/p>\n","protected":false},"author":9,"featured_media":0,"parent":94,"menu_order":0,"comment_status":"closed","ping_status":"closed","template":"page-templates\/scheda_hotel.php","meta":{"_acf_changed":false,"inline_featured_image":false,"footnotes":""},"class_list":["post-4432","page","type-page","status-publish","hentry"],"acf":[],"yoast_head":"<!-- This site is optimized with the Yoast SEO plugin v27.1 - https:\/\/yoast.com\/product\/yoast-seo-wordpress\/ -->\n<title>Arianna Club Hotel, 3 Sterne, Rodi Garganico<\/title>\n<meta name=\"description\" content=\"Lust auf Urlaub mit Ihrer Familie? Entdecken Sie die Familienangebote im Arianna Club Hotel in Rodi Garganico\" \/>\n<meta name=\"robots\" content=\"index, follow, max-snippet:-1, max-image-preview:large, max-video-preview:-1\" \/>\n<link rel=\"canonical\" href=\"https:\/\/www.italyfamilyhotels.it\/de\/family-hotels\/arianna-club-hotel-rodi-garganico\" \/>\n<meta property=\"og:locale\" content=\"de_DE\" \/>\n<meta property=\"og:type\" content=\"article\" \/>\n<meta property=\"og:title\" content=\"Arianna Club Hotel, 3 Sterne, Rodi Garganico\" \/>\n<meta property=\"og:description\" content=\"Lust auf Urlaub mit Ihrer Familie? Entdecken Sie die Familienangebote im Arianna Club Hotel in Rodi Garganico\" \/>\n<meta property=\"og:url\" content=\"https:\/\/www.italyfamilyhotels.it\/de\/family-hotels\/arianna-club-hotel-rodi-garganico\" \/>\n<meta property=\"og:site_name\" content=\"Italy Family Hotels\" \/>\n<meta property=\"article:publisher\" content=\"https:\/\/www.facebook.com\/ItalyFamilyHotels\/\" \/>\n<meta property=\"article:modified_time\" content=\"2023-02-01T12:36:02+00:00\" \/>\n<meta name=\"twitter:card\" content=\"summary_large_image\" \/>\n<meta name=\"twitter:label1\" content=\"Gesch\u00e4tzte Lesezeit\" \/>\n\t<meta name=\"twitter:data1\" content=\"1\u00a0Minute\" \/>\n<script type=\"application\/ld+json\" class=\"yoast-schema-graph\">{\"@context\":\"https:\/\/schema.org\",\"@graph\":[{\"@type\":\"WebPage\",\"@id\":\"https:\/\/www.italyfamilyhotels.it\/de\/family-hotels\/arianna-club-hotel-rodi-garganico\",\"url\":\"https:\/\/www.italyfamilyhotels.it\/de\/family-hotels\/arianna-club-hotel-rodi-garganico\",\"name\":\"Arianna Club Hotel, 3 Sterne, Rodi Garganico\",\"isPartOf\":{\"@id\":\"https:\/\/www.italyfamilyhotels.it\/#website\"},\"datePublished\":\"2022-03-14T11:37:52+00:00\",\"dateModified\":\"2023-02-01T12:36:02+00:00\",\"description\":\"Lust auf Urlaub mit Ihrer Familie? Entdecken Sie die Familienangebote im Arianna Club Hotel in Rodi Garganico\",\"breadcrumb\":{\"@id\":\"https:\/\/www.italyfamilyhotels.it\/de\/family-hotels\/arianna-club-hotel-rodi-garganico#breadcrumb\"},\"inLanguage\":\"de\",\"potentialAction\":[{\"@type\":\"ReadAction\",\"target\":[\"https:\/\/www.italyfamilyhotels.it\/de\/family-hotels\/arianna-club-hotel-rodi-garganico\"]}]},{\"@type\":\"BreadcrumbList\",\"@id\":\"https:\/\/www.italyfamilyhotels.it\/de\/family-hotels\/arianna-club-hotel-rodi-garganico#breadcrumb\",\"itemListElement\":[{\"@type\":\"ListItem\",\"position\":1,\"name\":\"Home\",\"item\":\"https:\/\/www.italyfamilyhotels.it\/de\"},{\"@type\":\"ListItem\",\"position\":2,\"name\":\"Family Hotels\",\"item\":\"https:\/\/www.italyfamilyhotels.it\/de\/family-hotels\"},{\"@type\":\"ListItem\",\"position\":3,\"name\":\"Arianna Club Hotel\"}]},{\"@type\":\"WebSite\",\"@id\":\"https:\/\/www.italyfamilyhotels.it\/#website\",\"url\":\"https:\/\/www.italyfamilyhotels.it\/\",\"name\":\"Italy Family Hotels\",\"description\":\"\",\"potentialAction\":[{\"@type\":\"SearchAction\",\"target\":{\"@type\":\"EntryPoint\",\"urlTemplate\":\"https:\/\/www.italyfamilyhotels.it\/?s={search_term_string}\"},\"query-input\":{\"@type\":\"PropertyValueSpecification\",\"valueRequired\":true,\"valueName\":\"search_term_string\"}}],\"inLanguage\":\"de\"}]}<\/script>\n<!-- \/ Yoast SEO plugin. -->","yoast_head_json":{"title":"Arianna Club Hotel, 3 Sterne, Rodi Garganico","description":"Lust auf Urlaub mit Ihrer Familie? Entdecken Sie die Familienangebote im Arianna Club Hotel in Rodi Garganico","robots":{"index":"index","follow":"follow","max-snippet":"max-snippet:-1","max-image-preview":"max-image-preview:large","max-video-preview":"max-video-preview:-1"},"canonical":"https:\/\/www.italyfamilyhotels.it\/de\/family-hotels\/arianna-club-hotel-rodi-garganico","og_locale":"de_DE","og_type":"article","og_title":"Arianna Club Hotel, 3 Sterne, Rodi Garganico","og_description":"Lust auf Urlaub mit Ihrer Familie? Entdecken Sie die Familienangebote im Arianna Club Hotel in Rodi Garganico","og_url":"https:\/\/www.italyfamilyhotels.it\/de\/family-hotels\/arianna-club-hotel-rodi-garganico","og_site_name":"Italy Family Hotels","article_publisher":"https:\/\/www.facebook.com\/ItalyFamilyHotels\/","article_modified_time":"2023-02-01T12:36:02+00:00","twitter_card":"summary_large_image","twitter_misc":{"Gesch\u00e4tzte Lesezeit":"1\u00a0Minute"},"schema":{"@context":"https:\/\/schema.org","@graph":[{"@type":"WebPage","@id":"https:\/\/www.italyfamilyhotels.it\/de\/family-hotels\/arianna-club-hotel-rodi-garganico","url":"https:\/\/www.italyfamilyhotels.it\/de\/family-hotels\/arianna-club-hotel-rodi-garganico","name":"Arianna Club Hotel, 3 Sterne, Rodi Garganico","isPartOf":{"@id":"https:\/\/www.italyfamilyhotels.it\/#website"},"datePublished":"2022-03-14T11:37:52+00:00","dateModified":"2023-02-01T12:36:02+00:00","description":"Lust auf Urlaub mit Ihrer Familie? Entdecken Sie die Familienangebote im Arianna Club Hotel in Rodi Garganico","breadcrumb":{"@id":"https:\/\/www.italyfamilyhotels.it\/de\/family-hotels\/arianna-club-hotel-rodi-garganico#breadcrumb"},"inLanguage":"de","potentialAction":[{"@type":"ReadAction","target":["https:\/\/www.italyfamilyhotels.it\/de\/family-hotels\/arianna-club-hotel-rodi-garganico"]}]},{"@type":"BreadcrumbList","@id":"https:\/\/www.italyfamilyhotels.it\/de\/family-hotels\/arianna-club-hotel-rodi-garganico#breadcrumb","itemListElement":[{"@type":"ListItem","position":1,"name":"Home","item":"https:\/\/www.italyfamilyhotels.it\/de"},{"@type":"ListItem","position":2,"name":"Family Hotels","item":"https:\/\/www.italyfamilyhotels.it\/de\/family-hotels"},{"@type":"ListItem","position":3,"name":"Arianna Club Hotel"}]},{"@type":"WebSite","@id":"https:\/\/www.italyfamilyhotels.it\/#website","url":"https:\/\/www.italyfamilyhotels.it\/","name":"Italy Family Hotels","description":"","potentialAction":[{"@type":"SearchAction","target":{"@type":"EntryPoint","urlTemplate":"https:\/\/www.italyfamilyhotels.it\/?s={search_term_string}"},"query-input":{"@type":"PropertyValueSpecification","valueRequired":true,"valueName":"search_term_string"}}],"inLanguage":"de"}]}},"_links":{"self":[{"href":"https:\/\/www.italyfamilyhotels.it\/de\/wp-json\/wp\/v2\/pages\/4432","targetHints":{"allow":["GET"]}}],"collection":[{"href":"https:\/\/www.italyfamilyhotels.it\/de\/wp-json\/wp\/v2\/pages"}],"about":[{"href":"https:\/\/www.italyfamilyhotels.it\/de\/wp-json\/wp\/v2\/types\/page"}],"author":[{"embeddable":true,"href":"https:\/\/www.italyfamilyhotels.it\/de\/wp-json\/wp\/v2\/users\/9"}],"replies":[{"embeddable":true,"href":"https:\/\/www.italyfamilyhotels.it\/de\/wp-json\/wp\/v2\/comments?post=4432"}],"version-history":[{"count":6,"href":"https:\/\/www.italyfamilyhotels.it\/de\/wp-json\/wp\/v2\/pages\/4432\/revisions"}],"predecessor-version":[{"id":45103,"href":"https:\/\/www.italyfamilyhotels.it\/de\/wp-json\/wp\/v2\/pages\/4432\/revisions\/45103"}],"up":[{"embeddable":true,"href":"https:\/\/www.italyfamilyhotels.it\/de\/wp-json\/wp\/v2\/pages\/94"}],"wp:attachment":[{"href":"https:\/\/www.italyfamilyhotels.it\/de\/wp-json\/wp\/v2\/media?parent=4432"}],"curies":[{"name":"wp","href":"https:\/\/api.w.org\/{rel}","templated":true}]}}