{"id":4427,"date":"2022-03-14T12:37:51","date_gmt":"2022-03-14T11:37:51","guid":{"rendered":"https:\/\/www.italyfamilyhotels.it\/family-hotels\/hotel-eur"},"modified":"2023-02-01T15:12:13","modified_gmt":"2023-02-01T14:12:13","slug":"hotel-eur-lido-di-camaiore","status":"publish","type":"page","link":"https:\/\/www.italyfamilyhotels.it\/de\/family-hotels\/hotel-eur-lido-di-camaiore","title":{"rendered":"Hotel Eur"},"content":{"rendered":"\n<p>Wir befinden uns in <b>Lido di Camaiore<\/b>, an der bezaubernden K\u00fcste der Versilia, nur 100 Meter vom Strand entfernt. Bei uns im <b>Hotel Eur<\/b> sind es die g\u00fcnstige Lage, das gro\u00dfz\u00fcgige Platzangebot f\u00fcr Ihre Familie und die vielen Aufmerksamkeiten, mit denen wir Sie empfangen, die Ihren Urlaub einzigartig und erholsam machen.<\/p>\n\n\n\n<p>Genie\u00dfen Sie einen erfrischenden Cocktail auf der <b>Sonnenterrasse im 7. Stock<\/b>, w\u00e4hrend sich unser Team von <b>qualifizierten Animateuren <\/b>um Ihre <b>Kinder von 3 bis 10<\/b>Jahren k\u00fcmmert und die Aktivit\u00e4ten und Spiele nach Altersgruppen aufteilt. Oder nehmen Sie sich Zeit f\u00fcr ein Bad im <b>Pool und <\/b>verweilen Sie in dem mit Liegest\u00fchlen und Sonnenschirmen <b>ausgestatteten Bereich<\/b>. Au\u00dferdem gibt es den <b>Baby-Beach<\/b>,<b> einen 30-40 cm tiefen kleinen Strand mit Wasserspielen<\/b> f\u00fcr die Kleinsten von 0 bis 4 Jahren, sowie einen <b>Pool, in dem Kinder unter Ihrer Aufsicht sicher schwimmen k\u00f6nnen<\/b>.<\/p>\n\n\n\n<p>Auch bei Tisch geht der Spa\u00df weiter: Im <b>Babyrestaurant \u201eGiovani Marmotte\u201c (F\u00e4hnlein Fieselschweif)<\/b> <b>essen die kleinen Urlauber gemeinsam mit den Animateuren<\/b> und ihren neuen Urlaubsbekanntschaften. So k\u00f6nnen sie gleich nach den Mahlzeiten auf dem Spielplatz, auf Trampolinen, H\u00fcpfburgen oder beim Tischfu\u00dfball spielen oder sich an der Play Station gegenseitig herausfordern. Auf diese Weise k\u00f6nnen Sie das Mittag- und Abendessen in Ruhe genie\u00dfen.<\/p>\n\n\n\n<p>Wenn Sie Kinder in der <b>Abstillphase<\/b> haben, finden Sie <b>im Speisesaal alles, was Sie brauchen<\/b>: P\u00fcrees, Br\u00fchen, Babynahrung, Geb\u00e4ck, zubereitet von unseren K\u00f6chen und serviert von unseren Kellnern. Sie k\u00f6nnen sich auch selbst bedienen.<\/p>\n\n\n\n<p>Die Sauberkeit war schon immer ein gro\u00dfer Pluspunkt des Hotels. Wir desinfizieren die Lobby, die K\u00fcche, den Speisesaal und bei Ihrer Ankunft finden Sie auch Ihr <b>mit Ozon desinfiziertes Zimmer<\/b> vor, das mit allem Notwendigen f\u00fcr Ihre Kinder ausgestattet ist, wie z.B. einem Wickeltisch, einer Babybadewanne, einem Flaschenw\u00e4rmer, einem Kinderbett und einem Rausfallschutz.<\/p>\n","protected":false},"excerpt":{"rendered":"<p>Wir befinden uns in Lido di Camaiore, an der bezaubernden K\u00fcste der Versilia, nur 100 Meter vom Strand entfernt. Bei uns im Hotel Eur sind es die g\u00fcnstige Lage, das gro\u00dfz\u00fcgige Platzangebot f\u00fcr Ihre Familie und die vielen Aufmerksamkeiten, mit denen wir Sie empfangen, die Ihren Urlaub einzigartig und erholsam machen. Genie\u00dfen Sie einen erfrischenden &hellip;<\/p>\n","protected":false},"author":59,"featured_media":0,"parent":94,"menu_order":0,"comment_status":"closed","ping_status":"closed","template":"page-templates\/scheda_hotel.php","meta":{"_acf_changed":false,"inline_featured_image":false,"footnotes":""},"class_list":["post-4427","page","type-page","status-publish","hentry"],"acf":[],"yoast_head":"<!-- This site is optimized with the Yoast SEO plugin v27.1 - https:\/\/yoast.com\/product\/yoast-seo-wordpress\/ -->\n<title>Hotel Eur, 3 Sterne, Lido di Camaiore<\/title>\n<meta name=\"description\" content=\"Lust auf Urlaub mit Ihrer Familie? Entdecken Sie die Familienangebote im Hotel Eur in Lido di Camaiore\" \/>\n<meta name=\"robots\" content=\"index, follow, max-snippet:-1, max-image-preview:large, max-video-preview:-1\" \/>\n<link rel=\"canonical\" href=\"https:\/\/www.italyfamilyhotels.it\/de\/family-hotels\/hotel-eur-lido-di-camaiore\" \/>\n<meta property=\"og:locale\" content=\"de_DE\" \/>\n<meta property=\"og:type\" content=\"article\" \/>\n<meta property=\"og:title\" content=\"Hotel Eur, 3 Sterne, Lido di Camaiore\" \/>\n<meta property=\"og:description\" content=\"Lust auf Urlaub mit Ihrer Familie? Entdecken Sie die Familienangebote im Hotel Eur in Lido di Camaiore\" \/>\n<meta property=\"og:url\" content=\"https:\/\/www.italyfamilyhotels.it\/de\/family-hotels\/hotel-eur-lido-di-camaiore\" \/>\n<meta property=\"og:site_name\" content=\"Italy Family Hotels\" \/>\n<meta property=\"article:publisher\" content=\"https:\/\/www.facebook.com\/ItalyFamilyHotels\/\" \/>\n<meta property=\"article:modified_time\" content=\"2023-02-01T14:12:13+00:00\" \/>\n<meta name=\"twitter:card\" content=\"summary_large_image\" \/>\n<meta name=\"twitter:label1\" content=\"Gesch\u00e4tzte Lesezeit\" \/>\n\t<meta name=\"twitter:data1\" content=\"1\u00a0Minute\" \/>\n<script type=\"application\/ld+json\" class=\"yoast-schema-graph\">{\"@context\":\"https:\/\/schema.org\",\"@graph\":[{\"@type\":\"WebPage\",\"@id\":\"https:\/\/www.italyfamilyhotels.it\/de\/family-hotels\/hotel-eur-lido-di-camaiore\",\"url\":\"https:\/\/www.italyfamilyhotels.it\/de\/family-hotels\/hotel-eur-lido-di-camaiore\",\"name\":\"Hotel Eur, 3 Sterne, Lido di Camaiore\",\"isPartOf\":{\"@id\":\"https:\/\/www.italyfamilyhotels.it\/#website\"},\"datePublished\":\"2022-03-14T11:37:51+00:00\",\"dateModified\":\"2023-02-01T14:12:13+00:00\",\"description\":\"Lust auf Urlaub mit Ihrer Familie? Entdecken Sie die Familienangebote im Hotel Eur in Lido di Camaiore\",\"breadcrumb\":{\"@id\":\"https:\/\/www.italyfamilyhotels.it\/de\/family-hotels\/hotel-eur-lido-di-camaiore#breadcrumb\"},\"inLanguage\":\"de\",\"potentialAction\":[{\"@type\":\"ReadAction\",\"target\":[\"https:\/\/www.italyfamilyhotels.it\/de\/family-hotels\/hotel-eur-lido-di-camaiore\"]}]},{\"@type\":\"BreadcrumbList\",\"@id\":\"https:\/\/www.italyfamilyhotels.it\/de\/family-hotels\/hotel-eur-lido-di-camaiore#breadcrumb\",\"itemListElement\":[{\"@type\":\"ListItem\",\"position\":1,\"name\":\"Home\",\"item\":\"https:\/\/www.italyfamilyhotels.it\/de\"},{\"@type\":\"ListItem\",\"position\":2,\"name\":\"Family Hotels\",\"item\":\"https:\/\/www.italyfamilyhotels.it\/de\/family-hotels\"},{\"@type\":\"ListItem\",\"position\":3,\"name\":\"Hotel Eur\"}]},{\"@type\":\"WebSite\",\"@id\":\"https:\/\/www.italyfamilyhotels.it\/#website\",\"url\":\"https:\/\/www.italyfamilyhotels.it\/\",\"name\":\"Italy Family Hotels\",\"description\":\"\",\"potentialAction\":[{\"@type\":\"SearchAction\",\"target\":{\"@type\":\"EntryPoint\",\"urlTemplate\":\"https:\/\/www.italyfamilyhotels.it\/?s={search_term_string}\"},\"query-input\":{\"@type\":\"PropertyValueSpecification\",\"valueRequired\":true,\"valueName\":\"search_term_string\"}}],\"inLanguage\":\"de\"}]}<\/script>\n<!-- \/ Yoast SEO plugin. -->","yoast_head_json":{"title":"Hotel Eur, 3 Sterne, Lido di Camaiore","description":"Lust auf Urlaub mit Ihrer Familie? Entdecken Sie die Familienangebote im Hotel Eur in Lido di Camaiore","robots":{"index":"index","follow":"follow","max-snippet":"max-snippet:-1","max-image-preview":"max-image-preview:large","max-video-preview":"max-video-preview:-1"},"canonical":"https:\/\/www.italyfamilyhotels.it\/de\/family-hotels\/hotel-eur-lido-di-camaiore","og_locale":"de_DE","og_type":"article","og_title":"Hotel Eur, 3 Sterne, Lido di Camaiore","og_description":"Lust auf Urlaub mit Ihrer Familie? Entdecken Sie die Familienangebote im Hotel Eur in Lido di Camaiore","og_url":"https:\/\/www.italyfamilyhotels.it\/de\/family-hotels\/hotel-eur-lido-di-camaiore","og_site_name":"Italy Family Hotels","article_publisher":"https:\/\/www.facebook.com\/ItalyFamilyHotels\/","article_modified_time":"2023-02-01T14:12:13+00:00","twitter_card":"summary_large_image","twitter_misc":{"Gesch\u00e4tzte Lesezeit":"1\u00a0Minute"},"schema":{"@context":"https:\/\/schema.org","@graph":[{"@type":"WebPage","@id":"https:\/\/www.italyfamilyhotels.it\/de\/family-hotels\/hotel-eur-lido-di-camaiore","url":"https:\/\/www.italyfamilyhotels.it\/de\/family-hotels\/hotel-eur-lido-di-camaiore","name":"Hotel Eur, 3 Sterne, Lido di Camaiore","isPartOf":{"@id":"https:\/\/www.italyfamilyhotels.it\/#website"},"datePublished":"2022-03-14T11:37:51+00:00","dateModified":"2023-02-01T14:12:13+00:00","description":"Lust auf Urlaub mit Ihrer Familie? Entdecken Sie die Familienangebote im Hotel Eur in Lido di Camaiore","breadcrumb":{"@id":"https:\/\/www.italyfamilyhotels.it\/de\/family-hotels\/hotel-eur-lido-di-camaiore#breadcrumb"},"inLanguage":"de","potentialAction":[{"@type":"ReadAction","target":["https:\/\/www.italyfamilyhotels.it\/de\/family-hotels\/hotel-eur-lido-di-camaiore"]}]},{"@type":"BreadcrumbList","@id":"https:\/\/www.italyfamilyhotels.it\/de\/family-hotels\/hotel-eur-lido-di-camaiore#breadcrumb","itemListElement":[{"@type":"ListItem","position":1,"name":"Home","item":"https:\/\/www.italyfamilyhotels.it\/de"},{"@type":"ListItem","position":2,"name":"Family Hotels","item":"https:\/\/www.italyfamilyhotels.it\/de\/family-hotels"},{"@type":"ListItem","position":3,"name":"Hotel Eur"}]},{"@type":"WebSite","@id":"https:\/\/www.italyfamilyhotels.it\/#website","url":"https:\/\/www.italyfamilyhotels.it\/","name":"Italy Family Hotels","description":"","potentialAction":[{"@type":"SearchAction","target":{"@type":"EntryPoint","urlTemplate":"https:\/\/www.italyfamilyhotels.it\/?s={search_term_string}"},"query-input":{"@type":"PropertyValueSpecification","valueRequired":true,"valueName":"search_term_string"}}],"inLanguage":"de"}]}},"_links":{"self":[{"href":"https:\/\/www.italyfamilyhotels.it\/de\/wp-json\/wp\/v2\/pages\/4427","targetHints":{"allow":["GET"]}}],"collection":[{"href":"https:\/\/www.italyfamilyhotels.it\/de\/wp-json\/wp\/v2\/pages"}],"about":[{"href":"https:\/\/www.italyfamilyhotels.it\/de\/wp-json\/wp\/v2\/types\/page"}],"author":[{"embeddable":true,"href":"https:\/\/www.italyfamilyhotels.it\/de\/wp-json\/wp\/v2\/users\/59"}],"replies":[{"embeddable":true,"href":"https:\/\/www.italyfamilyhotels.it\/de\/wp-json\/wp\/v2\/comments?post=4427"}],"version-history":[{"count":7,"href":"https:\/\/www.italyfamilyhotels.it\/de\/wp-json\/wp\/v2\/pages\/4427\/revisions"}],"predecessor-version":[{"id":45124,"href":"https:\/\/www.italyfamilyhotels.it\/de\/wp-json\/wp\/v2\/pages\/4427\/revisions\/45124"}],"up":[{"embeddable":true,"href":"https:\/\/www.italyfamilyhotels.it\/de\/wp-json\/wp\/v2\/pages\/94"}],"wp:attachment":[{"href":"https:\/\/www.italyfamilyhotels.it\/de\/wp-json\/wp\/v2\/media?parent=4427"}],"curies":[{"name":"wp","href":"https:\/\/api.w.org\/{rel}","templated":true}]}}