{"id":4412,"date":"2022-03-14T12:37:49","date_gmt":"2022-03-14T11:37:49","guid":{"rendered":"https:\/\/www.italyfamilyhotels.it\/family-hotels\/hotel-san-michele"},"modified":"2022-07-07T10:36:43","modified_gmt":"2022-07-07T08:36:43","slug":"hotel-san-michele-bibione","status":"publish","type":"page","link":"https:\/\/www.italyfamilyhotels.it\/de\/family-hotels\/hotel-san-michele-bibione","title":{"rendered":"Hotel San Michele"},"content":{"rendered":"\n<p>Das <b>Hotel San Michele<\/b> ist <b>von See-Kiefern umgeben<\/b>. Gegen\u00fcber seiner Eingangst\u00fcr, ein paar Schritte entfernt, wartet schon der <b>endlos lange goldene Sandstrand von Bibione auf Euch. <\/b>Das <b>lebhafte Zentrum<\/b> des beliebten Urlaubsorts an der oberen Adria ist auch<b> nicht weit entfernt. <\/b>Hier bei uns k\u00f6nnt Ihr im <b>Wellness-Center<\/b> die Wohltaten von <b>Unterwassermassage, Erlebnisdusche, Biosauna und T\u00fcrkischem Bad<\/b> genie\u00dfen oder auf der <b>gro\u00dfen (Sonnen-) Terrasse am Schwimmbad<\/b> entspannen, die sich am Abend in ein Theater unter dem Sternenhimmel verwandelt, mit Gala-Dinner und Veranstaltungen.<\/p>\n\n\n\n<p>Wir k\u00fcmmern uns um <b>Euer Kind \/ Eure Kinder jeden Alters<\/b> und organisieren jeden Tag <b>vergn\u00fcgliche Aktivit\u00e4ten, Spiele, Sport-Turniere.<\/b><\/p>\n\n\n\n<p>Das <b>ganzj\u00e4hrig beheizte Schwimmbad<\/b> des Hotels hat auch einen<b> flachen Baby-Pool<\/b> mit einer <b>Wasserkaskade<\/b>, wo die Kleinen herrlich planschen k\u00f6nnen. Wenn Ihr Euren Kinder einen &#8220;traumhaften&#8221; Urlaub schenken wollt, k\u00f6nnt Ihr zum Schlafen ein <b>Themen-Zimmer<\/b> w\u00e4hlen, das sie auf <b>die Schatzinsel<\/b> oder auf <b>ein Piratenschiff<\/b> versetzt!<\/p>\n\n\n\n<p><b>Tafelfreuden <\/b>sind ein weiteres wichtiges Element Eures Urlaubs bei uns. Im ger\u00e4umigen, lichtdurchfluteten Speisesaal erwarten Euch<b> echte kulinarische Erlebnisse mit Original-Rezepten<\/b>, italienischen Spezialit\u00e4ten, den Bed\u00fcrfnissen von Kindern entprechenden Gerichten, <b>spezifischen Mahlzeiten f\u00fcr von Z\u00f6liakie und Unvertr\u00e4glichkeiten Betroffene. <\/b>Vorzugsweise verwenden wir <b>Bio-Produkte von lokalen Erzeugern.<\/b><\/p>\n\n\n\n<p>Ein  <b>Ausflugsprogramm <\/b>erschlie\u00dft Euch die Sch\u00f6nheit unserer Landschaft, der <b>Lagune<\/b>, der <b>&#8220;Valli&#8221;<\/b> (Flachwasser-Fl\u00e4chen), der <b>hundertj\u00e4hrigen W\u00e4lder<\/b>.<\/p>\n","protected":false},"excerpt":{"rendered":"<p>Das Hotel San Michele ist von See-Kiefern umgeben. Gegen\u00fcber seiner Eingangst\u00fcr, ein paar Schritte entfernt, wartet schon der endlos lange goldene Sandstrand von Bibione auf Euch. Das lebhafte Zentrum des beliebten Urlaubsorts an der oberen Adria ist auch nicht weit entfernt. Hier bei uns k\u00f6nnt Ihr im Wellness-Center die Wohltaten von Unterwassermassage, Erlebnisdusche, Biosauna und &hellip;<\/p>\n","protected":false},"author":111,"featured_media":0,"parent":94,"menu_order":0,"comment_status":"closed","ping_status":"closed","template":"page-templates\/scheda_hotel.php","meta":{"_acf_changed":false,"inline_featured_image":false,"footnotes":""},"class_list":["post-4412","page","type-page","status-publish","hentry"],"acf":[],"yoast_head":"<!-- This site is optimized with the Yoast SEO plugin v27.1 - https:\/\/yoast.com\/product\/yoast-seo-wordpress\/ -->\n<title>4-Sterne-Hotel San Michele, Bibione<\/title>\n<meta name=\"description\" content=\"Lust auf Urlaub mit Deiner Familie? Sieh Dir die Familien-Angebote des Hotel San Michele in Bibione an!\" \/>\n<meta name=\"robots\" content=\"index, follow, max-snippet:-1, max-image-preview:large, max-video-preview:-1\" \/>\n<link rel=\"canonical\" href=\"https:\/\/www.italyfamilyhotels.it\/de\/family-hotels\/hotel-san-michele-bibione\" \/>\n<meta property=\"og:locale\" content=\"de_DE\" \/>\n<meta property=\"og:type\" content=\"article\" \/>\n<meta property=\"og:title\" content=\"4-Sterne-Hotel San Michele, Bibione\" \/>\n<meta property=\"og:description\" content=\"Lust auf Urlaub mit Deiner Familie? Sieh Dir die Familien-Angebote des Hotel San Michele in Bibione an!\" \/>\n<meta property=\"og:url\" content=\"https:\/\/www.italyfamilyhotels.it\/de\/family-hotels\/hotel-san-michele-bibione\" \/>\n<meta property=\"og:site_name\" content=\"Italy Family Hotels\" \/>\n<meta property=\"article:publisher\" content=\"https:\/\/www.facebook.com\/ItalyFamilyHotels\/\" \/>\n<meta property=\"article:modified_time\" content=\"2022-07-07T08:36:43+00:00\" \/>\n<meta name=\"twitter:card\" content=\"summary_large_image\" \/>\n<meta name=\"twitter:label1\" content=\"Gesch\u00e4tzte Lesezeit\" \/>\n\t<meta name=\"twitter:data1\" content=\"2\u00a0Minuten\" \/>\n<script type=\"application\/ld+json\" class=\"yoast-schema-graph\">{\"@context\":\"https:\/\/schema.org\",\"@graph\":[{\"@type\":\"WebPage\",\"@id\":\"https:\/\/www.italyfamilyhotels.it\/de\/family-hotels\/hotel-san-michele-bibione\",\"url\":\"https:\/\/www.italyfamilyhotels.it\/de\/family-hotels\/hotel-san-michele-bibione\",\"name\":\"4-Sterne-Hotel San Michele, Bibione\",\"isPartOf\":{\"@id\":\"https:\/\/www.italyfamilyhotels.it\/#website\"},\"datePublished\":\"2022-03-14T11:37:49+00:00\",\"dateModified\":\"2022-07-07T08:36:43+00:00\",\"description\":\"Lust auf Urlaub mit Deiner Familie? Sieh Dir die Familien-Angebote des Hotel San Michele in Bibione an!\",\"breadcrumb\":{\"@id\":\"https:\/\/www.italyfamilyhotels.it\/de\/family-hotels\/hotel-san-michele-bibione#breadcrumb\"},\"inLanguage\":\"de\",\"potentialAction\":[{\"@type\":\"ReadAction\",\"target\":[\"https:\/\/www.italyfamilyhotels.it\/de\/family-hotels\/hotel-san-michele-bibione\"]}]},{\"@type\":\"BreadcrumbList\",\"@id\":\"https:\/\/www.italyfamilyhotels.it\/de\/family-hotels\/hotel-san-michele-bibione#breadcrumb\",\"itemListElement\":[{\"@type\":\"ListItem\",\"position\":1,\"name\":\"Home\",\"item\":\"https:\/\/www.italyfamilyhotels.it\/de\"},{\"@type\":\"ListItem\",\"position\":2,\"name\":\"Family Hotels\",\"item\":\"https:\/\/www.italyfamilyhotels.it\/de\/family-hotels\"},{\"@type\":\"ListItem\",\"position\":3,\"name\":\"Hotel San Michele\"}]},{\"@type\":\"WebSite\",\"@id\":\"https:\/\/www.italyfamilyhotels.it\/#website\",\"url\":\"https:\/\/www.italyfamilyhotels.it\/\",\"name\":\"Italy Family Hotels\",\"description\":\"\",\"potentialAction\":[{\"@type\":\"SearchAction\",\"target\":{\"@type\":\"EntryPoint\",\"urlTemplate\":\"https:\/\/www.italyfamilyhotels.it\/?s={search_term_string}\"},\"query-input\":{\"@type\":\"PropertyValueSpecification\",\"valueRequired\":true,\"valueName\":\"search_term_string\"}}],\"inLanguage\":\"de\"}]}<\/script>\n<!-- \/ Yoast SEO plugin. -->","yoast_head_json":{"title":"4-Sterne-Hotel San Michele, Bibione","description":"Lust auf Urlaub mit Deiner Familie? Sieh Dir die Familien-Angebote des Hotel San Michele in Bibione an!","robots":{"index":"index","follow":"follow","max-snippet":"max-snippet:-1","max-image-preview":"max-image-preview:large","max-video-preview":"max-video-preview:-1"},"canonical":"https:\/\/www.italyfamilyhotels.it\/de\/family-hotels\/hotel-san-michele-bibione","og_locale":"de_DE","og_type":"article","og_title":"4-Sterne-Hotel San Michele, Bibione","og_description":"Lust auf Urlaub mit Deiner Familie? Sieh Dir die Familien-Angebote des Hotel San Michele in Bibione an!","og_url":"https:\/\/www.italyfamilyhotels.it\/de\/family-hotels\/hotel-san-michele-bibione","og_site_name":"Italy Family Hotels","article_publisher":"https:\/\/www.facebook.com\/ItalyFamilyHotels\/","article_modified_time":"2022-07-07T08:36:43+00:00","twitter_card":"summary_large_image","twitter_misc":{"Gesch\u00e4tzte Lesezeit":"2\u00a0Minuten"},"schema":{"@context":"https:\/\/schema.org","@graph":[{"@type":"WebPage","@id":"https:\/\/www.italyfamilyhotels.it\/de\/family-hotels\/hotel-san-michele-bibione","url":"https:\/\/www.italyfamilyhotels.it\/de\/family-hotels\/hotel-san-michele-bibione","name":"4-Sterne-Hotel San Michele, Bibione","isPartOf":{"@id":"https:\/\/www.italyfamilyhotels.it\/#website"},"datePublished":"2022-03-14T11:37:49+00:00","dateModified":"2022-07-07T08:36:43+00:00","description":"Lust auf Urlaub mit Deiner Familie? Sieh Dir die Familien-Angebote des Hotel San Michele in Bibione an!","breadcrumb":{"@id":"https:\/\/www.italyfamilyhotels.it\/de\/family-hotels\/hotel-san-michele-bibione#breadcrumb"},"inLanguage":"de","potentialAction":[{"@type":"ReadAction","target":["https:\/\/www.italyfamilyhotels.it\/de\/family-hotels\/hotel-san-michele-bibione"]}]},{"@type":"BreadcrumbList","@id":"https:\/\/www.italyfamilyhotels.it\/de\/family-hotels\/hotel-san-michele-bibione#breadcrumb","itemListElement":[{"@type":"ListItem","position":1,"name":"Home","item":"https:\/\/www.italyfamilyhotels.it\/de"},{"@type":"ListItem","position":2,"name":"Family Hotels","item":"https:\/\/www.italyfamilyhotels.it\/de\/family-hotels"},{"@type":"ListItem","position":3,"name":"Hotel San Michele"}]},{"@type":"WebSite","@id":"https:\/\/www.italyfamilyhotels.it\/#website","url":"https:\/\/www.italyfamilyhotels.it\/","name":"Italy Family Hotels","description":"","potentialAction":[{"@type":"SearchAction","target":{"@type":"EntryPoint","urlTemplate":"https:\/\/www.italyfamilyhotels.it\/?s={search_term_string}"},"query-input":{"@type":"PropertyValueSpecification","valueRequired":true,"valueName":"search_term_string"}}],"inLanguage":"de"}]}},"_links":{"self":[{"href":"https:\/\/www.italyfamilyhotels.it\/de\/wp-json\/wp\/v2\/pages\/4412","targetHints":{"allow":["GET"]}}],"collection":[{"href":"https:\/\/www.italyfamilyhotels.it\/de\/wp-json\/wp\/v2\/pages"}],"about":[{"href":"https:\/\/www.italyfamilyhotels.it\/de\/wp-json\/wp\/v2\/types\/page"}],"author":[{"embeddable":true,"href":"https:\/\/www.italyfamilyhotels.it\/de\/wp-json\/wp\/v2\/users\/111"}],"replies":[{"embeddable":true,"href":"https:\/\/www.italyfamilyhotels.it\/de\/wp-json\/wp\/v2\/comments?post=4412"}],"version-history":[{"count":7,"href":"https:\/\/www.italyfamilyhotels.it\/de\/wp-json\/wp\/v2\/pages\/4412\/revisions"}],"predecessor-version":[{"id":38560,"href":"https:\/\/www.italyfamilyhotels.it\/de\/wp-json\/wp\/v2\/pages\/4412\/revisions\/38560"}],"up":[{"embeddable":true,"href":"https:\/\/www.italyfamilyhotels.it\/de\/wp-json\/wp\/v2\/pages\/94"}],"wp:attachment":[{"href":"https:\/\/www.italyfamilyhotels.it\/de\/wp-json\/wp\/v2\/media?parent=4412"}],"curies":[{"name":"wp","href":"https:\/\/api.w.org\/{rel}","templated":true}]}}