{"id":4407,"date":"2022-03-14T12:37:48","date_gmt":"2022-03-14T11:37:48","guid":{"rendered":"https:\/\/www.italyfamilyhotels.it\/family-hotels\/hotel-la-baia"},"modified":"2024-12-09T13:10:19","modified_gmt":"2024-12-09T12:10:19","slug":"hotel-la-baia-diano-marina","status":"publish","type":"page","link":"https:\/\/www.italyfamilyhotels.it\/de\/family-hotels\/hotel-la-baia-diano-marina","title":{"rendered":"Hotel La Baia"},"content":{"rendered":"\n<p>F\u00fcr uns sind Kinder im Hotel wie Schlagsahne auf dem Eis. Im <b>Hotel La Baia in Diano Marina <\/b>m\u00f6chten wir sie nicht vermissen: wir sind selbst Mutter und Vater und hei\u00dfen andere Eltern und ihre kleinen Sch\u00e4tze willkommen. Sagen wir es: wir sind mehr Tante und Onkel als Hoteliers.<\/p>\n\n\n\n<p><\/p>\n\n\n\n<p>La Baia ist ein guter Hafen f\u00fcr Euren <b>Familienurlaub in Ligurien,<\/b> direkt an einem <b>kleinen, abgeschirmten Privatstrand.<\/b> Die Kinder <b>spielen dort in einem sicheren Umfeld mit den Animateur*innen<\/b>, auch in der <b>umz\u00e4unten Spielzone<\/b> \u2013 Entspannt Euch!<\/p>\n\n\n\n<p><\/p>\n\n\n\n<p>Den Kleinen wird es garantiert nicht langweilig. Mehr als Animation: die <b>Insel von Jack Surf , <\/b>eine kunterbunte Spielzone, ist die B\u00fchne, auf der die Kinder die Stars sind. Sie ist in Bereiche gegliedert, die den verschiedenen Bed\u00fcrfnissen von Kleineren und Gr\u00f6\u00dferen gerecht werden. Unsere <b>Maskottchen Jack Surf<\/b> und <b>Tippy <\/b>organisieren zusammen mit dem Animationsteam Spiele, Shows, Baby-Aperitife, Mini-Olympiaden, thematische Feste, kreative Arbeiten und gemeinsame Imbisse.<\/p>\n\n\n\n<p><\/p>\n\n\n\n<p>An Platz herrscht kein Mangel. Ein<b> ganz neuer Spielplatz im Freien<\/b> ist mit Fallschutzmatten,  Baby-Insel, Trampolin, Tischtennisplatte und Kicker ausger\u00fcstet. Auch ein <b>gro\u00dfer beschatteter Tisch<\/b> zum gemeinsamen Arbeiten und Essen im Freien ist da.<\/p>\n\n\n\n<p><\/p>\n\n\n\n<p>D<b>ie Verpflegung im Hotel La Baia ist f\u00fcr Familien gemacht und organisiert.<\/b> Nicht die Sterne von Michelin strahlen, sondern die Augen von gro\u00dfen und kleinen Essern, wenn sie die Werke unseres K\u00fcchenchefs kosten; <b>traditionelle ligurische Gerichte<\/b> statt Hotelkost, aus <b>hervorragenden Produkten<\/b>, auch Bio. Die Kinder essen im <b>Baby Ristorante Aloha<\/b> oder am Riesentisch im Freien. Und wenn Euer kleines Kind Euch nicht zu Ende essen lassen will, <b>springen unsere lieben Babysitterinnen ein.<\/b><\/p>\n\n\n\n<p>Wenn es Zeit ist, ins Bett zu gehen, <b>findet ihr im Zimmer alles, was eine Familie braucht.<\/b><\/p>\n\n\n\n<p>Eurem Auto geht es auch gut: <b>sicherer reservierter Parkplatz im Preis enthalten.<\/b><\/p>\n\n\n\n<p>Entspanne Dich &#8230;  Du bist in La Baia!<\/p>\n","protected":false},"excerpt":{"rendered":"<p>F\u00fcr uns sind Kinder im Hotel wie Schlagsahne auf dem Eis. Im Hotel La Baia in Diano Marina m\u00f6chten wir sie nicht vermissen: wir sind selbst Mutter und Vater und hei\u00dfen andere Eltern und ihre kleinen Sch\u00e4tze willkommen. Sagen wir es: wir sind mehr Tante und Onkel als Hoteliers. La Baia ist ein guter Hafen &hellip;<\/p>\n","protected":false},"author":72,"featured_media":0,"parent":94,"menu_order":0,"comment_status":"closed","ping_status":"closed","template":"page-templates\/scheda_hotel.php","meta":{"_acf_changed":false,"inline_featured_image":false,"footnotes":""},"class_list":["post-4407","page","type-page","status-publish","hentry"],"acf":[],"yoast_head":"<!-- This site is optimized with the Yoast SEO plugin v27.1 - https:\/\/yoast.com\/product\/yoast-seo-wordpress\/ -->\n<title>Hotel La Baia 3-Sterne, Diano Marina<\/title>\n<meta name=\"description\" content=\"Lust auf Familienurlaub? Entdecken Sie die Familienangebote f\u00fcr Hotel La Baia in Diano Marina\" \/>\n<meta name=\"robots\" content=\"index, follow, max-snippet:-1, max-image-preview:large, max-video-preview:-1\" \/>\n<link rel=\"canonical\" href=\"https:\/\/www.italyfamilyhotels.it\/de\/family-hotels\/hotel-la-baia-diano-marina\" \/>\n<meta property=\"og:locale\" content=\"de_DE\" \/>\n<meta property=\"og:type\" content=\"article\" \/>\n<meta property=\"og:title\" content=\"Hotel La Baia 3-Sterne, Diano Marina\" \/>\n<meta property=\"og:description\" content=\"Lust auf Familienurlaub? Entdecken Sie die Familienangebote f\u00fcr Hotel La Baia in Diano Marina\" \/>\n<meta property=\"og:url\" content=\"https:\/\/www.italyfamilyhotels.it\/de\/family-hotels\/hotel-la-baia-diano-marina\" \/>\n<meta property=\"og:site_name\" content=\"Italy Family Hotels\" \/>\n<meta property=\"article:publisher\" content=\"https:\/\/www.facebook.com\/ItalyFamilyHotels\/\" \/>\n<meta property=\"article:modified_time\" content=\"2024-12-09T12:10:19+00:00\" \/>\n<meta name=\"twitter:card\" content=\"summary_large_image\" \/>\n<meta name=\"twitter:label1\" content=\"Gesch\u00e4tzte Lesezeit\" \/>\n\t<meta name=\"twitter:data1\" content=\"3\u00a0Minuten\" \/>\n<script type=\"application\/ld+json\" class=\"yoast-schema-graph\">{\"@context\":\"https:\/\/schema.org\",\"@graph\":[{\"@type\":\"WebPage\",\"@id\":\"https:\/\/www.italyfamilyhotels.it\/de\/family-hotels\/hotel-la-baia-diano-marina\",\"url\":\"https:\/\/www.italyfamilyhotels.it\/de\/family-hotels\/hotel-la-baia-diano-marina\",\"name\":\"Hotel La Baia 3-Sterne, Diano Marina\",\"isPartOf\":{\"@id\":\"https:\/\/www.italyfamilyhotels.it\/#website\"},\"datePublished\":\"2022-03-14T11:37:48+00:00\",\"dateModified\":\"2024-12-09T12:10:19+00:00\",\"description\":\"Lust auf Familienurlaub? Entdecken Sie die Familienangebote f\u00fcr Hotel La Baia in Diano Marina\",\"breadcrumb\":{\"@id\":\"https:\/\/www.italyfamilyhotels.it\/de\/family-hotels\/hotel-la-baia-diano-marina#breadcrumb\"},\"inLanguage\":\"de\",\"potentialAction\":[{\"@type\":\"ReadAction\",\"target\":[\"https:\/\/www.italyfamilyhotels.it\/de\/family-hotels\/hotel-la-baia-diano-marina\"]}]},{\"@type\":\"BreadcrumbList\",\"@id\":\"https:\/\/www.italyfamilyhotels.it\/de\/family-hotels\/hotel-la-baia-diano-marina#breadcrumb\",\"itemListElement\":[{\"@type\":\"ListItem\",\"position\":1,\"name\":\"Home\",\"item\":\"https:\/\/www.italyfamilyhotels.it\/de\"},{\"@type\":\"ListItem\",\"position\":2,\"name\":\"Family Hotels\",\"item\":\"https:\/\/www.italyfamilyhotels.it\/de\/family-hotels\"},{\"@type\":\"ListItem\",\"position\":3,\"name\":\"Hotel La Baia\"}]},{\"@type\":\"WebSite\",\"@id\":\"https:\/\/www.italyfamilyhotels.it\/#website\",\"url\":\"https:\/\/www.italyfamilyhotels.it\/\",\"name\":\"Italy Family Hotels\",\"description\":\"\",\"potentialAction\":[{\"@type\":\"SearchAction\",\"target\":{\"@type\":\"EntryPoint\",\"urlTemplate\":\"https:\/\/www.italyfamilyhotels.it\/?s={search_term_string}\"},\"query-input\":{\"@type\":\"PropertyValueSpecification\",\"valueRequired\":true,\"valueName\":\"search_term_string\"}}],\"inLanguage\":\"de\"}]}<\/script>\n<!-- \/ Yoast SEO plugin. -->","yoast_head_json":{"title":"Hotel La Baia 3-Sterne, Diano Marina","description":"Lust auf Familienurlaub? Entdecken Sie die Familienangebote f\u00fcr Hotel La Baia in Diano Marina","robots":{"index":"index","follow":"follow","max-snippet":"max-snippet:-1","max-image-preview":"max-image-preview:large","max-video-preview":"max-video-preview:-1"},"canonical":"https:\/\/www.italyfamilyhotels.it\/de\/family-hotels\/hotel-la-baia-diano-marina","og_locale":"de_DE","og_type":"article","og_title":"Hotel La Baia 3-Sterne, Diano Marina","og_description":"Lust auf Familienurlaub? Entdecken Sie die Familienangebote f\u00fcr Hotel La Baia in Diano Marina","og_url":"https:\/\/www.italyfamilyhotels.it\/de\/family-hotels\/hotel-la-baia-diano-marina","og_site_name":"Italy Family Hotels","article_publisher":"https:\/\/www.facebook.com\/ItalyFamilyHotels\/","article_modified_time":"2024-12-09T12:10:19+00:00","twitter_card":"summary_large_image","twitter_misc":{"Gesch\u00e4tzte Lesezeit":"3\u00a0Minuten"},"schema":{"@context":"https:\/\/schema.org","@graph":[{"@type":"WebPage","@id":"https:\/\/www.italyfamilyhotels.it\/de\/family-hotels\/hotel-la-baia-diano-marina","url":"https:\/\/www.italyfamilyhotels.it\/de\/family-hotels\/hotel-la-baia-diano-marina","name":"Hotel La Baia 3-Sterne, Diano Marina","isPartOf":{"@id":"https:\/\/www.italyfamilyhotels.it\/#website"},"datePublished":"2022-03-14T11:37:48+00:00","dateModified":"2024-12-09T12:10:19+00:00","description":"Lust auf Familienurlaub? Entdecken Sie die Familienangebote f\u00fcr Hotel La Baia in Diano Marina","breadcrumb":{"@id":"https:\/\/www.italyfamilyhotels.it\/de\/family-hotels\/hotel-la-baia-diano-marina#breadcrumb"},"inLanguage":"de","potentialAction":[{"@type":"ReadAction","target":["https:\/\/www.italyfamilyhotels.it\/de\/family-hotels\/hotel-la-baia-diano-marina"]}]},{"@type":"BreadcrumbList","@id":"https:\/\/www.italyfamilyhotels.it\/de\/family-hotels\/hotel-la-baia-diano-marina#breadcrumb","itemListElement":[{"@type":"ListItem","position":1,"name":"Home","item":"https:\/\/www.italyfamilyhotels.it\/de"},{"@type":"ListItem","position":2,"name":"Family Hotels","item":"https:\/\/www.italyfamilyhotels.it\/de\/family-hotels"},{"@type":"ListItem","position":3,"name":"Hotel La Baia"}]},{"@type":"WebSite","@id":"https:\/\/www.italyfamilyhotels.it\/#website","url":"https:\/\/www.italyfamilyhotels.it\/","name":"Italy Family Hotels","description":"","potentialAction":[{"@type":"SearchAction","target":{"@type":"EntryPoint","urlTemplate":"https:\/\/www.italyfamilyhotels.it\/?s={search_term_string}"},"query-input":{"@type":"PropertyValueSpecification","valueRequired":true,"valueName":"search_term_string"}}],"inLanguage":"de"}]}},"_links":{"self":[{"href":"https:\/\/www.italyfamilyhotels.it\/de\/wp-json\/wp\/v2\/pages\/4407","targetHints":{"allow":["GET"]}}],"collection":[{"href":"https:\/\/www.italyfamilyhotels.it\/de\/wp-json\/wp\/v2\/pages"}],"about":[{"href":"https:\/\/www.italyfamilyhotels.it\/de\/wp-json\/wp\/v2\/types\/page"}],"author":[{"embeddable":true,"href":"https:\/\/www.italyfamilyhotels.it\/de\/wp-json\/wp\/v2\/users\/72"}],"replies":[{"embeddable":true,"href":"https:\/\/www.italyfamilyhotels.it\/de\/wp-json\/wp\/v2\/comments?post=4407"}],"version-history":[{"count":8,"href":"https:\/\/www.italyfamilyhotels.it\/de\/wp-json\/wp\/v2\/pages\/4407\/revisions"}],"predecessor-version":[{"id":62941,"href":"https:\/\/www.italyfamilyhotels.it\/de\/wp-json\/wp\/v2\/pages\/4407\/revisions\/62941"}],"up":[{"embeddable":true,"href":"https:\/\/www.italyfamilyhotels.it\/de\/wp-json\/wp\/v2\/pages\/94"}],"wp:attachment":[{"href":"https:\/\/www.italyfamilyhotels.it\/de\/wp-json\/wp\/v2\/media?parent=4407"}],"curies":[{"name":"wp","href":"https:\/\/api.w.org\/{rel}","templated":true}]}}