{"id":4402,"date":"2022-03-14T12:37:47","date_gmt":"2022-03-14T11:37:47","guid":{"rendered":"https:\/\/www.italyfamilyhotels.it\/family-hotels\/hotel-raffy"},"modified":"2025-01-28T16:15:28","modified_gmt":"2025-01-28T15:15:28","slug":"hotel-raffy-diano-marina","status":"publish","type":"page","link":"https:\/\/www.italyfamilyhotels.it\/de\/family-hotels\/hotel-raffy-diano-marina","title":{"rendered":"Hotel Raffy"},"content":{"rendered":"\n<p>Unser Hotel liegt in Ligurien, an der <b>Riviera dei Fiori<\/b>, der &#8220;Blumen-Riviera&#8221; voller Farben und D\u00fcfte. <b>F\u00fcr Kinder<\/b> ist der <b>Urlaub bei uns<\/b> wie ein <b>Traum<\/b>, sie spielen sorglos im <b>gro\u00dfen Schwimmbad <\/b>und haben jeden Tag neue aufregende Erlebnisse mit den Aktivit\u00e4ten, die die <b>Animation<\/b> f\u00fcr sie organisiert, <b>an 7 Tagen<\/b> <b>in der Woche<\/b>. Und erst der <b>Strand! <\/b>Wenige Schritte vom Hotel entfernt findet.<\/p>\n\n\n\n<p>Sicher wollt Ihr auch die sch\u00f6ne Umgebung erkunden; daf\u00fcr stellen wir Euch <b>Kinderwagen und Fahrr\u00e4der mit Kindersitzen<\/b> zur Verf\u00fcgung. Vielleicht k\u00f6nnen Sie diese Erfahrungen sogar mit Ihrem vierbeinigen Freund teilen, da <strong>Haustiere im Hotel willkommen sind<\/strong>.<\/p>\n\n\n\n<p>Jeden Tag verw\u00f6hnen wir Euch mit <b>liebevoll aus nat\u00fcrlichen Zutaten<\/b><\/p>\n\n\n\n<p><b>zubereiteten regionalen und internationalen Gerichten;<\/b> die Men\u00fcs sind einfallsreich und auch <b>kindertauglich. <\/b>Zum Imbiss gibt es hausgemachte Kuchen, S\u00e4fte und frisches Obst. <b>F\u00fcr die Zubereitung von Babynahrung<\/b> habt Ihr eine ausger\u00fcstete Ecke zur Verf\u00fcgung; die K\u00f6che helfen mit P\u00fcrees und Br\u00fche.<\/p>\n\n\n\n<p>Die <b>Zimmer<\/b> sind behagliche Nester, <b>Platzangebot und Ausstattung sind auf Familien mit Kindern zugeschnitten.<\/b><\/p>\n\n\n\n<p>Auf Wunsch stellen wir Kinderbettchen, Anti-Sturz-Bettgitter, Badew\u00e4nnchen, Wickeltisch, WC-Aufsatz, Nachtt\u00f6pfchen, Flaschenw\u00e4rmer und Nachtlicht zur Verf\u00fcgung, ohne zus\u00e4tzliche Kosten. Ihr k\u00f6nnt mit leichtem Gep\u00e4ck losfahren, aber vergesst das Lieblingsspielzeug Eures Kindes nicht!<\/p>\n","protected":false},"excerpt":{"rendered":"<p>Unser Hotel liegt in Ligurien, an der Riviera dei Fiori, der &#8220;Blumen-Riviera&#8221; voller Farben und D\u00fcfte. F\u00fcr Kinder ist der Urlaub bei uns wie ein Traum, sie spielen sorglos im gro\u00dfen Schwimmbad und haben jeden Tag neue aufregende Erlebnisse mit den Aktivit\u00e4ten, die die Animation f\u00fcr sie organisiert, an 7 Tagen in der Woche. Und &hellip;<\/p>\n","protected":false},"author":126,"featured_media":0,"parent":94,"menu_order":0,"comment_status":"closed","ping_status":"closed","template":"page-templates\/scheda_hotel.php","meta":{"_acf_changed":false,"inline_featured_image":false,"footnotes":""},"class_list":["post-4402","page","type-page","status-publish","hentry"],"acf":[],"yoast_head":"<!-- This site is optimized with the Yoast SEO plugin v27.1 - https:\/\/yoast.com\/product\/yoast-seo-wordpress\/ -->\n<title>Hotel Raffy 3-Sterne, Diano Marina<\/title>\n<meta name=\"description\" content=\"Lust auf Familienurlaub? Entdecken Sie die Familienangebote f\u00fcr Hotel Raffy in Diano Marina\" \/>\n<meta name=\"robots\" content=\"index, follow, max-snippet:-1, max-image-preview:large, max-video-preview:-1\" \/>\n<link rel=\"canonical\" href=\"https:\/\/www.italyfamilyhotels.it\/de\/family-hotels\/hotel-raffy-diano-marina\" \/>\n<meta property=\"og:locale\" content=\"de_DE\" \/>\n<meta property=\"og:type\" content=\"article\" \/>\n<meta property=\"og:title\" content=\"Hotel Raffy 3-Sterne, Diano Marina\" \/>\n<meta property=\"og:description\" content=\"Lust auf Familienurlaub? Entdecken Sie die Familienangebote f\u00fcr Hotel Raffy in Diano Marina\" \/>\n<meta property=\"og:url\" content=\"https:\/\/www.italyfamilyhotels.it\/de\/family-hotels\/hotel-raffy-diano-marina\" \/>\n<meta property=\"og:site_name\" content=\"Italy Family Hotels\" \/>\n<meta property=\"article:publisher\" content=\"https:\/\/www.facebook.com\/ItalyFamilyHotels\/\" \/>\n<meta property=\"article:modified_time\" content=\"2025-01-28T15:15:28+00:00\" \/>\n<meta name=\"twitter:card\" content=\"summary_large_image\" \/>\n<meta name=\"twitter:label1\" content=\"Gesch\u00e4tzte Lesezeit\" \/>\n\t<meta name=\"twitter:data1\" content=\"1\u00a0Minute\" \/>\n<script type=\"application\/ld+json\" class=\"yoast-schema-graph\">{\"@context\":\"https:\/\/schema.org\",\"@graph\":[{\"@type\":\"WebPage\",\"@id\":\"https:\/\/www.italyfamilyhotels.it\/de\/family-hotels\/hotel-raffy-diano-marina\",\"url\":\"https:\/\/www.italyfamilyhotels.it\/de\/family-hotels\/hotel-raffy-diano-marina\",\"name\":\"Hotel Raffy 3-Sterne, Diano Marina\",\"isPartOf\":{\"@id\":\"https:\/\/www.italyfamilyhotels.it\/#website\"},\"datePublished\":\"2022-03-14T11:37:47+00:00\",\"dateModified\":\"2025-01-28T15:15:28+00:00\",\"description\":\"Lust auf Familienurlaub? Entdecken Sie die Familienangebote f\u00fcr Hotel Raffy in Diano Marina\",\"breadcrumb\":{\"@id\":\"https:\/\/www.italyfamilyhotels.it\/de\/family-hotels\/hotel-raffy-diano-marina#breadcrumb\"},\"inLanguage\":\"de\",\"potentialAction\":[{\"@type\":\"ReadAction\",\"target\":[\"https:\/\/www.italyfamilyhotels.it\/de\/family-hotels\/hotel-raffy-diano-marina\"]}]},{\"@type\":\"BreadcrumbList\",\"@id\":\"https:\/\/www.italyfamilyhotels.it\/de\/family-hotels\/hotel-raffy-diano-marina#breadcrumb\",\"itemListElement\":[{\"@type\":\"ListItem\",\"position\":1,\"name\":\"Home\",\"item\":\"https:\/\/www.italyfamilyhotels.it\/de\"},{\"@type\":\"ListItem\",\"position\":2,\"name\":\"Family Hotels\",\"item\":\"https:\/\/www.italyfamilyhotels.it\/de\/family-hotels\"},{\"@type\":\"ListItem\",\"position\":3,\"name\":\"Hotel Raffy\"}]},{\"@type\":\"WebSite\",\"@id\":\"https:\/\/www.italyfamilyhotels.it\/#website\",\"url\":\"https:\/\/www.italyfamilyhotels.it\/\",\"name\":\"Italy Family Hotels\",\"description\":\"\",\"potentialAction\":[{\"@type\":\"SearchAction\",\"target\":{\"@type\":\"EntryPoint\",\"urlTemplate\":\"https:\/\/www.italyfamilyhotels.it\/?s={search_term_string}\"},\"query-input\":{\"@type\":\"PropertyValueSpecification\",\"valueRequired\":true,\"valueName\":\"search_term_string\"}}],\"inLanguage\":\"de\"}]}<\/script>\n<!-- \/ Yoast SEO plugin. -->","yoast_head_json":{"title":"Hotel Raffy 3-Sterne, Diano Marina","description":"Lust auf Familienurlaub? Entdecken Sie die Familienangebote f\u00fcr Hotel Raffy in Diano Marina","robots":{"index":"index","follow":"follow","max-snippet":"max-snippet:-1","max-image-preview":"max-image-preview:large","max-video-preview":"max-video-preview:-1"},"canonical":"https:\/\/www.italyfamilyhotels.it\/de\/family-hotels\/hotel-raffy-diano-marina","og_locale":"de_DE","og_type":"article","og_title":"Hotel Raffy 3-Sterne, Diano Marina","og_description":"Lust auf Familienurlaub? Entdecken Sie die Familienangebote f\u00fcr Hotel Raffy in Diano Marina","og_url":"https:\/\/www.italyfamilyhotels.it\/de\/family-hotels\/hotel-raffy-diano-marina","og_site_name":"Italy Family Hotels","article_publisher":"https:\/\/www.facebook.com\/ItalyFamilyHotels\/","article_modified_time":"2025-01-28T15:15:28+00:00","twitter_card":"summary_large_image","twitter_misc":{"Gesch\u00e4tzte Lesezeit":"1\u00a0Minute"},"schema":{"@context":"https:\/\/schema.org","@graph":[{"@type":"WebPage","@id":"https:\/\/www.italyfamilyhotels.it\/de\/family-hotels\/hotel-raffy-diano-marina","url":"https:\/\/www.italyfamilyhotels.it\/de\/family-hotels\/hotel-raffy-diano-marina","name":"Hotel Raffy 3-Sterne, Diano Marina","isPartOf":{"@id":"https:\/\/www.italyfamilyhotels.it\/#website"},"datePublished":"2022-03-14T11:37:47+00:00","dateModified":"2025-01-28T15:15:28+00:00","description":"Lust auf Familienurlaub? Entdecken Sie die Familienangebote f\u00fcr Hotel Raffy in Diano Marina","breadcrumb":{"@id":"https:\/\/www.italyfamilyhotels.it\/de\/family-hotels\/hotel-raffy-diano-marina#breadcrumb"},"inLanguage":"de","potentialAction":[{"@type":"ReadAction","target":["https:\/\/www.italyfamilyhotels.it\/de\/family-hotels\/hotel-raffy-diano-marina"]}]},{"@type":"BreadcrumbList","@id":"https:\/\/www.italyfamilyhotels.it\/de\/family-hotels\/hotel-raffy-diano-marina#breadcrumb","itemListElement":[{"@type":"ListItem","position":1,"name":"Home","item":"https:\/\/www.italyfamilyhotels.it\/de"},{"@type":"ListItem","position":2,"name":"Family Hotels","item":"https:\/\/www.italyfamilyhotels.it\/de\/family-hotels"},{"@type":"ListItem","position":3,"name":"Hotel Raffy"}]},{"@type":"WebSite","@id":"https:\/\/www.italyfamilyhotels.it\/#website","url":"https:\/\/www.italyfamilyhotels.it\/","name":"Italy Family Hotels","description":"","potentialAction":[{"@type":"SearchAction","target":{"@type":"EntryPoint","urlTemplate":"https:\/\/www.italyfamilyhotels.it\/?s={search_term_string}"},"query-input":{"@type":"PropertyValueSpecification","valueRequired":true,"valueName":"search_term_string"}}],"inLanguage":"de"}]}},"_links":{"self":[{"href":"https:\/\/www.italyfamilyhotels.it\/de\/wp-json\/wp\/v2\/pages\/4402","targetHints":{"allow":["GET"]}}],"collection":[{"href":"https:\/\/www.italyfamilyhotels.it\/de\/wp-json\/wp\/v2\/pages"}],"about":[{"href":"https:\/\/www.italyfamilyhotels.it\/de\/wp-json\/wp\/v2\/types\/page"}],"author":[{"embeddable":true,"href":"https:\/\/www.italyfamilyhotels.it\/de\/wp-json\/wp\/v2\/users\/126"}],"replies":[{"embeddable":true,"href":"https:\/\/www.italyfamilyhotels.it\/de\/wp-json\/wp\/v2\/comments?post=4402"}],"version-history":[{"count":5,"href":"https:\/\/www.italyfamilyhotels.it\/de\/wp-json\/wp\/v2\/pages\/4402\/revisions"}],"predecessor-version":[{"id":64768,"href":"https:\/\/www.italyfamilyhotels.it\/de\/wp-json\/wp\/v2\/pages\/4402\/revisions\/64768"}],"up":[{"embeddable":true,"href":"https:\/\/www.italyfamilyhotels.it\/de\/wp-json\/wp\/v2\/pages\/94"}],"wp:attachment":[{"href":"https:\/\/www.italyfamilyhotels.it\/de\/wp-json\/wp\/v2\/media?parent=4402"}],"curies":[{"name":"wp","href":"https:\/\/api.w.org\/{rel}","templated":true}]}}