{"id":4397,"date":"2022-03-14T12:37:46","date_gmt":"2022-03-14T11:37:46","guid":{"rendered":"https:\/\/www.italyfamilyhotels.it\/family-hotels\/adriana-family-hotel"},"modified":"2026-02-05T11:51:46","modified_gmt":"2026-02-05T10:51:46","slug":"adriana-family-hotel-ledro","status":"publish","type":"page","link":"https:\/\/www.italyfamilyhotels.it\/de\/family-hotels\/adriana-family-hotel-ledro","title":{"rendered":"Kinderhotel Adriana"},"content":{"rendered":"\n<p>Hier im <b>Kinderhotel<\/b> <b>Adriana <\/b>in <b>Ledro<\/b> sind Sie von einer atemberaubenden Landschaft umgeben, einem Fresko aus W\u00e4ldern, Wasserf\u00e4llen und hochaufragenden Gipfeln. Au\u00dferdem sind Sie nur <b>1 km vom ber\u00fchmten Ledrosee<\/b> und seinen Str\u00e4nden zwischen den Gipfeln entfernt, um einen erholsamen Urlaub inmitten der berauschenden D\u00fcfte und Farben der Berge zu verbringen. Kurzum, hier kann man es sich gut gehen lassen! Ehrenwort von Elio, dem Maskottchen des Hotels.<\/p>\n\n\n\n<p>Die <b>Unterhaltung <\/b>zusammen mit Animation ist <b>f\u00fcr die ganze Familie<\/b> konzipiert! Kinder, Jugendliche und Erwachsene k\u00f6nnen an Tischtennis, Tischfu\u00dfball, Olympiade, Tauziehen und einem speziellen <b>Themenabend <\/b>teilnehmen, und vieles mehr! Erleben Sie die Traditionen des indianischen Volkes inmitten von Pr\u00e4rieges\u00e4ngen, Trommelt\u00f6nen und einem Abendessen in einem typischen Tipi im Garten.<\/p>\n\n\n\n<p>Wir k\u00fcmmern uns um Kinder jeden Alters, mit Ad-hoc-Workshops und Aktivit\u00e4ten: der <b>Babyclub<\/b> f\u00fcr Kleinkinder von 6 bis 36 Monaten, der <b>Miniclub<\/b> f\u00fcr Kinder von 3 bis 6 Jahren und der <b>Kids-Club <\/b>f\u00fcr \u00e4ltere Kinder von 7 bis 12 Jahren. So sind die kleinen Urlauber immer in sicheren H\u00e4nden und Mama und Papa k\u00f6nnen ein paar romantische Momente der Entspannung in unserem <b>Wellnessbereich<\/b> mit finnischer Sauna, Biosauna und Ruheraum genie\u00dfen.<\/p>\n\n\n\n<p>Der Garten ist definitiv unsere St\u00e4rke, mit gro\u00dfen Freifl\u00e4chen zum Spielen und Entspannen, darunter eine Rutsche, Schaukeln, ein Sandkasten f\u00fcr Kinder, ein Fu\u00dfballplatz und&#8230; <b>drei fantastische Swimmingpools<\/b>! Ein 50 cm tiefes <b>Kinderbecken<\/b>, ein 20 cm tiefes <b>Babybecken<\/b> und ein <b>gro\u00dfes Erwachsenenbecken<\/b>, die von Mai bis September <b>beheizt<\/b> werden.<\/p>\n\n\n\n<p><b>Jede Woche<\/b> organisieren wir <b>3 gef\u00fchrte Wanderungen<\/b> direkt vom Hotel aus, um die Natur und die Umgebung gemeinsam zu entdecken (von Juni bis September, einmal alle 7 Tage, gibt es ein Mittagessen im Wald mit Polenta).<\/p>\n","protected":false},"excerpt":{"rendered":"<p>Hier im Kinderhotel Adriana in Ledro sind Sie von einer atemberaubenden Landschaft umgeben, einem Fresko aus W\u00e4ldern, Wasserf\u00e4llen und hochaufragenden Gipfeln. Au\u00dferdem sind Sie nur 1 km vom ber\u00fchmten Ledrosee und seinen Str\u00e4nden zwischen den Gipfeln entfernt, um einen erholsamen Urlaub inmitten der berauschenden D\u00fcfte und Farben der Berge zu verbringen. Kurzum, hier kann man &hellip;<\/p>\n","protected":false},"author":1,"featured_media":0,"parent":94,"menu_order":0,"comment_status":"closed","ping_status":"closed","template":"page-templates\/scheda_hotel.php","meta":{"_acf_changed":false,"inline_featured_image":false,"footnotes":""},"class_list":["post-4397","page","type-page","status-publish","hentry"],"acf":[],"yoast_head":"<!-- This site is optimized with the Yoast SEO plugin v27.1 - https:\/\/yoast.com\/product\/yoast-seo-wordpress\/ -->\n<title>Kinderhotel Adriana, 4 Sterne, Ledro<\/title>\n<meta name=\"description\" content=\"Lust auf Urlaub mit Ihrer Familie? Entdecken Sie die Familienangebote im Kinderhotel Adriana in Ledro\" \/>\n<meta name=\"robots\" content=\"index, follow, max-snippet:-1, max-image-preview:large, max-video-preview:-1\" \/>\n<link rel=\"canonical\" href=\"https:\/\/www.italyfamilyhotels.it\/de\/family-hotels\/adriana-family-hotel-ledro\" \/>\n<meta property=\"og:locale\" content=\"de_DE\" \/>\n<meta property=\"og:type\" content=\"article\" \/>\n<meta property=\"og:title\" content=\"Kinderhotel Adriana, 4 Sterne, Ledro\" \/>\n<meta property=\"og:description\" content=\"Lust auf Urlaub mit Ihrer Familie? Entdecken Sie die Familienangebote im Kinderhotel Adriana in Ledro\" \/>\n<meta property=\"og:url\" content=\"https:\/\/www.italyfamilyhotels.it\/de\/family-hotels\/adriana-family-hotel-ledro\" \/>\n<meta property=\"og:site_name\" content=\"Italy Family Hotels\" \/>\n<meta property=\"article:publisher\" content=\"https:\/\/www.facebook.com\/ItalyFamilyHotels\/\" \/>\n<meta property=\"article:modified_time\" content=\"2026-02-05T10:51:46+00:00\" \/>\n<meta name=\"twitter:card\" content=\"summary_large_image\" \/>\n<meta name=\"twitter:label1\" content=\"Gesch\u00e4tzte Lesezeit\" \/>\n\t<meta name=\"twitter:data1\" content=\"1\u00a0Minute\" \/>\n<script type=\"application\/ld+json\" class=\"yoast-schema-graph\">{\"@context\":\"https:\/\/schema.org\",\"@graph\":[{\"@type\":\"WebPage\",\"@id\":\"https:\/\/www.italyfamilyhotels.it\/de\/family-hotels\/adriana-family-hotel-ledro\",\"url\":\"https:\/\/www.italyfamilyhotels.it\/de\/family-hotels\/adriana-family-hotel-ledro\",\"name\":\"Kinderhotel Adriana, 4 Sterne, Ledro\",\"isPartOf\":{\"@id\":\"https:\/\/www.italyfamilyhotels.it\/#website\"},\"datePublished\":\"2022-03-14T11:37:46+00:00\",\"dateModified\":\"2026-02-05T10:51:46+00:00\",\"description\":\"Lust auf Urlaub mit Ihrer Familie? Entdecken Sie die Familienangebote im Kinderhotel Adriana in Ledro\",\"breadcrumb\":{\"@id\":\"https:\/\/www.italyfamilyhotels.it\/de\/family-hotels\/adriana-family-hotel-ledro#breadcrumb\"},\"inLanguage\":\"de\",\"potentialAction\":[{\"@type\":\"ReadAction\",\"target\":[\"https:\/\/www.italyfamilyhotels.it\/de\/family-hotels\/adriana-family-hotel-ledro\"]}]},{\"@type\":\"BreadcrumbList\",\"@id\":\"https:\/\/www.italyfamilyhotels.it\/de\/family-hotels\/adriana-family-hotel-ledro#breadcrumb\",\"itemListElement\":[{\"@type\":\"ListItem\",\"position\":1,\"name\":\"Home\",\"item\":\"https:\/\/www.italyfamilyhotels.it\/de\"},{\"@type\":\"ListItem\",\"position\":2,\"name\":\"Family Hotels\",\"item\":\"https:\/\/www.italyfamilyhotels.it\/de\/family-hotels\"},{\"@type\":\"ListItem\",\"position\":3,\"name\":\"Kinderhotel Adriana\"}]},{\"@type\":\"WebSite\",\"@id\":\"https:\/\/www.italyfamilyhotels.it\/#website\",\"url\":\"https:\/\/www.italyfamilyhotels.it\/\",\"name\":\"Italy Family Hotels\",\"description\":\"\",\"potentialAction\":[{\"@type\":\"SearchAction\",\"target\":{\"@type\":\"EntryPoint\",\"urlTemplate\":\"https:\/\/www.italyfamilyhotels.it\/?s={search_term_string}\"},\"query-input\":{\"@type\":\"PropertyValueSpecification\",\"valueRequired\":true,\"valueName\":\"search_term_string\"}}],\"inLanguage\":\"de\"}]}<\/script>\n<!-- \/ Yoast SEO plugin. -->","yoast_head_json":{"title":"Kinderhotel Adriana, 4 Sterne, Ledro","description":"Lust auf Urlaub mit Ihrer Familie? Entdecken Sie die Familienangebote im Kinderhotel Adriana in Ledro","robots":{"index":"index","follow":"follow","max-snippet":"max-snippet:-1","max-image-preview":"max-image-preview:large","max-video-preview":"max-video-preview:-1"},"canonical":"https:\/\/www.italyfamilyhotels.it\/de\/family-hotels\/adriana-family-hotel-ledro","og_locale":"de_DE","og_type":"article","og_title":"Kinderhotel Adriana, 4 Sterne, Ledro","og_description":"Lust auf Urlaub mit Ihrer Familie? Entdecken Sie die Familienangebote im Kinderhotel Adriana in Ledro","og_url":"https:\/\/www.italyfamilyhotels.it\/de\/family-hotels\/adriana-family-hotel-ledro","og_site_name":"Italy Family Hotels","article_publisher":"https:\/\/www.facebook.com\/ItalyFamilyHotels\/","article_modified_time":"2026-02-05T10:51:46+00:00","twitter_card":"summary_large_image","twitter_misc":{"Gesch\u00e4tzte Lesezeit":"1\u00a0Minute"},"schema":{"@context":"https:\/\/schema.org","@graph":[{"@type":"WebPage","@id":"https:\/\/www.italyfamilyhotels.it\/de\/family-hotels\/adriana-family-hotel-ledro","url":"https:\/\/www.italyfamilyhotels.it\/de\/family-hotels\/adriana-family-hotel-ledro","name":"Kinderhotel Adriana, 4 Sterne, Ledro","isPartOf":{"@id":"https:\/\/www.italyfamilyhotels.it\/#website"},"datePublished":"2022-03-14T11:37:46+00:00","dateModified":"2026-02-05T10:51:46+00:00","description":"Lust auf Urlaub mit Ihrer Familie? Entdecken Sie die Familienangebote im Kinderhotel Adriana in Ledro","breadcrumb":{"@id":"https:\/\/www.italyfamilyhotels.it\/de\/family-hotels\/adriana-family-hotel-ledro#breadcrumb"},"inLanguage":"de","potentialAction":[{"@type":"ReadAction","target":["https:\/\/www.italyfamilyhotels.it\/de\/family-hotels\/adriana-family-hotel-ledro"]}]},{"@type":"BreadcrumbList","@id":"https:\/\/www.italyfamilyhotels.it\/de\/family-hotels\/adriana-family-hotel-ledro#breadcrumb","itemListElement":[{"@type":"ListItem","position":1,"name":"Home","item":"https:\/\/www.italyfamilyhotels.it\/de"},{"@type":"ListItem","position":2,"name":"Family Hotels","item":"https:\/\/www.italyfamilyhotels.it\/de\/family-hotels"},{"@type":"ListItem","position":3,"name":"Kinderhotel Adriana"}]},{"@type":"WebSite","@id":"https:\/\/www.italyfamilyhotels.it\/#website","url":"https:\/\/www.italyfamilyhotels.it\/","name":"Italy Family Hotels","description":"","potentialAction":[{"@type":"SearchAction","target":{"@type":"EntryPoint","urlTemplate":"https:\/\/www.italyfamilyhotels.it\/?s={search_term_string}"},"query-input":{"@type":"PropertyValueSpecification","valueRequired":true,"valueName":"search_term_string"}}],"inLanguage":"de"}]}},"_links":{"self":[{"href":"https:\/\/www.italyfamilyhotels.it\/de\/wp-json\/wp\/v2\/pages\/4397","targetHints":{"allow":["GET"]}}],"collection":[{"href":"https:\/\/www.italyfamilyhotels.it\/de\/wp-json\/wp\/v2\/pages"}],"about":[{"href":"https:\/\/www.italyfamilyhotels.it\/de\/wp-json\/wp\/v2\/types\/page"}],"author":[{"embeddable":true,"href":"https:\/\/www.italyfamilyhotels.it\/de\/wp-json\/wp\/v2\/users\/1"}],"replies":[{"embeddable":true,"href":"https:\/\/www.italyfamilyhotels.it\/de\/wp-json\/wp\/v2\/comments?post=4397"}],"version-history":[{"count":14,"href":"https:\/\/www.italyfamilyhotels.it\/de\/wp-json\/wp\/v2\/pages\/4397\/revisions"}],"predecessor-version":[{"id":74400,"href":"https:\/\/www.italyfamilyhotels.it\/de\/wp-json\/wp\/v2\/pages\/4397\/revisions\/74400"}],"up":[{"embeddable":true,"href":"https:\/\/www.italyfamilyhotels.it\/de\/wp-json\/wp\/v2\/pages\/94"}],"wp:attachment":[{"href":"https:\/\/www.italyfamilyhotels.it\/de\/wp-json\/wp\/v2\/media?parent=4397"}],"curies":[{"name":"wp","href":"https:\/\/api.w.org\/{rel}","templated":true}]}}