{"id":4392,"date":"2022-03-14T12:37:46","date_gmt":"2022-03-14T11:37:46","guid":{"rendered":"https:\/\/www.italyfamilyhotels.it\/family-hotels\/hotel-michelangelo"},"modified":"2023-02-17T10:00:08","modified_gmt":"2023-02-17T09:00:08","slug":"hotel-michelangelo-cesenatico","status":"publish","type":"page","link":"https:\/\/www.italyfamilyhotels.it\/de\/family-hotels\/hotel-michelangelo-cesenatico","title":{"rendered":"Hotel Michelangelo"},"content":{"rendered":"\n<p>Der nur wenige Meter entfernte Strand, die ruhige Lebendigkeit von <b>Valverde di Cesenatico<\/b>, eine elegante und entspannende und durch das Lachen der Kinder erheiterte Umgebung, ein von duftenden Blumen im Garten umgebener Swimmingpool &#8211; das sind die ersten Zutaten f\u00fcr einen Urlaub hier im <b>Hotel Michelangelo<\/b>!<\/p>\n\n\n\n<p>Von Juni bis September organisieren unsere Animateure den ganzen Tag \u00fcber <b>Aktivit\u00e4ten im Winnie-Puuh-Zimmer<\/b>, auf dem <b>Spielplatz im Freien<\/b>, im <b>40-cm-Babybecken<\/b> und am nahe gelegenen Strand, um die Kreativit\u00e4t der Kinder, ihren Spieltrieb und ihre Freundschaften zu f\u00f6rdern. Nicht zu verpassen ist auch der <b>Nachmittagssnack am Pool<\/b>, um nach dem Mittagsschlaf neue Energie zu tanken!<\/p>\n\n\n\n<p>Hier gibt es keinen Platzmangel, alles ist gut geregelt und familienfreundlich. W\u00e4hrend sich Ihre Kinder am\u00fcsieren, k\u00f6nnen Sie sich entspannen, z. B. im <b>beheizten Pool<\/b>, beim Sonnenbaden auf der <b>Sonnenterrasse<\/b>, in der <b>Fitnessecke<\/b>, im <b>RoofGarden<\/b>, im <b>Panoramawhirlpool<\/b> oder bei einer Radtour ins Landesinnere.<\/p>\n\n\n\n<p>Wenn Sie gerne sorglos unterwegs sind, sollten Sie sich das exklusive <b>Quality All Incluisve-Angebot<\/b> nicht entgehen lassen, das wirklich alle Annehmlichkeiten f\u00fcr Ihren Urlaub mit Kindern enth\u00e4lt, einschlie\u00dflich Strandservice mit Sonnenschirm und 2 Liegen, Getr\u00e4nke zu den Mahlzeiten und Baby-Parking-Service zum Mittag- und Abendessen.<\/p>\n\n\n\n<p>Apropos Kulinarik&#8230; wir m\u00f6chten, dass Sie die<b> Freiheit haben, jeden Tag frei <\/b>zu w\u00e4hlen, ob Sie <b>\u00e0 la carte oder <\/b>in <b>Buffetform<\/b> essen m\u00f6chten. F\u00fcr welches Gericht Sie sich auch entscheiden, Sie k\u00f6nnen sicher sein, dass alles von unserem K\u00fcchenchef frisch zubereitet wird, mit einer Kombination aus Zutaten h\u00f6chster Qualit\u00e4t. F\u00fcr <b>Kinder <\/b>bereiten wir ein <b>ganz spezielles Men\u00fc<\/b> sowie alles, was <b>f\u00fcr das Abstillen ben\u00f6tigt wird<\/b>, vor; au\u00dferdem \u00f6ffnen wir den Speisesaal im Voraus.<\/p>\n","protected":false},"excerpt":{"rendered":"<p>Der nur wenige Meter entfernte Strand, die ruhige Lebendigkeit von Valverde di Cesenatico, eine elegante und entspannende und durch das Lachen der Kinder erheiterte Umgebung, ein von duftenden Blumen im Garten umgebener Swimmingpool &#8211; das sind die ersten Zutaten f\u00fcr einen Urlaub hier im Hotel Michelangelo! Von Juni bis September organisieren unsere Animateure den ganzen &hellip;<\/p>\n","protected":false},"author":79,"featured_media":0,"parent":94,"menu_order":0,"comment_status":"closed","ping_status":"closed","template":"page-templates\/scheda_hotel.php","meta":{"_acf_changed":false,"inline_featured_image":false,"footnotes":""},"class_list":["post-4392","page","type-page","status-publish","hentry"],"acf":[],"yoast_head":"<!-- This site is optimized with the Yoast SEO plugin v27.1 - https:\/\/yoast.com\/product\/yoast-seo-wordpress\/ -->\n<title>Hotel Michelangelo, 4 Sterne, Cesenatico<\/title>\n<meta name=\"description\" content=\"Lust auf Urlaub mit Ihrer Familie? Entdecken Sie die Familienangebote im Hotel Michelangelo in Cesenatico\" \/>\n<meta name=\"robots\" content=\"index, follow, max-snippet:-1, max-image-preview:large, max-video-preview:-1\" \/>\n<link rel=\"canonical\" href=\"https:\/\/www.italyfamilyhotels.it\/de\/family-hotels\/hotel-michelangelo-cesenatico\" \/>\n<meta property=\"og:locale\" content=\"de_DE\" \/>\n<meta property=\"og:type\" content=\"article\" \/>\n<meta property=\"og:title\" content=\"Hotel Michelangelo, 4 Sterne, Cesenatico\" \/>\n<meta property=\"og:description\" content=\"Lust auf Urlaub mit Ihrer Familie? Entdecken Sie die Familienangebote im Hotel Michelangelo in Cesenatico\" \/>\n<meta property=\"og:url\" content=\"https:\/\/www.italyfamilyhotels.it\/de\/family-hotels\/hotel-michelangelo-cesenatico\" \/>\n<meta property=\"og:site_name\" content=\"Italy Family Hotels\" \/>\n<meta property=\"article:publisher\" content=\"https:\/\/www.facebook.com\/ItalyFamilyHotels\/\" \/>\n<meta property=\"article:modified_time\" content=\"2023-02-17T09:00:08+00:00\" \/>\n<meta name=\"twitter:card\" content=\"summary_large_image\" \/>\n<meta name=\"twitter:label1\" content=\"Gesch\u00e4tzte Lesezeit\" \/>\n\t<meta name=\"twitter:data1\" content=\"1\u00a0Minute\" \/>\n<script type=\"application\/ld+json\" class=\"yoast-schema-graph\">{\"@context\":\"https:\/\/schema.org\",\"@graph\":[{\"@type\":\"WebPage\",\"@id\":\"https:\/\/www.italyfamilyhotels.it\/de\/family-hotels\/hotel-michelangelo-cesenatico\",\"url\":\"https:\/\/www.italyfamilyhotels.it\/de\/family-hotels\/hotel-michelangelo-cesenatico\",\"name\":\"Hotel Michelangelo, 4 Sterne, Cesenatico\",\"isPartOf\":{\"@id\":\"https:\/\/www.italyfamilyhotels.it\/#website\"},\"datePublished\":\"2022-03-14T11:37:46+00:00\",\"dateModified\":\"2023-02-17T09:00:08+00:00\",\"description\":\"Lust auf Urlaub mit Ihrer Familie? Entdecken Sie die Familienangebote im Hotel Michelangelo in Cesenatico\",\"breadcrumb\":{\"@id\":\"https:\/\/www.italyfamilyhotels.it\/de\/family-hotels\/hotel-michelangelo-cesenatico#breadcrumb\"},\"inLanguage\":\"de\",\"potentialAction\":[{\"@type\":\"ReadAction\",\"target\":[\"https:\/\/www.italyfamilyhotels.it\/de\/family-hotels\/hotel-michelangelo-cesenatico\"]}]},{\"@type\":\"BreadcrumbList\",\"@id\":\"https:\/\/www.italyfamilyhotels.it\/de\/family-hotels\/hotel-michelangelo-cesenatico#breadcrumb\",\"itemListElement\":[{\"@type\":\"ListItem\",\"position\":1,\"name\":\"Home\",\"item\":\"https:\/\/www.italyfamilyhotels.it\/de\"},{\"@type\":\"ListItem\",\"position\":2,\"name\":\"Family Hotels\",\"item\":\"https:\/\/www.italyfamilyhotels.it\/de\/family-hotels\"},{\"@type\":\"ListItem\",\"position\":3,\"name\":\"Hotel Michelangelo\"}]},{\"@type\":\"WebSite\",\"@id\":\"https:\/\/www.italyfamilyhotels.it\/#website\",\"url\":\"https:\/\/www.italyfamilyhotels.it\/\",\"name\":\"Italy Family Hotels\",\"description\":\"\",\"potentialAction\":[{\"@type\":\"SearchAction\",\"target\":{\"@type\":\"EntryPoint\",\"urlTemplate\":\"https:\/\/www.italyfamilyhotels.it\/?s={search_term_string}\"},\"query-input\":{\"@type\":\"PropertyValueSpecification\",\"valueRequired\":true,\"valueName\":\"search_term_string\"}}],\"inLanguage\":\"de\"}]}<\/script>\n<!-- \/ Yoast SEO plugin. -->","yoast_head_json":{"title":"Hotel Michelangelo, 4 Sterne, Cesenatico","description":"Lust auf Urlaub mit Ihrer Familie? Entdecken Sie die Familienangebote im Hotel Michelangelo in Cesenatico","robots":{"index":"index","follow":"follow","max-snippet":"max-snippet:-1","max-image-preview":"max-image-preview:large","max-video-preview":"max-video-preview:-1"},"canonical":"https:\/\/www.italyfamilyhotels.it\/de\/family-hotels\/hotel-michelangelo-cesenatico","og_locale":"de_DE","og_type":"article","og_title":"Hotel Michelangelo, 4 Sterne, Cesenatico","og_description":"Lust auf Urlaub mit Ihrer Familie? Entdecken Sie die Familienangebote im Hotel Michelangelo in Cesenatico","og_url":"https:\/\/www.italyfamilyhotels.it\/de\/family-hotels\/hotel-michelangelo-cesenatico","og_site_name":"Italy Family Hotels","article_publisher":"https:\/\/www.facebook.com\/ItalyFamilyHotels\/","article_modified_time":"2023-02-17T09:00:08+00:00","twitter_card":"summary_large_image","twitter_misc":{"Gesch\u00e4tzte Lesezeit":"1\u00a0Minute"},"schema":{"@context":"https:\/\/schema.org","@graph":[{"@type":"WebPage","@id":"https:\/\/www.italyfamilyhotels.it\/de\/family-hotels\/hotel-michelangelo-cesenatico","url":"https:\/\/www.italyfamilyhotels.it\/de\/family-hotels\/hotel-michelangelo-cesenatico","name":"Hotel Michelangelo, 4 Sterne, Cesenatico","isPartOf":{"@id":"https:\/\/www.italyfamilyhotels.it\/#website"},"datePublished":"2022-03-14T11:37:46+00:00","dateModified":"2023-02-17T09:00:08+00:00","description":"Lust auf Urlaub mit Ihrer Familie? Entdecken Sie die Familienangebote im Hotel Michelangelo in Cesenatico","breadcrumb":{"@id":"https:\/\/www.italyfamilyhotels.it\/de\/family-hotels\/hotel-michelangelo-cesenatico#breadcrumb"},"inLanguage":"de","potentialAction":[{"@type":"ReadAction","target":["https:\/\/www.italyfamilyhotels.it\/de\/family-hotels\/hotel-michelangelo-cesenatico"]}]},{"@type":"BreadcrumbList","@id":"https:\/\/www.italyfamilyhotels.it\/de\/family-hotels\/hotel-michelangelo-cesenatico#breadcrumb","itemListElement":[{"@type":"ListItem","position":1,"name":"Home","item":"https:\/\/www.italyfamilyhotels.it\/de"},{"@type":"ListItem","position":2,"name":"Family Hotels","item":"https:\/\/www.italyfamilyhotels.it\/de\/family-hotels"},{"@type":"ListItem","position":3,"name":"Hotel Michelangelo"}]},{"@type":"WebSite","@id":"https:\/\/www.italyfamilyhotels.it\/#website","url":"https:\/\/www.italyfamilyhotels.it\/","name":"Italy Family Hotels","description":"","potentialAction":[{"@type":"SearchAction","target":{"@type":"EntryPoint","urlTemplate":"https:\/\/www.italyfamilyhotels.it\/?s={search_term_string}"},"query-input":{"@type":"PropertyValueSpecification","valueRequired":true,"valueName":"search_term_string"}}],"inLanguage":"de"}]}},"_links":{"self":[{"href":"https:\/\/www.italyfamilyhotels.it\/de\/wp-json\/wp\/v2\/pages\/4392","targetHints":{"allow":["GET"]}}],"collection":[{"href":"https:\/\/www.italyfamilyhotels.it\/de\/wp-json\/wp\/v2\/pages"}],"about":[{"href":"https:\/\/www.italyfamilyhotels.it\/de\/wp-json\/wp\/v2\/types\/page"}],"author":[{"embeddable":true,"href":"https:\/\/www.italyfamilyhotels.it\/de\/wp-json\/wp\/v2\/users\/79"}],"replies":[{"embeddable":true,"href":"https:\/\/www.italyfamilyhotels.it\/de\/wp-json\/wp\/v2\/comments?post=4392"}],"version-history":[{"count":8,"href":"https:\/\/www.italyfamilyhotels.it\/de\/wp-json\/wp\/v2\/pages\/4392\/revisions"}],"predecessor-version":[{"id":46409,"href":"https:\/\/www.italyfamilyhotels.it\/de\/wp-json\/wp\/v2\/pages\/4392\/revisions\/46409"}],"up":[{"embeddable":true,"href":"https:\/\/www.italyfamilyhotels.it\/de\/wp-json\/wp\/v2\/pages\/94"}],"wp:attachment":[{"href":"https:\/\/www.italyfamilyhotels.it\/de\/wp-json\/wp\/v2\/media?parent=4392"}],"curies":[{"name":"wp","href":"https:\/\/api.w.org\/{rel}","templated":true}]}}