{"id":4387,"date":"2022-03-14T12:37:45","date_gmt":"2022-03-14T11:37:45","guid":{"rendered":"https:\/\/www.italyfamilyhotels.it\/family-hotels\/cala-rosa-club-hotel"},"modified":"2023-02-01T14:20:22","modified_gmt":"2023-02-01T13:20:22","slug":"cala-rosa-club-hotel-stintino","status":"publish","type":"page","link":"https:\/\/www.italyfamilyhotels.it\/de\/family-hotels\/cala-rosa-club-hotel-stintino","title":{"rendered":"Cala Rosa Club Hotel"},"content":{"rendered":"\n<p><b>Unsere Lage ist einmalig:<\/b> der Blick schweift \u00fcber den <b>Golf von Asinara<\/b>, der f\u00fcr seinen feinen wei\u00dfen Sand und das kristallklare Wasser ber\u00fchmte <b>Strand La Pelosa <\/b>ist wenige Schritte entfernt. Im  <b>Cala Rosa Club Hotel <\/b>lebst Du wie in einem (Fischer-)Dorf mitten in der Natur, und bist gleichzeitig von modernem Komfort und gepflegtem Design umgeben.<\/p>\n\n\n\n<p><\/p>\n\n\n\n<p>Die <b>Kinder<\/b> haben viel Platz, um umherzustreifen, und einen<b> Mini-Club<\/b>, in dem ein Animationsteam und das <b>Maskottchen Candy Bu<\/b> Spiele und interessante Aktivit\u00e4ten organisieren. Im <b>Schwimmbad,<\/b> das auch ein flaches <b>Kinderbecken<\/b> hat, entspannen sich Gro\u00dfe und Kleine. Wenn Euch nach Bewegung zumute ist, stehen <b>2 Tennispl\u00e4tze<\/b> und ein kleines <b>Fu\u00dfballfeld<\/b> zur Verf\u00fcgung.<\/p>\n\n\n\n<p><\/p>\n\n\n\n<p>Unser <b>Privatstrand mit Schwimmbad <\/b>ist <b>kinderfreundlich<\/b> und mit allem Komfort  ausgestattet.<\/p>\n\n\n\n<p>Wir verw\u00f6hnen Euch mit <b>feiner K\u00fcche, <\/b>  auch <b>die kleinen G\u00e4ste, mit Gerichten nach ihrem Geschmack.<\/b><\/p>\n\n\n\n<p>Euer komfortables <b>Zimmer <\/b>liegt im Park<b> <\/b> und hat einen unabh\u00e4ngigen Eingang, in einem von 7 niedrigen Wohngeb\u00e4uden<\/p>\n","protected":false},"excerpt":{"rendered":"<p>Unsere Lage ist einmalig: der Blick schweift \u00fcber den Golf von Asinara, der f\u00fcr seinen feinen wei\u00dfen Sand und das kristallklare Wasser ber\u00fchmte Strand La Pelosa ist wenige Schritte entfernt. Im Cala Rosa Club Hotel lebst Du wie in einem (Fischer-)Dorf mitten in der Natur, und bist gleichzeitig von modernem Komfort und gepflegtem Design umgeben. &hellip;<\/p>\n","protected":false},"author":14,"featured_media":0,"parent":94,"menu_order":0,"comment_status":"closed","ping_status":"closed","template":"page-templates\/scheda_hotel.php","meta":{"_acf_changed":false,"inline_featured_image":false,"footnotes":""},"class_list":["post-4387","page","type-page","status-publish","hentry"],"acf":[],"yoast_head":"<!-- This site is optimized with the Yoast SEO plugin v27.1 - https:\/\/yoast.com\/product\/yoast-seo-wordpress\/ -->\n<title>Cala Rosa Club Hotel 4-Sterne, Stintino<\/title>\n<meta name=\"description\" content=\"Lust auf Familienurlaub? Entdecken Sie die Familienangebote f\u00fcr Cala Rosa Club Hotel in Stintino\" \/>\n<meta name=\"robots\" content=\"index, follow, max-snippet:-1, max-image-preview:large, max-video-preview:-1\" \/>\n<link rel=\"canonical\" href=\"https:\/\/www.italyfamilyhotels.it\/de\/family-hotels\/cala-rosa-club-hotel-stintino\" \/>\n<meta property=\"og:locale\" content=\"de_DE\" \/>\n<meta property=\"og:type\" content=\"article\" \/>\n<meta property=\"og:title\" content=\"Cala Rosa Club Hotel 4-Sterne, Stintino\" \/>\n<meta property=\"og:description\" content=\"Lust auf Familienurlaub? Entdecken Sie die Familienangebote f\u00fcr Cala Rosa Club Hotel in Stintino\" \/>\n<meta property=\"og:url\" content=\"https:\/\/www.italyfamilyhotels.it\/de\/family-hotels\/cala-rosa-club-hotel-stintino\" \/>\n<meta property=\"og:site_name\" content=\"Italy Family Hotels\" \/>\n<meta property=\"article:publisher\" content=\"https:\/\/www.facebook.com\/ItalyFamilyHotels\/\" \/>\n<meta property=\"article:modified_time\" content=\"2023-02-01T13:20:22+00:00\" \/>\n<meta name=\"twitter:card\" content=\"summary_large_image\" \/>\n<meta name=\"twitter:label1\" content=\"Gesch\u00e4tzte Lesezeit\" \/>\n\t<meta name=\"twitter:data1\" content=\"2\u00a0Minuten\" \/>\n<script type=\"application\/ld+json\" class=\"yoast-schema-graph\">{\"@context\":\"https:\/\/schema.org\",\"@graph\":[{\"@type\":\"WebPage\",\"@id\":\"https:\/\/www.italyfamilyhotels.it\/de\/family-hotels\/cala-rosa-club-hotel-stintino\",\"url\":\"https:\/\/www.italyfamilyhotels.it\/de\/family-hotels\/cala-rosa-club-hotel-stintino\",\"name\":\"Cala Rosa Club Hotel 4-Sterne, Stintino\",\"isPartOf\":{\"@id\":\"https:\/\/www.italyfamilyhotels.it\/#website\"},\"datePublished\":\"2022-03-14T11:37:45+00:00\",\"dateModified\":\"2023-02-01T13:20:22+00:00\",\"description\":\"Lust auf Familienurlaub? Entdecken Sie die Familienangebote f\u00fcr Cala Rosa Club Hotel in Stintino\",\"breadcrumb\":{\"@id\":\"https:\/\/www.italyfamilyhotels.it\/de\/family-hotels\/cala-rosa-club-hotel-stintino#breadcrumb\"},\"inLanguage\":\"de\",\"potentialAction\":[{\"@type\":\"ReadAction\",\"target\":[\"https:\/\/www.italyfamilyhotels.it\/de\/family-hotels\/cala-rosa-club-hotel-stintino\"]}]},{\"@type\":\"BreadcrumbList\",\"@id\":\"https:\/\/www.italyfamilyhotels.it\/de\/family-hotels\/cala-rosa-club-hotel-stintino#breadcrumb\",\"itemListElement\":[{\"@type\":\"ListItem\",\"position\":1,\"name\":\"Home\",\"item\":\"https:\/\/www.italyfamilyhotels.it\/de\"},{\"@type\":\"ListItem\",\"position\":2,\"name\":\"Family Hotels\",\"item\":\"https:\/\/www.italyfamilyhotels.it\/de\/family-hotels\"},{\"@type\":\"ListItem\",\"position\":3,\"name\":\"Cala Rosa Club Hotel\"}]},{\"@type\":\"WebSite\",\"@id\":\"https:\/\/www.italyfamilyhotels.it\/#website\",\"url\":\"https:\/\/www.italyfamilyhotels.it\/\",\"name\":\"Italy Family Hotels\",\"description\":\"\",\"potentialAction\":[{\"@type\":\"SearchAction\",\"target\":{\"@type\":\"EntryPoint\",\"urlTemplate\":\"https:\/\/www.italyfamilyhotels.it\/?s={search_term_string}\"},\"query-input\":{\"@type\":\"PropertyValueSpecification\",\"valueRequired\":true,\"valueName\":\"search_term_string\"}}],\"inLanguage\":\"de\"}]}<\/script>\n<!-- \/ Yoast SEO plugin. -->","yoast_head_json":{"title":"Cala Rosa Club Hotel 4-Sterne, Stintino","description":"Lust auf Familienurlaub? Entdecken Sie die Familienangebote f\u00fcr Cala Rosa Club Hotel in Stintino","robots":{"index":"index","follow":"follow","max-snippet":"max-snippet:-1","max-image-preview":"max-image-preview:large","max-video-preview":"max-video-preview:-1"},"canonical":"https:\/\/www.italyfamilyhotels.it\/de\/family-hotels\/cala-rosa-club-hotel-stintino","og_locale":"de_DE","og_type":"article","og_title":"Cala Rosa Club Hotel 4-Sterne, Stintino","og_description":"Lust auf Familienurlaub? Entdecken Sie die Familienangebote f\u00fcr Cala Rosa Club Hotel in Stintino","og_url":"https:\/\/www.italyfamilyhotels.it\/de\/family-hotels\/cala-rosa-club-hotel-stintino","og_site_name":"Italy Family Hotels","article_publisher":"https:\/\/www.facebook.com\/ItalyFamilyHotels\/","article_modified_time":"2023-02-01T13:20:22+00:00","twitter_card":"summary_large_image","twitter_misc":{"Gesch\u00e4tzte Lesezeit":"2\u00a0Minuten"},"schema":{"@context":"https:\/\/schema.org","@graph":[{"@type":"WebPage","@id":"https:\/\/www.italyfamilyhotels.it\/de\/family-hotels\/cala-rosa-club-hotel-stintino","url":"https:\/\/www.italyfamilyhotels.it\/de\/family-hotels\/cala-rosa-club-hotel-stintino","name":"Cala Rosa Club Hotel 4-Sterne, Stintino","isPartOf":{"@id":"https:\/\/www.italyfamilyhotels.it\/#website"},"datePublished":"2022-03-14T11:37:45+00:00","dateModified":"2023-02-01T13:20:22+00:00","description":"Lust auf Familienurlaub? Entdecken Sie die Familienangebote f\u00fcr Cala Rosa Club Hotel in Stintino","breadcrumb":{"@id":"https:\/\/www.italyfamilyhotels.it\/de\/family-hotels\/cala-rosa-club-hotel-stintino#breadcrumb"},"inLanguage":"de","potentialAction":[{"@type":"ReadAction","target":["https:\/\/www.italyfamilyhotels.it\/de\/family-hotels\/cala-rosa-club-hotel-stintino"]}]},{"@type":"BreadcrumbList","@id":"https:\/\/www.italyfamilyhotels.it\/de\/family-hotels\/cala-rosa-club-hotel-stintino#breadcrumb","itemListElement":[{"@type":"ListItem","position":1,"name":"Home","item":"https:\/\/www.italyfamilyhotels.it\/de"},{"@type":"ListItem","position":2,"name":"Family Hotels","item":"https:\/\/www.italyfamilyhotels.it\/de\/family-hotels"},{"@type":"ListItem","position":3,"name":"Cala Rosa Club Hotel"}]},{"@type":"WebSite","@id":"https:\/\/www.italyfamilyhotels.it\/#website","url":"https:\/\/www.italyfamilyhotels.it\/","name":"Italy Family Hotels","description":"","potentialAction":[{"@type":"SearchAction","target":{"@type":"EntryPoint","urlTemplate":"https:\/\/www.italyfamilyhotels.it\/?s={search_term_string}"},"query-input":{"@type":"PropertyValueSpecification","valueRequired":true,"valueName":"search_term_string"}}],"inLanguage":"de"}]}},"_links":{"self":[{"href":"https:\/\/www.italyfamilyhotels.it\/de\/wp-json\/wp\/v2\/pages\/4387","targetHints":{"allow":["GET"]}}],"collection":[{"href":"https:\/\/www.italyfamilyhotels.it\/de\/wp-json\/wp\/v2\/pages"}],"about":[{"href":"https:\/\/www.italyfamilyhotels.it\/de\/wp-json\/wp\/v2\/types\/page"}],"author":[{"embeddable":true,"href":"https:\/\/www.italyfamilyhotels.it\/de\/wp-json\/wp\/v2\/users\/14"}],"replies":[{"embeddable":true,"href":"https:\/\/www.italyfamilyhotels.it\/de\/wp-json\/wp\/v2\/comments?post=4387"}],"version-history":[{"count":7,"href":"https:\/\/www.italyfamilyhotels.it\/de\/wp-json\/wp\/v2\/pages\/4387\/revisions"}],"predecessor-version":[{"id":45111,"href":"https:\/\/www.italyfamilyhotels.it\/de\/wp-json\/wp\/v2\/pages\/4387\/revisions\/45111"}],"up":[{"embeddable":true,"href":"https:\/\/www.italyfamilyhotels.it\/de\/wp-json\/wp\/v2\/pages\/94"}],"wp:attachment":[{"href":"https:\/\/www.italyfamilyhotels.it\/de\/wp-json\/wp\/v2\/media?parent=4387"}],"curies":[{"name":"wp","href":"https:\/\/api.w.org\/{rel}","templated":true}]}}