{"id":4382,"date":"2022-03-14T12:37:44","date_gmt":"2022-03-14T11:37:44","guid":{"rendered":"https:\/\/www.italyfamilyhotels.it\/family-hotels\/hotel-gardenia"},"modified":"2025-03-12T16:21:41","modified_gmt":"2025-03-12T15:21:41","slug":"hotel-gardenia-jesolo","status":"publish","type":"page","link":"https:\/\/www.italyfamilyhotels.it\/de\/family-hotels\/hotel-gardenia-jesolo","title":{"rendered":"Hotel Gardenia"},"content":{"rendered":"\n<p>Hast Du Lust auf Sonne, Meer, Vergn\u00fcgen und Sorglosigkeit, zusammen mit Deiner Familie? Das, und noch viel mehr, erwartet Dich im <b>Hotel Gardenia<\/b> in <b>Jesolo.<\/b><\/p>\n\n\n\n<p><\/p>\n\n\n\n<p><b>Die Lage des Hotels ist super,<\/b> besonders wenn man mit Kindern unterwegs ist: gerade mal<b> 40 Meter vom Privatstrand<\/b>, mit weichem Sand, f\u00fcr Euch <b>reserviertem Sonnenschirm und Liegen, <\/b>einer sicheren Spielzone f\u00fcr die Kleinen und dem flachen, nur ganz allm\u00e4hlich tiefer werdenden Meer.<\/p>\n\n\n\n<p><\/p>\n\n\n\n<p>Im Hotel steht Euren Kindern eine <b>kunterbunte Spielzone<\/b> zur Verf\u00fcgung, <b>100 m\u00b2 gro\u00df<\/b>, phantasievoll und sicher eingerichtet, mit <b>Rutschbahnen, B\u00e4llebad, interaktiven Spielen<\/b> und vielem mehr. Unser <b>Maskottchen Denia<\/b> und die Animateur*innen organisieren<b> Spiele und kreative Aktivit\u00e4ten.<\/b><\/p>\n\n\n\n<p><\/p>\n\n\n\n<p>Auf unseren <b>Fahrr\u00e4dern \u2013 auch f\u00fcr Kinder oder mit Kindersitz<\/b> \u2013 k\u00f6nnt Ihr auf sch\u00f6nen ebenen Radwegen die Umgebung und das ganz nahe Zentrum von Jesolo erkunden.<\/p>\n\n\n\n<p>Bei Tisch verw\u00f6hnen wir Euch mit <b>kulinarischen Erlebnissen auf der Basis frischer lokaler Produkte<\/b>, sorgsam ausgesucht und zubereitet. Die<b> Kinder<\/b> k\u00f6nnen an einem Tisch <b>zusammen mit ihren neuen Freund*innen und unserer Betreuerin essen<\/b>, eigens f\u00fcr sie zubereitete Gerichte \u2013  f\u00fcr Mama und Papa ist ein genussvolles Essen zu zweit drin.<\/p>\n\n\n\n<p>Nach den <b>Shows am Abend<\/b> erwartet Euch ein behagliches Nest zu erholsamem Schlaf. Unsere <b>Zimmer<\/b> \u2013 wir haben auch miteinander verbundene, mit doppeltem Bad \u2013 sind so <b>gro\u00df, komfortabel und h\u00fcbsch<\/b>, dass Ihr Euch nach einem erf\u00fcllten Tag mit Vergn\u00fcgen in sie zur\u00fcckziehen werdet. Alle sind mit <b>Kinder-Ausr\u00fcstung<\/b> versehen \u2013 Ihr k\u00f6nnt mit leichtem Gep\u00e4ck reisen und habt trotzdem, was Ihr braucht.<\/p>\n","protected":false},"excerpt":{"rendered":"<p>Hast Du Lust auf Sonne, Meer, Vergn\u00fcgen und Sorglosigkeit, zusammen mit Deiner Familie? Das, und noch viel mehr, erwartet Dich im Hotel Gardenia in Jesolo. Die Lage des Hotels ist super, besonders wenn man mit Kindern unterwegs ist: gerade mal 40 Meter vom Privatstrand, mit weichem Sand, f\u00fcr Euch reserviertem Sonnenschirm und Liegen, einer sicheren &hellip;<\/p>\n","protected":false},"author":157,"featured_media":0,"parent":94,"menu_order":0,"comment_status":"closed","ping_status":"closed","template":"page-templates\/scheda_hotel.php","meta":{"_acf_changed":false,"inline_featured_image":false,"footnotes":""},"class_list":["post-4382","page","type-page","status-publish","hentry"],"acf":[],"yoast_head":"<!-- This site is optimized with the Yoast SEO plugin v27.1 - https:\/\/yoast.com\/product\/yoast-seo-wordpress\/ -->\n<title>Hotel Gardenia 3-Sterne-Superior, Jesolo<\/title>\n<meta name=\"description\" content=\"Lust auf Familienurlaub? Entdecken Sie die Familienangebote f\u00fcr Hotel Gardenia in Jesolo\" \/>\n<meta name=\"robots\" content=\"index, follow, max-snippet:-1, max-image-preview:large, max-video-preview:-1\" \/>\n<link rel=\"canonical\" href=\"https:\/\/www.italyfamilyhotels.it\/de\/family-hotels\/hotel-gardenia-jesolo\" \/>\n<meta property=\"og:locale\" content=\"de_DE\" \/>\n<meta property=\"og:type\" content=\"article\" \/>\n<meta property=\"og:title\" content=\"Hotel Gardenia 3-Sterne-Superior, Jesolo\" \/>\n<meta property=\"og:description\" content=\"Lust auf Familienurlaub? Entdecken Sie die Familienangebote f\u00fcr Hotel Gardenia in Jesolo\" \/>\n<meta property=\"og:url\" content=\"https:\/\/www.italyfamilyhotels.it\/de\/family-hotels\/hotel-gardenia-jesolo\" \/>\n<meta property=\"og:site_name\" content=\"Italy Family Hotels\" \/>\n<meta property=\"article:publisher\" content=\"https:\/\/www.facebook.com\/ItalyFamilyHotels\/\" \/>\n<meta property=\"article:modified_time\" content=\"2025-03-12T15:21:41+00:00\" \/>\n<meta name=\"twitter:card\" content=\"summary_large_image\" \/>\n<meta name=\"twitter:label1\" content=\"Gesch\u00e4tzte Lesezeit\" \/>\n\t<meta name=\"twitter:data1\" content=\"2\u00a0Minuten\" \/>\n<script type=\"application\/ld+json\" class=\"yoast-schema-graph\">{\"@context\":\"https:\/\/schema.org\",\"@graph\":[{\"@type\":\"WebPage\",\"@id\":\"https:\/\/www.italyfamilyhotels.it\/de\/family-hotels\/hotel-gardenia-jesolo\",\"url\":\"https:\/\/www.italyfamilyhotels.it\/de\/family-hotels\/hotel-gardenia-jesolo\",\"name\":\"Hotel Gardenia 3-Sterne-Superior, Jesolo\",\"isPartOf\":{\"@id\":\"https:\/\/www.italyfamilyhotels.it\/#website\"},\"datePublished\":\"2022-03-14T11:37:44+00:00\",\"dateModified\":\"2025-03-12T15:21:41+00:00\",\"description\":\"Lust auf Familienurlaub? Entdecken Sie die Familienangebote f\u00fcr Hotel Gardenia in Jesolo\",\"breadcrumb\":{\"@id\":\"https:\/\/www.italyfamilyhotels.it\/de\/family-hotels\/hotel-gardenia-jesolo#breadcrumb\"},\"inLanguage\":\"de\",\"potentialAction\":[{\"@type\":\"ReadAction\",\"target\":[\"https:\/\/www.italyfamilyhotels.it\/de\/family-hotels\/hotel-gardenia-jesolo\"]}]},{\"@type\":\"BreadcrumbList\",\"@id\":\"https:\/\/www.italyfamilyhotels.it\/de\/family-hotels\/hotel-gardenia-jesolo#breadcrumb\",\"itemListElement\":[{\"@type\":\"ListItem\",\"position\":1,\"name\":\"Home\",\"item\":\"https:\/\/www.italyfamilyhotels.it\/de\"},{\"@type\":\"ListItem\",\"position\":2,\"name\":\"Family Hotels\",\"item\":\"https:\/\/www.italyfamilyhotels.it\/de\/family-hotels\"},{\"@type\":\"ListItem\",\"position\":3,\"name\":\"Hotel Gardenia\"}]},{\"@type\":\"WebSite\",\"@id\":\"https:\/\/www.italyfamilyhotels.it\/#website\",\"url\":\"https:\/\/www.italyfamilyhotels.it\/\",\"name\":\"Italy Family Hotels\",\"description\":\"\",\"potentialAction\":[{\"@type\":\"SearchAction\",\"target\":{\"@type\":\"EntryPoint\",\"urlTemplate\":\"https:\/\/www.italyfamilyhotels.it\/?s={search_term_string}\"},\"query-input\":{\"@type\":\"PropertyValueSpecification\",\"valueRequired\":true,\"valueName\":\"search_term_string\"}}],\"inLanguage\":\"de\"}]}<\/script>\n<!-- \/ Yoast SEO plugin. -->","yoast_head_json":{"title":"Hotel Gardenia 3-Sterne-Superior, Jesolo","description":"Lust auf Familienurlaub? Entdecken Sie die Familienangebote f\u00fcr Hotel Gardenia in Jesolo","robots":{"index":"index","follow":"follow","max-snippet":"max-snippet:-1","max-image-preview":"max-image-preview:large","max-video-preview":"max-video-preview:-1"},"canonical":"https:\/\/www.italyfamilyhotels.it\/de\/family-hotels\/hotel-gardenia-jesolo","og_locale":"de_DE","og_type":"article","og_title":"Hotel Gardenia 3-Sterne-Superior, Jesolo","og_description":"Lust auf Familienurlaub? Entdecken Sie die Familienangebote f\u00fcr Hotel Gardenia in Jesolo","og_url":"https:\/\/www.italyfamilyhotels.it\/de\/family-hotels\/hotel-gardenia-jesolo","og_site_name":"Italy Family Hotels","article_publisher":"https:\/\/www.facebook.com\/ItalyFamilyHotels\/","article_modified_time":"2025-03-12T15:21:41+00:00","twitter_card":"summary_large_image","twitter_misc":{"Gesch\u00e4tzte Lesezeit":"2\u00a0Minuten"},"schema":{"@context":"https:\/\/schema.org","@graph":[{"@type":"WebPage","@id":"https:\/\/www.italyfamilyhotels.it\/de\/family-hotels\/hotel-gardenia-jesolo","url":"https:\/\/www.italyfamilyhotels.it\/de\/family-hotels\/hotel-gardenia-jesolo","name":"Hotel Gardenia 3-Sterne-Superior, Jesolo","isPartOf":{"@id":"https:\/\/www.italyfamilyhotels.it\/#website"},"datePublished":"2022-03-14T11:37:44+00:00","dateModified":"2025-03-12T15:21:41+00:00","description":"Lust auf Familienurlaub? Entdecken Sie die Familienangebote f\u00fcr Hotel Gardenia in Jesolo","breadcrumb":{"@id":"https:\/\/www.italyfamilyhotels.it\/de\/family-hotels\/hotel-gardenia-jesolo#breadcrumb"},"inLanguage":"de","potentialAction":[{"@type":"ReadAction","target":["https:\/\/www.italyfamilyhotels.it\/de\/family-hotels\/hotel-gardenia-jesolo"]}]},{"@type":"BreadcrumbList","@id":"https:\/\/www.italyfamilyhotels.it\/de\/family-hotels\/hotel-gardenia-jesolo#breadcrumb","itemListElement":[{"@type":"ListItem","position":1,"name":"Home","item":"https:\/\/www.italyfamilyhotels.it\/de"},{"@type":"ListItem","position":2,"name":"Family Hotels","item":"https:\/\/www.italyfamilyhotels.it\/de\/family-hotels"},{"@type":"ListItem","position":3,"name":"Hotel Gardenia"}]},{"@type":"WebSite","@id":"https:\/\/www.italyfamilyhotels.it\/#website","url":"https:\/\/www.italyfamilyhotels.it\/","name":"Italy Family Hotels","description":"","potentialAction":[{"@type":"SearchAction","target":{"@type":"EntryPoint","urlTemplate":"https:\/\/www.italyfamilyhotels.it\/?s={search_term_string}"},"query-input":{"@type":"PropertyValueSpecification","valueRequired":true,"valueName":"search_term_string"}}],"inLanguage":"de"}]}},"_links":{"self":[{"href":"https:\/\/www.italyfamilyhotels.it\/de\/wp-json\/wp\/v2\/pages\/4382","targetHints":{"allow":["GET"]}}],"collection":[{"href":"https:\/\/www.italyfamilyhotels.it\/de\/wp-json\/wp\/v2\/pages"}],"about":[{"href":"https:\/\/www.italyfamilyhotels.it\/de\/wp-json\/wp\/v2\/types\/page"}],"author":[{"embeddable":true,"href":"https:\/\/www.italyfamilyhotels.it\/de\/wp-json\/wp\/v2\/users\/157"}],"replies":[{"embeddable":true,"href":"https:\/\/www.italyfamilyhotels.it\/de\/wp-json\/wp\/v2\/comments?post=4382"}],"version-history":[{"count":12,"href":"https:\/\/www.italyfamilyhotels.it\/de\/wp-json\/wp\/v2\/pages\/4382\/revisions"}],"predecessor-version":[{"id":66967,"href":"https:\/\/www.italyfamilyhotels.it\/de\/wp-json\/wp\/v2\/pages\/4382\/revisions\/66967"}],"up":[{"embeddable":true,"href":"https:\/\/www.italyfamilyhotels.it\/de\/wp-json\/wp\/v2\/pages\/94"}],"wp:attachment":[{"href":"https:\/\/www.italyfamilyhotels.it\/de\/wp-json\/wp\/v2\/media?parent=4382"}],"curies":[{"name":"wp","href":"https:\/\/api.w.org\/{rel}","templated":true}]}}