{"id":4377,"date":"2022-03-14T12:37:43","date_gmt":"2022-03-14T11:37:43","guid":{"rendered":"https:\/\/www.italyfamilyhotels.it\/family-hotels\/villaggio-albergo-nevada"},"modified":"2026-01-08T16:00:36","modified_gmt":"2026-01-08T15:00:36","slug":"villaggio-albergo-nevada-folgaria","status":"publish","type":"page","link":"https:\/\/www.italyfamilyhotels.it\/de\/family-hotels\/villaggio-albergo-nevada-folgaria","title":{"rendered":"Hotel Villaggio Nevada"},"content":{"rendered":"\n<p>Wir erwarten Euch im <b>Hotel Villaggio Nevada, <\/b>mitten in den herrlichen Bergen von <b>Folgaria<\/b> im <b>Trentino, <\/b>nur ein paar Schritte von den <b>Skipisten<\/b>, vom<b> Golfplatz<\/b> und vom <b>Reitstall<\/b>. Unser <b>&#8220;Feriendorf&#8221;<\/b> besteht aus <b>drei gro\u00dfen Chalets<\/b> mit <b>Panorama-Aussicht, <\/b>die durch einen unterirdischen Korridor miteinander verbunden sind, durch den Ihr ganz bequem zur Hotelhalle mit Bar, zum Video-Saal mit Riesenbildschirm, zur &#8220;Stube&#8221;, zum gro\u00dfen Raum f\u00fcr die Kinder und zum <b>Fitness-Center<\/b> mit <b>Technogym-Ausr\u00fcstung<\/b> kommt. <\/p>\n\n\n\n<p>Und Ihr k\u00f6nnt im Bademantel in unsere<b> 140 m\u00b2 gro\u00dfe Pool-Zone <\/b>gehen, zum Schwimmen, um mit den Kindern im Wasser zu spielen \u2013 f\u00fcr die Kleinen gibt es eine <b>nur 40 cm tiefe Zone<\/b> \u2013 oder um im <b>Family Spa <\/b>zu entspannen, mit<b> Sauna, T\u00fcrkischem Bad<\/b> und <b>Massagen. <\/b>Zimmer und Suiten werden bei Bedarf mit <b>&#8220;Baby-Kit&#8221; <\/b>ausgestattet. Unser Animationsteam sorgt jeden Tag in der <b>&#8220;Bottega della Fantasia&#8221;, <\/b>dem &#8220;Laden der Phantasie&#8221;,  f\u00fcr das Vergn\u00fcgen der Kinder, mit <b>Spielen in der Gruppe<\/b>,<b> Handarbeiten<\/b>, <b>Baby-Dance <\/b>und auch einem<b> gemeinsamen Imbiss!<\/b><\/p>\n\n\n\n<p>Ihr k\u00f6nnt zusehen, wie unsere K\u00f6che in der <b>&#8220;Schau-K\u00fcche&#8221;<\/b> ihr Bestes geben, und die <b>Trentiner Spezialit\u00e4ten<\/b>, das Gem\u00fcse am Buffet, <b>Kinder- und Babygerichte<\/b> und die <b>hausgemachten Konditorwaren <\/b>erst mit den Augen und dann mit dem Gaumen genie\u00dfen. Wir verarbeiten <b>Bio-Erzeugnisse aus der Umgebung <\/b>und von <b>Celiachia Italia zertifizierte glutenfreie Produkte.<\/b><\/p>\n\n\n\n<p>Wenn Sie einen <strong>Familienurlaub in Freiheit<\/strong> lieben, aber nicht auf <strong>alle Hoteldienstleistungen<\/strong> verzichten wollen, k\u00f6nnen Sie sich f\u00fcr <strong>die neue Aparthotel-Formel<\/strong> entscheiden. Unsere Apartments sind modern und mit allem ausgestattet, was Sie brauchen, um Ihre eigenen Mahlzeiten zuzubereiten. Wenn Sie m\u00f6chten, k\u00f6nnen Sie aber auch <strong>Fr\u00fchst\u00fcck und Abendessen zum Mitnehmen im Restaurant bestellen<\/strong>!<\/p>\n\n\n<figure class=\"wp-block-table ifh_awards\"><table><tbody><tr>\r\n<td><img decoding=\"async\" src=\"https:\/\/www.italyfamilyhotels.it\/wp-content\/themes\/ifh2\/img\/ifh_awards.svg\" alt=\"Italy Family Awards\"><\/td>\r\n<td>Dieses Hotel wurde in der Kategorie auf Platz eins gew\u00e4hlt: <br><strong>Top Teen Family Hotel<span class=\"info\" onclick=\"toggleAwardPopup(event)\"><span class=\"popup\" onclick=\"toggleAwardPopupClose(event)\">\r\n    <span class=\"popup_header\"><\/span>\r\n    <span class=\"popup_content\">Die Auszeichnung f\u00fcr das Hotel, das unter den Hotels, die spezialisierte Unterhaltung f\u00fcr Teenager anbieten, die gr\u00f6\u00dfte Anerkennung erhalten hat.<\/span>\r\n    <span class=\"popup_footer\"><\/span>\r\n    <\/span><\/span><\/strong><\/td>\r\n<\/tr><\/tbody><\/table><\/figure>\r\n<script type=\"text\/javascript\">\r\nif(!toggleAwardPopup) {\r\n     var toggleAwardPopup = function(e){\r\n        e = e || window.event;\r\n        e.stopPropagation();\r\n        var target = e.target || e.srcElement;\r\n        jQuery(target).children(\".popup\").fadeToggle();\r\n    };\r\n}\r\nif(!toggleAwardPopupClose) {\r\n     var toggleAwardPopupClose = function(e){\r\n        e = e || window.event;\r\n        e.stopPropagation();\r\n        var target = e.target || e.srcElement;\r\n        jQuery(target).parent(\".popup\").fadeToggle();\r\n    };\r\n}\r\n<\/script>","protected":false},"excerpt":{"rendered":"<p>Wir erwarten Euch im Hotel Villaggio Nevada, mitten in den herrlichen Bergen von Folgaria im Trentino, nur ein paar Schritte von den Skipisten, vom Golfplatz und vom Reitstall. Unser &#8220;Feriendorf&#8221; besteht aus drei gro\u00dfen Chalets mit Panorama-Aussicht, die durch einen unterirdischen Korridor miteinander verbunden sind, durch den Ihr ganz bequem zur Hotelhalle mit Bar, zum &hellip;<\/p>\n","protected":false},"author":91,"featured_media":0,"parent":94,"menu_order":0,"comment_status":"closed","ping_status":"closed","template":"page-templates\/scheda_hotel.php","meta":{"_acf_changed":false,"inline_featured_image":false,"footnotes":""},"class_list":["post-4377","page","type-page","status-publish","hentry"],"acf":[],"yoast_head":"<!-- This site is optimized with the Yoast SEO plugin v27.1 - https:\/\/yoast.com\/product\/yoast-seo-wordpress\/ -->\n<title>3-Sterne-Hotel Villaggio Nevada, Folgaria<\/title>\n<meta name=\"description\" content=\"Lust auf Urlaub mit Deiner Familie? Sieh Dir die Familien-Angebote des Hotel Villaggio Nevada in Folgaria an!\" \/>\n<meta name=\"robots\" content=\"index, follow, max-snippet:-1, max-image-preview:large, max-video-preview:-1\" \/>\n<link rel=\"canonical\" href=\"https:\/\/www.italyfamilyhotels.it\/de\/family-hotels\/villaggio-albergo-nevada-folgaria\" \/>\n<meta property=\"og:locale\" content=\"de_DE\" \/>\n<meta property=\"og:type\" content=\"article\" \/>\n<meta property=\"og:title\" content=\"3-Sterne-Hotel Villaggio Nevada, Folgaria\" \/>\n<meta property=\"og:description\" content=\"Lust auf Urlaub mit Deiner Familie? Sieh Dir die Familien-Angebote des Hotel Villaggio Nevada in Folgaria an!\" \/>\n<meta property=\"og:url\" content=\"https:\/\/www.italyfamilyhotels.it\/de\/family-hotels\/villaggio-albergo-nevada-folgaria\" \/>\n<meta property=\"og:site_name\" content=\"Italy Family Hotels\" \/>\n<meta property=\"article:publisher\" content=\"https:\/\/www.facebook.com\/ItalyFamilyHotels\/\" \/>\n<meta property=\"article:modified_time\" content=\"2026-01-08T15:00:36+00:00\" \/>\n<meta name=\"twitter:card\" content=\"summary_large_image\" \/>\n<meta name=\"twitter:label1\" content=\"Gesch\u00e4tzte Lesezeit\" \/>\n\t<meta name=\"twitter:data1\" content=\"1\u00a0Minute\" \/>\n<script type=\"application\/ld+json\" class=\"yoast-schema-graph\">{\"@context\":\"https:\/\/schema.org\",\"@graph\":[{\"@type\":\"WebPage\",\"@id\":\"https:\/\/www.italyfamilyhotels.it\/de\/family-hotels\/villaggio-albergo-nevada-folgaria\",\"url\":\"https:\/\/www.italyfamilyhotels.it\/de\/family-hotels\/villaggio-albergo-nevada-folgaria\",\"name\":\"3-Sterne-Hotel Villaggio Nevada, Folgaria\",\"isPartOf\":{\"@id\":\"https:\/\/www.italyfamilyhotels.it\/#website\"},\"datePublished\":\"2022-03-14T11:37:43+00:00\",\"dateModified\":\"2026-01-08T15:00:36+00:00\",\"description\":\"Lust auf Urlaub mit Deiner Familie? Sieh Dir die Familien-Angebote des Hotel Villaggio Nevada in Folgaria an!\",\"breadcrumb\":{\"@id\":\"https:\/\/www.italyfamilyhotels.it\/de\/family-hotels\/villaggio-albergo-nevada-folgaria#breadcrumb\"},\"inLanguage\":\"de\",\"potentialAction\":[{\"@type\":\"ReadAction\",\"target\":[\"https:\/\/www.italyfamilyhotels.it\/de\/family-hotels\/villaggio-albergo-nevada-folgaria\"]}]},{\"@type\":\"BreadcrumbList\",\"@id\":\"https:\/\/www.italyfamilyhotels.it\/de\/family-hotels\/villaggio-albergo-nevada-folgaria#breadcrumb\",\"itemListElement\":[{\"@type\":\"ListItem\",\"position\":1,\"name\":\"Home\",\"item\":\"https:\/\/www.italyfamilyhotels.it\/de\"},{\"@type\":\"ListItem\",\"position\":2,\"name\":\"Family Hotels\",\"item\":\"https:\/\/www.italyfamilyhotels.it\/de\/family-hotels\"},{\"@type\":\"ListItem\",\"position\":3,\"name\":\"Hotel Villaggio Nevada\"}]},{\"@type\":\"WebSite\",\"@id\":\"https:\/\/www.italyfamilyhotels.it\/#website\",\"url\":\"https:\/\/www.italyfamilyhotels.it\/\",\"name\":\"Italy Family Hotels\",\"description\":\"\",\"potentialAction\":[{\"@type\":\"SearchAction\",\"target\":{\"@type\":\"EntryPoint\",\"urlTemplate\":\"https:\/\/www.italyfamilyhotels.it\/?s={search_term_string}\"},\"query-input\":{\"@type\":\"PropertyValueSpecification\",\"valueRequired\":true,\"valueName\":\"search_term_string\"}}],\"inLanguage\":\"de\"}]}<\/script>\n<!-- \/ Yoast SEO plugin. -->","yoast_head_json":{"title":"3-Sterne-Hotel Villaggio Nevada, Folgaria","description":"Lust auf Urlaub mit Deiner Familie? Sieh Dir die Familien-Angebote des Hotel Villaggio Nevada in Folgaria an!","robots":{"index":"index","follow":"follow","max-snippet":"max-snippet:-1","max-image-preview":"max-image-preview:large","max-video-preview":"max-video-preview:-1"},"canonical":"https:\/\/www.italyfamilyhotels.it\/de\/family-hotels\/villaggio-albergo-nevada-folgaria","og_locale":"de_DE","og_type":"article","og_title":"3-Sterne-Hotel Villaggio Nevada, Folgaria","og_description":"Lust auf Urlaub mit Deiner Familie? Sieh Dir die Familien-Angebote des Hotel Villaggio Nevada in Folgaria an!","og_url":"https:\/\/www.italyfamilyhotels.it\/de\/family-hotels\/villaggio-albergo-nevada-folgaria","og_site_name":"Italy Family Hotels","article_publisher":"https:\/\/www.facebook.com\/ItalyFamilyHotels\/","article_modified_time":"2026-01-08T15:00:36+00:00","twitter_card":"summary_large_image","twitter_misc":{"Gesch\u00e4tzte Lesezeit":"1\u00a0Minute"},"schema":{"@context":"https:\/\/schema.org","@graph":[{"@type":"WebPage","@id":"https:\/\/www.italyfamilyhotels.it\/de\/family-hotels\/villaggio-albergo-nevada-folgaria","url":"https:\/\/www.italyfamilyhotels.it\/de\/family-hotels\/villaggio-albergo-nevada-folgaria","name":"3-Sterne-Hotel Villaggio Nevada, Folgaria","isPartOf":{"@id":"https:\/\/www.italyfamilyhotels.it\/#website"},"datePublished":"2022-03-14T11:37:43+00:00","dateModified":"2026-01-08T15:00:36+00:00","description":"Lust auf Urlaub mit Deiner Familie? Sieh Dir die Familien-Angebote des Hotel Villaggio Nevada in Folgaria an!","breadcrumb":{"@id":"https:\/\/www.italyfamilyhotels.it\/de\/family-hotels\/villaggio-albergo-nevada-folgaria#breadcrumb"},"inLanguage":"de","potentialAction":[{"@type":"ReadAction","target":["https:\/\/www.italyfamilyhotels.it\/de\/family-hotels\/villaggio-albergo-nevada-folgaria"]}]},{"@type":"BreadcrumbList","@id":"https:\/\/www.italyfamilyhotels.it\/de\/family-hotels\/villaggio-albergo-nevada-folgaria#breadcrumb","itemListElement":[{"@type":"ListItem","position":1,"name":"Home","item":"https:\/\/www.italyfamilyhotels.it\/de"},{"@type":"ListItem","position":2,"name":"Family Hotels","item":"https:\/\/www.italyfamilyhotels.it\/de\/family-hotels"},{"@type":"ListItem","position":3,"name":"Hotel Villaggio Nevada"}]},{"@type":"WebSite","@id":"https:\/\/www.italyfamilyhotels.it\/#website","url":"https:\/\/www.italyfamilyhotels.it\/","name":"Italy Family Hotels","description":"","potentialAction":[{"@type":"SearchAction","target":{"@type":"EntryPoint","urlTemplate":"https:\/\/www.italyfamilyhotels.it\/?s={search_term_string}"},"query-input":{"@type":"PropertyValueSpecification","valueRequired":true,"valueName":"search_term_string"}}],"inLanguage":"de"}]}},"_links":{"self":[{"href":"https:\/\/www.italyfamilyhotels.it\/de\/wp-json\/wp\/v2\/pages\/4377","targetHints":{"allow":["GET"]}}],"collection":[{"href":"https:\/\/www.italyfamilyhotels.it\/de\/wp-json\/wp\/v2\/pages"}],"about":[{"href":"https:\/\/www.italyfamilyhotels.it\/de\/wp-json\/wp\/v2\/types\/page"}],"author":[{"embeddable":true,"href":"https:\/\/www.italyfamilyhotels.it\/de\/wp-json\/wp\/v2\/users\/91"}],"replies":[{"embeddable":true,"href":"https:\/\/www.italyfamilyhotels.it\/de\/wp-json\/wp\/v2\/comments?post=4377"}],"version-history":[{"count":14,"href":"https:\/\/www.italyfamilyhotels.it\/de\/wp-json\/wp\/v2\/pages\/4377\/revisions"}],"predecessor-version":[{"id":73664,"href":"https:\/\/www.italyfamilyhotels.it\/de\/wp-json\/wp\/v2\/pages\/4377\/revisions\/73664"}],"up":[{"embeddable":true,"href":"https:\/\/www.italyfamilyhotels.it\/de\/wp-json\/wp\/v2\/pages\/94"}],"wp:attachment":[{"href":"https:\/\/www.italyfamilyhotels.it\/de\/wp-json\/wp\/v2\/media?parent=4377"}],"curies":[{"name":"wp","href":"https:\/\/api.w.org\/{rel}","templated":true}]}}