{"id":4372,"date":"2022-03-14T12:37:42","date_gmt":"2022-03-14T11:37:42","guid":{"rendered":"https:\/\/www.italyfamilyhotels.it\/family-hotels\/bad-ratzes"},"modified":"2023-01-26T16:50:29","modified_gmt":"2023-01-26T15:50:29","slug":"bad-ratzes-siusi-allo-sciliar","status":"publish","type":"page","link":"https:\/\/www.italyfamilyhotels.it\/de\/family-hotels\/bad-ratzes-siusi-allo-sciliar","title":{"rendered":"Bad Ratzes"},"content":{"rendered":"\n<p>Auf 1.200 m H\u00f6he, im Herzen des <strong>Naturparks Schlern<\/strong>, inmitten bl\u00fchender Wiesen und eines jahrhundertealten Fichtenwaldes, durch den ein kristallklarer Bach flie\u00dft, liegt das <strong>Hotel Bad Ratzes<\/strong>, wo wir Sie mit einem <strong>postkartenreifen Blick auf die Dolomiten<\/strong> in einer idealen Atmosph\u00e4re f\u00fcr einen ruhigen Familienurlaub in den Bergen empfangen.<\/p>\n\n\n\n<p>Ja, hier im Bad Ratzes verw\u00f6hnen wir die ganze Familie, aber in Wahrheit sind die <strong>Kinder<\/strong> die Hauptpersonen des Aufenthalts. F\u00fcr sie gibt es ein reichhaltiges <strong>Programm an Aktivit\u00e4ten<\/strong> innerhalb und au\u00dferhalb des Hotels, darunter besondere <strong>Erlebnisse und Ausfl\u00fcge<\/strong>. Und f\u00fcr die ganz Kleinen gibt es einen <strong>Babysitter-Service<\/strong> und das <strong>Regenbogenzimmer<\/strong>, einen farbenfrohen Bereich nur f\u00fcr sie, in dem sie krabbeln und spielen k\u00f6nnen.<\/p>\n\n\n\n<p>Und f\u00fcr Mama und Papa? Viele romantische Momente der Entspannung oder Erkundung, w\u00e4hrend die Kinder mit unserem Animationsteam besch\u00e4ftigt sind. Entscheiden Sie sich jeden Tag aufs Neue, ob Sie sich im <strong>Wellnessbereich<\/strong> mit dem <strong>30 \u00b0C warmen Innenpool<\/strong>, der <strong>finnischen Sauna<\/strong>, den <strong>Massagen<\/strong>, dem <strong>Bio-Au\u00dfenpool<\/strong> und der <strong>Gartensauna<\/strong> eine Auszeit g\u00f6nnen, oder ob Sie die Umgebung mit <strong>gef\u00fchrten Ausfl\u00fcgen<\/strong> erkunden m\u00f6chten.<\/p>\n\n\n\n<p>Dann die K\u00fcche&#8230; Genie\u00dfen Sie die besten <strong>traditionellen<\/strong> <strong>Gerichte<\/strong>, zubereitet mit <strong>Produkten aus der Region<\/strong>. Essen Sie aber nicht zu viel! Lassen Sie noch ein wenig Platz f\u00fcr unseren <strong>Nachmittagssnack<\/strong>mit vielen K\u00f6stlichkeiten, um nach einem Tag voller Spa\u00df und Entdeckungen neue Energie zu tanken. Besondere Aufmerksamkeit widmen wir G\u00e4sten, die unter <strong>Unvertr\u00e4glichkeiten<\/strong> leiden. F\u00fcr Kleinkinder gibt es spezielle Men\u00fcs, die speziell auf sie zugeschnitten sind, und viel gesunde Babynahrung.<\/p>\n","protected":false},"excerpt":{"rendered":"<p>Auf 1.200 m H\u00f6he, im Herzen des Naturparks Schlern, inmitten bl\u00fchender Wiesen und eines jahrhundertealten Fichtenwaldes, durch den ein kristallklarer Bach flie\u00dft, liegt das Hotel Bad Ratzes, wo wir Sie mit einem postkartenreifen Blick auf die Dolomiten in einer idealen Atmosph\u00e4re f\u00fcr einen ruhigen Familienurlaub in den Bergen empfangen. Ja, hier im Bad Ratzes verw\u00f6hnen &hellip;<\/p>\n","protected":false},"author":10,"featured_media":0,"parent":94,"menu_order":0,"comment_status":"closed","ping_status":"closed","template":"page-templates\/scheda_hotel.php","meta":{"_acf_changed":false,"inline_featured_image":false,"footnotes":""},"class_list":["post-4372","page","type-page","status-publish","hentry"],"acf":[],"yoast_head":"<!-- This site is optimized with the Yoast SEO plugin v27.1 - https:\/\/yoast.com\/product\/yoast-seo-wordpress\/ -->\n<title>Bad Ratzes, 4 Sterne, Seis am Schlern<\/title>\n<meta name=\"description\" content=\"Lust auf einen Urlaub mit Ihrer Familie? Entdecken Sie die Familienangebote im Bad Ratzes in Seis am Schlern\" \/>\n<meta name=\"robots\" content=\"index, follow, max-snippet:-1, max-image-preview:large, max-video-preview:-1\" \/>\n<link rel=\"canonical\" href=\"https:\/\/www.italyfamilyhotels.it\/de\/family-hotels\/bad-ratzes-siusi-allo-sciliar\" \/>\n<meta property=\"og:locale\" content=\"de_DE\" \/>\n<meta property=\"og:type\" content=\"article\" \/>\n<meta property=\"og:title\" content=\"Bad Ratzes, 4 Sterne, Seis am Schlern\" \/>\n<meta property=\"og:description\" content=\"Lust auf einen Urlaub mit Ihrer Familie? Entdecken Sie die Familienangebote im Bad Ratzes in Seis am Schlern\" \/>\n<meta property=\"og:url\" content=\"https:\/\/www.italyfamilyhotels.it\/de\/family-hotels\/bad-ratzes-siusi-allo-sciliar\" \/>\n<meta property=\"og:site_name\" content=\"Italy Family Hotels\" \/>\n<meta property=\"article:publisher\" content=\"https:\/\/www.facebook.com\/ItalyFamilyHotels\/\" \/>\n<meta property=\"article:modified_time\" content=\"2023-01-26T15:50:29+00:00\" \/>\n<meta name=\"twitter:card\" content=\"summary_large_image\" \/>\n<meta name=\"twitter:label1\" content=\"Gesch\u00e4tzte Lesezeit\" \/>\n\t<meta name=\"twitter:data1\" content=\"1\u00a0Minute\" \/>\n<script type=\"application\/ld+json\" class=\"yoast-schema-graph\">{\"@context\":\"https:\/\/schema.org\",\"@graph\":[{\"@type\":\"WebPage\",\"@id\":\"https:\/\/www.italyfamilyhotels.it\/de\/family-hotels\/bad-ratzes-siusi-allo-sciliar\",\"url\":\"https:\/\/www.italyfamilyhotels.it\/de\/family-hotels\/bad-ratzes-siusi-allo-sciliar\",\"name\":\"Bad Ratzes, 4 Sterne, Seis am Schlern\",\"isPartOf\":{\"@id\":\"https:\/\/www.italyfamilyhotels.it\/#website\"},\"datePublished\":\"2022-03-14T11:37:42+00:00\",\"dateModified\":\"2023-01-26T15:50:29+00:00\",\"description\":\"Lust auf einen Urlaub mit Ihrer Familie? Entdecken Sie die Familienangebote im Bad Ratzes in Seis am Schlern\",\"breadcrumb\":{\"@id\":\"https:\/\/www.italyfamilyhotels.it\/de\/family-hotels\/bad-ratzes-siusi-allo-sciliar#breadcrumb\"},\"inLanguage\":\"de\",\"potentialAction\":[{\"@type\":\"ReadAction\",\"target\":[\"https:\/\/www.italyfamilyhotels.it\/de\/family-hotels\/bad-ratzes-siusi-allo-sciliar\"]}]},{\"@type\":\"BreadcrumbList\",\"@id\":\"https:\/\/www.italyfamilyhotels.it\/de\/family-hotels\/bad-ratzes-siusi-allo-sciliar#breadcrumb\",\"itemListElement\":[{\"@type\":\"ListItem\",\"position\":1,\"name\":\"Home\",\"item\":\"https:\/\/www.italyfamilyhotels.it\/de\"},{\"@type\":\"ListItem\",\"position\":2,\"name\":\"Family Hotels\",\"item\":\"https:\/\/www.italyfamilyhotels.it\/de\/family-hotels\"},{\"@type\":\"ListItem\",\"position\":3,\"name\":\"Bad Ratzes\"}]},{\"@type\":\"WebSite\",\"@id\":\"https:\/\/www.italyfamilyhotels.it\/#website\",\"url\":\"https:\/\/www.italyfamilyhotels.it\/\",\"name\":\"Italy Family Hotels\",\"description\":\"\",\"potentialAction\":[{\"@type\":\"SearchAction\",\"target\":{\"@type\":\"EntryPoint\",\"urlTemplate\":\"https:\/\/www.italyfamilyhotels.it\/?s={search_term_string}\"},\"query-input\":{\"@type\":\"PropertyValueSpecification\",\"valueRequired\":true,\"valueName\":\"search_term_string\"}}],\"inLanguage\":\"de\"}]}<\/script>\n<!-- \/ Yoast SEO plugin. -->","yoast_head_json":{"title":"Bad Ratzes, 4 Sterne, Seis am Schlern","description":"Lust auf einen Urlaub mit Ihrer Familie? Entdecken Sie die Familienangebote im Bad Ratzes in Seis am Schlern","robots":{"index":"index","follow":"follow","max-snippet":"max-snippet:-1","max-image-preview":"max-image-preview:large","max-video-preview":"max-video-preview:-1"},"canonical":"https:\/\/www.italyfamilyhotels.it\/de\/family-hotels\/bad-ratzes-siusi-allo-sciliar","og_locale":"de_DE","og_type":"article","og_title":"Bad Ratzes, 4 Sterne, Seis am Schlern","og_description":"Lust auf einen Urlaub mit Ihrer Familie? Entdecken Sie die Familienangebote im Bad Ratzes in Seis am Schlern","og_url":"https:\/\/www.italyfamilyhotels.it\/de\/family-hotels\/bad-ratzes-siusi-allo-sciliar","og_site_name":"Italy Family Hotels","article_publisher":"https:\/\/www.facebook.com\/ItalyFamilyHotels\/","article_modified_time":"2023-01-26T15:50:29+00:00","twitter_card":"summary_large_image","twitter_misc":{"Gesch\u00e4tzte Lesezeit":"1\u00a0Minute"},"schema":{"@context":"https:\/\/schema.org","@graph":[{"@type":"WebPage","@id":"https:\/\/www.italyfamilyhotels.it\/de\/family-hotels\/bad-ratzes-siusi-allo-sciliar","url":"https:\/\/www.italyfamilyhotels.it\/de\/family-hotels\/bad-ratzes-siusi-allo-sciliar","name":"Bad Ratzes, 4 Sterne, Seis am Schlern","isPartOf":{"@id":"https:\/\/www.italyfamilyhotels.it\/#website"},"datePublished":"2022-03-14T11:37:42+00:00","dateModified":"2023-01-26T15:50:29+00:00","description":"Lust auf einen Urlaub mit Ihrer Familie? Entdecken Sie die Familienangebote im Bad Ratzes in Seis am Schlern","breadcrumb":{"@id":"https:\/\/www.italyfamilyhotels.it\/de\/family-hotels\/bad-ratzes-siusi-allo-sciliar#breadcrumb"},"inLanguage":"de","potentialAction":[{"@type":"ReadAction","target":["https:\/\/www.italyfamilyhotels.it\/de\/family-hotels\/bad-ratzes-siusi-allo-sciliar"]}]},{"@type":"BreadcrumbList","@id":"https:\/\/www.italyfamilyhotels.it\/de\/family-hotels\/bad-ratzes-siusi-allo-sciliar#breadcrumb","itemListElement":[{"@type":"ListItem","position":1,"name":"Home","item":"https:\/\/www.italyfamilyhotels.it\/de"},{"@type":"ListItem","position":2,"name":"Family Hotels","item":"https:\/\/www.italyfamilyhotels.it\/de\/family-hotels"},{"@type":"ListItem","position":3,"name":"Bad Ratzes"}]},{"@type":"WebSite","@id":"https:\/\/www.italyfamilyhotels.it\/#website","url":"https:\/\/www.italyfamilyhotels.it\/","name":"Italy Family Hotels","description":"","potentialAction":[{"@type":"SearchAction","target":{"@type":"EntryPoint","urlTemplate":"https:\/\/www.italyfamilyhotels.it\/?s={search_term_string}"},"query-input":{"@type":"PropertyValueSpecification","valueRequired":true,"valueName":"search_term_string"}}],"inLanguage":"de"}]}},"_links":{"self":[{"href":"https:\/\/www.italyfamilyhotels.it\/de\/wp-json\/wp\/v2\/pages\/4372","targetHints":{"allow":["GET"]}}],"collection":[{"href":"https:\/\/www.italyfamilyhotels.it\/de\/wp-json\/wp\/v2\/pages"}],"about":[{"href":"https:\/\/www.italyfamilyhotels.it\/de\/wp-json\/wp\/v2\/types\/page"}],"author":[{"embeddable":true,"href":"https:\/\/www.italyfamilyhotels.it\/de\/wp-json\/wp\/v2\/users\/10"}],"replies":[{"embeddable":true,"href":"https:\/\/www.italyfamilyhotels.it\/de\/wp-json\/wp\/v2\/comments?post=4372"}],"version-history":[{"count":8,"href":"https:\/\/www.italyfamilyhotels.it\/de\/wp-json\/wp\/v2\/pages\/4372\/revisions"}],"predecessor-version":[{"id":44600,"href":"https:\/\/www.italyfamilyhotels.it\/de\/wp-json\/wp\/v2\/pages\/4372\/revisions\/44600"}],"up":[{"embeddable":true,"href":"https:\/\/www.italyfamilyhotels.it\/de\/wp-json\/wp\/v2\/pages\/94"}],"wp:attachment":[{"href":"https:\/\/www.italyfamilyhotels.it\/de\/wp-json\/wp\/v2\/media?parent=4372"}],"curies":[{"name":"wp","href":"https:\/\/api.w.org\/{rel}","templated":true}]}}