{"id":4367,"date":"2022-03-14T12:37:42","date_gmt":"2022-03-14T11:37:42","guid":{"rendered":"https:\/\/www.italyfamilyhotels.it\/family-hotels\/club-family-hotel-milano-marittima"},"modified":"2023-02-07T16:49:42","modified_gmt":"2023-02-07T15:49:42","slug":"club-family-hotel-milano-marittima-milano-marittima","status":"publish","type":"page","link":"https:\/\/www.italyfamilyhotels.it\/de\/family-hotels\/club-family-hotel-milano-marittima-milano-marittima","title":{"rendered":"Club Family Hotel Milano Marittima"},"content":{"rendered":"\n<p>Wir befinden uns direkt im Zentrum von <b>Milano Marittima<\/b>, nur wenige Schritte von der Fu\u00dfg\u00e4ngerzone entfernt und direkt am <b>Strand<\/b>, wo<b> 1 Sonnenschirm und 2 Liegen f\u00fcr Sie reserviert sind<\/b>. Im <b>Club Family Hotel Milano Marittima<\/b> hei\u00dfen wir Familien willkommen und verw\u00f6hnen sie mit den besten Serviceleistungen f\u00fcr einen wirklich unbeschwerten Urlaub.<\/p>\n\n\n\n<p>F\u00fcr die Kinder gibt es <b>7 Tage die Woche eine ganze Welt der Animation<\/b>, <b>bunte H\u00fcpfburgen<\/b>, <b>Play Sport Arena <\/b>mit buntem B\u00e4llebad, Mini-Tischfu\u00dfball, Rutschen, Multimedia-Spiele, <b>Playstation 5<\/b> und <b>Laser Game<\/b>!<\/p>\n\n\n\n<p>Wir haben <b>1 fantastische Swimmingpool<\/b>, mit Hydromassage, Nackenmassagebrunnen und Dampfbad, <b>beheizt <\/b>und mit dem<b> Splash Park<\/b> f\u00fcr die Kinder verbunden, in dem es viele Wasserspiele gibt.<\/p>\n\n\n\n<p>Hier gibt es nicht nur Animation f\u00fcr die kleinen G\u00e4ste, sondern auch f\u00fcr Mama und Papa! <b>Sportturniere<\/b>, <b>Olympische Spiele<\/b>, <b>Morgengymnastik<\/b>, <b>Wassergymnastik<\/b> und <b>Gruppent\u00e4nze<\/b>.<\/p>\n\n\n\n<p>Damit Sie mit leichtem Gep\u00e4ck reisen k\u00f6nnen, finden Sie im Hotel alles, was Sie f\u00fcr Ihre Babys brauchen, wie z. B. <b>Rausfallschutz, Babybetten, Flaschenw\u00e4rmer und Wickeltische<\/b>, w\u00e4hrend Ihnen unser <b>Kinderarzt <\/b>von Montag bis Freitag f\u00fcr alle Bed\u00fcrfnisse zur Verf\u00fcgung steht.<\/p>\n\n\n\n<p>Durst im Urlaub? Keine Sorge, es gibt eine <b>24 Stunden ge\u00f6ffnete Bar<\/b> im Hotel, am Pool und am Strand mit Kaffee, Erfrischungsgetr\u00e4nken, 6 nat\u00fcrlichen Fruchts\u00e4ften und Bier vom Fass, und mit der <b>Drinky<\/b>-Flasche k\u00f6nnen Sie Ihre Lieblingsgetr\u00e4nke \u00fcberallhin mitnehmen, wo Sie wollen.<\/p>\n\n\n\n<p>Wei\u00dft du was? Den ganzen Sommer \u00fcber, <strong>bei einem Mindestaufenthalt von 6 N\u00e4chten, erh\u00e4lt Ihre ganze Familie Freier Eintritt f\u00fcr Mirabilandia<\/strong>, den besten Freizeitpark der Romagna!<\/p>\n","protected":false},"excerpt":{"rendered":"<p>Wir befinden uns direkt im Zentrum von Milano Marittima, nur wenige Schritte von der Fu\u00dfg\u00e4ngerzone entfernt und direkt am Strand, wo 1 Sonnenschirm und 2 Liegen f\u00fcr Sie reserviert sind. Im Club Family Hotel Milano Marittima hei\u00dfen wir Familien willkommen und verw\u00f6hnen sie mit den besten Serviceleistungen f\u00fcr einen wirklich unbeschwerten Urlaub. F\u00fcr die Kinder &hellip;<\/p>\n","protected":false},"author":17,"featured_media":0,"parent":94,"menu_order":0,"comment_status":"closed","ping_status":"closed","template":"page-templates\/scheda_hotel.php","meta":{"_acf_changed":false,"inline_featured_image":false,"footnotes":""},"class_list":["post-4367","page","type-page","status-publish","hentry"],"acf":[],"yoast_head":"<!-- This site is optimized with the Yoast SEO plugin v27.1 - https:\/\/yoast.com\/product\/yoast-seo-wordpress\/ -->\n<title>Club Family Hotel Milano Marittima, 4 Sterne, Milano Marittima<\/title>\n<meta name=\"description\" content=\"Lust auf Urlaub mit Ihrer Familie? Entdecken Sie die Familienangebote im Club Family Hotel Milano Marittima in Milano Marittima\" \/>\n<meta name=\"robots\" content=\"index, follow, max-snippet:-1, max-image-preview:large, max-video-preview:-1\" \/>\n<link rel=\"canonical\" href=\"https:\/\/www.italyfamilyhotels.it\/de\/family-hotels\/club-family-hotel-milano-marittima-milano-marittima\" \/>\n<meta property=\"og:locale\" content=\"de_DE\" \/>\n<meta property=\"og:type\" content=\"article\" \/>\n<meta property=\"og:title\" content=\"Club Family Hotel Milano Marittima, 4 Sterne, Milano Marittima\" \/>\n<meta property=\"og:description\" content=\"Lust auf Urlaub mit Ihrer Familie? Entdecken Sie die Familienangebote im Club Family Hotel Milano Marittima in Milano Marittima\" \/>\n<meta property=\"og:url\" content=\"https:\/\/www.italyfamilyhotels.it\/de\/family-hotels\/club-family-hotel-milano-marittima-milano-marittima\" \/>\n<meta property=\"og:site_name\" content=\"Italy Family Hotels\" \/>\n<meta property=\"article:publisher\" content=\"https:\/\/www.facebook.com\/ItalyFamilyHotels\/\" \/>\n<meta property=\"article:modified_time\" content=\"2023-02-07T15:49:42+00:00\" \/>\n<meta name=\"twitter:card\" content=\"summary_large_image\" \/>\n<meta name=\"twitter:label1\" content=\"Gesch\u00e4tzte Lesezeit\" \/>\n\t<meta name=\"twitter:data1\" content=\"1\u00a0Minute\" \/>\n<script type=\"application\/ld+json\" class=\"yoast-schema-graph\">{\"@context\":\"https:\/\/schema.org\",\"@graph\":[{\"@type\":\"WebPage\",\"@id\":\"https:\/\/www.italyfamilyhotels.it\/de\/family-hotels\/club-family-hotel-milano-marittima-milano-marittima\",\"url\":\"https:\/\/www.italyfamilyhotels.it\/de\/family-hotels\/club-family-hotel-milano-marittima-milano-marittima\",\"name\":\"Club Family Hotel Milano Marittima, 4 Sterne, Milano Marittima\",\"isPartOf\":{\"@id\":\"https:\/\/www.italyfamilyhotels.it\/#website\"},\"datePublished\":\"2022-03-14T11:37:42+00:00\",\"dateModified\":\"2023-02-07T15:49:42+00:00\",\"description\":\"Lust auf Urlaub mit Ihrer Familie? Entdecken Sie die Familienangebote im Club Family Hotel Milano Marittima in Milano Marittima\",\"breadcrumb\":{\"@id\":\"https:\/\/www.italyfamilyhotels.it\/de\/family-hotels\/club-family-hotel-milano-marittima-milano-marittima#breadcrumb\"},\"inLanguage\":\"de\",\"potentialAction\":[{\"@type\":\"ReadAction\",\"target\":[\"https:\/\/www.italyfamilyhotels.it\/de\/family-hotels\/club-family-hotel-milano-marittima-milano-marittima\"]}]},{\"@type\":\"BreadcrumbList\",\"@id\":\"https:\/\/www.italyfamilyhotels.it\/de\/family-hotels\/club-family-hotel-milano-marittima-milano-marittima#breadcrumb\",\"itemListElement\":[{\"@type\":\"ListItem\",\"position\":1,\"name\":\"Home\",\"item\":\"https:\/\/www.italyfamilyhotels.it\/de\"},{\"@type\":\"ListItem\",\"position\":2,\"name\":\"Family Hotels\",\"item\":\"https:\/\/www.italyfamilyhotels.it\/de\/family-hotels\"},{\"@type\":\"ListItem\",\"position\":3,\"name\":\"Club Family Hotel Milano Marittima\"}]},{\"@type\":\"WebSite\",\"@id\":\"https:\/\/www.italyfamilyhotels.it\/#website\",\"url\":\"https:\/\/www.italyfamilyhotels.it\/\",\"name\":\"Italy Family Hotels\",\"description\":\"\",\"potentialAction\":[{\"@type\":\"SearchAction\",\"target\":{\"@type\":\"EntryPoint\",\"urlTemplate\":\"https:\/\/www.italyfamilyhotels.it\/?s={search_term_string}\"},\"query-input\":{\"@type\":\"PropertyValueSpecification\",\"valueRequired\":true,\"valueName\":\"search_term_string\"}}],\"inLanguage\":\"de\"}]}<\/script>\n<!-- \/ Yoast SEO plugin. -->","yoast_head_json":{"title":"Club Family Hotel Milano Marittima, 4 Sterne, Milano Marittima","description":"Lust auf Urlaub mit Ihrer Familie? Entdecken Sie die Familienangebote im Club Family Hotel Milano Marittima in Milano Marittima","robots":{"index":"index","follow":"follow","max-snippet":"max-snippet:-1","max-image-preview":"max-image-preview:large","max-video-preview":"max-video-preview:-1"},"canonical":"https:\/\/www.italyfamilyhotels.it\/de\/family-hotels\/club-family-hotel-milano-marittima-milano-marittima","og_locale":"de_DE","og_type":"article","og_title":"Club Family Hotel Milano Marittima, 4 Sterne, Milano Marittima","og_description":"Lust auf Urlaub mit Ihrer Familie? Entdecken Sie die Familienangebote im Club Family Hotel Milano Marittima in Milano Marittima","og_url":"https:\/\/www.italyfamilyhotels.it\/de\/family-hotels\/club-family-hotel-milano-marittima-milano-marittima","og_site_name":"Italy Family Hotels","article_publisher":"https:\/\/www.facebook.com\/ItalyFamilyHotels\/","article_modified_time":"2023-02-07T15:49:42+00:00","twitter_card":"summary_large_image","twitter_misc":{"Gesch\u00e4tzte Lesezeit":"1\u00a0Minute"},"schema":{"@context":"https:\/\/schema.org","@graph":[{"@type":"WebPage","@id":"https:\/\/www.italyfamilyhotels.it\/de\/family-hotels\/club-family-hotel-milano-marittima-milano-marittima","url":"https:\/\/www.italyfamilyhotels.it\/de\/family-hotels\/club-family-hotel-milano-marittima-milano-marittima","name":"Club Family Hotel Milano Marittima, 4 Sterne, Milano Marittima","isPartOf":{"@id":"https:\/\/www.italyfamilyhotels.it\/#website"},"datePublished":"2022-03-14T11:37:42+00:00","dateModified":"2023-02-07T15:49:42+00:00","description":"Lust auf Urlaub mit Ihrer Familie? Entdecken Sie die Familienangebote im Club Family Hotel Milano Marittima in Milano Marittima","breadcrumb":{"@id":"https:\/\/www.italyfamilyhotels.it\/de\/family-hotels\/club-family-hotel-milano-marittima-milano-marittima#breadcrumb"},"inLanguage":"de","potentialAction":[{"@type":"ReadAction","target":["https:\/\/www.italyfamilyhotels.it\/de\/family-hotels\/club-family-hotel-milano-marittima-milano-marittima"]}]},{"@type":"BreadcrumbList","@id":"https:\/\/www.italyfamilyhotels.it\/de\/family-hotels\/club-family-hotel-milano-marittima-milano-marittima#breadcrumb","itemListElement":[{"@type":"ListItem","position":1,"name":"Home","item":"https:\/\/www.italyfamilyhotels.it\/de"},{"@type":"ListItem","position":2,"name":"Family Hotels","item":"https:\/\/www.italyfamilyhotels.it\/de\/family-hotels"},{"@type":"ListItem","position":3,"name":"Club Family Hotel Milano Marittima"}]},{"@type":"WebSite","@id":"https:\/\/www.italyfamilyhotels.it\/#website","url":"https:\/\/www.italyfamilyhotels.it\/","name":"Italy Family Hotels","description":"","potentialAction":[{"@type":"SearchAction","target":{"@type":"EntryPoint","urlTemplate":"https:\/\/www.italyfamilyhotels.it\/?s={search_term_string}"},"query-input":{"@type":"PropertyValueSpecification","valueRequired":true,"valueName":"search_term_string"}}],"inLanguage":"de"}]}},"_links":{"self":[{"href":"https:\/\/www.italyfamilyhotels.it\/de\/wp-json\/wp\/v2\/pages\/4367","targetHints":{"allow":["GET"]}}],"collection":[{"href":"https:\/\/www.italyfamilyhotels.it\/de\/wp-json\/wp\/v2\/pages"}],"about":[{"href":"https:\/\/www.italyfamilyhotels.it\/de\/wp-json\/wp\/v2\/types\/page"}],"author":[{"embeddable":true,"href":"https:\/\/www.italyfamilyhotels.it\/de\/wp-json\/wp\/v2\/users\/17"}],"replies":[{"embeddable":true,"href":"https:\/\/www.italyfamilyhotels.it\/de\/wp-json\/wp\/v2\/comments?post=4367"}],"version-history":[{"count":6,"href":"https:\/\/www.italyfamilyhotels.it\/de\/wp-json\/wp\/v2\/pages\/4367\/revisions"}],"predecessor-version":[{"id":45734,"href":"https:\/\/www.italyfamilyhotels.it\/de\/wp-json\/wp\/v2\/pages\/4367\/revisions\/45734"}],"up":[{"embeddable":true,"href":"https:\/\/www.italyfamilyhotels.it\/de\/wp-json\/wp\/v2\/pages\/94"}],"wp:attachment":[{"href":"https:\/\/www.italyfamilyhotels.it\/de\/wp-json\/wp\/v2\/media?parent=4367"}],"curies":[{"name":"wp","href":"https:\/\/api.w.org\/{rel}","templated":true}]}}